{"id":1137,"date":"2023-05-15T08:20:37","date_gmt":"2023-05-15T08:20:37","guid":{"rendered":"https:\/\/proxycompass.com\/?page_id=1137"},"modified":"2024-10-18T08:45:15","modified_gmt":"2024-10-18T08:45:15","slug":"proxycompass","status":"publish","type":"page","link":"https:\/\/proxycompass.com\/de\/","title":{"rendered":"Schneller und sicherer Proxy Dienst"},"content":{"rendered":"<p>Frustriert \u00fcber langsame und unzuverl\u00e4ssige Proxy-Dienstanbieter, die Ihre anspruchsvollen Aufgaben nicht bew\u00e4ltigen k\u00f6nnen? Vielleicht passen wir gut zusammen! Wir haben Tausenden von Kunden geholfen, die sich in genau dieser Situation befanden. Nach dem Wechsel zu Proxy Compass konnten sie ihre Kosten erheblich senken und gleichzeitig die Zuverl\u00e4ssigkeit ihrer Online-Automatisierungen verbessern.<\/p>\n\n\n\n<h3 class=\"wp-block-heading\">Multifunktionale, flexible Proxys<\/h3>\n\n\n\n<p>Egal, ob Sie im Web-Scraping, bei der Anzeigen\u00fcberpr\u00fcfung, in der Marktforschung oder einem anderen Prozess dazwischen t\u00e4tig sind, unsere anonymen Proxys funktionieren gut mit allen Browsern, Anwendungen und Bots. Sie erm\u00f6glichen es Ihnen, Websites problemlos zu besuchen und effektive Workflows ohne Unterbrechungen zu erstellen.<\/p>\n\n\n\n<h3 class=\"wp-block-heading\">Stabile und schnelle Leistung<\/h3>\n\n\n\n<p>Unser Hochgeschwindigkeits-Proxy-Netzwerk ist f\u00fcr optimale Geschwindigkeit und Stabilit\u00e4t ausgelegt. Wir sind stolz darauf, ein f\u00fchrender, schneller Proxy-Dienst zu sein, der tats\u00e4chlich erschwinglich und zuverl\u00e4ssig ist. Rund um die Uhr von unseren erfahrenen Technikern \u00fcberwacht, sind Sie in der Lage, Ihre Aufgaben schneller als je zuvor zu erledigen.<\/p>\n\n\n\n<h3 class=\"wp-block-heading\">Unbegrenzter Datenverkehrverbrauch<\/h3>\n\n\n\n<p>Wir m\u00f6chten Ihnen erm\u00f6glichen, so uneingeschr\u00e4nkt wie m\u00f6glich zu arbeiten. Deshalb begrenzen wir den Datenverbrauch nicht und erheben keine zus\u00e4tzlichen Geb\u00fchren f\u00fcr die Datennutzung. KEINE ZUS\u00c4TZLICHEN KOSTEN f\u00fcr die Nutzung unserer Proxys \u00fcber den anf\u00e4nglichen Preis hinaus. <strong>Das ist ein Versprechen!<\/strong><\/p>\n\n\n\n<h3 class=\"wp-block-heading\">Umfangreicher IP-Pool<\/h3>\n\n\n\n<p>Mit einem Pool von \u00fcber 50.000 IP-Adressen werden Ihnen nie die Proxys ausgehen, selbst f\u00fcr Ihre anspruchsvollsten Online-Aufgaben, die st\u00e4ndige Rotation erfordern. Unsere riesige Anzahl an Proxys hilft Ihnen, anonym zu bleiben und Ihre IP-Adresse fast sofort zu \u00e4ndern, um unbemerkt zu bleiben.<\/p>\n\n\n\n<h3 class=\"wp-block-heading\">Keine KYC-Pr\u00fcfungen<\/h3>\n\n\n\n<p>Im Gegensatz zu anderen Anbietern k\u00fcmmern wir uns um Ihre Privatsph\u00e4re! Unser Ziel ist es, Ihnen ein unkompliziertes Erlebnis zu bieten. Deshalb erhalten Sie eine schnelle und einfache Proxy-Konfiguration, ohne dass Sie mehr als die \u00fcblichen Zahlungsdaten angeben m\u00fcssen. Nutzen Sie Ihre neuen Proxys sofort nach der Registrierung, ohne sensible Informationen preiszugeben.<\/p>\n\n\n\n<h2 class=\"wp-block-heading\"><strong>Ist unser Proxy-Dienst das Richtige f\u00fcr Sie?<\/strong><\/h2>\n\n\n\n<p>Wir sind ein erfahrener Proxy-Dienstanbieter mit einem unschlagbaren Preis-Leistungs-Verh\u00e4ltnis, der nur die neuesten verf\u00fcgbaren Technologien nutzt, um die Bed\u00fcrfnisse selbst der anspruchsvollsten Kunden zu erf\u00fcllen. Wir bieten Unterst\u00fctzung f\u00fcr HTTP-, HTTPS-, SOCKS4- und SOCKS5-Proxys, sodass Sie alle Arten von Aufgaben erledigen k\u00f6nnen. Die Benutzerauthentifizierung variiert f\u00fcr statische und rotierende Proxys: Bei statischen Proxys erfolgt die Authentifizierung \u00fcber die IP-Adresse, w\u00e4hrend bei rotierenden Proxys die Authentifizierung \u00fcber Benutzername und Passwort erfolgt.<\/p>\n\n\n\n<h3 class=\"wp-block-heading\">Erstklassige Rechenzentren auf der ganzen Welt<\/h3>\n\n\n\n<ul class=\"wp-block-list\">\n<li>Nordamerika<\/li>\n\n\n\n<li>Westeuropa<\/li>\n\n\n\n<li>Osteuropa<\/li>\n\n\n\n<li>Mittlerer Osten<\/li>\n\n\n\n<li>S\u00fcdostasien<\/li>\n<\/ul>\n\n\n\n<p>Maximieren Sie Ihre globale Konnektivit\u00e4t mit unserer umfassenden geografischen Abdeckung, die in mehreren L\u00e4ndern verf\u00fcgbar ist.<br><br>Da wir weiter wachsen, um der steigenden Nachfrage von Benutzern auf der ganzen Welt gerecht zu werden, steht Ihnen ein gr\u00f6\u00dferer Pool an IPs zur Verf\u00fcgung, ohne dass zus\u00e4tzliche Kosten entstehen. Ihr aktueller Plan bleibt so lange g\u00fcltig, wie Sie abonniert sind.<\/p>\n\n\n\n<h3 class=\"wp-block-heading\"><strong>Wettbewerbsf\u00e4hige Preise, die kaum zu schlagen sind<\/strong><\/h3>\n\n\n\n<p>Wir sind stolz darauf, einer der besten und g\u00fcnstigsten Proxy-Dienstanbieter auf dem Markt zu sein.<\/p>\n\n\n\n<p>Wir bieten einige der wettbewerbsf\u00e4higsten Preise auf dem Markt an \u2013 ab 0,11 \u20ac\/Monat pro IP (Paket von 500 IPs) und bis zu 0,05 \u20ac\/Monat pro IP (Paket von 50.000 IPs).<\/p>\n\n\n\n<p>Unsere einfache Preispolitik bedeutet, dass Sie jederzeit \u00fcber die endg\u00fcltigen Kosten des Dienstes informiert sind.<\/p>\n\n\n\n<p>Wir werden nichts vor Ihnen verbergen, wir sind ehrlich!<\/p>\n\n\n\n<h3 class=\"wp-block-heading\">Flexible Zahlungsmethoden<\/h3>\n\n\n\n<p>Jeder Mensch hat seine eigenen Vorlieben und Tendenzen, wenn es ums Bezahlen geht. Deshalb akzeptieren wir alle g\u00e4ngigen Kredit- und Debitkarten, einschlie\u00dflich solcher russischen und chinesischen Ursprungs. Wir akzeptieren auch beliebte E-Wallets wie Webmoney und Alipay, um die Dinge so einfach wie m\u00f6glich zu halten.<\/p>\n\n\n\n<p>F\u00fcr datenschutzbewusste Kunden bieten wir die M\u00f6glichkeit, mit Kryptow\u00e4hrungen zu bezahlen.<\/p>\n\n\n\n<p>F\u00fcr unsere Gesch\u00e4ftskunden verstehen wir, dass Bank\u00fcberweisungen oft die bevorzugte Zahlungsmethode sind. Wir sind gerne bereit, dies zu ber\u00fccksichtigen, und k\u00f6nnen Rechnungen im Format bereitstellen, das von Ihren Steuerbeh\u00f6rden f\u00fcr eine einfache Bearbeitung und Buchf\u00fchrung erforderlich ist.<\/p>\n\n\n\n<p>Unabh\u00e4ngig von Ihren Vorlieben bem\u00fchen wir uns, den Prozess reibungslos und bequem zu gestalten. Unser Ziel ist es, Sie mit den Proxys auszustatten, die Sie ben\u00f6tigen, um Ihr Gesch\u00e4ft ohne Zahlungsh\u00fcrden zu betreiben.<\/p>\n\n\n\n<h2 class=\"wp-block-heading\">Ihre Sicherheit steht bei uns an erster Stelle<\/h2>\n\n\n\n<h3 class=\"wp-block-heading\">Risikofreie Testversion<\/h3>\n\n\n\n<p>Unser zuverl\u00e4ssiger Proxy-Dienst bietet ein so gutes Preis-Leistungs-Verh\u00e4ltnis, dass wir Ihnen eine kostenlose Testversion ohne Verpflichtungen anbieten! Fordern Sie einfach die kostenlose Testversion eines beliebigen Proxy-Pakets an und \u00fcberzeugen Sie sich selbst! Der Test bindet Sie an nichts, also senden Sie uns eine E-Mail, um loszulegen.<\/p>\n\n\n\n<h3 class=\"wp-block-heading\">24-Stunden Geld-zur\u00fcck-Garantie<\/h3>\n\n\n\n<p>Wenn Sie aus irgendeinem Grund innerhalb von 24 Stunden nach dem Kauf nicht vollst\u00e4ndig zufrieden sind, erstatten wir Ihnen Ihr Geld zur\u00fcck. Es ist 100% sicher, unseren Service auszuprobieren. Wir sch\u00e4tzen unsere Kunden sehr und deshalb erstatten wir den vollen Betrag, selbst wenn Sie mit Kryptow\u00e4hrungen bezahlt haben! Testen Sie unseren Service ohne Bedenken.<\/p>\n\n\n\n<h2 class=\"wp-block-heading\">Beginnen Sie noch heute!<\/h2>\n\n\n\n<p>Vermeiden Sie langsame und unzuverl\u00e4ssige Proxy-Dienstanbieter, die Ihre Produktivit\u00e4t einschr\u00e4nken!<\/p>\n\n\n\n<p>Entscheiden Sie sich f\u00fcr unsere schnellen, sicheren und g\u00fcnstigen Proxys und werden Sie ein weiterer unglaublich zufriedener Kunde.<\/p>\n\n\n\n<p>Geben Sie uns eine Chance. Der Test ist kostenlos! Sie haben nichts zu verlieren, aber alles zu gewinnen.<br><br>Sie sind durch unsere 24-Stunden-Geld-zur\u00fcck-Garantie zu 100% gesch\u00fctzt. Testen Sie es, lieben Sie es, genie\u00dfen Sie es.<\/p>\n\n\n\n<p>Werden Sie Teil der Tausenden, die ihre Arbeitsabl\u00e4ufe bereits mit unseren privaten Proxys verbessert haben.<\/p>","protected":false},"excerpt":{"rendered":"<p>Frustrated with slow and unreliable proxy service providers that cannot handle your high-demand tasks? Well, maybe we could be a nice fit! We\u2019ve helped thousands of customers that were in that exact position and after changing to Proxy Compass they reduced their bill significantly while improving the reliability of their online automations. Multi-functional, Versatile Proxies [&hellip;]<\/p>\n","protected":false},"author":1,"featured_media":460920,"parent":0,"menu_order":0,"comment_status":"closed","ping_status":"closed","template":"page-front.php","meta":{"_acf_changed":false,"inline_featured_image":false,"footnotes":""},"class_list":["post-1137","page","type-page","status-publish","has-post-thumbnail","hentry"],"acf":[],"_links":{"self":[{"href":"https:\/\/proxycompass.com\/de\/wp-json\/wp\/v2\/pages\/1137","targetHints":{"allow":["GET"]}}],"collection":[{"href":"https:\/\/proxycompass.com\/de\/wp-json\/wp\/v2\/pages"}],"about":[{"href":"https:\/\/proxycompass.com\/de\/wp-json\/wp\/v2\/types\/page"}],"author":[{"embeddable":true,"href":"https:\/\/proxycompass.com\/de\/wp-json\/wp\/v2\/users\/1"}],"replies":[{"embeddable":true,"href":"https:\/\/proxycompass.com\/de\/wp-json\/wp\/v2\/comments?post=1137"}],"version-history":[{"count":19,"href":"https:\/\/proxycompass.com\/de\/wp-json\/wp\/v2\/pages\/1137\/revisions"}],"predecessor-version":[{"id":471023,"href":"https:\/\/proxycompass.com\/de\/wp-json\/wp\/v2\/pages\/1137\/revisions\/471023"}],"wp:featuredmedia":[{"embeddable":true,"href":"https:\/\/proxycompass.com\/de\/wp-json\/wp\/v2\/media\/460920"}],"wp:attachment":[{"href":"https:\/\/proxycompass.com\/de\/wp-json\/wp\/v2\/media?parent=1137"}],"curies":[{"name":"wp","href":"https:\/\/api.w.org\/{rel}","templated":true}]}}