{"id":460491,"date":"2023-05-27T06:06:14","date_gmt":"2023-05-27T06:06:14","guid":{"rendered":"https:\/\/proxycompass.com\/?page_id=460491"},"modified":"2024-09-17T12:40:24","modified_gmt":"2024-09-17T12:40:24","slug":"privacy-policy","status":"publish","type":"page","link":"https:\/\/proxycompass.com\/de\/privacy-policy\/","title":{"rendered":"Datenschutzrichtlinie"},"content":{"rendered":"<h2 class=\"wp-block-heading\">Datenschutzrichtlinie<\/h2>\n\n\n\n<p><br><br>F\u00fcr uns sind \u201epersonenbezogene Daten\u201c Informationen, die Sie entweder direkt identifizieren (wie Ihr Name, Ihre E-Mail-Adresse oder Rechnungsinformationen) oder die sinnvoll verkn\u00fcpft oder kombiniert werden k\u00f6nnen, um Sie zu identifizieren (wie eine Kontoidentifikationsnummer oder IP-Adresse). Wir teilen Ihnen stets mit, welche personenbezogenen Daten wir von Ihnen erfassen. Spezifische Einzelheiten finden Sie in der Datenschutzerkl\u00e4rung des jeweiligen Produkts.<\/p>\n\n\n\n<p>Alle dar\u00fcber hinausgehenden Informationen sind \u201enicht personenbezogene Daten\u201c.<\/p>\n\n\n\n<p>Wenn wir Ihre personenbezogenen Daten mit nicht personenbezogenen Daten speichern, betrachten wir die Kombination als personenbezogene Daten. Wenn wir alle personenbezogenen Daten aus einem Datensatz entfernen, handelt es sich bei den verbleibenden Daten um nicht personenbezogene Daten.<\/p>\n\n\n\n<p><strong>Wie erfahren wir Informationen \u00fcber Sie?<\/strong><\/p>\n\n\n\n<p>Wir erfahren Informationen \u00fcber Sie, wenn:<\/p>\n\n\n\n<ul class=\"wp-block-list\">\n<li>Sie geben sie uns direkt weiter (z. B. wenn Sie sich entscheiden, uns Absturzberichte zu senden);<\/li>\n\n\n\n<li>wir erfassen sie automatisch \u00fcber unsere Produkte und Dienstleistungen;<\/li>\n\n\n\n<li>wenn wir versuchen, mehr \u00fcber Sie zu erfahren, basierend auf den Informationen, die Sie uns gegeben haben (z. B. wenn wir Ihre IP-Adresse verwenden, um die Sprache f\u00fcr einige unserer Dienste anzupassen).<\/li>\n<\/ul>\n\n\n\n<p><strong>Was machen wir mit Ihren Informationen, sobald wir sie haben?<\/strong><\/p>\n\n\n\n<p>Wenn Sie uns Informationen zur Verf\u00fcgung stellen, werden wir diese in der Weise verwenden, f\u00fcr die Sie uns die Erlaubnis erteilt haben. Im Allgemeinen verwenden wir Ihre Daten, um unsere Produkte und Dienstleistungen f\u00fcr Sie bereitzustellen und zu verbessern.<\/p>\n\n\n\n<p><strong>Wann geben wir Ihre Daten an andere weiter?<\/strong><\/p>\n\n\n\n<ul class=\"wp-block-list\">\n<li>Wenn das Gesetz es erfordert. Wir halten uns an die Gesetze, wenn wir von einer Regierung oder im Zusammenhang mit einem Rechtsstreit Anfragen zu Ihrer Person erhalten. Wir benachrichtigen Sie, wenn wir auf diese Weise zur Herausgabe Ihrer personenbezogenen Daten aufgefordert werden, es sei denn, dies ist uns gesetzlich untersagt. Wenn wir solche Anfragen erhalten, geben wir Ihre personenbezogenen Daten nur dann weiter, wenn wir in gutem Glauben davon ausgehen, dass wir gesetzlich dazu verpflichtet sind. Nichts in dieser Richtlinie soll Ihre rechtlichen Einw\u00e4nde oder Einw\u00e4nde einschr\u00e4nken<\/li>\n\n\n\n<li>Wenn wir glauben, dass es notwendig ist, Schaden von Ihnen oder jemand anderem abzuwenden. Wir geben Ihre Daten auf diese Weise nur weiter, wenn wir in gutem Glauben davon ausgehen, dass dies zum Schutz der Rechte, des Eigentums oder der Sicherheit von Ihnen, unseren anderen Nutzern oder der \u00d6ffentlichkeit vern\u00fcnftigerweise erforderlich ist.<\/li>\n<\/ul>\n\n\n\n<p><strong>Wie speichern und sch\u00fctzen wir Ihre pers\u00f6nlichen Daten?<\/strong><\/p>\n\n\n\n<p>Wir verpflichten uns, Ihre pers\u00f6nlichen Daten zu sch\u00fctzen, sobald wir sie haben. Wir implementieren physische, gesch\u00e4ftliche und technische Sicherheitsma\u00dfnahmen. Sollten wir trotz unserer Bem\u00fchungen von einer Sicherheitsverletzung erfahren, benachrichtigen wir Sie, damit Sie entsprechende Schutzma\u00dfnahmen ergreifen k\u00f6nnen.<\/p>\n\n\n\n<p>Wir m\u00f6chten Ihre personenbezogenen Daten auch nicht l\u00e4nger haben, als wir sie ben\u00f6tigen, und bewahren sie daher nur so lange auf, dass wir den Zweck erf\u00fcllen k\u00f6nnen, f\u00fcr den wir sie erfasst haben. Sobald wir es nicht mehr ben\u00f6tigen, unternehmen wir Schritte, um es zu vernichten, es sei denn, wir sind gesetzlich dazu verpflichtet, es l\u00e4nger aufzubewahren.<\/p>\n\n\n\n<p><strong>Was passiert, wenn wir diese Datenschutzrichtlinie oder einen unserer Datenschutzhinweise \u00e4ndern?<\/strong><\/p>\n\n\n\n<p>M\u00f6glicherweise m\u00fcssen wir diese Richtlinie und unsere Hinweise \u00e4ndern. Die Aktualisierungen werden online ver\u00f6ffentlicht. Wenn es sich um wesentliche \u00c4nderungen handelt, werden wir das Update \u00fcber die \u00fcblichen Kan\u00e4le von \u201eProxyCompass\u201c f\u00fcr solche Ank\u00fcndigungen wie Blogbeitr\u00e4ge und Foren bekannt geben. Wenn Sie das Produkt oder die Dienstleistung nach dem Inkrafttreten dieser \u00c4nderungen weiterhin nutzen, erkl\u00e4ren Sie sich mit diesen \u00c4nderungen einverstanden. Um Ihnen die Bewertung zu erleichtern, ver\u00f6ffentlichen wir oben auf der Seite ein Datum des Inkrafttretens.<\/p>","protected":false},"excerpt":{"rendered":"<p>Privacy Policy For us, \u201cpersonal information\u201d means information which either directly identifies you (like your name, email address, or billing information) or can be reasonably linked or combined to identify you (like an account identification number or IP address). We\u2019ll always tell you what personal information we\u2019re collecting from you. See each product\u2019s Privacy Notice [&hellip;]<\/p>\n","protected":false},"author":1,"featured_media":0,"parent":0,"menu_order":0,"comment_status":"closed","ping_status":"closed","template":"","meta":{"_acf_changed":false,"inline_featured_image":false,"footnotes":""},"class_list":["post-460491","page","type-page","status-publish","hentry"],"acf":[],"_links":{"self":[{"href":"https:\/\/proxycompass.com\/de\/wp-json\/wp\/v2\/pages\/460491","targetHints":{"allow":["GET"]}}],"collection":[{"href":"https:\/\/proxycompass.com\/de\/wp-json\/wp\/v2\/pages"}],"about":[{"href":"https:\/\/proxycompass.com\/de\/wp-json\/wp\/v2\/types\/page"}],"author":[{"embeddable":true,"href":"https:\/\/proxycompass.com\/de\/wp-json\/wp\/v2\/users\/1"}],"replies":[{"embeddable":true,"href":"https:\/\/proxycompass.com\/de\/wp-json\/wp\/v2\/comments?post=460491"}],"version-history":[{"count":1,"href":"https:\/\/proxycompass.com\/de\/wp-json\/wp\/v2\/pages\/460491\/revisions"}],"predecessor-version":[{"id":471214,"href":"https:\/\/proxycompass.com\/de\/wp-json\/wp\/v2\/pages\/460491\/revisions\/471214"}],"wp:attachment":[{"href":"https:\/\/proxycompass.com\/de\/wp-json\/wp\/v2\/media?parent=460491"}],"curies":[{"name":"wp","href":"https:\/\/api.w.org\/{rel}","templated":true}]}}