{"id":460509,"date":"2023-05-27T06:40:23","date_gmt":"2023-05-27T06:40:23","guid":{"rendered":"https:\/\/proxycompass.com\/?page_id=460509"},"modified":"2025-01-27T11:15:20","modified_gmt":"2025-01-27T11:15:20","slug":"terms-of-service","status":"publish","type":"page","link":"https:\/\/proxycompass.com\/de\/terms-of-service\/","title":{"rendered":"Nutzungsbedingungen"},"content":{"rendered":"<div class=\"wp-block-rank-math-toc-block\" id=\"rank-math-toc\"><nav><ul><li class=\"\"><a href=\"#1-eligibility\">1. Teilnahmeberechtigung<\/a><\/li><li class=\"\"><a href=\"#2-service-rules\">2. Serviceregeln<\/a><ul><li class=\"\"><a href=\"#2-1-fee-for-processing-complaints\">2.1 Geb\u00fchr f\u00fcr die Bearbeitung von Beschwerden<\/a><\/li><\/ul><\/li><li class=\"\"><a href=\"#3-refund-policy\">3. R\u00fcckerstattungsrichtlinie<\/a><\/li><li class=\"\"><a href=\"#4-user-accounts\">4. Benutzerkonten<\/a><\/li><li class=\"\"><a href=\"#5-acceptable-use\">5. Zul\u00e4ssige Nutzung<\/a><\/li><li class=\"\"><a href=\"#6-privacy\">6. Datenschutz<\/a><\/li><li class=\"\"><a href=\"#7-intellectual-property-rights\">7. Geistige Eigentumsrechte<\/a><\/li><li class=\"\"><a href=\"#8-changes-to-terms\">8. \u00c4nderungen der Bedingungen<\/a><\/li><li class=\"\"><a href=\"#9-termination\">9. K\u00fcndigung<\/a><\/li><li class=\"\"><a href=\"#10-governing-law\">10. Anwendbares Recht<\/a><\/li><li class=\"\"><a href=\"#11-contact\">11. Kontakt<\/a><\/li><li class=\"\"><a href=\"#financial-information\">12. Finanzielle Informationen<\/a><\/li><\/ul><\/nav><\/div>\n\n\n\n<p>Willkommen bei ProxyCompass! Diese Nutzungsbedingungen (\u201eBedingungen\u201c) regeln Ihren Zugriff und Ihre Nutzung von ProxyCompass und aller zugeh\u00f6rigen Software, Dienste und Dokumentationen, die wir bereitstellen (zusammen die \u201eDienste\u201c). Durch die Nutzung unserer Dienste best\u00e4tigen Sie, dass Sie diese Bedingungen gelesen und verstanden haben und ihnen zustimmen. Wenn Sie mit einem Teil dieser Bedingungen nicht einverstanden sind, sehen Sie bitte von der Nutzung unserer Dienste ab.<\/p>\n\n\n\n<h2 class=\"wp-block-heading\" id=\"1-eligibility\"><strong>1. Teilnahmeberechtigung<\/strong><\/h2>\n\n\n\n<p>Um unsere Dienste nutzen zu k\u00f6nnen, m\u00fcssen Sie mindestens 18 Jahre alt und in der Lage sein, einen rechtsverbindlichen Vertrag mit ProxyCompass abzuschlie\u00dfen. Durch die Nutzung unserer Dienste best\u00e4tigen Sie, dass Sie diese Kriterien erf\u00fcllen.<\/p>\n\n\n\n<h2 class=\"wp-block-heading\" id=\"2-service-rules\"><strong>2. Serviceregeln<\/strong><\/h2>\n\n\n\n<p>Wenn Sie den Dienst nutzen, erkl\u00e4ren Sie sich damit einverstanden, Folgendes nicht zu tun:<\/p>\n\n\n\n<p><br>\u2013 Kopieren oder \u00f6ffentliches Teilen des Dienstes.<br>\u2013 Senden Sie Spam oder unerw\u00fcnschte E-Mails.<br>\u2013 Die Sicherheit oder Systemintegrit\u00e4t des Dienstes beeintr\u00e4chtigen.<br>\u2013 Unsere Infrastruktur unangemessen \u00fcberlasten.<br>\u2013 Hochladen sch\u00e4dlicher Software \u00fcber den Dienst.<br>\u2013 Sammeln Sie pers\u00f6nliche Informationen vom Dienst.<br>\u2013 Sich als andere ausgeben oder Betrug begehen.<br>\u2013 Die Funktionsweise des Dienstes st\u00f6ren.<br>\u2013 Verwenden Sie nicht autorisierte Mittel, um auf die Inhalte des Dienstes zuzugreifen.<br>\u2013 Umgehung jeglicher Zugriffsbeschr\u00e4nkungen f\u00fcr den Dienst.<br>\u2013 Den Dienst ohne Zustimmung weiterverkaufen oder weitergeben.<br>\u2013 Verursachen von Sicherheitsverst\u00f6\u00dfen oder St\u00f6rungen der Internetkommunikation.<br>\u2013 Den Dienst f\u00fcr illegale Aktivit\u00e4ten oder unter Verletzung der Rechte Dritter nutzen.<br>\u2013 Verwenden Sie den Dienst f\u00fcr Brute-Force-Angriffe.<\/p>\n\n\n\n<h3 class=\"wp-block-heading\" id=\"2-1-fee-for-processing-complaints\">2.1 Geb\u00fchr f\u00fcr die Bearbeitung von Beschwerden<\/h3>\n\n\n\n<p>Ab dem 2. April 2024 erheben wir aufgrund des gestiegenen Verwaltungs- und Ermittlungsaufwands eine Geb\u00fchr von $30 f\u00fcr jede Beschwerdeuntersuchung. Diese Geb\u00fchr deckt die Untersuchungskosten und negiert keine Regelverst\u00f6\u00dfe.<\/p>\n\n\n\n<p>Nach Erhalt einer Beschwerde untersuchen wir diese gr\u00fcndlich, informieren den Kunden und geben ihm die M\u00f6glichkeit, zu antworten.<\/p>\n\n\n\n<p>Nach der Untersuchung stellen wir eine Rechnung aus. Der Service wird nach Zahlungseingang innerhalb von 3 Tagen fortgesetzt, sofern keine Regelkonflikte vorliegen.<\/p>\n\n\n\n<p>Bei schweren oder wiederholten Verst\u00f6\u00dfen k\u00f6nnen wir die Dienste ohne R\u00fcckerstattung einstellen. Aus Fairnessgr\u00fcnden legen wir Wert auf die strikte Einhaltung unserer Nutzungsbedingungen.<\/p>\n\n\n\n<p>Wenn Kunden nach unserem Ermessen k\u00fcnftigen Problemen proaktiv vorbeugen, kann die Geb\u00fchr m\u00f6glicherweise erlassen werden.<\/p>\n\n\n\n<h2 class=\"wp-block-heading\" id=\"3-refund-policy\"><strong>3. R\u00fcckerstattungsrichtlinie<\/strong><\/h2>\n\n\n\n<p>ProxyCompass bietet eine garantierte 24-Stunden-Geld-zur\u00fcck-Garantie ab dem Zeitpunkt des Kaufs. Diese R\u00fcckerstattung erfolgt auf die gleiche Weise wie die urspr\u00fcngliche Zahlungsweise. Um eine R\u00fcckerstattung zu veranlassen, wenden Sie sich bitte an unser Kundendienstteam.<\/p>\n\n\n\n<p>Bitte beachten Sie, dass wir die Anzahl der R\u00fcckerstattungsantr\u00e4ge sorgf\u00e4ltig \u00fcberwachen. Bei \u00fcberm\u00e4\u00dfigen R\u00fcckerstattungsantr\u00e4gen, insbesondere bei mehr als drei innerhalb eines Monats, beh\u00e4lt sich ProxyCompass das Recht vor, den R\u00fcckerstattungsantrag abzulehnen.<\/p>\n\n\n\n<p>\u00dcber das 24-Stunden-Fenster hinaus k\u00f6nnen Kunden ihre Bestellung stornieren. Unter diesen Umst\u00e4nden erfolgt die R\u00fcckerstattung als Gutschrift f\u00fcr ungenutzte Mittel auf Ihrem internen Guthaben. Stornierungen von Bestellungen sind alle drei Tage m\u00f6glich. Auf diese Option k\u00f6nnen Sie in Ihrem pers\u00f6nlichen Bereich zugreifen.<\/p>\n\n\n\n<p>Sollten Sie aus irgendeinem Grund mit den von Ihnen erworbenen Proxys unzufrieden sein, empfehlen wir Ihnen, sich an unser technisches Support-Team zu wenden, um Ihre R\u00fcckerstattung zu bearbeiten.<\/p>\n\n\n\n<p>Durch den Kauf eines Produkts oder einer Dienstleistung von ProxyCompass stimmen Sie den in dieser R\u00fcckerstattungsrichtlinie dargelegten Bedingungen zu.<\/p>\n\n\n\n<h2 class=\"wp-block-heading\" id=\"4-user-accounts\"><strong>4. Benutzerkonten<\/strong><\/h2>\n\n\n\n<p>M\u00f6glicherweise m\u00fcssen Sie sich f\u00fcr ein Konto registrieren, um auf bestimmte Features oder Funktionen unserer Dienste zugreifen zu k\u00f6nnen. Sie sind f\u00fcr die Geheimhaltung Ihres Kontopassworts und f\u00fcr alle mit Ihrem Konto verbundenen Aktivit\u00e4ten verantwortlich. ProxyCompass haftet nicht f\u00fcr Verluste oder Sch\u00e4den, die dadurch entstehen, dass Sie Ihr Konto nicht sch\u00fctzen.<\/p>\n\n\n\n<h2 class=\"wp-block-heading\" id=\"5-acceptable-use\"><strong>5. Zul\u00e4ssige Nutzung<\/strong><\/h2>\n\n\n\n<p>Sie erkl\u00e4ren sich damit einverstanden, unsere Dienste rechtm\u00e4\u00dfig zu nutzen und bei der Nutzung unserer Dienste keine Gesetze, Vorschriften oder Rechte anderer zu verletzen. Es ist Ihnen ausdr\u00fccklich untersagt, unsere Dienste f\u00fcr illegale oder unbefugte Zwecke zu nutzen, einschlie\u00dflich, aber nicht beschr\u00e4nkt auf Betrug, Bel\u00e4stigung oder die Verbreitung von Malware oder anderen sch\u00e4dlichen Codes.<\/p>\n\n\n\n<h2 class=\"wp-block-heading\" id=\"6-privacy\"><strong>6. Datenschutz<\/strong><\/h2>\n\n\n\n<p>Ihre Privatsph\u00e4re ist uns wichtig. Bitte beachten Sie unsere <a href=\"https:\/\/proxycompass.com\/de\/privacy-policy\/\" data-type=\"URL\" data-id=\"https:\/\/proxycompass.com\/privacy-policy\/\">Datenschutzrichtlinie<\/a>y f\u00fcr Informationen dar\u00fcber, wie wir Ihre personenbezogenen Daten erfassen, verwenden und weitergeben.<\/p>\n\n\n\n<h2 class=\"wp-block-heading\" id=\"7-intellectual-property-rights\"><strong>7. Geistige Eigentumsrechte<\/strong><\/h2>\n\n\n\n<p>Alle Rechte, Titel und Interessen an unseren Diensten, einschlie\u00dflich aller geistigen Eigentumsrechte, sind und bleiben das ausschlie\u00dfliche Eigentum von ProxyCompass und seinen Lizenzgebern.<\/p>\n\n\n\n<h2 class=\"wp-block-heading\" id=\"8-changes-to-terms\"><strong>8. \u00c4nderungen der Bedingungen<\/strong><\/h2>\n\n\n\n<p>Wir k\u00f6nnen diese Bedingungen von Zeit zu Zeit aktualisieren. Wenn wir \u00c4nderungen vornehmen, stellen wir die aktualisierten Bedingungen auf unserer Website zur Verf\u00fcgung und aktualisieren das Datum \u201eLetzte Aktualisierung\u201c. Durch die weitere Nutzung unserer Dienste nach Inkrafttreten dieser \u00c4nderungen erkl\u00e4ren Sie sich mit den aktualisierten Bedingungen einverstanden.<\/p>\n\n\n\n<h2 class=\"wp-block-heading\" id=\"9-termination\"><strong>9. K\u00fcndigung<\/strong><\/h2>\n\n\n\n<p>Wir behalten uns das Recht vor, ohne Vorank\u00fcndigung und nach unserem alleinigen Ermessen Ihr Recht auf Zugriff auf oder Nutzung unserer Dienste zu k\u00fcndigen und Ihren zuk\u00fcnftigen Zugriff auf und Nutzung unserer Dienste zu sperren oder zu verhindern.<\/p>\n\n\n\n<h2 class=\"wp-block-heading\" id=\"10-governing-law\"><strong>10. Anwendbares Recht<\/strong><\/h2>\n\n\n\n<p>Diese Bedingungen und alle Ma\u00dfnahmen im Zusammenhang mit diesen Bedingungen unterliegen den Gesetzen der Gerichtsbarkeit, in der ProxyCompass seinen Sitz hat, ohne R\u00fccksicht auf die Grunds\u00e4tze des Kollisionsrechts.<\/p>\n\n\n\n<h2 class=\"wp-block-heading\" id=\"11-contact\"><strong>11. Kontakt<\/strong><\/h2>\n\n\n\n<p>Wenn Sie Fragen zu diesen Bedingungen haben, wenden Sie sich bitte an <a href=\"https:\/\/proxycompass.com\/de\/account\/contact.php\/\">kontaktiere uns<\/a>.<\/p>\n\n\n\n<h2 class=\"wp-block-heading\" id=\"financial-information\">12. <strong>Finanzielle Informationen<\/strong><\/h2>\n\n\n\n<p>ProxyCompass arbeitet mit Finanzpartnern in mehreren Regionen zusammen:<\/p>\n\n\n\n<ul class=\"wp-block-list\">\n<li><strong>Europa:<\/strong><br><strong>QualityNetwork-Organisationseinheit<\/strong><br>Karu 14-8, Kesklinn, Tallinn,<br>Bezirk Harju, 10120, Estland<br><\/li>\n\n\n\n<li><strong>Region Naher Osten:<\/strong><br><strong>Qualit\u00e4tsnetzwerk Naher Osten FZE<\/strong><br>Al Shmookh Business Center, One UAQ,<br>UAQ-Freihandelszone, Umm Al Quwain, Vereinigte Arabische Emirate<br><\/li>\n\n\n\n<li><strong>Vereinigte Staaten:<\/strong><br><strong>Quality Network US LLC<\/strong><br>30 N Gould St, STE R,<br>Sheridan, WY 82801, Vereinigte Staaten<br><\/li>\n\n\n\n<li><strong>Region Afrika:<\/strong><br><strong>Jumwak Networking Agency Limited<\/strong><br>Makadara, Nairobi,<br>Makadara District, Kenia<br><\/li>\n<\/ul>\n\n\n\n<p>Wenden Sie sich bei finanziellen Fragen bitte an unser Supportteam.<\/p>","protected":false},"excerpt":{"rendered":"<p>Welcome to ProxyCompass! These Terms of Service (&#8220;Terms&#8221;) govern your access and use of ProxyCompass and any related software, services, and documentation we provide (collectively, the &#8220;Services&#8221;). By using our Services, you confirm that you&#8217;ve read, understood, and agreed to these Terms. If you disagree with any part of these Terms, please refrain from using [&hellip;]<\/p>\n","protected":false},"author":1,"featured_media":0,"parent":0,"menu_order":0,"comment_status":"closed","ping_status":"closed","template":"","meta":{"_acf_changed":false,"inline_featured_image":false,"footnotes":""},"class_list":["post-460509","page","type-page","status-publish","hentry"],"acf":[],"_links":{"self":[{"href":"https:\/\/proxycompass.com\/de\/wp-json\/wp\/v2\/pages\/460509","targetHints":{"allow":["GET"]}}],"collection":[{"href":"https:\/\/proxycompass.com\/de\/wp-json\/wp\/v2\/pages"}],"about":[{"href":"https:\/\/proxycompass.com\/de\/wp-json\/wp\/v2\/types\/page"}],"author":[{"embeddable":true,"href":"https:\/\/proxycompass.com\/de\/wp-json\/wp\/v2\/users\/1"}],"replies":[{"embeddable":true,"href":"https:\/\/proxycompass.com\/de\/wp-json\/wp\/v2\/comments?post=460509"}],"version-history":[{"count":12,"href":"https:\/\/proxycompass.com\/de\/wp-json\/wp\/v2\/pages\/460509\/revisions"}],"predecessor-version":[{"id":471376,"href":"https:\/\/proxycompass.com\/de\/wp-json\/wp\/v2\/pages\/460509\/revisions\/471376"}],"wp:attachment":[{"href":"https:\/\/proxycompass.com\/de\/wp-json\/wp\/v2\/media?parent=460509"}],"curies":[{"name":"wp","href":"https:\/\/api.w.org\/{rel}","templated":true}]}}