{"id":468355,"date":"2024-03-01T08:34:48","date_gmt":"2024-03-01T08:34:48","guid":{"rendered":"https:\/\/proxycompass.com\/?page_id=468355"},"modified":"2025-07-30T03:26:58","modified_gmt":"2025-07-30T03:26:58","slug":"proxy-checker","status":"publish","type":"page","link":"https:\/\/proxycompass.com\/de\/proxy-checker\/","title":{"rendered":"Massen-Proxy-Checker"},"content":{"rendered":"<p>Der Proxy Checker von ProxyCompass ist ein Onlinetool zum Pr\u00fcfen und Analysieren mehrerer Proxyserver. Es unterst\u00fctzt eine Vielzahl von Proxytypen, darunter HTTP, HTTPS, SOCKS4 und SOCKS5.<\/p>\n\n\n\n<h3 class=\"wp-block-heading\">Hauptmerkmale:<\/h3>\n\n\n\n<ul class=\"wp-block-list\">\n<li><strong>Unterst\u00fctzt mehrere Protokolle<\/strong>: Kann verschiedene Proxy-Protokolle verarbeiten.<\/li>\n\n\n\n<li><strong>Multithread-Verifizierung<\/strong>: Erm\u00f6glicht die gleichzeitige \u00dcberpr\u00fcfung mehrerer Proxys.<\/li>\n\n\n\n<li><strong>Anonymit\u00e4t und Leistungsanalyse<\/strong>: Bewertet den Anonymit\u00e4tsgrad, die Verbindungsgeschwindigkeit und die Zuverl\u00e4ssigkeit.<\/li>\n\n\n\n<li><strong>Geolokalisierung und ISP-Informationen<\/strong>: Stellt geografische Standort- und ISP-Daten bereit, bezogen auf\u00a0<a href=\"https:\/\/www.ripe.net\/\" target=\"_blank\" rel=\"noreferrer noopener\">RIPE-Datenbank<\/a>.<\/li>\n\n\n\n<li><strong>Herunterladbare Berichte<\/strong>: Bietet Ergebnisse in zug\u00e4nglichen Formaten.<\/li>\n\n\n\n<li><strong>Sofortige Ergebnisse und erweiterte Filterung<\/strong>: Zeigt Echtzeitergebnisse mit Filteroptionen an.<\/li>\n\n\n\n<li><strong>API-Integration<\/strong>&nbsp;(In Entwicklung): Diese Funktion befindet sich derzeit in der Entwicklung und wird in K\u00fcrze verf\u00fcgbar sein. Dieses Tool ist f\u00fcr diejenigen gedacht, die eine einfache und effektive M\u00f6glichkeit zur \u00dcberpr\u00fcfung von Proxyservern suchen.<\/li>\n<\/ul>","protected":false},"excerpt":{"rendered":"<p>Der Proxy Checker von ProxyCompass ist ein Online-Tool zur Massenpr\u00fcfung und Analyse von Proxyservern. Es unterst\u00fctzt eine Vielzahl von Proxy-Typen, darunter HTTP, HTTPS, SOCKS4 und SOCKS5. Hauptfunktionen:<\/p>","protected":false},"author":1,"featured_media":0,"parent":0,"menu_order":0,"comment_status":"closed","ping_status":"closed","template":"page-checker.php","meta":{"_acf_changed":false,"inline_featured_image":false,"footnotes":""},"class_list":["post-468355","page","type-page","status-publish","hentry"],"acf":[],"_links":{"self":[{"href":"https:\/\/proxycompass.com\/de\/wp-json\/wp\/v2\/pages\/468355","targetHints":{"allow":["GET"]}}],"collection":[{"href":"https:\/\/proxycompass.com\/de\/wp-json\/wp\/v2\/pages"}],"about":[{"href":"https:\/\/proxycompass.com\/de\/wp-json\/wp\/v2\/types\/page"}],"author":[{"embeddable":true,"href":"https:\/\/proxycompass.com\/de\/wp-json\/wp\/v2\/users\/1"}],"replies":[{"embeddable":true,"href":"https:\/\/proxycompass.com\/de\/wp-json\/wp\/v2\/comments?post=468355"}],"version-history":[{"count":7,"href":"https:\/\/proxycompass.com\/de\/wp-json\/wp\/v2\/pages\/468355\/revisions"}],"predecessor-version":[{"id":471441,"href":"https:\/\/proxycompass.com\/de\/wp-json\/wp\/v2\/pages\/468355\/revisions\/471441"}],"wp:attachment":[{"href":"https:\/\/proxycompass.com\/de\/wp-json\/wp\/v2\/media?parent=468355"}],"curies":[{"name":"wp","href":"https:\/\/api.w.org\/{rel}","templated":true}]}}