{"id":469452,"date":"2024-03-18T14:05:23","date_gmt":"2024-03-18T14:05:23","guid":{"rendered":"https:\/\/proxycompass.com\/?page_id=469452"},"modified":"2025-01-27T11:27:05","modified_gmt":"2025-01-27T11:27:05","slug":"about-us","status":"publish","type":"page","link":"https:\/\/proxycompass.com\/de\/about-us\/","title":{"rendered":"\u00dcber uns"},"content":{"rendered":"<hr class=\"wp-block-separator has-alpha-channel-opacity\"\/>\n\n\n\n<h2 class=\"wp-block-heading\"><strong>Willkommen bei ProxyCompass<\/strong><\/h2>\n\n\n\n<p>Ihr Tor zu un\u00fcbertroffener Qualit\u00e4t und Innovation von Proxy-Diensten, seit 2013 in der Proxy-Branche etabliert. Wir gelten als f\u00fchrend in der Proxy-Branche und bieten eine gro\u00dfe Auswahl an IP-Adressen f\u00fcr vielf\u00e4ltige Online-Anforderungen. Entdecken Sie, was uns einzigartig macht:<\/p>\n\n\n\n<hr class=\"wp-block-separator has-alpha-channel-opacity\"\/>\n\n\n\n<h2 class=\"wp-block-heading\"><strong>Innovative Proxy-L\u00f6sungen<\/strong><\/h2>\n\n\n\n<p>ProxyCompass ist mehr als ein Dienst; Es handelt sich um einen zukunftsweisenden Ansatz f\u00fcr Online-Anonymit\u00e4t und -Sicherheit. Mit unserem umfangreichen Pool an IP-Adressen genie\u00dfen Kunden online beispiellose Privatsph\u00e4re und Flexibilit\u00e4t.<\/p>\n\n\n\n<hr class=\"wp-block-separator has-alpha-channel-opacity\"\/>\n\n\n\n<h2 class=\"wp-block-heading\"><strong>Expertenteam<\/strong><\/h2>\n\n\n\n<p>Unsere Experten mit umfassender Erfahrung im Proxy-Markt haben sich unter ProxyCompass zusammengeschlossen, um einen au\u00dfergew\u00f6hnlichen Service zu bieten, der auf die Herausforderungen und Chancen des digitalen Zeitalters zugeschnitten ist.<\/p>\n\n\n\n<hr class=\"wp-block-separator has-alpha-channel-opacity\"\/>\n\n\n\n<h2 class=\"wp-block-heading\"><strong>Globales Proxy-Netzwerk<\/strong><\/h2>\n\n\n\n<p>Wir verf\u00fcgen \u00fcber mehr als 100.000 Proxy-Server in \u00fcber 20 L\u00e4ndern, die sich alle in erstklassigen Rechenzentren befinden, um einem breiten Kundenstamm effizienten Service zu bieten.<\/p>\n\n\n\n<ul class=\"wp-block-list\">\n<li><strong>L\u00e4nder:<\/strong> 20+<\/li>\n\n\n\n<li><strong>Proxyserver:<\/strong> 100,000+<\/li>\n\n\n\n<li><strong>Daten Center:<\/strong> Weltklasse<\/li>\n<\/ul>\n\n\n\n<hr class=\"wp-block-separator has-alpha-channel-opacity\"\/>\n\n\n\n<h2 class=\"wp-block-heading\"><strong>Verschiedene Proxy-Optionen<\/strong><\/h2>\n\n\n\n<p>Von dedizierten bis hin zu gemeinsam genutzten Proxys (begrenzt auf 2\u20133 Benutzer pro Proxy) deckt unser Sortiment unterschiedliche Vorlieben und Budgets ab und gew\u00e4hrleistet ein ma\u00dfgeschneidertes Proxy-Erlebnis.<\/p>\n\n\n\n<hr class=\"wp-block-separator has-alpha-channel-opacity\"\/>\n\n\n\n<h2 class=\"wp-block-heading\"><strong>Hauptvorteile<\/strong><\/h2>\n\n\n\n<ul class=\"wp-block-list\">\n<li><strong>Zuverl\u00e4ssigkeit:<\/strong> Zuverl\u00e4ssige Server f\u00fcr konsistente Online-Leistung.<\/li>\n\n\n\n<li><strong>Ban-Widerstand:<\/strong> Intelligente Algorithmen reduzieren das Risiko von IP-Verboten.<\/li>\n\n\n\n<li><strong>Geschwindigkeit:<\/strong> Genie\u00dfen Sie Highspeed-Internet f\u00fcr effizientes Surfen und Datenhandling.<\/li>\n\n\n\n<li><strong>Betriebszeit:<\/strong> Wir garantieren eine Betriebszeit von 99,91 TP6T f\u00fcr unterbrechungsfreien Service.<\/li>\n\n\n\n<li><strong>Bezahlbarkeit:<\/strong> Wettbewerbsf\u00e4hige Preise schon ab 6 Cent pro IP.<\/li>\n<\/ul>\n\n\n\n<hr class=\"wp-block-separator has-alpha-channel-opacity\"\/>\n\n\n\n<h2 class=\"wp-block-heading\"><strong>Kundensupport rund um die Uhr<\/strong><\/h2>\n\n\n\n<p>Unser engagiertes Team ist immer bereit, bei Fragen oder Bed\u00fcrfnissen zu helfen und sorgt f\u00fcr ein nahtloses ProxyCompass-Erlebnis.<\/p>\n\n\n\n<hr class=\"wp-block-separator has-alpha-channel-opacity\"\/>\n\n\n\n<h2 class=\"wp-block-heading\"><strong>Zufriedenheitsgarantie<\/strong><\/h2>\n\n\n\n<p>Nicht zufrieden? Wir bieten eine vollst\u00e4ndige R\u00fcckerstattung innerhalb der ersten 24 Stunden nach dem Kauf an, da Ihre Zufriedenheit f\u00fcr uns oberste Priorit\u00e4t hat.<\/p>\n\n\n\n<hr class=\"wp-block-separator has-alpha-channel-opacity\"\/>\n\n\n\n<h2 class=\"wp-block-heading\"><strong>Treten Sie noch heute ProxyCompass bei!<\/strong><\/h2>\n\n\n\n<p>Setzen Sie mit ProxyCompass auf einen neuen Standard f\u00fcr sichere und effiziente Proxy-L\u00f6sungen. Verbessern Sie Ihre Online-Privatsph\u00e4re und Leistung wie nie zuvor.<\/p>\n\n\n\n<hr class=\"wp-block-separator has-alpha-channel-opacity\"\/>\n\n\n\n<h2 class=\"wp-block-heading\"><strong>Kontaktiere uns<\/strong><\/h2>\n\n\n\n<p>Wir legen Wert auf Transparenz und Zug\u00e4nglichkeit. Bei Fragen zu unseren Diensten, Zahlungen oder unserem Support wenden Sie sich bitte an unser Team. Unsere globale Pr\u00e4senz gew\u00e4hrleistet nahtlosen Service und Kundenunterst\u00fctzung in mehreren Regionen.<\/p>\n\n\n\n<h4 class=\"wp-block-heading\"><strong>Gesch\u00e4fts- und Finanzinformationen<\/strong><\/h4>\n\n\n\n<p>ProxyCompass arbeitet mit regionalen Finanzpartnern zusammen, um weltweit sichere und zuverl\u00e4ssige Transaktionen zu erm\u00f6glichen.<\/p>\n\n\n\n<ul class=\"wp-block-list\">\n<li><strong>Europa:<\/strong><br><strong>QualityNetwork-Organisationseinheit<\/strong><br>Karu 14-8, Kesklinn, Tallinn,<br>Bezirk Harju, 10120, Estland<br><\/li>\n\n\n\n<li><strong>Vereinigte Staaten:<\/strong><br><strong>Quality Network US LLC<\/strong><br>30 N Gould St, STE R,<br>Sheridan, WY 82801, Vereinigte Staaten<br><\/li>\n\n\n\n<li><strong>Region Afrika:<\/strong><br><strong>Jumwak Networking Agency Limited<\/strong><br>Makadara, Nairobi,<br>Makadara District, Kenia<br><\/li>\n\n\n\n<li><strong>Region Naher Osten:<\/strong><br><strong>Qualit\u00e4tsnetzwerk Naher Osten FZE<\/strong><br>Al Shmookh Business Center, One UAQ,<br>UAQ-Freihandelszone, Umm Al Quwain, Vereinigte Arabische Emirate<\/li>\n<\/ul>","protected":false},"excerpt":{"rendered":"<p>Welcome to ProxyCompass Your gateway to unmatched proxy service quality and innovation, established in the proxy industry since 2013. We stand as a leader in the proxy industry, offering a vast selection of IP addresses to meet diverse online needs. Discover what makes us unique: Innovative Proxy Solutions ProxyCompass is more than a service; it&#8217;s [&hellip;]<\/p>\n","protected":false},"author":1,"featured_media":0,"parent":0,"menu_order":0,"comment_status":"closed","ping_status":"closed","template":"","meta":{"_acf_changed":false,"inline_featured_image":false,"footnotes":""},"class_list":["post-469452","page","type-page","status-publish","hentry"],"acf":[],"_links":{"self":[{"href":"https:\/\/proxycompass.com\/de\/wp-json\/wp\/v2\/pages\/469452","targetHints":{"allow":["GET"]}}],"collection":[{"href":"https:\/\/proxycompass.com\/de\/wp-json\/wp\/v2\/pages"}],"about":[{"href":"https:\/\/proxycompass.com\/de\/wp-json\/wp\/v2\/types\/page"}],"author":[{"embeddable":true,"href":"https:\/\/proxycompass.com\/de\/wp-json\/wp\/v2\/users\/1"}],"replies":[{"embeddable":true,"href":"https:\/\/proxycompass.com\/de\/wp-json\/wp\/v2\/comments?post=469452"}],"version-history":[{"count":11,"href":"https:\/\/proxycompass.com\/de\/wp-json\/wp\/v2\/pages\/469452\/revisions"}],"predecessor-version":[{"id":471381,"href":"https:\/\/proxycompass.com\/de\/wp-json\/wp\/v2\/pages\/469452\/revisions\/471381"}],"wp:attachment":[{"href":"https:\/\/proxycompass.com\/de\/wp-json\/wp\/v2\/media?parent=469452"}],"curies":[{"name":"wp","href":"https:\/\/api.w.org\/{rel}","templated":true}]}}