{"id":469491,"date":"2024-04-20T10:57:09","date_gmt":"2024-04-20T10:57:09","guid":{"rendered":"https:\/\/proxycompass.com\/?page_id=469491"},"modified":"2026-02-21T06:14:07","modified_gmt":"2026-02-21T06:14:07","slug":"free-trial","status":"publish","type":"page","link":"https:\/\/proxycompass.com\/de\/free-trial\/","title":{"rendered":"Holen Sie sich einen kostenlosen Proxy-Test f\u00fcr 1 Stunde"},"content":{"rendered":"<div class=\"wp-block-columns is-layout-flex wp-container-core-columns-is-layout-9d6595d7 wp-block-columns-is-layout-flex\">\n<div class=\"wp-block-column is-layout-flow wp-block-column-is-layout-flow\">\n<h2 class=\"wp-block-heading\">Details zur kostenlosen Testversion<\/h2>\n\n\n\n<ul class=\"wp-block-list\">\n<li>50 Proxy-IP-Adressen<\/li>\n\n\n\n<li>Statisches Rechenzentrum gehostet<\/li>\n\n\n\n<li>HTTP(S)- und SOCKS4\/5-Protokolle<\/li>\n\n\n\n<li>Standorte in Deutschland<\/li>\n\n\n\n<li>Unbeschr\u00e4nkte Bandbreite<\/li>\n\n\n\n<li>Vollst\u00e4ndig anonyme Elite-Proxys<\/li>\n\n\n\n<li>Zugriff auf die Proxys innerhalb von 5 Minuten<\/li>\n\n\n\n<li>60 Minuten Test<\/li>\n\n\n\n<li>Keine Verpflichtungen<\/li>\n\n\n\n<li>Keine Kreditkarte erforderlich<\/li>\n\n\n\n<li>Upgrade auf ein kostenpflichtiges Konto ist jederzeit m\u00f6glich<\/li>\n<\/ul>\n\n\n\n<h2 class=\"wp-block-heading\">Was m\u00fcssen Sie tun?<\/h2>\n\n\n\n<p>Um diese Proxys auszuprobieren, klicken Sie einfach auf den untenstehenden Link und schlie\u00dfen Sie den schnellen Registrierungsprozess ab.<\/p>\n\n\n\n<p><a href=\"https:\/\/proxycompass.com\/account\/index.php?rp=\/store\/test-packages\/german-trial-1-hour\" target=\"_blank\" rel=\"noreferrer noopener\">GRATIS-TEST F\u00dcR DEUTSCHE PROXYS<\/a><\/p>\n\n\n\n<p>Brauchen Sie Hilfe bei der Aktivierung Ihres Pakets? Lesen Sie einfach unsere <a href=\"https:\/\/proxycompass.com\/de\/knowledge-base\/how-to-activate-a-proxy-package\/\" target=\"_blank\" rel=\"noreferrer noopener\">Schritt-f\u00fcr-Schritt-Anleitung<\/a>.<\/p>\n<\/div>\n\n\n\n<div class=\"wp-block-column is-layout-flow wp-block-column-is-layout-flow\">\n<figure class=\"wp-block-gallery has-nested-images columns-default is-cropped wp-block-gallery-1 is-layout-flex wp-block-gallery-is-layout-flex\">\n<figure class=\"wp-block-image size-full is-style-default\"><a href=\"https:\/\/proxycompass.com\/account\/index.php?rp=\/store\/test-packages\/german-trial-1-hour\" target=\"_blank\" rel=\"noreferrer noopener\"><img decoding=\"async\" width=\"600\" height=\"600\" data-id=\"471247\" src=\"https:\/\/proxycompass.com\/wp-content\/uploads\/2026\/02\/trial-50-germany.png\" alt=\"kostenloses Proxy-Testbanner\" class=\"wp-image-471247\" srcset=\"https:\/\/proxycompass.com\/wp-content\/uploads\/2026\/02\/trial-50-germany.png 600w, https:\/\/proxycompass.com\/wp-content\/uploads\/2026\/02\/trial-50-germany-150x150.png 150w, https:\/\/proxycompass.com\/wp-content\/uploads\/2026\/02\/trial-50-germany-12x12.png 12w, https:\/\/proxycompass.com\/wp-content\/uploads\/2026\/02\/trial-50-germany-24x24.png 24w, https:\/\/proxycompass.com\/wp-content\/uploads\/2026\/02\/trial-50-germany-48x48.png 48w, https:\/\/proxycompass.com\/wp-content\/uploads\/2026\/02\/trial-50-germany-96x96.png 96w, https:\/\/proxycompass.com\/wp-content\/uploads\/2026\/02\/trial-50-germany-300x300.png 300w\" sizes=\"(max-width: 600px) 100vw, 600px\" \/><\/a><\/figure>\n<\/figure>\n<\/div>\n<\/div>\n\n\n\n<p>Brauchen Sie mehr Zeit zum Testen? Dann gehen Sie zu der <a href=\"https:\/\/proxycompass.com\/de\/prices\/\" data-type=\"link\" data-id=\"https:\/\/proxycompass.com\/prices\/\">Preisseite<\/a>, w\u00e4hlen Sie das Proxy-Paket aus, das Sie interessiert, und testen Sie es 24 Stunden lang ohne Risiko. Wenn Sie mit den Ergebnissen nicht zufrieden sind, teilen Sie uns dies \u00fcber unser Ticketsystem mit. Wir erstatten Ihnen den vollen Betrag.<\/p>\n\n\n\n<p><\/p>\n\n\n\n<h2 class=\"wp-block-heading\">Kostenloses Proxy-Server-Paket<\/h2>\n\n\n\n<h3 class=\"wp-block-heading\">50 Proxy-IP-Adressen<\/h3>\n\n\n\n<p>Nach einer schnellen und unverbindlichen Registrierung erhalten Sie eine Liste mit 50 zur Nutzung verf\u00fcgbaren IP-Adressen. Abh\u00e4ngig von der Software, in der Sie sie verwenden, k\u00f6nnen Sie sie entweder alle auf einmal verwenden oder sie einzeln \u00fcber eine spezielle API verwenden, die rotiert und die IP-Adressen der Proxyserver nach dem Zufallsprinzip ausgibt.<\/p>\n\n\n\n<h3 class=\"wp-block-heading\">Statische, im Rechenzentrum gehostete Proxys<\/h3>\n\n\n\n<p>Die Proxy-Server, die Sie f\u00fcr den Test erhalten, sind statisch. Dies bedeutet, dass sich ihre IP-Adressen nie \u00e4ndern, also immer gleich bleiben. Physisch befinden sich diese Proxy-Server in verschiedenen Rechenzentren in den USA. Dies bedeutet, dass sie immer aktiv sind und Sie sie zu jeder Tages- und Nachtzeit nutzen k\u00f6nnen.<\/p>\n\n\n\n<h3 class=\"wp-block-heading\">HTTP(S)- und SOCKS4\/5-Protokolle<\/h3>\n\n\n\n<p>Die Proxyserver, die Sie erhalten, unterst\u00fctzen alle g\u00e4ngigen Protokolle, also HTTP\/S, SOCKS4\/5 gleichzeitig.<\/p>\n\n\n\n<p>Im Benutzerbereich k\u00f6nnen Sie Ihre Liste der Proxyserver in jedem gew\u00fcnschten Format herunterladen.<\/p>\n\n\n\n<h3 class=\"wp-block-heading\">Standorte in Deutschland<\/h3>\n\n\n\n<p>Dieses kostenlose Proxy-Paket enth\u00e4lt 50 Proxy-IP-Adressen aus Deutschland. Die genaue Anzahl der Proxys aus bestimmten St\u00e4dten in Deutschland wird zuf\u00e4llig bestimmt.<\/p>\n\n\n\n<h3 class=\"wp-block-heading\">Unbeschr\u00e4nkte Bandbreite<\/h3>\n\n\n\n<p>Wir begrenzen den Datenverkehr unserer Kunden zum Herunterladen und Hochladen nicht. Dies gilt sowohl f\u00fcr kostenpflichtige Pakete als auch f\u00fcr dieses kostenlose Paket.<\/p>\n\n\n\n<h3 class=\"wp-block-heading\">Vollst\u00e4ndig anonyme Elite-Proxys<\/h3>\n\n\n\n<p>Diese Test-Proxyserver sind genau dieselben wie unsere kostenpflichtigen Proxyserver. Sie sind so anonym wie m\u00f6glich.<\/p>\n\n\n\n<h3 class=\"wp-block-heading\">Upgrade auf ein kostenpflichtiges Konto ist jederzeit m\u00f6glich<\/h3>\n\n\n\n<p>Nachdem Sie die Proxyserver auf Kompatibilit\u00e4t mit Ihren Aufgaben getestet haben, k\u00f6nnen Sie direkt im Benutzerbereich ein Proxypaket ausw\u00e4hlen, das Ihren Anforderungen entspricht.<\/p>","protected":false},"excerpt":{"rendered":"<p>Free Trial Details What Do You Have to Do? To try these proxies, simply click on the link below and complete the quick registration process. GET FREE TRIAL Need help activating your package? Just read our step-by-step guide. Need more time to test? Then go to the pricing page, select the proxy package that interests [&hellip;]<\/p>\n","protected":false},"author":1,"featured_media":0,"parent":0,"menu_order":0,"comment_status":"closed","ping_status":"closed","template":"page-free-trial.php","meta":{"_acf_changed":false,"inline_featured_image":false,"footnotes":""},"class_list":["post-469491","page","type-page","status-publish","hentry"],"acf":[],"_links":{"self":[{"href":"https:\/\/proxycompass.com\/de\/wp-json\/wp\/v2\/pages\/469491","targetHints":{"allow":["GET"]}}],"collection":[{"href":"https:\/\/proxycompass.com\/de\/wp-json\/wp\/v2\/pages"}],"about":[{"href":"https:\/\/proxycompass.com\/de\/wp-json\/wp\/v2\/types\/page"}],"author":[{"embeddable":true,"href":"https:\/\/proxycompass.com\/de\/wp-json\/wp\/v2\/users\/1"}],"replies":[{"embeddable":true,"href":"https:\/\/proxycompass.com\/de\/wp-json\/wp\/v2\/comments?post=469491"}],"version-history":[{"count":23,"href":"https:\/\/proxycompass.com\/de\/wp-json\/wp\/v2\/pages\/469491\/revisions"}],"predecessor-version":[{"id":471527,"href":"https:\/\/proxycompass.com\/de\/wp-json\/wp\/v2\/pages\/469491\/revisions\/471527"}],"wp:attachment":[{"href":"https:\/\/proxycompass.com\/de\/wp-json\/wp\/v2\/media?parent=469491"}],"curies":[{"name":"wp","href":"https:\/\/api.w.org\/{rel}","templated":true}]}}