{"id":471215,"date":"2024-09-17T12:47:58","date_gmt":"2024-09-17T12:47:58","guid":{"rendered":"https:\/\/proxycompass.com\/?page_id=471215"},"modified":"2024-09-17T12:47:59","modified_gmt":"2024-09-17T12:47:59","slug":"disclaimer","status":"publish","type":"page","link":"https:\/\/proxycompass.com\/de\/disclaimer\/","title":{"rendered":"Haftungsausschluss"},"content":{"rendered":"<h2 class=\"wp-block-heading\">Haftungsausschluss<\/h2>\n\n\n\n<p>DIE DIENSTLEISTUNGEN VON <strong>PROXY-KOMPASS<\/strong> WERDEN \u201eWIE BESEHEN\u201c MIT ALLEN FEHLERN ANGEBOTEN. SOWEIT GESETZLICH ZUL\u00c4SSIG, <strong>PROXY-KOMPASS<\/strong> UND DIE ENTSCH\u00c4DIGTEN PARTEIEN LEHNEN JEGLICHE AUSDR\u00dcCKLICHE ODER STILLSCHWEIGENDE GARANTIEN AB, EINSCHLIESSLICH, ABER NICHT BESCHR\u00c4NKT AUF GARANTIEN, DASS DIE DIENSTE FEHLFREI, MARKTG\u00c4NGIG, F\u00dcR EINEN BESTIMMTEN ZWECK GEEIGNET UND NICHT VERLETZEND SIND. SIE \u00dcBERNEHMEN DIE VOLLE VERANTWORTUNG F\u00dcR DIE NUTZUNG DER DIENSTE AUF IHR EIGENES RISIKO, EINSCHLIESSLICH ALLER RISIKEN IN BEZUG AUF QUALIT\u00c4T, LEISTUNG UND SICHERHEIT DER DIENSTE, WIE DIE M\u00d6GLICHKEIT VON DATENVERLUST, UNBEFUGTEM ZUGRIFF AUF IHRE INFORMATIONEN ODER MISSBRAUCH DURCH ANDERE BENUTZER. DIESE EINSCHR\u00c4NKUNG GILT AUCH, WENN EIN RECHTSMITTEL SEINEN WESENTLICHEN ZWECK VERFEHLT. EINIGE GERICHTSBARKEITEN ERLAUBEN DEN AUSSCHLUSS ODER DIE EINSCHR\u00c4NKUNG STILLSCHWEIGENDER GARANTIEN NICHT, SODASS DIESE AUSSCHL\u00dcSSE M\u00d6GLICHERWEISE NICHT F\u00dcR SIE GELTEN.<\/p>\n\n\n\n<p>Sofern gesetzlich nichts anderes vorgeschrieben ist, <strong>PROXY-KOMPASS<\/strong> UND DIE ENTSCH\u00c4DIGTEN PARTEIEN HAFTEN NICHT F\u00dcR INDIREKTE, SPEZIELLE, ZUF\u00c4LLIGE, FOLGE- ODER EXEMPLARISCHE SCH\u00c4DEN, DIE AUS ODER IM ZUSAMMENHANG MIT DIESEN BEDINGUNGEN ODER IHRER NUTZUNG (ODER UNM\u00d6GLICHKEIT DER NUTZUNG) DER DIENSTE ENTSTEHEN, EINSCHLIESSLICH, ABER NICHT BESCHR\u00c4NKT AUF SCH\u00c4DEN DURCH VERLUST VON GOODWILL, ARBEITSUNTERBRECHUNG, ENTGANGENE GEWINNE, DATENVERLUST ODER COMPUTERAUSFALL, SELBST WENN SIE AUF DIE M\u00d6GLICHKEIT DERARTIGER SCH\u00c4DEN HINGEWIESEN WURDEN UND UNABH\u00c4NGIG VON DER RECHTSTHEORIE (VERTRAG, UNERLAUBTE HANDLUNG ODER ANDERWEITIG), AUF DER EIN SOLCHER ANSPRUCH BASIERT. DIE GESAMTHAFTUNG VON <strong>PROXY-KOMPASS<\/strong> UND DIE ENTSCH\u00c4DIGTEN PARTEIEN UNTER DIESER VEREINBARUNG \u00dcBERSTEIGEN NICHT $500 (F\u00dcNFHUNDERT DOLLAR). EINIGE GERICHTSBARKEITEN ERLAUBEN DEN AUSSCHLUSS ODER DIE BESCHR\u00c4NKUNG BESTIMMTER SCH\u00c4DEN NICHT, SODASS DIESER AUSSCHLUSS UND DIESE BESCHR\u00c4NKUNG M\u00d6GLICHERWEISE NICHT F\u00dcR SIE GELTEN.<\/p>\n\n\n\n<h3 class=\"wp-block-heading\">Schadloshaltung<\/h3>\n\n\n\n<p>Sie verpflichten sich, <strong>PROXY-KOMPASS<\/strong>, seine Auftragnehmer, Mitwirkenden, Lizenzgeber und Partner sowie deren jeweilige Direktoren, leitenden Angestellten, Mitarbeiter und Vertreter (\u201efreigestellte Parteien\u201c) von allen Anspr\u00fcchen und Kosten Dritter, einschlie\u00dflich Anwaltsgeb\u00fchren, freizustellen, die sich aus Ihrer Nutzung unserer Dienste ergeben oder damit in Zusammenhang stehen, einschlie\u00dflich, aber nicht beschr\u00e4nkt auf Ihre Einsendungen oder Verst\u00f6\u00dfe gegen diese Bedingungen.<\/p>","protected":false},"excerpt":{"rendered":"<p>Disclaimer THE SERVICES PROVIDED BY PROXY COMPASS ARE OFFERED &#8220;AS IS&#8221; WITH ALL FAULTS. TO THE FULLEST EXTENT PERMITTED BY LAW, PROXY COMPASS AND THE INDEMNIFIED PARTIES DISCLAIM ALL WARRANTIES, WHETHER EXPRESS OR IMPLIED, INCLUDING BUT NOT LIMITED TO WARRANTIES THAT THE SERVICES ARE FREE OF DEFECTS, MERCHANTABLE, FIT FOR A PARTICULAR PURPOSE, AND NON-INFRINGING. [&hellip;]<\/p>\n","protected":false},"author":1,"featured_media":0,"parent":0,"menu_order":0,"comment_status":"closed","ping_status":"closed","template":"","meta":{"_acf_changed":false,"inline_featured_image":false,"footnotes":""},"class_list":["post-471215","page","type-page","status-publish","hentry"],"acf":[],"_links":{"self":[{"href":"https:\/\/proxycompass.com\/de\/wp-json\/wp\/v2\/pages\/471215","targetHints":{"allow":["GET"]}}],"collection":[{"href":"https:\/\/proxycompass.com\/de\/wp-json\/wp\/v2\/pages"}],"about":[{"href":"https:\/\/proxycompass.com\/de\/wp-json\/wp\/v2\/types\/page"}],"author":[{"embeddable":true,"href":"https:\/\/proxycompass.com\/de\/wp-json\/wp\/v2\/users\/1"}],"replies":[{"embeddable":true,"href":"https:\/\/proxycompass.com\/de\/wp-json\/wp\/v2\/comments?post=471215"}],"version-history":[{"count":1,"href":"https:\/\/proxycompass.com\/de\/wp-json\/wp\/v2\/pages\/471215\/revisions"}],"predecessor-version":[{"id":471216,"href":"https:\/\/proxycompass.com\/de\/wp-json\/wp\/v2\/pages\/471215\/revisions\/471216"}],"wp:attachment":[{"href":"https:\/\/proxycompass.com\/de\/wp-json\/wp\/v2\/media?parent=471215"}],"curies":[{"name":"wp","href":"https:\/\/api.w.org\/{rel}","templated":true}]}}