{"id":471256,"date":"2024-09-30T05:48:55","date_gmt":"2024-09-30T05:48:55","guid":{"rendered":"https:\/\/proxycompass.com\/?page_id=471256"},"modified":"2024-09-30T05:48:56","modified_gmt":"2024-09-30T05:48:56","slug":"affiliate-program","status":"publish","type":"page","link":"https:\/\/proxycompass.com\/de\/affiliate-program\/","title":{"rendered":"Partnerprogramm \u2013 Verdienen Sie Geld durch die Werbung f\u00fcr Proxys!"},"content":{"rendered":"<h4 class=\"wp-block-heading\"><strong>Programm\u00fcbersicht:<\/strong><\/h4>\n\n\n\n<p>Nehmen Sie am ProxyCompass-Partnerprogramm teil und verdienen Sie <strong>Lebenslange Provision von 15%<\/strong> auf jede Zahlung der von Ihnen vermittelten Kunden. Unser Programm bietet eine einfache M\u00f6glichkeit, Geld zu verdienen und gleichzeitig f\u00fcr einen erstklassigen Proxy-Dienst zu werben.<\/p>\n\n\n\n<ul class=\"wp-block-list\">\n<li><strong>Lebenslange Provision<\/strong>: Verdienen <strong>15%<\/strong> von allen Zahlungen der von Ihnen geworbenen Kunden, solange diese aktiv bleiben.<\/li>\n\n\n\n<li><strong>Auszahlungsplan<\/strong>: Provisionen werden 30 Tage nach der Zahlung des geworbenen Kunden gutgeschrieben.<\/li>\n\n\n\n<li><strong>Zahlungsm\u00f6glichkeiten<\/strong>: Verwenden Sie Ihre Einnahmen, um f\u00fcr ProxyCompass-Dienste zu bezahlen oder abzuheben in <strong>USDT TRC20<\/strong>.<\/li>\n\n\n\n<li><strong>Mindestauszahlung<\/strong>: $100 Mindestauszahlung.<\/li>\n<\/ul>\n\n\n\n<h4 class=\"wp-block-heading\"><strong>Vorteile des ProxyCompass-Partnerprogramms:<\/strong><\/h4>\n\n\n\n<ul class=\"wp-block-list\">\n<li><strong>Hohe Kommission<\/strong>: Verdienen Sie durchgehend 15% mit jeder Zahlung.<\/li>\n\n\n\n<li><strong>Flexible Zahlung<\/strong>: Verwenden Sie Ihre Einnahmen, um f\u00fcr ProxyCompass-Dienste zu bezahlen oder sie abzuheben.<\/li>\n\n\n\n<li><strong>Niedrige Auszahlungsschwelle<\/strong>: Greifen Sie mit einer Mindestauszahlung von $100 einfach auf Ihre Einnahmen zu.<\/li>\n\n\n\n<li><strong>Lebenslanges Tracking<\/strong>: Sobald sich ein Benutzer \u00fcber Ihren Empfehlungslink registriert, bleibt er f\u00fcr alle zuk\u00fcnftigen Provisionen mit Ihrem Konto verkn\u00fcpft.<\/li>\n<\/ul>\n\n\n\n<h4 class=\"wp-block-heading\"><strong>So nehmen Sie am Programm teil:<\/strong><\/h4>\n\n\n\n<ol class=\"wp-block-list\">\n<li><strong><a href=\"https:\/\/proxycompass.com\/de\/account\/register.php\/\">REGISTER<\/a><\/strong> im Kundenbereich von ProxyCompass, um Ihren pers\u00f6nlichen Affiliate-Link zu erhalten.<\/li>\n\n\n\n<li>Geben Sie Ihren individuellen Link auf verschiedenen Plattformen weiter und befolgen Sie dabei die nachstehenden Richtlinien.<\/li>\n<\/ol>\n\n\n\n<h4 class=\"wp-block-heading\"><strong>Werbeideen:<\/strong><\/h4>\n\n\n\n<ol class=\"wp-block-list\">\n<li><strong>Inhaltserstellung (Blogs und Artikel)<\/strong>:\n<ul class=\"wp-block-list\">\n<li>Schreiben Sie Rezensionen und Anleitungen zu ProxyCompass und seinen Funktionen. Ver\u00f6ffentlichen Sie diese auf Ihrem pers\u00f6nlichen Blog, Blogspot, Medium, Quora oder anderen relevanten Plattformen. Heben Sie hervor, wie die Premium-Proxys von ProxyCompass Online-Aktivit\u00e4ten wie Web Scraping, SEO oder die Verwaltung mehrerer Konten verbessern k\u00f6nnen.<\/li>\n<\/ul>\n<\/li>\n\n\n\n<li><strong>Video-Tutorials und Rezensionen<\/strong>:\n<ul class=\"wp-block-list\">\n<li>Erstellen Sie ansprechende Video-Tutorials auf Plattformen wie YouTube, TikTok oder Twitch, die zeigen, wie Sie Proxys von ProxyCompass einrichten und verwenden. Teilen Sie Ihre pers\u00f6nlichen Erfahrungen und Tipps zur optimalen Nutzung des Dienstes.<\/li>\n<\/ul>\n<\/li>\n\n\n\n<li><strong>Social-Media-Engagement<\/strong>:\n<ul class=\"wp-block-list\">\n<li>Teilen Sie Beitr\u00e4ge auf Facebook, X, Instagram und LinkedIn mit Einblicken in die Vorteile der Verwendung von ProxyCompass. Erstellen Sie Geschichten oder beteiligen Sie sich an relevanten Diskussionen, um ein breiteres Publikum zu erreichen.<\/li>\n<\/ul>\n<\/li>\n\n\n\n<li><strong>Foren und Online-Communitys<\/strong>:\n<ul class=\"wp-block-list\">\n<li>Beteiligen Sie sich an Gespr\u00e4chen in Foren, Reddit, Telegram-Gruppen und Discord-Communitys. Geben Sie wertvolle Anregungen und teilen Sie Ihren Affiliate-Link mit interessierten Benutzern.<\/li>\n<\/ul>\n<\/li>\n\n\n\n<li><strong>Bannerwerbung<\/strong>:\n<ul class=\"wp-block-list\">\n<li>Entwerfen Sie attraktive Banner, die die Vorteile von ProxyCompass pr\u00e4sentieren, und platzieren Sie sie auf Ihrer Website, Ihrem Blog oder in E-Mail-Newslettern, um mehr Verkehr zu erzeugen.<\/li>\n<\/ul>\n<\/li>\n\n\n\n<li><strong>E-Mail-Marketing<\/strong>:\n<ul class=\"wp-block-list\">\n<li>F\u00fcgen Sie Ihren Newslettern an Ihre Abonnenten Ihren Affiliate-Link hinzu und geben Sie detaillierte Informationen zu den Funktionen und Vorteilen von ProxyCompass.<\/li>\n<\/ul>\n<\/li>\n\n\n\n<li><strong>Zusammenarbeit mit Webmastern<\/strong>:\n<ul class=\"wp-block-list\">\n<li>Gehen Sie Partnerschaften mit anderen Website- oder Blogbesitzern ein, um Banner oder Links anzuzeigen und daf\u00fcr einen Anteil an den Einnahmen zu erhalten und so Ihre Reichweite zu vergr\u00f6\u00dfern.<\/li>\n<\/ul>\n<\/li>\n<\/ol>\n\n\n\n<h4 class=\"wp-block-heading\"><strong>Hauptfunktionen von ProxyCompass:<\/strong><\/h4>\n\n\n\n<ul class=\"wp-block-list\">\n<li><strong>Hochgeschwindigkeits-IPv4-Proxys<\/strong>: Unterst\u00fctzt sowohl SOCKS5- als auch HTTP\/S-Protokolle.<\/li>\n\n\n\n<li><strong>Schnelle Verbindungsgeschwindigkeiten<\/strong>: Bis zu 500 Mbit\/s pro Proxy f\u00fcr optimale Leistung.<\/li>\n\n\n\n<li><strong>Unbeschr\u00e4nkte Bandbreite<\/strong>: Keine Einschr\u00e4nkungen bei der Datennutzung.<\/li>\n\n\n\n<li><strong>Verschiedene IP-Subnetze<\/strong>: Verbesserte Anonymit\u00e4t mit Proxys aus verschiedenen Subnetzen.<\/li>\n\n\n\n<li><strong>Wettbewerbsf\u00e4hige Preisanpassung<\/strong>: Erschwingliche und transparente Preise.<\/li>\n\n\n\n<li><strong>Sofortige Aktivierung<\/strong>: Automatische Serviceaktivierung nach Zahlungseingang.<\/li>\n\n\n\n<li><strong>Umfangreiche Zahlungsoptionen<\/strong>: \u00dcber 100 Kryptow\u00e4hrungen, Bankkarten (einschlie\u00dflich russischer), Alipay und E-Wallets.<\/li>\n<\/ul>\n\n\n\n<h4 class=\"wp-block-heading\"><strong>Regeln und Richtlinien f\u00fcr das Partnerprogramm:<\/strong><\/h4>\n\n\n\n<ul class=\"wp-block-list\">\n<li><strong>Genaue Darstellung<\/strong>: Machen Sie wahrheitsgem\u00e4\u00df Werbung f\u00fcr ProxyCompass, ohne irref\u00fchrende Informationen.<\/li>\n\n\n\n<li><strong>Kein Spamming<\/strong>: Halten Sie Anti-Spam-Gesetze ein und vermeiden Sie jegliche Spam-Praktiken.<\/li>\n\n\n\n<li><strong>Vermeiden Sie Selbst\u00fcberweisungen<\/strong>: Das Erstellen mehrerer Konten zum Verdienen von Provisionen durch Selbstempfehlung ist strengstens untersagt.<\/li>\n\n\n\n<li><strong>Keine illegalen Aktivit\u00e4ten<\/strong>: Machen Sie keine Werbung auf Websites mit illegalen, anst\u00f6\u00dfigen oder unangemessenen Inhalten.<\/li>\n\n\n\n<li><strong>Respektieren Sie geistiges Eigentum<\/strong>: Verwenden Sie das ProxyCompass-Branding nicht auf irref\u00fchrende oder unbefugte Weise.<\/li>\n\n\n\n<li><strong>Kein Phishing oder Fake-Konten<\/strong>: Alle Werbeaktivit\u00e4ten sollten legitim und ethisch sein.<\/li>\n<\/ul>\n\n\n\n<h4 class=\"wp-block-heading\"><strong>So sollten Sie ProxyCompass nicht bewerben:<\/strong><\/h4>\n\n\n\n<ul class=\"wp-block-list\">\n<li>Erstellen Sie keine gef\u00e4lschten Konten, um Partnerauszahlungen zu generieren.<\/li>\n\n\n\n<li>Vermeiden Sie Spam in E-Mails, Foren oder Blogs.<\/li>\n\n\n\n<li>Erstellen Sie niemals Phishing-Websites unter Verwendung unseres Brandings.<\/li>\n\n\n\n<li>Verwenden Sie keine veralteten oder irref\u00fchrenden Informationen zu ProxyCompass.<\/li>\n\n\n\n<li>Unterlassen Sie die Werbung auf Websites mit illegalen oder minderwertigen Inhalten.<\/li>\n\n\n\n<li>Verwenden Sie ohne vorherige Genehmigung keine bezahlte Werbung mit unseren Markenschl\u00fcsselw\u00f6rtern.<\/li>\n<\/ul>\n\n\n\n<h4 class=\"wp-block-heading\"><strong>Bezahlung:<\/strong><\/h4>\n\n\n\n<ul class=\"wp-block-list\">\n<li>Auszahlungen erfolgen in <strong>USDT TRC20<\/strong> mit einer Mindestabhebung von <strong>$100<\/strong>. F\u00fcr Auszahlungen kontaktieren Sie bitte den Kundensupport \u00fcber das Ticketsystem.<\/li>\n<\/ul>\n\n\n\n<h4 class=\"wp-block-heading\"><strong>Brauche Hilfe?<\/strong><\/h4>\n\n\n\n<p>Wenn Sie Fragen haben oder Hilfe bei Werbeaktionen ben\u00f6tigen, wenden Sie sich an das ProxyCompass-Supportteam. Wir sind hier, um Ihnen zu helfen, als Affiliate-Partner erfolgreich zu sein!<\/p>","protected":false},"excerpt":{"rendered":"<p>Program Overview: Join the ProxyCompass affiliate program and earn a lifetime commission of 15% on every payment made by clients you refer. Our program offers a simple way to make money while promoting a top-notch proxy service. Benefits of the ProxyCompass Affiliate Program: How to Join the Program: Promotion Ideas: Key Features of ProxyCompass: Affiliate [&hellip;]<\/p>\n","protected":false},"author":1,"featured_media":0,"parent":0,"menu_order":0,"comment_status":"closed","ping_status":"closed","template":"","meta":{"_acf_changed":false,"inline_featured_image":false,"footnotes":""},"class_list":["post-471256","page","type-page","status-publish","hentry"],"acf":[],"_links":{"self":[{"href":"https:\/\/proxycompass.com\/de\/wp-json\/wp\/v2\/pages\/471256","targetHints":{"allow":["GET"]}}],"collection":[{"href":"https:\/\/proxycompass.com\/de\/wp-json\/wp\/v2\/pages"}],"about":[{"href":"https:\/\/proxycompass.com\/de\/wp-json\/wp\/v2\/types\/page"}],"author":[{"embeddable":true,"href":"https:\/\/proxycompass.com\/de\/wp-json\/wp\/v2\/users\/1"}],"replies":[{"embeddable":true,"href":"https:\/\/proxycompass.com\/de\/wp-json\/wp\/v2\/comments?post=471256"}],"version-history":[{"count":5,"href":"https:\/\/proxycompass.com\/de\/wp-json\/wp\/v2\/pages\/471256\/revisions"}],"predecessor-version":[{"id":471513,"href":"https:\/\/proxycompass.com\/de\/wp-json\/wp\/v2\/pages\/471256\/revisions\/471513"}],"wp:attachment":[{"href":"https:\/\/proxycompass.com\/de\/wp-json\/wp\/v2\/media?parent=471256"}],"curies":[{"name":"wp","href":"https:\/\/api.w.org\/{rel}","templated":true}]}}