{"id":1137,"date":"2023-05-15T08:20:37","date_gmt":"2023-05-15T08:20:37","guid":{"rendered":"https:\/\/proxycompass.com\/?page_id=1137"},"modified":"2024-10-18T08:45:15","modified_gmt":"2024-10-18T08:45:15","slug":"proxycompass","status":"publish","type":"page","link":"https:\/\/proxycompass.com\/es\/","title":{"rendered":"Proveedor de servicios proxy r\u00e1pido y confiable"},"content":{"rendered":"<p>\u00bfHarto de proveedores de proxies lentos y poco fiables que no dan la talla con tus tareas m\u00e1s exigentes? Bueno, \u00a1puede que tengamos justo lo que necesitas! Hemos ayudado a miles de clientes que estaban en tu misma posici\u00f3n y despu\u00e9s de pasarse a Proxy Compass, redujeron considerablemente su factura a la vez que mejoraron la robustez de sus automatizaciones online.<\/p>\n\n\n\n<h3 class=\"wp-block-heading\">Proxies vers\u00e1tiles y multifuncionales<\/h3>\n\n\n\n<p>Ya sea que te dediques al web scraping, la verificaci\u00f3n de anuncios, la investigaci\u00f3n de mercado o cualquier otro proceso, nuestros proxies an\u00f3nimos funcionan a la perfecci\u00f3n con todos los navegadores, aplicaciones y bots, permiti\u00e9ndote acceder a sitios web con facilidad y crear flujos de trabajo eficaces sin interrupciones.<\/p>\n\n\n\n<h3 class=\"wp-block-heading\">Rendimiento estable y r\u00e1pido<\/h3>\n\n\n\n<p>Nuestra red de proxies de alta velocidad est\u00e1 dise\u00f1ada para ofrecer una velocidad y estabilidad \u00f3ptimas. Nos enorgullece ser uno de los servicios de proxies r\u00e1pidos l\u00edderes que adem\u00e1s es asequible y fiable. Monitoreado 24\/7 por nuestros expertos t\u00e9cnicos, estar\u00e1s equipado para manejar tus tareas m\u00e1s r\u00e1pido que nunca.<\/p>\n\n\n\n<h3 class=\"wp-block-heading\">Consumo de tr\u00e1fico sin l\u00edmites<\/h3>\n\n\n\n<p>Queremos que puedas trabajar sin restricciones siempre que sea posible. Por eso te ofrecemos tr\u00e1fico ilimitado para todas tus necesidades, sin tarifas ni cargos adicionales por el uso de datos. NO HAY COSTES EXTRA por usar nuestros proxies m\u00e1s all\u00e1 del precio inicial. \u00a1Esto es una promesa! <strong>.<\/strong><\/p>\n\n\n\n<h3 class=\"wp-block-heading\">Colecci\u00f3n amplia de direcciones IP<\/h3>\n\n\n\n<p>Con una colecci\u00f3n de m\u00e1s de 50.000 direcciones IP, nunca te quedar\u00e1s sin proxies, ni siquiera para tus tareas online m\u00e1s exigentes que requieren una rotaci\u00f3n constante. Nuestro enorme cat\u00e1logo de proxies te ayudar\u00e1 a permanecer en el anonimato y a cambiar tu direcci\u00f3n IP casi al instante para pasar desapercibido.<\/p>\n\n\n\n<h3 class=\"wp-block-heading\">Sin requisitos de verificaci\u00f3n de identidad<\/h3>\n\n\n\n<p>A diferencia de otros, \u00a1tu privacidad es nuestra prioridad! Tenemos como objetivo primordial proporcionar una experiencia sin complicaciones. Por eso obtendr\u00e1s una configuraci\u00f3n de proxies r\u00e1pida y sencilla sin necesidad de proporcionar detalles de identidad m\u00e1s all\u00e1 de los datos de pago habituales. Usa tus nuevos proxies inmediatamente despu\u00e9s del registro sin tener que compartir informaci\u00f3n sensible.<\/p>\n\n\n\n<h2 class=\"wp-block-heading\"><strong>\u00bfSon nuestros proxies adecuados para ti?<\/strong><\/h2>\n\n\n\n<p>Somos un proveedor de proxies de primer nivel con una relaci\u00f3n calidad-precio imbatible que utiliza s\u00f3lo las \u00faltimas tecnolog\u00edas disponibles para satisfacer las necesidades de los clientes m\u00e1s exigentes. Ofrecemos soporte para proxies HTTP, HTTPS, SOCKS4 y SOCKS5, lo que te permite manejar todo tipo de tareas. La autenticaci\u00f3n de usuario var\u00eda para proxies est\u00e1ticos y rotatorios: para proxies est\u00e1ticos, la autenticaci\u00f3n es por direcci\u00f3n IP, mientras que para proxies rotatorios, la autenticaci\u00f3n es por nombre de usuario y contrase\u00f1a.<\/p>\n\n\n\n<h3 class=\"wp-block-heading\">Centros de datos de alta calidad en todo el mundo<\/h3>\n\n\n\n<ul class=\"wp-block-list\">\n<li>Norteam\u00e9rica<\/li>\n\n\n\n<li>Europa Occidental<\/li>\n\n\n\n<li>Europa del Este<\/li>\n\n\n\n<li>Oriente Medio<\/li>\n\n\n\n<li>Sudeste Asi\u00e1tico<\/li>\n<\/ul>\n\n\n\n<p>Maximiza tu conectividad global con nuestra amplia cobertura geogr\u00e1fica, disponible en varios pa\u00edses.<br><br>A medida que seguimos creciendo para acomodar la creciente demanda de usuarios de todo el mundo, tendr\u00e1s una colecci\u00f3n de IPs m\u00e1s amplia para usar, sin costes adicionales. Mantendr\u00e1s tu plan actual mientras est\u00e9s suscrito.<\/p>\n\n\n\n<h3 class=\"wp-block-heading\"><strong>Precios competitivos dif\u00edciles de superar<\/strong><\/h3>\n\n\n\n<p>Nos enorgullece ser uno de los proveedores de servicios de proxies asequibles m\u00e1s destacados del mercado.<\/p>\n\n\n\n<p>Ofrecemos uno de los precios m\u00e1s competitivos del sector, desde $0,12\/mes por IP (paquete de 500), hasta $0,06\/mes por IP (paquete de 50.000).<\/p>\n\n\n\n<p>Nuestra sencilla pol\u00edtica de precios significa que siempre sabr\u00e1s el coste final del servicio.<\/p>\n\n\n\n<p>\u00a1No te ocultaremos nada, somos transparentes!<\/p>\n\n\n\n<h3 class=\"wp-block-heading\">M\u00e9todos de pago flexibles<\/h3>\n\n\n\n<p>Cada uno tiene sus preferencias a la hora de pagar. Por eso aceptamos todas las principales tarjetas de cr\u00e9dito y d\u00e9bito, incluidas las de origen ruso y chino. Tambi\u00e9n admitimos monederos electr\u00f3nicos populares como Webmoney y Alipay para que todo sea lo m\u00e1s simple posible.<\/p>\n\n\n\n<p>Para los m\u00e1s preocupados por la privacidad, ofrecemos la opci\u00f3n de pagar con criptomonedas.<\/p>\n\n\n\n<p>Para nuestros clientes empresariales, entendemos que las transferencias bancarias suelen ser el m\u00e9todo de pago preferido. Estaremos encantados de adaptarnos a esto y podemos proporcionar facturas en el formato requerido por tus autoridades fiscales para facilitar la gesti\u00f3n y el mantenimiento de registros.<\/p>\n\n\n\n<p>Independientemente de tus preferencias, nuestro objetivo es hacer que el proceso sea fluido y c\u00f3modo. Queremos que consigas los proxies que necesitas para impulsar tu negocio sin ning\u00fan obst\u00e1culo de pago.<\/p>\n\n\n\n<h2 class=\"wp-block-heading\">Tu seguridad es nuestra prioridad<\/h2>\n\n\n\n<h3 class=\"wp-block-heading\">Prueba sin riesgos<\/h3>\n\n\n\n<p>Nuestro fiable servicio de proxies tiene una relaci\u00f3n calidad-precio tan buena que estamos dispuestos a dejarte probarlo gratis, \u00a1sin compromiso! S\u00f3lo tienes que pedir la prueba gratuita de cualquier paquete de proxies y \u00a1compru\u00e9balo por ti mismo! La prueba no te obliga a nada, as\u00ed que adelante, env\u00edanos un correo electr\u00f3nico para empezar.<\/p>\n\n\n\n<h3 class=\"wp-block-heading\">Garant\u00eda de devoluci\u00f3n de dinero en 24 horas<\/h3>\n\n\n\n<p>Si por cualquier motivo no est\u00e1s completamente satisfecho, en las 24 horas siguientes a tu compra, te devolveremos tu dinero. \u00a1Es 100% seguro probarlo! Valoramos a nuestros clientes y por eso te reembolsaremos el importe \u00edntegro, \u00a1incluso si eliges pagar con criptomonedas! Prueba nuestro servicio con total tranquilidad.<\/p>\n\n\n\n<h2 class=\"wp-block-heading\">\u00a1\u00danete hoy a Proxy Compass!<\/h2>\n\n\n\n<p>Evita los proveedores de servicios de proxies lentos y poco fiables que limitan tu productividad.<\/p>\n\n\n\n<p>Elige nuestros proxies r\u00e1pidos, seguros y econ\u00f3micos y convi\u00e9rtete en otro cliente incre\u00edblemente satisfecho.<\/p>\n\n\n\n<p>Danos una oportunidad, \u00a1probar es gratis! No tienes absolutamente nada que perder y todo que ganar.<br><br>Est\u00e1s 100% protegido por nuestra garant\u00eda de devoluci\u00f3n de dinero de 24 horas. Pru\u00e9balo, disfr\u00fatalo, int\u00e9gralo.<\/p>\n\n\n\n<p>\u00danete a los miles de usuarios que ya han transformado sus flujos de trabajo con nuestros proxies privados.<\/p>","protected":false},"excerpt":{"rendered":"<p>Frustrated with slow and unreliable proxy service providers that cannot handle your high-demand tasks? Well, maybe we could be a nice fit! We\u2019ve helped thousands of customers that were in that exact position and after changing to Proxy Compass they reduced their bill significantly while improving the reliability of their online automations. Multi-functional, Versatile Proxies [&hellip;]<\/p>\n","protected":false},"author":1,"featured_media":460920,"parent":0,"menu_order":0,"comment_status":"closed","ping_status":"closed","template":"page-front.php","meta":{"_acf_changed":false,"inline_featured_image":false,"footnotes":""},"class_list":["post-1137","page","type-page","status-publish","has-post-thumbnail","hentry"],"acf":[],"_links":{"self":[{"href":"https:\/\/proxycompass.com\/es\/wp-json\/wp\/v2\/pages\/1137","targetHints":{"allow":["GET"]}}],"collection":[{"href":"https:\/\/proxycompass.com\/es\/wp-json\/wp\/v2\/pages"}],"about":[{"href":"https:\/\/proxycompass.com\/es\/wp-json\/wp\/v2\/types\/page"}],"author":[{"embeddable":true,"href":"https:\/\/proxycompass.com\/es\/wp-json\/wp\/v2\/users\/1"}],"replies":[{"embeddable":true,"href":"https:\/\/proxycompass.com\/es\/wp-json\/wp\/v2\/comments?post=1137"}],"version-history":[{"count":19,"href":"https:\/\/proxycompass.com\/es\/wp-json\/wp\/v2\/pages\/1137\/revisions"}],"predecessor-version":[{"id":471023,"href":"https:\/\/proxycompass.com\/es\/wp-json\/wp\/v2\/pages\/1137\/revisions\/471023"}],"wp:featuredmedia":[{"embeddable":true,"href":"https:\/\/proxycompass.com\/es\/wp-json\/wp\/v2\/media\/460920"}],"wp:attachment":[{"href":"https:\/\/proxycompass.com\/es\/wp-json\/wp\/v2\/media?parent=1137"}],"curies":[{"name":"Gracias","href":"https:\/\/api.w.org\/{rel}","templated":true}]}}