{"id":460491,"date":"2023-05-27T06:06:14","date_gmt":"2023-05-27T06:06:14","guid":{"rendered":"https:\/\/proxycompass.com\/?page_id=460491"},"modified":"2024-09-17T12:40:24","modified_gmt":"2024-09-17T12:40:24","slug":"privacy-policy","status":"publish","type":"page","link":"https:\/\/proxycompass.com\/es\/privacy-policy\/","title":{"rendered":"pol\u00edtica de privacidad"},"content":{"rendered":"<h2 class=\"wp-block-heading\">pol\u00edtica de privacidad<\/h2>\n\n\n\n<p><br><br>Para nosotros, \u201cinformaci\u00f3n personal\u201d significa informaci\u00f3n que lo identifica directamente (como su nombre, direcci\u00f3n de correo electr\u00f3nico o informaci\u00f3n de facturaci\u00f3n) o que puede vincularse o combinarse razonablemente para identificarlo (como un n\u00famero de identificaci\u00f3n de cuenta o una direcci\u00f3n IP). Siempre le diremos qu\u00e9 informaci\u00f3n personal recopilamos de usted. Consulte el Aviso de privacidad de cada producto para obtener detalles espec\u00edficos.<\/p>\n\n\n\n<p>Cualquier informaci\u00f3n que quede fuera de esto es &quot;informaci\u00f3n no personal&quot;.<\/p>\n\n\n\n<p>Si almacenamos su informaci\u00f3n personal con informaci\u00f3n que no es personal, consideraremos la combinaci\u00f3n como informaci\u00f3n personal. Si eliminamos toda la informaci\u00f3n personal de un conjunto de datos, el resto ser\u00e1 informaci\u00f3n no personal.<\/p>\n\n\n\n<p><strong>\u00bfC\u00f3mo obtenemos informaci\u00f3n sobre usted?<\/strong><\/p>\n\n\n\n<p>Obtenemos informaci\u00f3n sobre usted cuando:<\/p>\n\n\n\n<ul class=\"wp-block-list\">\n<li>nos lo proporcionas directamente (por ejemplo, cuando eliges enviarnos informes de fallos);<\/li>\n\n\n\n<li>lo recopilamos autom\u00e1ticamente a trav\u00e9s de nuestros productos y servicios;<\/li>\n\n\n\n<li>cuando intentamos comprender m\u00e1s sobre usted en funci\u00f3n de la informaci\u00f3n que nos ha proporcionado (por ejemplo, cuando utilizamos su direcci\u00f3n IP para personalizar el idioma de algunos de nuestros servicios).<\/li>\n<\/ul>\n\n\n\n<p><strong>\u00bfQu\u00e9 hacemos con tu informaci\u00f3n una vez que la tenemos?<\/strong><\/p>\n\n\n\n<p>Cuando nos brindes informaci\u00f3n, la usaremos de la manera para la cual nos hayas dado permiso. Generalmente, utilizamos su informaci\u00f3n para ayudarnos a proporcionarle y mejorar nuestros productos y servicios.<\/p>\n\n\n\n<p><strong>\u00bfCu\u00e1ndo compartimos su informaci\u00f3n con otros?<\/strong><\/p>\n\n\n\n<ul class=\"wp-block-list\">\n<li>Cuando la ley lo requiera. Cumplimos con la ley cada vez que recibimos solicitudes sobre usted de parte de un gobierno o relacionadas con una demanda. Le notificaremos cuando se nos solicite entregar su informaci\u00f3n personal de esta manera, a menos que est\u00e9 legalmente prohibido hacerlo. Cuando recibimos solicitudes como esta, solo divulgaremos su informaci\u00f3n personal si creemos de buena fe que la ley nos exige hacerlo. Nada en esta pol\u00edtica pretende limitar las defensas u objeciones legales que pueda tener ante un<\/li>\n\n\n\n<li>Cuando creemos que es necesario para evitar da\u00f1os a usted o a otra persona. Solo compartiremos su informaci\u00f3n de esta manera si creemos de buena fe que es razonablemente necesario para proteger sus derechos, propiedad o seguridad, los de nuestros otros usuarios o el p\u00fablico.<\/li>\n<\/ul>\n\n\n\n<p><strong>\u00bfC\u00f3mo almacenamos y protegemos su informaci\u00f3n personal?<\/strong><\/p>\n\n\n\n<p>Nos comprometemos a proteger su informaci\u00f3n personal una vez que la tengamos. Implementamos medidas de seguridad f\u00edsica, empresarial y t\u00e9cnica. A pesar de nuestros esfuerzos, si nos enteramos de una violaci\u00f3n de seguridad, se lo notificaremos para que pueda tomar las medidas de protecci\u00f3n adecuadas.<\/p>\n\n\n\n<p>Tampoco queremos su informaci\u00f3n personal por m\u00e1s tiempo del que la necesitamos, por lo que solo la conservamos el tiempo suficiente para hacer el prop\u00f3sito para el que la recopilamos. Una vez que ya no lo necesitamos, tomamos medidas para destruirlo, a menos que la ley nos exija conservarlo por m\u00e1s tiempo.<\/p>\n\n\n\n<p><strong>\u00bfQu\u00e9 pasa si cambiamos esta pol\u00edtica de privacidad o cualquiera de nuestros avisos de privacidad?<\/strong><\/p>\n\n\n\n<p>Es posible que necesitemos cambiar esta pol\u00edtica y nuestros avisos. Las actualizaciones se publicar\u00e1n en l\u00ednea. Si los cambios son sustanciales, anunciaremos la actualizaci\u00f3n a trav\u00e9s de los canales habituales de \u00abProxyCompass\u00bb para dichos anuncios, como publicaciones de blogs y foros. Su uso continuado del producto o servicio despu\u00e9s de la fecha de entrada en vigor de dichos cambios constituye su aceptaci\u00f3n de dichos cambios. Para que su revisi\u00f3n sea m\u00e1s conveniente, publicaremos una fecha de vigencia en la parte superior de la p\u00e1gina.<\/p>","protected":false},"excerpt":{"rendered":"<p>Privacy Policy For us, \u201cpersonal information\u201d means information which either directly identifies you (like your name, email address, or billing information) or can be reasonably linked or combined to identify you (like an account identification number or IP address). We\u2019ll always tell you what personal information we\u2019re collecting from you. See each product\u2019s Privacy Notice [&hellip;]<\/p>\n","protected":false},"author":1,"featured_media":0,"parent":0,"menu_order":0,"comment_status":"closed","ping_status":"closed","template":"","meta":{"_acf_changed":false,"inline_featured_image":false,"footnotes":""},"class_list":["post-460491","page","type-page","status-publish","hentry"],"acf":[],"_links":{"self":[{"href":"https:\/\/proxycompass.com\/es\/wp-json\/wp\/v2\/pages\/460491","targetHints":{"allow":["GET"]}}],"collection":[{"href":"https:\/\/proxycompass.com\/es\/wp-json\/wp\/v2\/pages"}],"about":[{"href":"https:\/\/proxycompass.com\/es\/wp-json\/wp\/v2\/types\/page"}],"author":[{"embeddable":true,"href":"https:\/\/proxycompass.com\/es\/wp-json\/wp\/v2\/users\/1"}],"replies":[{"embeddable":true,"href":"https:\/\/proxycompass.com\/es\/wp-json\/wp\/v2\/comments?post=460491"}],"version-history":[{"count":1,"href":"https:\/\/proxycompass.com\/es\/wp-json\/wp\/v2\/pages\/460491\/revisions"}],"predecessor-version":[{"id":471214,"href":"https:\/\/proxycompass.com\/es\/wp-json\/wp\/v2\/pages\/460491\/revisions\/471214"}],"wp:attachment":[{"href":"https:\/\/proxycompass.com\/es\/wp-json\/wp\/v2\/media?parent=460491"}],"curies":[{"name":"Gracias","href":"https:\/\/api.w.org\/{rel}","templated":true}]}}