{"id":468355,"date":"2024-03-01T08:34:48","date_gmt":"2024-03-01T08:34:48","guid":{"rendered":"https:\/\/proxycompass.com\/?page_id=468355"},"modified":"2025-07-30T03:26:58","modified_gmt":"2025-07-30T03:26:58","slug":"proxy-checker","status":"publish","type":"page","link":"https:\/\/proxycompass.com\/es\/proxy-checker\/","title":{"rendered":"Comprobador de proxy masivo"},"content":{"rendered":"<p>Proxy Checker de ProxyCompass es una herramienta en l\u00ednea para comprobar y analizar servidores proxy en masa. Admite una variedad de tipos de proxy, incluidos HTTP, HTTPS, SOCKS4 y SOCKS5.<\/p>\n\n\n\n<h3 class=\"wp-block-heading\">Caracter\u00edsticas clave:<\/h3>\n\n\n\n<ul class=\"wp-block-list\">\n<li><strong>Admite m\u00faltiples protocolos<\/strong>: Capaz de manejar diferentes protocolos de proxy.<\/li>\n\n\n\n<li><strong>Verificaci\u00f3n multiproceso<\/strong>: permite la verificaci\u00f3n simult\u00e1nea de m\u00faltiples servidores proxy.<\/li>\n\n\n\n<li><strong>Anonimato y an\u00e1lisis de rendimiento<\/strong>: Eval\u00faa el nivel de anonimato, la velocidad de conexi\u00f3n y la confiabilidad.<\/li>\n\n\n\n<li><strong>Geolocalizaci\u00f3n e informaci\u00f3n del ISP<\/strong>: Proporciona ubicaci\u00f3n geogr\u00e1fica y datos de ISP, obtenidos del\u00a0<a href=\"https:\/\/www.ripe.net\/\" target=\"_blank\" rel=\"noreferrer noopener\">base de datos madura<\/a>.<\/li>\n\n\n\n<li><strong>Informes descargables<\/strong>: Ofrece resultados en formatos accesibles.<\/li>\n\n\n\n<li><strong>Resultados instant\u00e1neos y filtrado avanzado<\/strong>: muestra resultados en tiempo real con opciones de filtrado.<\/li>\n\n\n\n<li><strong>Integraci\u00f3n API<\/strong>&nbsp;(En desarrollo): esta funci\u00f3n est\u00e1 actualmente en desarrollo y estar\u00e1 disponible pronto. Esta herramienta est\u00e1 dise\u00f1ada para quienes buscan una forma sencilla y efectiva de verificar servidores proxy.<\/li>\n<\/ul>","protected":false},"excerpt":{"rendered":"<p>Proxy Checker de ProxyCompass es una herramienta en l\u00ednea para comprobar y analizar servidores proxy en masa. Admite una variedad de tipos de proxy, incluidos HTTP, HTTPS, SOCKS4 y SOCKS5. Caracter\u00edsticas principales:<\/p>","protected":false},"author":1,"featured_media":0,"parent":0,"menu_order":0,"comment_status":"closed","ping_status":"closed","template":"page-checker.php","meta":{"_acf_changed":false,"inline_featured_image":false,"footnotes":""},"class_list":["post-468355","page","type-page","status-publish","hentry"],"acf":[],"_links":{"self":[{"href":"https:\/\/proxycompass.com\/es\/wp-json\/wp\/v2\/pages\/468355","targetHints":{"allow":["GET"]}}],"collection":[{"href":"https:\/\/proxycompass.com\/es\/wp-json\/wp\/v2\/pages"}],"about":[{"href":"https:\/\/proxycompass.com\/es\/wp-json\/wp\/v2\/types\/page"}],"author":[{"embeddable":true,"href":"https:\/\/proxycompass.com\/es\/wp-json\/wp\/v2\/users\/1"}],"replies":[{"embeddable":true,"href":"https:\/\/proxycompass.com\/es\/wp-json\/wp\/v2\/comments?post=468355"}],"version-history":[{"count":7,"href":"https:\/\/proxycompass.com\/es\/wp-json\/wp\/v2\/pages\/468355\/revisions"}],"predecessor-version":[{"id":471441,"href":"https:\/\/proxycompass.com\/es\/wp-json\/wp\/v2\/pages\/468355\/revisions\/471441"}],"wp:attachment":[{"href":"https:\/\/proxycompass.com\/es\/wp-json\/wp\/v2\/media?parent=468355"}],"curies":[{"name":"Gracias","href":"https:\/\/api.w.org\/{rel}","templated":true}]}}