{"id":469452,"date":"2024-03-18T14:05:23","date_gmt":"2024-03-18T14:05:23","guid":{"rendered":"https:\/\/proxycompass.com\/?page_id=469452"},"modified":"2026-05-14T17:00:19","modified_gmt":"2026-05-14T17:00:19","slug":"about-us","status":"publish","type":"page","link":"https:\/\/proxycompass.com\/es\/about-us\/","title":{"rendered":"Sobre nosotros"},"content":{"rendered":"<hr class=\"wp-block-separator has-alpha-channel-opacity\"\/>\n\n\n\n<h2 class=\"wp-block-heading\"><strong>Bienvenido a ProxyCompass<\/strong><\/h2>\n\n\n\n<p>Su puerta de entrada a una calidad e innovaci\u00f3n inigualables en servicios de proxy, establecida en la industria de proxy desde 2013. Somos l\u00edderes en la industria de proxy y ofrecemos una amplia selecci\u00f3n de direcciones IP para satisfacer diversas necesidades en l\u00ednea. Descubra lo que nos hace \u00fanicos:<\/p>\n\n\n\n<hr class=\"wp-block-separator has-alpha-channel-opacity\"\/>\n\n\n\n<h2 class=\"wp-block-heading\"><strong>Soluciones innovadoras de proxy<\/strong><\/h2>\n\n\n\n<p>ProxyCompass es m\u00e1s que un servicio; es un enfoque con visi\u00f3n de futuro para el anonimato y la seguridad en l\u00ednea. Con nuestro amplio conjunto de direcciones IP, los clientes disfrutan de una privacidad y flexibilidad en l\u00ednea incomparables.<\/p>\n\n\n\n<hr class=\"wp-block-separator has-alpha-channel-opacity\"\/>\n\n\n\n<h2 class=\"wp-block-heading\"><strong>Equipo de expertos<\/strong><\/h2>\n\n\n\n<p>Nuestros expertos, con amplia experiencia en el mercado de proxy, se han unido bajo ProxyCompass para brindar un servicio excepcional dise\u00f1ado para los desaf\u00edos y oportunidades de la era digital.<\/p>\n\n\n\n<hr class=\"wp-block-separator has-alpha-channel-opacity\"\/>\n\n\n\n<h2 class=\"wp-block-heading\"><strong>Red global de proxy<\/strong><\/h2>\n\n\n\n<p>Contamos con m\u00e1s de 100.000 servidores proxy en m\u00e1s de 20 pa\u00edses, todos ubicados en centros de datos de primer nivel para ofrecer un servicio eficiente a una amplia base de clientes.<\/p>\n\n\n\n<ul class=\"wp-block-list\">\n<li><strong>Pa\u00edses:<\/strong> 20+<\/li>\n\n\n\n<li><strong>Servidores proxy:<\/strong> 100,000+<\/li>\n\n\n\n<li><strong>Centros de datos:<\/strong> Clase mundial<\/li>\n<\/ul>\n\n\n\n<hr class=\"wp-block-separator has-alpha-channel-opacity\"\/>\n\n\n\n<h2 class=\"wp-block-heading\"><strong>Diversas opciones de proxy<\/strong><\/h2>\n\n\n\n<p>Desde proxies dedicados a compartidos (limitados a 2 o 3 usuarios por proxy), nuestra gama se adapta a diversas preferencias y presupuestos, lo que garantiza una experiencia de proxy personalizada.<\/p>\n\n\n\n<hr class=\"wp-block-separator has-alpha-channel-opacity\"\/>\n\n\n\n<h2 class=\"wp-block-heading\"><strong>Ventajas clave<\/strong><\/h2>\n\n\n\n<ul class=\"wp-block-list\">\n<li><strong>Fiabilidad:<\/strong> Servidores confiables para un rendimiento en l\u00ednea consistente.<\/li>\n\n\n\n<li><strong>Resistencia a la prohibici\u00f3n:<\/strong> Los algoritmos inteligentes reducen el riesgo de prohibiciones de propiedad intelectual.<\/li>\n\n\n\n<li><strong>Velocidad:<\/strong> Disfrute de Internet de alta velocidad para una navegaci\u00f3n y un manejo de datos eficientes.<\/li>\n\n\n\n<li><strong>Tiempo de actividad:<\/strong> Garantizamos un tiempo de actividad de 99,9% para un servicio ininterrumpido.<\/li>\n\n\n\n<li><strong>Asequibilidad:<\/strong> Precios competitivos desde s\u00f3lo 6 centavos por IP.<\/li>\n<\/ul>\n\n\n\n<hr class=\"wp-block-separator has-alpha-channel-opacity\"\/>\n\n\n\n<h2 class=\"wp-block-heading\"><strong>Atenci\u00f3n al cliente 24 horas al d\u00eda, 7 d\u00edas a la semana<\/strong><\/h2>\n\n\n\n<p>Nuestro equipo dedicado siempre est\u00e1 listo para ayudar con cualquier pregunta o necesidad, garantizando una experiencia ProxyCompass perfecta.<\/p>\n\n\n\n<hr class=\"wp-block-separator has-alpha-channel-opacity\"\/>\n\n\n\n<h2 class=\"wp-block-heading\"><strong>Satisfacci\u00f3n garantizada<\/strong><\/h2>\n\n\n\n<p>\u00bfNo satisfecho? Ofrecemos un reembolso completo dentro de las primeras 24 horas posteriores a la compra porque su satisfacci\u00f3n es nuestra principal prioridad.<\/p>\n\n\n\n<hr class=\"wp-block-separator has-alpha-channel-opacity\"\/>\n\n\n\n<h2 class=\"wp-block-heading\"><strong>\u00a1\u00danase a ProxyCompass hoy!<\/strong><\/h2>\n\n\n\n<p>Adopte un nuevo est\u00e1ndar en soluciones proxy seguras y eficientes con ProxyCompass. Mejore su privacidad y rendimiento en l\u00ednea como nunca antes.<\/p>\n\n\n\n<hr class=\"wp-block-separator has-alpha-channel-opacity\"\/>\n\n\n\n<h2 class=\"wp-block-heading\"><strong>Cont\u00e1ctenos<\/strong><\/h2>\n\n\n\n<p>Valoramos la transparencia y la accesibilidad. Para cualquier consulta relacionada con nuestros servicios, pagos o asistencia, por favor <a href=\"https:\/\/proxycompass.com\/es\/account\/contact.php\/\">ponte en contacto<\/a> a nuestro equipo. <\/p>\n\n\n\n<p><\/p>","protected":false},"excerpt":{"rendered":"<p>Welcome to ProxyCompass Your gateway to unmatched proxy service quality and innovation, established in the proxy industry since 2013. We stand as a leader in the proxy industry, offering a vast selection of IP addresses to meet diverse online needs. Discover what makes us unique: Innovative Proxy Solutions ProxyCompass is more than a service; it&#8217;s [&hellip;]<\/p>\n","protected":false},"author":1,"featured_media":0,"parent":0,"menu_order":0,"comment_status":"closed","ping_status":"closed","template":"","meta":{"_acf_changed":false,"inline_featured_image":false,"footnotes":""},"class_list":["post-469452","page","type-page","status-publish","hentry"],"acf":[],"_links":{"self":[{"href":"https:\/\/proxycompass.com\/es\/wp-json\/wp\/v2\/pages\/469452","targetHints":{"allow":["GET"]}}],"collection":[{"href":"https:\/\/proxycompass.com\/es\/wp-json\/wp\/v2\/pages"}],"about":[{"href":"https:\/\/proxycompass.com\/es\/wp-json\/wp\/v2\/types\/page"}],"author":[{"embeddable":true,"href":"https:\/\/proxycompass.com\/es\/wp-json\/wp\/v2\/users\/1"}],"replies":[{"embeddable":true,"href":"https:\/\/proxycompass.com\/es\/wp-json\/wp\/v2\/comments?post=469452"}],"version-history":[{"count":12,"href":"https:\/\/proxycompass.com\/es\/wp-json\/wp\/v2\/pages\/469452\/revisions"}],"predecessor-version":[{"id":471719,"href":"https:\/\/proxycompass.com\/es\/wp-json\/wp\/v2\/pages\/469452\/revisions\/471719"}],"wp:attachment":[{"href":"https:\/\/proxycompass.com\/es\/wp-json\/wp\/v2\/media?parent=469452"}],"curies":[{"name":"Gracias","href":"https:\/\/api.w.org\/{rel}","templated":true}]}}