{"id":469491,"date":"2024-04-20T10:57:09","date_gmt":"2024-04-20T10:57:09","guid":{"rendered":"https:\/\/proxycompass.com\/?page_id=469491"},"modified":"2026-02-21T06:14:07","modified_gmt":"2026-02-21T06:14:07","slug":"free-trial","status":"publish","type":"page","link":"https:\/\/proxycompass.com\/es\/free-trial\/","title":{"rendered":"Obtenga una prueba de proxy gratuita durante 1 hora"},"content":{"rendered":"<div class=\"wp-block-columns is-layout-flex wp-container-core-columns-is-layout-9d6595d7 wp-block-columns-is-layout-flex\">\n<div class=\"wp-block-column is-layout-flow wp-block-column-is-layout-flow\">\n<h2 class=\"wp-block-heading\">Detalles de la prueba gratuita<\/h2>\n\n\n\n<ul class=\"wp-block-list\">\n<li>50 direcciones IP proxy<\/li>\n\n\n\n<li>Centro de datos est\u00e1tico alojado<\/li>\n\n\n\n<li>Protocolos HTTP(S) y SOCKS4\/5<\/li>\n\n\n\n<li>Ubicaciones en Espa\u00f1a<\/li>\n\n\n\n<li>Ancho de banda ilimitado<\/li>\n\n\n\n<li>Proxys de \u00e9lite totalmente an\u00f3nimos<\/li>\n\n\n\n<li>Acceso a los proxies en 5 minutos.<\/li>\n\n\n\n<li>60 minutos de prueba<\/li>\n\n\n\n<li>Sin obligaciones<\/li>\n\n\n\n<li>No se requiere tarjeta de cr\u00e9dito<\/li>\n\n\n\n<li>Actualice a una cuenta paga en cualquier momento<\/li>\n<\/ul>\n\n\n\n<h2 class=\"wp-block-heading\">\u00bfQu\u00e9 tienes que hacer?<\/h2>\n\n\n\n<p>Para probar estos proxies, simplemente haga clic en el enlace a continuaci\u00f3n y complete el proceso de registro r\u00e1pido.<\/p>\n\n\n\n<p><a href=\"https:\/\/proxycompass.com\/account\/index.php?rp=\/store\/test-packages\/50-proxies-spain-1-hour\" target=\"_blank\" rel=\"noreferrer noopener\">PRUEBA GRATIS DE PROXYS ESPA\u00d1OLES<\/a><\/p>\n\n\n\n<p>\u00bfNecesita ayuda para activar su paquete? Lea nuestra <a href=\"https:\/\/proxycompass.com\/es\/knowledge-base\/how-to-activate-a-proxy-package\/\" target=\"_blank\" rel=\"noreferrer noopener\">gu\u00eda paso a paso<\/a>.<\/p>\n<\/div>\n\n\n\n<div class=\"wp-block-column is-layout-flow wp-block-column-is-layout-flow\">\n<figure class=\"wp-block-gallery has-nested-images columns-default is-cropped wp-block-gallery-1 is-layout-flex wp-block-gallery-is-layout-flex\">\n<figure class=\"wp-block-image size-full is-style-default\"><a href=\"https:\/\/proxycompass.com\/account\/index.php?rp=\/store\/test-packages\/50-proxies-spain-1-hour\" target=\"_blank\" rel=\"noreferrer noopener\"><img decoding=\"async\" width=\"600\" height=\"600\" data-id=\"471247\" src=\"https:\/\/proxycompass.com\/wp-content\/uploads\/2026\/02\/trial-50-spain.png\" alt=\"Banner de prueba de proxy gratuito\" class=\"wp-image-471247\" srcset=\"https:\/\/proxycompass.com\/wp-content\/uploads\/2026\/02\/trial-50-spain.png 600w, https:\/\/proxycompass.com\/wp-content\/uploads\/2026\/02\/trial-50-spain-150x150.png 150w, https:\/\/proxycompass.com\/wp-content\/uploads\/2026\/02\/trial-50-spain-12x12.png 12w, https:\/\/proxycompass.com\/wp-content\/uploads\/2026\/02\/trial-50-spain-24x24.png 24w, https:\/\/proxycompass.com\/wp-content\/uploads\/2026\/02\/trial-50-spain-48x48.png 48w, https:\/\/proxycompass.com\/wp-content\/uploads\/2026\/02\/trial-50-spain-96x96.png 96w, https:\/\/proxycompass.com\/wp-content\/uploads\/2026\/02\/trial-50-spain-300x300.png 300w\" sizes=\"(max-width: 600px) 100vw, 600px\" \/><\/a><\/figure>\n<\/figure>\n<\/div>\n<\/div>\n\n\n\n<p>\u00bfNecesita m\u00e1s tiempo para realizar la prueba? Luego ve al <a href=\"https:\/\/proxycompass.com\/es\/prices\/\" data-type=\"link\" data-id=\"https:\/\/proxycompass.com\/prices\/\">p\u00e1gina de precios<\/a>, seleccione el paquete de proxy que le interese y pru\u00e9belo sin riesgos durante 24 horas. Si no est\u00e1 satisfecho con los resultados, h\u00e1ganoslo saber a trav\u00e9s de nuestro sistema de tickets. Le daremos un reembolso completo.<\/p>\n\n\n\n<p><\/p>\n\n\n\n<h2 class=\"wp-block-heading\">Paquete de servidor proxy gratuito<\/h2>\n\n\n\n<h3 class=\"wp-block-heading\">50 direcciones IP proxy<\/h3>\n\n\n\n<p>Despu\u00e9s de un registro r\u00e1pido y sin compromiso, recibir\u00e1 una lista de 50 direcciones IP disponibles para su uso. Dependiendo del software en el que vayas a usarlos, puedes usarlos todos a la vez o usarlos uno por uno a trav\u00e9s de una API especial, que rota y proporciona aleatoriamente las direcciones IP de los servidores proxy.<\/p>\n\n\n\n<h3 class=\"wp-block-heading\">Proxies alojados en centros de datos est\u00e1ticos<\/h3>\n\n\n\n<p>Los servidores proxy que obtienes para la prueba son est\u00e1ticos. Esto significa que sus direcciones IP nunca cambian, es decir, siempre son las mismas. F\u00edsicamente, estos servidores proxy est\u00e1n ubicados en diferentes centros de datos en EE. UU. Esto significa que siempre est\u00e1n en funcionamiento y puedes usarlos en cualquier momento del d\u00eda o de la noche.<\/p>\n\n\n\n<h3 class=\"wp-block-heading\">Protocolos HTTP(S) y SOCKS4\/5<\/h3>\n\n\n\n<p>Los servidores proxy que obtiene admiten todos los protocolos populares, es decir, HTTP\/S, SOCKS4\/5 al mismo tiempo.<\/p>\n\n\n\n<p>Dentro del panel de usuario podr\u00e1s descargar tu lista de servidores proxy en cualquier formato que necesites.<\/p>\n\n\n\n<h3 class=\"wp-block-heading\">Ubicaciones en Espa\u00f1a<\/h3>\n\n\n\n<p>Este paquete de proxies gratuito incluye 50 direcciones IP proxy de Espa\u00f1a. El n\u00famero exacto de proxies de ciudades espec\u00edficas de Espa\u00f1a se determina aleatoriamente.<\/p>\n\n\n\n<h3 class=\"wp-block-heading\">Ancho de banda ilimitado<\/h3>\n\n\n\n<p>No limitamos la cantidad de tr\u00e1fico utilizado por nuestros clientes para descargar y cargar. Esto se aplica tanto a los paquetes pagos como a este paquete gratuito.<\/p>\n\n\n\n<h3 class=\"wp-block-heading\">Proxies Elite totalmente an\u00f3nimos<\/h3>\n\n\n\n<p>Estos servidores proxy de prueba son exactamente iguales que nuestros servidores proxy pagos. Son lo m\u00e1s an\u00f3nimos posible.<\/p>\n\n\n\n<h3 class=\"wp-block-heading\">Actualice a una cuenta paga en cualquier momento<\/h3>\n\n\n\n<p>Una vez que haya probado la compatibilidad de los servidores proxy con sus tareas, puede elegir cualquier paquete de proxy que se adapte a sus necesidades directamente desde el panel de usuario.<\/p>","protected":false},"excerpt":{"rendered":"<p>Free Trial Details What Do You Have to Do? To try these proxies, simply click on the link below and complete the quick registration process. GET FREE TRIAL Need help activating your package? Just read our step-by-step guide. Need more time to test? Then go to the pricing page, select the proxy package that interests [&hellip;]<\/p>\n","protected":false},"author":1,"featured_media":0,"parent":0,"menu_order":0,"comment_status":"closed","ping_status":"closed","template":"page-free-trial.php","meta":{"_acf_changed":false,"inline_featured_image":false,"footnotes":""},"class_list":["post-469491","page","type-page","status-publish","hentry"],"acf":[],"_links":{"self":[{"href":"https:\/\/proxycompass.com\/es\/wp-json\/wp\/v2\/pages\/469491","targetHints":{"allow":["GET"]}}],"collection":[{"href":"https:\/\/proxycompass.com\/es\/wp-json\/wp\/v2\/pages"}],"about":[{"href":"https:\/\/proxycompass.com\/es\/wp-json\/wp\/v2\/types\/page"}],"author":[{"embeddable":true,"href":"https:\/\/proxycompass.com\/es\/wp-json\/wp\/v2\/users\/1"}],"replies":[{"embeddable":true,"href":"https:\/\/proxycompass.com\/es\/wp-json\/wp\/v2\/comments?post=469491"}],"version-history":[{"count":23,"href":"https:\/\/proxycompass.com\/es\/wp-json\/wp\/v2\/pages\/469491\/revisions"}],"predecessor-version":[{"id":471527,"href":"https:\/\/proxycompass.com\/es\/wp-json\/wp\/v2\/pages\/469491\/revisions\/471527"}],"wp:attachment":[{"href":"https:\/\/proxycompass.com\/es\/wp-json\/wp\/v2\/media?parent=469491"}],"curies":[{"name":"Gracias","href":"https:\/\/api.w.org\/{rel}","templated":true}]}}