{"id":471215,"date":"2024-09-17T12:47:58","date_gmt":"2024-09-17T12:47:58","guid":{"rendered":"https:\/\/proxycompass.com\/?page_id=471215"},"modified":"2024-09-17T12:47:59","modified_gmt":"2024-09-17T12:47:59","slug":"disclaimer","status":"publish","type":"page","link":"https:\/\/proxycompass.com\/es\/disclaimer\/","title":{"rendered":"Descargo de responsabilidad"},"content":{"rendered":"<h2 class=\"wp-block-heading\">Descargo de responsabilidad<\/h2>\n\n\n\n<p>LOS SERVICIOS PRESTADOS POR <strong>BR\u00daJULA PROXY<\/strong> SE OFRECEN \u201cTAL CUAL\u201d CON TODOS LOS DEFECTOS. EN LA MEDIDA EN QUE LO PERMITA LA LEY, <strong>BR\u00daJULA PROXY<\/strong> Y LAS PARTES INDEMNIZADAS RECHAZAN TODAS LAS GARANT\u00cdAS, YA SEAN EXPRESAS O IMPL\u00cdCITAS, INCLUYENDO, ENTRE OTRAS, LAS GARANT\u00cdAS DE QUE LOS SERVICIOS EST\u00c1N LIBRES DE DEFECTOS, COMERCIALIZABLES, ADECUADOS PARA UN PROP\u00d3SITO PARTICULAR Y NO INFRACCIONAN DERECHOS DE AUTOR. USTED ASUME TODA LA RESPONSABILIDAD POR UTILIZAR LOS SERVICIOS BAJO SU PROPIA RESPONSABILIDAD, INCLUYENDO CUALQUIER RIESGO RELACIONADO CON LA CALIDAD, EL DESEMPE\u00d1O Y LA SEGURIDAD DE LOS SERVICIOS, COMO LA POSIBILIDAD DE P\u00c9RDIDA DE DATOS, ACCESO NO AUTORIZADO A SU INFORMACI\u00d3N O MAL USO POR OTROS USUARIOS. ESTA LIMITACI\u00d3N SE APLICA INCLUSO SI CUALQUIER RECURSO NO CUMPLE CON SU PROP\u00d3SITO ESENCIAL. ALGUNAS JURISDICCIONES NO PERMITEN LA EXCLUSI\u00d3N O LIMITACI\u00d3N DE GARANT\u00cdAS IMPL\u00cdCITAS, POR LO QUE ESTAS EXCLUSIONES PUEDEN NO APLICARSE EN SU CASO.<\/p>\n\n\n\n<p>SALVO QUE LO REQUIERA LA LEY, <strong>BR\u00daJULA PROXY<\/strong> Y LAS PARTES INDEMNIZADAS NO SER\u00c1N RESPONSABLES POR NING\u00daN DA\u00d1O INDIRECTO, ESPECIAL, INCIDENTAL, CONSECUENTE O EJEMPLAR QUE SURJA DE O EN CONEXI\u00d3N CON ESTOS T\u00c9RMINOS O SU USO (O INCAPACIDAD DE USAR) LOS SERVICIOS, INCLUYENDO, ENTRE OTROS, DA\u00d1OS POR P\u00c9RDIDA DE BUENA VOLUNTAD, INTERRUPCI\u00d3N LABORAL, P\u00c9RDIDA DE BENEFICIOS, P\u00c9RDIDA DE DATOS O FALLA DE LA COMPUTADORA, INCLUSO SI SE ADVIERTE DE LA POSIBILIDAD DE DICHOS DA\u00d1OS, E INDEPENDIENTEMENTE DE LA TEOR\u00cdA LEGAL (CONTRATO, AGRAVIO O DE OTRO TIPO) EN LA QUE SE BASA TAL RECLAMO. LA RESPONSABILIDAD TOTAL DE <strong>BR\u00daJULA PROXY<\/strong> Y LAS PARTES INDEMNIZADAS EN VIRTUD DEL PRESENTE ACUERDO NO EXCEDER\u00c1N LOS $500 (QUINIENTOS D\u00d3LARES). ALGUNAS JURISDICCIONES NO PERMITEN LA EXCLUSI\u00d3N O LIMITACI\u00d3N DE CIERTOS DA\u00d1OS, POR LO QUE ESTA EXCLUSI\u00d3N Y LIMITACI\u00d3N PUEDE NO APLICARSE EN SU CASO.<\/p>\n\n\n\n<h3 class=\"wp-block-heading\">Indemnizaci\u00f3n<\/h3>\n\n\n\n<p>Usted acepta defender, indemnizar y eximir de responsabilidad <strong>BR\u00daJULA PROXY<\/strong>, sus contratistas, colaboradores, licenciantes y socios, as\u00ed como sus respectivos directores, funcionarios, empleados y agentes (&quot;Partes indemnizadas&quot;), de y contra todos y cada uno de los reclamos y gastos de terceros, incluidos los honorarios de abogados, que surjan de o est\u00e9n relacionados con su uso de nuestros servicios, incluidos, entre otros, sus env\u00edos o violaciones de estos T\u00e9rminos.<\/p>","protected":false},"excerpt":{"rendered":"<p>Disclaimer THE SERVICES PROVIDED BY PROXY COMPASS ARE OFFERED &#8220;AS IS&#8221; WITH ALL FAULTS. TO THE FULLEST EXTENT PERMITTED BY LAW, PROXY COMPASS AND THE INDEMNIFIED PARTIES DISCLAIM ALL WARRANTIES, WHETHER EXPRESS OR IMPLIED, INCLUDING BUT NOT LIMITED TO WARRANTIES THAT THE SERVICES ARE FREE OF DEFECTS, MERCHANTABLE, FIT FOR A PARTICULAR PURPOSE, AND NON-INFRINGING. [&hellip;]<\/p>\n","protected":false},"author":1,"featured_media":0,"parent":0,"menu_order":0,"comment_status":"closed","ping_status":"closed","template":"","meta":{"_acf_changed":false,"inline_featured_image":false,"footnotes":""},"class_list":["post-471215","page","type-page","status-publish","hentry"],"acf":[],"_links":{"self":[{"href":"https:\/\/proxycompass.com\/es\/wp-json\/wp\/v2\/pages\/471215","targetHints":{"allow":["GET"]}}],"collection":[{"href":"https:\/\/proxycompass.com\/es\/wp-json\/wp\/v2\/pages"}],"about":[{"href":"https:\/\/proxycompass.com\/es\/wp-json\/wp\/v2\/types\/page"}],"author":[{"embeddable":true,"href":"https:\/\/proxycompass.com\/es\/wp-json\/wp\/v2\/users\/1"}],"replies":[{"embeddable":true,"href":"https:\/\/proxycompass.com\/es\/wp-json\/wp\/v2\/comments?post=471215"}],"version-history":[{"count":1,"href":"https:\/\/proxycompass.com\/es\/wp-json\/wp\/v2\/pages\/471215\/revisions"}],"predecessor-version":[{"id":471216,"href":"https:\/\/proxycompass.com\/es\/wp-json\/wp\/v2\/pages\/471215\/revisions\/471216"}],"wp:attachment":[{"href":"https:\/\/proxycompass.com\/es\/wp-json\/wp\/v2\/media?parent=471215"}],"curies":[{"name":"Gracias","href":"https:\/\/api.w.org\/{rel}","templated":true}]}}