{"id":471256,"date":"2024-09-30T05:48:55","date_gmt":"2024-09-30T05:48:55","guid":{"rendered":"https:\/\/proxycompass.com\/?page_id=471256"},"modified":"2024-09-30T05:48:56","modified_gmt":"2024-09-30T05:48:56","slug":"affiliate-program","status":"publish","type":"page","link":"https:\/\/proxycompass.com\/es\/affiliate-program\/","title":{"rendered":"Programa de afiliados: \u00a1Gana dinero promocionando proxies!"},"content":{"rendered":"<h4 class=\"wp-block-heading\"><strong>Descripci\u00f3n del programa:<\/strong><\/h4>\n\n\n\n<p>\u00danase al programa de afiliados de ProxyCompass y gane un <strong>comisi\u00f3n vitalicia de 15%<\/strong> por cada pago realizado por los clientes que usted recomiende. Nuestro programa ofrece una manera sencilla de ganar dinero mientras promociona un servicio de proxy de primer nivel.<\/p>\n\n\n\n<ul class=\"wp-block-list\">\n<li><strong>Comisi\u00f3n de por vida<\/strong>: Ganar <strong>15%<\/strong> de todos los pagos realizados por los clientes que usted refiera, siempre y cuando permanezcan activos.<\/li>\n\n\n\n<li><strong>Calendario de pagos<\/strong>:Las comisiones se acreditan 30 d\u00edas despu\u00e9s del pago del cliente referido.<\/li>\n\n\n\n<li><strong>Opciones de pago<\/strong>:Use sus ganancias para pagar los servicios de ProxyCompass o retirarlas en <strong>USDT-TRC20<\/strong>.<\/li>\n\n\n\n<li><strong>Retiro m\u00ednimo<\/strong>:$100 pago m\u00ednimo.<\/li>\n<\/ul>\n\n\n\n<h4 class=\"wp-block-heading\"><strong>Beneficios del programa de afiliados de ProxyCompass:<\/strong><\/h4>\n\n\n\n<ul class=\"wp-block-list\">\n<li><strong>Alta Comisi\u00f3n<\/strong>:Gana consistentemente 15% en cada pago.<\/li>\n\n\n\n<li><strong>Pago flexible<\/strong>:Utilice sus ganancias para pagar los servicios de ProxyCompass o retirarlas.<\/li>\n\n\n\n<li><strong>Umbral de retirada bajo<\/strong>:Acceda a sus ganancias f\u00e1cilmente con un pago m\u00ednimo de $100.<\/li>\n\n\n\n<li><strong>Seguimiento de por vida<\/strong>:Una vez que un usuario se registra a trav\u00e9s de su enlace de referencia, permanece vinculado a su cuenta para todas las comisiones futuras.<\/li>\n<\/ul>\n\n\n\n<h4 class=\"wp-block-heading\"><strong>C\u00f3mo unirse al programa:<\/strong><\/h4>\n\n\n\n<ol class=\"wp-block-list\">\n<li><strong><a href=\"https:\/\/proxycompass.com\/es\/account\/register.php\/\">Registro<\/a><\/strong> en el \u00e1rea de clientes de ProxyCompass para recibir su enlace de afiliado personal.<\/li>\n\n\n\n<li>Comparte tu enlace \u00fanico en diferentes plataformas siguiendo las pautas a continuaci\u00f3n.<\/li>\n<\/ol>\n\n\n\n<h4 class=\"wp-block-heading\"><strong>Ideas de promoci\u00f3n:<\/strong><\/h4>\n\n\n\n<ol class=\"wp-block-list\">\n<li><strong>Creaci\u00f3n de contenido (blogs y art\u00edculos)<\/strong>:\n<ul class=\"wp-block-list\">\n<li>Escribe rese\u00f1as y gu\u00edas sobre ProxyCompass y sus funciones. Publ\u00edcalas en tu blog personal, Blogspot, Medium, Quora u otras plataformas relevantes. Resalta c\u00f3mo los proxies premium de ProxyCompass pueden mejorar las actividades en l\u00ednea, como el web scraping, el SEO o la gesti\u00f3n de m\u00faltiples cuentas.<\/li>\n<\/ul>\n<\/li>\n\n\n\n<li><strong>Tutoriales en v\u00eddeo y rese\u00f1as<\/strong>:\n<ul class=\"wp-block-list\">\n<li>Crea tutoriales en video atractivos en plataformas como YouTube, TikTok o Twitch, que muestren c\u00f3mo configurar y usar servidores proxy de ProxyCompass. Comparte tu experiencia personal y consejos para aprovechar al m\u00e1ximo el servicio.<\/li>\n<\/ul>\n<\/li>\n\n\n\n<li><strong>Participaci\u00f3n en las redes sociales<\/strong>:\n<ul class=\"wp-block-list\">\n<li>Comparte publicaciones en Facebook, X, Instagram y LinkedIn con informaci\u00f3n sobre los beneficios de usar ProxyCompass. Crea historias o participa en debates relevantes para llegar a un p\u00fablico m\u00e1s amplio.<\/li>\n<\/ul>\n<\/li>\n\n\n\n<li><strong>Foros y comunidades en l\u00ednea<\/strong>:\n<ul class=\"wp-block-list\">\n<li>Participe en conversaciones en foros, Reddit, grupos de Telegram y comunidades de Discord. Ofrezca aportes valiosos y comparta su enlace de afiliado con los usuarios interesados.<\/li>\n<\/ul>\n<\/li>\n\n\n\n<li><strong>Publicidad en banners<\/strong>:\n<ul class=\"wp-block-list\">\n<li>Dise\u00f1e banners atractivos que muestren las ventajas de ProxyCompass y col\u00f3quelos en su sitio web, blog o en boletines informativos por correo electr\u00f3nico para captar m\u00e1s tr\u00e1fico.<\/li>\n<\/ul>\n<\/li>\n\n\n\n<li><strong>Marketing por correo electr\u00f3nico<\/strong>:\n<ul class=\"wp-block-list\">\n<li>Incluya su enlace de afiliado en los boletines informativos para sus suscriptores, brind\u00e1ndoles informaci\u00f3n detallada sobre las caracter\u00edsticas y los beneficios de ProxyCompass.<\/li>\n<\/ul>\n<\/li>\n\n\n\n<li><strong>Colaboraciones con Webmasters<\/strong>:\n<ul class=\"wp-block-list\">\n<li>Asociese con otros propietarios de sitios web o blogs para mostrar banners o enlaces a cambio de una parte de las ganancias, ampliando su alcance.<\/li>\n<\/ul>\n<\/li>\n<\/ol>\n\n\n\n<h4 class=\"wp-block-heading\"><strong>Caracter\u00edsticas principales de ProxyCompass:<\/strong><\/h4>\n\n\n\n<ul class=\"wp-block-list\">\n<li><strong>Proxies IPv4 de alta velocidad<\/strong>:Admite protocolos SOCKS5 y HTTP\/S.<\/li>\n\n\n\n<li><strong>Velocidades de conexi\u00f3n r\u00e1pidas<\/strong>:Hasta 500 Mbps por proxy para un rendimiento \u00f3ptimo.<\/li>\n\n\n\n<li><strong>Ancho de banda ilimitado<\/strong>:No hay restricciones en el uso de datos.<\/li>\n\n\n\n<li><strong>Diversas subredes IP<\/strong>:Anonimato mejorado con servidores proxy de diferentes subredes.<\/li>\n\n\n\n<li><strong>Precio competitivo<\/strong>:Precios asequibles y transparentes.<\/li>\n\n\n\n<li><strong>Activaci\u00f3n instant\u00e1nea<\/strong>:Activaci\u00f3n autom\u00e1tica del servicio despu\u00e9s del pago.<\/li>\n\n\n\n<li><strong>Amplias opciones de pago<\/strong>:M\u00e1s de 100 criptomonedas, tarjetas bancarias (incluidas las rusas), Alipay y monederos electr\u00f3nicos.<\/li>\n<\/ul>\n\n\n\n<h4 class=\"wp-block-heading\"><strong>Reglas y pautas del programa de afiliados:<\/strong><\/h4>\n\n\n\n<ul class=\"wp-block-list\">\n<li><strong>Representaci\u00f3n precisa<\/strong>:Promocione ProxyCompass de manera veraz y sin informaci\u00f3n enga\u00f1osa.<\/li>\n\n\n\n<li><strong>No enviar spam<\/strong>:Adhi\u00e9rase a las leyes antispam y evite cualquier pr\u00e1ctica de spam.<\/li>\n\n\n\n<li><strong>Evite la auto-referencia<\/strong>:Est\u00e1 estrictamente prohibido crear varias cuentas para ganar comisiones mediante autorreferencias.<\/li>\n\n\n\n<li><strong>No se permiten actividades ilegales<\/strong>:No promocione en sitios con contenido ilegal, ofensivo o inapropiado.<\/li>\n\n\n\n<li><strong>Respetar la propiedad intelectual<\/strong>:No utilice la marca ProxyCompass de forma enga\u00f1osa o no autorizada.<\/li>\n\n\n\n<li><strong>Sin phishing ni cuentas falsas<\/strong>:Todas las actividades promocionales deben ser leg\u00edtimas y \u00e9ticas.<\/li>\n<\/ul>\n\n\n\n<h4 class=\"wp-block-heading\"><strong>C\u00f3mo no promocionar ProxyCompass:<\/strong><\/h4>\n\n\n\n<ul class=\"wp-block-list\">\n<li>No cree cuentas falsas para generar pagos de afiliados.<\/li>\n\n\n\n<li>Evite enviar spam en correos electr\u00f3nicos, foros o blogs.<\/li>\n\n\n\n<li>Nunca cree sitios web de phishing utilizando nuestra marca.<\/li>\n\n\n\n<li>No utilice informaci\u00f3n obsoleta o enga\u00f1osa sobre ProxyCompass.<\/li>\n\n\n\n<li>Abstenerse de promocionar en sitios con contenido ilegal o de baja calidad.<\/li>\n\n\n\n<li>No utilice publicidad pagada con palabras clave de nuestra marca sin aprobaci\u00f3n previa.<\/li>\n<\/ul>\n\n\n\n<h4 class=\"wp-block-heading\"><strong>Recibir el pago:<\/strong><\/h4>\n\n\n\n<ul class=\"wp-block-list\">\n<li>Los pagos se realizan en <strong>USDT-TRC20<\/strong> con un retiro m\u00ednimo de <strong>$100<\/strong>. P\u00f3ngase en contacto con el servicio de atenci\u00f3n al cliente a trav\u00e9s del sistema de tickets para realizar retiros.<\/li>\n<\/ul>\n\n\n\n<h4 class=\"wp-block-heading\"><strong>\u00bfNecesita ayuda?<\/strong><\/h4>\n\n\n\n<p>Si tiene alguna pregunta o necesita ayuda con las promociones, comun\u00edquese con el equipo de soporte de ProxyCompass. \u00a1Estamos aqu\u00ed para ayudarlo a tener \u00e9xito como socio afiliado!<\/p>","protected":false},"excerpt":{"rendered":"<p>Program Overview: Join the ProxyCompass affiliate program and earn a lifetime commission of 15% on every payment made by clients you refer. Our program offers a simple way to make money while promoting a top-notch proxy service. Benefits of the ProxyCompass Affiliate Program: How to Join the Program: Promotion Ideas: Key Features of ProxyCompass: Affiliate [&hellip;]<\/p>\n","protected":false},"author":1,"featured_media":0,"parent":0,"menu_order":0,"comment_status":"closed","ping_status":"closed","template":"","meta":{"_acf_changed":false,"inline_featured_image":false,"footnotes":""},"class_list":["post-471256","page","type-page","status-publish","hentry"],"acf":[],"_links":{"self":[{"href":"https:\/\/proxycompass.com\/es\/wp-json\/wp\/v2\/pages\/471256","targetHints":{"allow":["GET"]}}],"collection":[{"href":"https:\/\/proxycompass.com\/es\/wp-json\/wp\/v2\/pages"}],"about":[{"href":"https:\/\/proxycompass.com\/es\/wp-json\/wp\/v2\/types\/page"}],"author":[{"embeddable":true,"href":"https:\/\/proxycompass.com\/es\/wp-json\/wp\/v2\/users\/1"}],"replies":[{"embeddable":true,"href":"https:\/\/proxycompass.com\/es\/wp-json\/wp\/v2\/comments?post=471256"}],"version-history":[{"count":5,"href":"https:\/\/proxycompass.com\/es\/wp-json\/wp\/v2\/pages\/471256\/revisions"}],"predecessor-version":[{"id":471513,"href":"https:\/\/proxycompass.com\/es\/wp-json\/wp\/v2\/pages\/471256\/revisions\/471513"}],"wp:attachment":[{"href":"https:\/\/proxycompass.com\/es\/wp-json\/wp\/v2\/media?parent=471256"}],"curies":[{"name":"Gracias","href":"https:\/\/api.w.org\/{rel}","templated":true}]}}