{"id":1137,"date":"2023-05-15T08:20:37","date_gmt":"2023-05-15T08:20:37","guid":{"rendered":"https:\/\/proxycompass.com\/?page_id=1137"},"modified":"2024-10-18T08:45:15","modified_gmt":"2024-10-18T08:45:15","slug":"proxycompass","status":"publish","type":"page","link":"https:\/\/proxycompass.com\/fr\/","title":{"rendered":"Fournisseur de services proxy rapide et fiable"},"content":{"rendered":"<p>Frustr\u00e9 par les fournisseurs de services proxy lents et peu fiables qui ne peuvent pas g\u00e9rer vos t\u00e2ches tr\u00e8s exigeantes\u00a0? Eh bien, peut-\u00eatre que nous pourrions \u00eatre un bon partenaire\u00a0! Nous avons aid\u00e9 des milliers de clients qui se trouvaient dans cette situation pr\u00e9cise et apr\u00e8s avoir opt\u00e9 pour Proxy Compass, ils ont consid\u00e9rablement r\u00e9duit leur facture tout en am\u00e9liorant la fiabilit\u00e9 de leurs automatisations en ligne.<\/p>\n\n\n\n<h3 class=\"wp-block-heading\">Proxy multifonctionnels et polyvalents<\/h3>\n\n\n\n<p>Peu importe si vous \u00eates impliqu\u00e9 dans le web scraping, la v\u00e9rification des publicit\u00e9s, les \u00e9tudes de march\u00e9 ou tout autre processus interm\u00e9diaire, nos proxys anonymes fonctionnent bien avec tous les navigateurs, applications et robots, vous permettant d&#039;acc\u00e9der facilement aux sites Web et de cr\u00e9er des flux de travail efficaces sans interruption. .<\/p>\n\n\n\n<h3 class=\"wp-block-heading\">Performances stables et rapides<\/h3>\n\n\n\n<p>Notre r\u00e9seau proxy haut d\u00e9bit est con\u00e7u pour une vitesse et une stabilit\u00e9 optimales. Nous sommes fiers d&#039;\u00eatre un service proxy rapide de premier plan, r\u00e9ellement abordable et fiable. \u00c9tant surveill\u00e9 24 heures sur 24 par nos techniciens exp\u00e9riment\u00e9s, vous serez \u00e9quip\u00e9 pour accomplir vos t\u00e2ches plus rapidement que jamais.<\/p>\n\n\n\n<h3 class=\"wp-block-heading\">Consommation de trafic illimit\u00e9e<\/h3>\n\n\n\n<p>Nous voulons vous permettre de travailler sans restrictions autant que possible. C&#039;est pourquoi nous ne limitons pas la consommation de trafic et n&#039;introduisons pas de frais suppl\u00e9mentaires pour l&#039;utilisation des donn\u00e9es. AUCUN FRAIS SUPPL\u00c9MENTAIRE pour l&#039;utilisation de nos proxys au-del\u00e0 du prix initial. <strong>C&#039;est une promesse !<\/strong><\/p>\n\n\n\n<h3 class=\"wp-block-heading\">Pool IP \u00e9tendu<\/h3>\n\n\n\n<p>Avec un pool de plus de 50 000 adresses IP, vous ne manquerez jamais de proxys, m\u00eame pour vos t\u00e2ches en ligne les plus exigeantes qui n\u00e9cessitent une rotation constante. Notre quantit\u00e9 gigantesque de proxys vous aidera \u00e0 rester anonyme et \u00e0 changer votre adresse IP presque instantan\u00e9ment pour rester sous le radar.<\/p>\n\n\n\n<h3 class=\"wp-block-heading\">Aucune exigence KYC<\/h3>\n\n\n\n<p>Contrairement \u00e0 d\u2019autres, NOUS SOUTENONS VOTRE CONFIDENTIALIT\u00c9\u00a0! Notre objectif est de fournir une exp\u00e9rience sans tracas. C&#039;est pourquoi vous b\u00e9n\u00e9ficierez d&#039;une configuration de proxy rapide et facile sans avoir besoin de fournir des informations d&#039;identit\u00e9 au-del\u00e0 des informations de paiement habituelles. Utilisez vos nouveaux proxys imm\u00e9diatement apr\u00e8s votre inscription sans avoir \u00e0 partager des informations sensibles.<\/p>\n\n\n\n<h2 class=\"wp-block-heading\"><strong>Notre service proxy est-il fait pour vous\u00a0?<\/strong><\/h2>\n\n\n\n<p>Nous sommes un tr\u00e8s bon fournisseur de services proxy avec un rapport qualit\u00e9-prix imbattable qui utilise uniquement les derni\u00e8res technologies disponibles pour satisfaire les besoins des clients les plus exigeants. Nous proposons la prise en charge des proxy HTTP, HTTPS, SOCKS4 et SOCKS5, vous permettant de g\u00e9rer tous les types de t\u00e2ches. L&#039;authentification des utilisateurs varie pour les proxys statiques et tournants\u00a0: pour les proxys statiques, l&#039;authentification se fait par adresse IP, tandis que pour les proxys tournants, l&#039;authentification se fait par nom d&#039;utilisateur et mot de passe.<\/p>\n\n\n\n<h3 class=\"wp-block-heading\">Centres de donn\u00e9es de haute qualit\u00e9 partout dans le monde<\/h3>\n\n\n\n<ul class=\"wp-block-list\">\n<li>Am\u00e9rique du Nord<\/li>\n\n\n\n<li>Europe de l&#039;Ouest<\/li>\n\n\n\n<li>L&#039;Europe de l&#039;Est<\/li>\n\n\n\n<li>Moyen-orient<\/li>\n\n\n\n<li>Asie du sud est<\/li>\n<\/ul>\n\n\n\n<p>Maximisez votre connectivit\u00e9 mondiale gr\u00e2ce \u00e0 notre vaste couverture g\u00e9ographique, disponible dans plusieurs pays.<br><br>\u00c0 mesure que nous continuons \u00e0 nous d\u00e9velopper pour r\u00e9pondre \u00e0 la demande croissante des utilisateurs du monde entier, vous disposerez d&#039;un plus grand nombre d&#039;adresses IP \u00e0 utiliser, sans frais suppl\u00e9mentaires. Vous conserverez votre forfait actuel aussi longtemps que vous serez abonn\u00e9.<\/p>\n\n\n\n<h3 class=\"wp-block-heading\"><strong>Des prix comp\u00e9titifs difficiles \u00e0 battre<\/strong><\/h3>\n\n\n\n<p>Nous sommes fiers d\u2019\u00eatre l\u2019un des meilleurs fournisseurs de services proxy abordables qui soient.<\/p>\n\n\n\n<p>Nous proposons l&#039;un des prix les plus comp\u00e9titifs du march\u00e9 \u2013 \u00e0 partir de $0,12\/mois par IP (pack de 500) et jusqu&#039;\u00e0 $0,06\/mois par IP (pack de 50 000).<\/p>\n\n\n\n<p>Notre politique tarifaire simple signifie que vous serez inform\u00e9 \u00e0 tout moment du co\u00fbt final du service.<\/p>\n\n\n\n<p>Nous ne vous cacherons rien, nous ne sommes pas sournois !<\/p>\n\n\n\n<h3 class=\"wp-block-heading\">M\u00e9thodes de paiement flexibles<\/h3>\n\n\n\n<p>Chaque personne a ses propres tendances et pr\u00e9f\u00e9rences en mati\u00e8re de paiement. C&#039;est pourquoi nous acceptons toutes les principales cartes de cr\u00e9dit et de d\u00e9bit, y compris celles d&#039;origine russe et chinoise. Nous acceptons \u00e9galement les portefeuilles \u00e9lectroniques populaires comme Webmoney et Alipay pour que les choses restent aussi simples que possible.<\/p>\n\n\n\n<p>Pour les personnes soucieuses de leur confidentialit\u00e9, nous proposons la possibilit\u00e9 de payer en crypto-monnaies.<\/p>\n\n\n\n<p>Pour nos clients professionnels, nous comprenons que les virements bancaires sont souvent le mode de paiement pr\u00e9f\u00e9r\u00e9. Nous sommes heureux de r\u00e9pondre \u00e0 cette demande et pouvons vous fournir des factures dans le format requis par vos autorit\u00e9s fiscales pour faciliter leur traitement et leur tenue de registres.<\/p>\n\n\n\n<p>Quelles que soient vos pr\u00e9f\u00e9rences, notre objectif est de rendre le processus fluide et pratique. Notre objectif est de vous mettre en place avec les proxys dont vous avez besoin pour propulser votre entreprise sans aucun obstacle de paiement.<\/p>\n\n\n\n<h2 class=\"wp-block-heading\">Nous accordons la priorit\u00e9 \u00e0 votre s\u00e9curit\u00e9<\/h2>\n\n\n\n<h3 class=\"wp-block-heading\">Essai sans risque<\/h3>\n\n\n\n<p>Notre service proxy fiable a un si bon rapport qualit\u00e9-prix que nous sommes pr\u00eats \u00e0 vous laisser l&#039;essayer gratuitement, sans aucune condition\u00a0! Demandez simplement l\u2019essai gratuit de n\u2019importe quel package proxy et voyez par vous-m\u00eame\u00a0! L&#039;essai ne vous engage \u00e0 rien, alors n&#039;h\u00e9sitez pas et envoyez-nous un e-mail pour commencer.<\/p>\n\n\n\n<h3 class=\"wp-block-heading\">Garantie de remboursement de 24 heures<\/h3>\n\n\n\n<p>Si pour une raison quelconque vous n&#039;\u00eates pas enti\u00e8rement satisfait \u2013 dans les 24 heures suivant votre achat \u2013 nous vous rembourserons, c&#039;est 100% s\u00e9curis\u00e9 d&#039;essayer. Nous appr\u00e9cions nos clients et c&#039;est pourquoi nous rembourserons le montant total, m\u00eame si vous choisissez de payer avec crypto ! Testez notre service sans soucis.<\/p>\n\n\n\n<h2 class=\"wp-block-heading\">Commencer aujourd&#039;hui!<\/h2>\n\n\n\n<p>\u00c9vitez les fournisseurs de services proxy lents et peu fiables qui limitent votre productivit\u00e9\u00a0!<\/p>\n\n\n\n<p>Choisissez nos proxys rapides, s\u00e9curis\u00e9s et bon march\u00e9 et devenez un autre client incroyablement satisfait.<\/p>\n\n\n\n<p>Donnez-nous une chance, c&#039;est gratuit, essayez-le\u00a0! Il n&#039;y a absolument rien \u00e0 perdre mais tout \u00e0 gagner.<br><br>Vous \u00eates 100% prot\u00e9g\u00e9 par notre garantie de remboursement de 24 heures. Testez-le, aimez-le, adoptez-le.<\/p>\n\n\n\n<p>Faites partie des milliers de personnes qui ont d\u00e9j\u00e0 transform\u00e9 leurs flux de travail gr\u00e2ce \u00e0 nos proxys priv\u00e9s.<\/p>","protected":false},"excerpt":{"rendered":"<p>Frustrated with slow and unreliable proxy service providers that cannot handle your high-demand tasks? Well, maybe we could be a nice fit! We\u2019ve helped thousands of customers that were in that exact position and after changing to Proxy Compass they reduced their bill significantly while improving the reliability of their online automations. Multi-functional, Versatile Proxies [&hellip;]<\/p>\n","protected":false},"author":1,"featured_media":460920,"parent":0,"menu_order":0,"comment_status":"closed","ping_status":"closed","template":"page-front.php","meta":{"_acf_changed":false,"inline_featured_image":false,"footnotes":""},"class_list":["post-1137","page","type-page","status-publish","has-post-thumbnail","hentry"],"acf":[],"_links":{"self":[{"href":"https:\/\/proxycompass.com\/fr\/wp-json\/wp\/v2\/pages\/1137","targetHints":{"allow":["GET"]}}],"collection":[{"href":"https:\/\/proxycompass.com\/fr\/wp-json\/wp\/v2\/pages"}],"about":[{"href":"https:\/\/proxycompass.com\/fr\/wp-json\/wp\/v2\/types\/page"}],"author":[{"embeddable":true,"href":"https:\/\/proxycompass.com\/fr\/wp-json\/wp\/v2\/users\/1"}],"replies":[{"embeddable":true,"href":"https:\/\/proxycompass.com\/fr\/wp-json\/wp\/v2\/comments?post=1137"}],"version-history":[{"count":19,"href":"https:\/\/proxycompass.com\/fr\/wp-json\/wp\/v2\/pages\/1137\/revisions"}],"predecessor-version":[{"id":471023,"href":"https:\/\/proxycompass.com\/fr\/wp-json\/wp\/v2\/pages\/1137\/revisions\/471023"}],"wp:featuredmedia":[{"embeddable":true,"href":"https:\/\/proxycompass.com\/fr\/wp-json\/wp\/v2\/media\/460920"}],"wp:attachment":[{"href":"https:\/\/proxycompass.com\/fr\/wp-json\/wp\/v2\/media?parent=1137"}],"curies":[{"name":"wp","href":"https:\/\/api.w.org\/{rel}","templated":true}]}}