{"id":455912,"date":"2023-05-20T06:21:02","date_gmt":"2023-05-20T06:21:02","guid":{"rendered":"https:\/\/proxycompass.com\/?page_id=455912"},"modified":"2026-04-28T10:02:49","modified_gmt":"2026-04-28T10:02:49","slug":"free-proxy","status":"publish","type":"page","link":"https:\/\/proxycompass.com\/fr\/free-proxy\/","title":{"rendered":"Liste de proxy gratuite"},"content":{"rendered":"<h2 class=\"wp-block-heading\">Liste de proxy gratuite\u00a0: ce que signifie chaque terme<\/h2>\n\n\n\n<p>Voici un guide rapide des termes les plus importants que vous trouverez dans notre liste de proxy gratuite. Comprendre ces termes vous aidera \u00e0 choisir les bons proxys en fonction de leur emplacement, de leurs performances et de leurs fonctionnalit\u00e9s de confidentialit\u00e9.<\/p>\n\n\n\n<p><strong><mark style=\"background-color:rgba(0, 0, 0, 0)\" class=\"has-inline-color has-luminous-vivid-orange-color\">Adresse IP<\/mark><\/strong>: Le num\u00e9ro sp\u00e9cifique utilis\u00e9 pour identifier chaque serveur proxy en ligne.<\/p>\n\n\n\n<p><strong><mark style=\"background-color:rgba(0, 0, 0, 0)\" class=\"has-inline-color has-luminous-vivid-orange-color\">Port<\/mark><\/strong>: Le num\u00e9ro du point d&#039;acc\u00e8s pour se connecter au serveur proxy.<\/p>\n\n\n\n<p><strong><mark style=\"background-color:rgba(0, 0, 0, 0)\" class=\"has-inline-color has-luminous-vivid-orange-color\">Protocoles<\/mark><\/strong>: Les types de connexions prises en charge.<\/p>\n\n\n\n<div class=\"wp-block-group is-vertical is-content-justification-left is-layout-flex wp-container-core-group-is-layout-c0ca7d81 wp-block-group-is-layout-flex\">\n<ul class=\"wp-block-list\">\n<li><strong><mark style=\"background-color:rgba(0, 0, 0, 0)\" class=\"has-inline-color has-vivid-cyan-blue-color\">HTTP<\/mark><\/strong>: Le protocole standard pour transf\u00e9rer des pages Web et des donn\u00e9es sur Internet. Il n\u2019est pas crypt\u00e9, ce qui le rend moins s\u00e9curis\u00e9 pour les informations sensibles.<\/li>\n\n\n\n<li><strong><mark style=\"background-color:rgba(0, 0, 0, 0)\" class=\"has-inline-color has-vivid-cyan-blue-color\">HTTPS<\/mark><\/strong>: Une extension de HTTP qui utilise le cryptage (SSL\/TLS) pour s\u00e9curiser la transmission des donn\u00e9es. Il est largement utilis\u00e9 pour s\u00e9curiser les communications sur le Web.<\/li>\n\n\n\n<li><strong><mark style=\"background-color:rgba(0, 0, 0, 0)\" class=\"has-inline-color has-vivid-cyan-blue-color\">SOCKS4<\/mark><\/strong>: Un protocole proxy qui relaie les paquets de donn\u00e9es entre le client et le serveur \u00e0 l&#039;aide de TCP. Il ne prend pas en charge l&#039;authentification ou UDP.<\/li>\n\n\n\n<li><strong><mark style=\"background-color:rgba(0, 0, 0, 0)\" class=\"has-inline-color has-vivid-cyan-blue-color\">SOCKS5<\/mark><\/strong>: Une version am\u00e9lior\u00e9e de SOCKS4, prenant en charge les requ\u00eates d&#039;authentification, UDP et DNS via le proxy, offrant plus de flexibilit\u00e9 et de s\u00e9curit\u00e9.<\/li>\n<\/ul>\n<\/div>\n\n\n\n<p><strong><mark style=\"background-color:rgba(0, 0, 0, 0)\" class=\"has-inline-color has-luminous-vivid-orange-color\">Anonymat<\/mark><\/strong>: Dans quelle mesure le proxy cache-t-il votre adresse IP, de bas en haut.<\/p>\n\n\n\n<ul class=\"wp-block-list\">\n<li><mark style=\"background-color:rgba(0, 0, 0, 0)\" class=\"has-inline-color has-vivid-cyan-blue-color\"><strong>Inconnu<\/strong><\/mark>: Le niveau d&#039;anonymat n&#039;est pas sp\u00e9cifi\u00e9, les fonctionnalit\u00e9s de confidentialit\u00e9 ne sont donc pas claires.<\/li>\n\n\n\n<li><mark style=\"background-color:rgba(0, 0, 0, 0)\" class=\"has-inline-color has-vivid-cyan-blue-color\"><strong>Transparent<\/strong><\/mark>: R\u00e9v\u00e8le votre adresse IP et s&#039;identifie comme proxy.<\/li>\n\n\n\n<li><strong><mark style=\"background-color:rgba(0, 0, 0, 0)\" class=\"has-inline-color has-vivid-cyan-blue-color\">Anonyme<\/mark><\/strong>: Cache votre adresse IP mais s&#039;identifie en tant que proxy.<\/li>\n\n\n\n<li><strong><mark style=\"background-color:rgba(0, 0, 0, 0)\" class=\"has-inline-color has-vivid-cyan-blue-color\">\u00c9lite<\/mark><\/strong>: Cache votre adresse IP et ne s&#039;identifie pas comme proxy, offrant le plus haut niveau de confidentialit\u00e9.<\/li>\n<\/ul>\n\n\n\n<div class=\"wp-block-group\"><div class=\"wp-block-group__inner-container is-layout-constrained wp-block-group-is-layout-constrained\">\n<p><strong><mark style=\"background-color:rgba(0, 0, 0, 0)\" class=\"has-inline-color has-luminous-vivid-orange-color\">Ville du pays<\/mark><\/strong>: L&#039;emplacement o\u00f9 est bas\u00e9 le serveur proxy.<\/p>\n\n\n\n<p><strong><mark style=\"background-color:rgba(0, 0, 0, 0)\" class=\"has-inline-color has-luminous-vivid-orange-color\">FAI<\/mark><\/strong>: La soci\u00e9t\u00e9 fournissant la connexion internet du proxy.<\/p>\n\n\n\n<p><strong><mark style=\"background-color:rgba(0, 0, 0, 0)\" class=\"has-inline-color has-luminous-vivid-orange-color\">Latence<\/mark><\/strong>: mesure la vitesse \u00e0 laquelle le proxy envoie des donn\u00e9es dans les deux sens, exprim\u00e9e en millisecondes (ms). Plus cette valeur est faible, plus le proxy est pr\u00e9f\u00e9rable, car il indique des temps de r\u00e9ponse plus rapides.<\/p>\n\n\n\n<p><strong><mark style=\"background-color:rgba(0, 0, 0, 0)\" class=\"has-inline-color has-luminous-vivid-orange-color\">Temps de disponibilit\u00e9<\/mark><\/strong>: Indique la fiabilit\u00e9 du proxy, exprim\u00e9e en pourcentage de temps pendant lequel il est actif. Lors des v\u00e9rifications de proxy, nous envoyons plusieurs requ\u00eates au proxy. Une disponibilit\u00e9 de 100% signifie que le proxy \u00e9tait disponible pour chaque requ\u00eate, tandis que 50% signifie qu&#039;il n&#039;\u00e9tait disponible que la moiti\u00e9 du temps. Plus la valeur est \u00e9lev\u00e9e, plus le proxy est fiable.<\/p>\n\n\n\n<p><strong><mark style=\"background-color:rgba(0, 0, 0, 0)\" class=\"has-inline-color has-luminous-vivid-orange-color\">Derni\u00e8re v\u00e9rification<\/mark><\/strong>: La date et l&#039;heure les plus r\u00e9centes auxquelles le proxy a \u00e9t\u00e9 test\u00e9 pour garantir son bon fonctionnement.<\/p>\n\n\n\n<h2 class=\"wp-block-heading\">Consultez les serveurs proxy gratuits par r\u00e9gion<\/h2>\n\n\n\n<p>Le tableau complet inclut des serveurs proxy de nombreux pays. Si vous souhaitez une liste plus restreinte, ouvrez une page r\u00e9gionale au lieu de filtrer manuellement le tableau global\u00a0: <br><br><a href=\"https:\/\/proxycompass.com\/free-proxies\/europe\/\">L&#039;Europe \uf0d7<\/a>, <a href=\"https:\/\/proxycompass.com\/free-proxies\/asia\/\">Asie<\/a>, <a href=\"https:\/\/proxycompass.com\/free-proxies\/africa\/\">Afrique<\/a>, <a href=\"https:\/\/proxycompass.com\/free-proxies\/north-america\/\">Am\u00e9rique du Nord<\/a>, <a href=\"https:\/\/proxycompass.com\/free-proxies\/south-america\/\">Am\u00e9rique du Sud<\/a>, ou <a href=\"https:\/\/proxycompass.com\/free-proxies\/oceania\/\">Oc\u00e9anie<\/a>.<\/p>\n\n\n\n<p>Chaque page r\u00e9gionale affiche les proxys de cette partie du monde et vous permet de passer d&#039;une liste g\u00e9n\u00e9rale \u00e0 une liste de pays plus sp\u00e9cifique lorsque des pages de pays sont disponibles.<\/p>\n<\/div><\/div>\n\n\n\n<h2 class=\"wp-block-heading\">Proxies gratuits via Telegram<\/h2>\n\n\n\n<p>Obtenez les 100 proxys les plus rapides, mis \u00e0 jour toutes les 3 heures. Rejoignez notre cha\u00eene sur Telegram et recevez des proxys r\u00e9cents et fiables directement sur votre appareil, sans tracas.<\/p>\n\n\n\n<p>Cha\u00eene Telegram\u00a0: <a href=\"https:\/\/t.me\/freeproxieshub\">@FreeProxiesHub<\/a><\/p>\n\n\n\n<p><\/p>","protected":false},"excerpt":{"rendered":"<p>Free Proxy List: What Each Term Means Here&#8217;s a quick guide to the most important terms you&#8217;ll find in our free proxy list. Understanding these terms will help you choose the right proxies based on their location, performance, and privacy features. IP Address: The specific number used to identify each proxy server online. Port: The [&hellip;]<\/p>\n","protected":false},"author":1,"featured_media":0,"parent":0,"menu_order":0,"comment_status":"closed","ping_status":"closed","template":"page-free-proxy-list.php","meta":{"_acf_changed":false,"inline_featured_image":false,"footnotes":""},"class_list":["post-455912","page","type-page","status-publish","hentry"],"acf":[],"_links":{"self":[{"href":"https:\/\/proxycompass.com\/fr\/wp-json\/wp\/v2\/pages\/455912","targetHints":{"allow":["GET"]}}],"collection":[{"href":"https:\/\/proxycompass.com\/fr\/wp-json\/wp\/v2\/pages"}],"about":[{"href":"https:\/\/proxycompass.com\/fr\/wp-json\/wp\/v2\/types\/page"}],"author":[{"embeddable":true,"href":"https:\/\/proxycompass.com\/fr\/wp-json\/wp\/v2\/users\/1"}],"replies":[{"embeddable":true,"href":"https:\/\/proxycompass.com\/fr\/wp-json\/wp\/v2\/comments?post=455912"}],"version-history":[{"count":22,"href":"https:\/\/proxycompass.com\/fr\/wp-json\/wp\/v2\/pages\/455912\/revisions"}],"predecessor-version":[{"id":471584,"href":"https:\/\/proxycompass.com\/fr\/wp-json\/wp\/v2\/pages\/455912\/revisions\/471584"}],"wp:attachment":[{"href":"https:\/\/proxycompass.com\/fr\/wp-json\/wp\/v2\/media?parent=455912"}],"curies":[{"name":"wp","href":"https:\/\/api.w.org\/{rel}","templated":true}]}}