{"id":460491,"date":"2023-05-27T06:06:14","date_gmt":"2023-05-27T06:06:14","guid":{"rendered":"https:\/\/proxycompass.com\/?page_id=460491"},"modified":"2024-09-17T12:40:24","modified_gmt":"2024-09-17T12:40:24","slug":"privacy-policy","status":"publish","type":"page","link":"https:\/\/proxycompass.com\/fr\/privacy-policy\/","title":{"rendered":"politique de confidentialit\u00e9"},"content":{"rendered":"<h2 class=\"wp-block-heading\">politique de confidentialit\u00e9<\/h2>\n\n\n\n<p><br><br>Pour nous, les \u00ab\u00a0informations personnelles\u00a0\u00bb d\u00e9signent les informations qui vous identifient directement (comme votre nom, votre adresse e-mail ou vos informations de facturation) ou qui peuvent \u00eatre raisonnablement li\u00e9es ou combin\u00e9es pour vous identifier (comme un num\u00e9ro d&#039;identification de compte ou une adresse IP). Nous vous dirons toujours quelles informations personnelles nous collectons aupr\u00e8s de vous. Consultez l&#039;avis de confidentialit\u00e9 de chaque produit pour plus de d\u00e9tails sp\u00e9cifiques.<\/p>\n\n\n\n<p>Toute information qui n\u2019entre pas dans ce cadre est une \u00ab information non personnelle \u00bb.<\/p>\n\n\n\n<p>Si nous stockons vos informations personnelles avec des informations non personnelles, nous consid\u00e9rerons la combinaison comme des informations personnelles. Si nous supprimons toutes les informations personnelles d\u2019un ensemble de donn\u00e9es, le reste constitue des informations non personnelles.<\/p>\n\n\n\n<p><strong>Comment obtenons-nous des informations sur vous ?<\/strong><\/p>\n\n\n\n<p>Nous obtenons des informations vous concernant lorsque\u00a0:<\/p>\n\n\n\n<ul class=\"wp-block-list\">\n<li>vous nous les fournissez directement (par exemple, lorsque vous choisissez de nous envoyer des rapports d&#039;erreur)\u00a0;<\/li>\n\n\n\n<li>nous les collectons automatiquement via nos produits et services ;<\/li>\n\n\n\n<li>lorsque nous essayons de mieux vous conna\u00eetre sur la base des informations que vous nous avez fournies (par exemple, lorsque nous utilisons votre adresse IP pour personnaliser la langue de certains de nos services).<\/li>\n<\/ul>\n\n\n\n<p><strong>Que faisons-nous de vos informations une fois que nous les avons ?<\/strong><\/p>\n\n\n\n<p>Lorsque vous nous fournissez des informations, nous les utiliserons de la mani\u00e8re pour laquelle vous nous avez donn\u00e9 votre autorisation. En g\u00e9n\u00e9ral, nous utilisons vos informations pour nous aider \u00e0 fournir et \u00e0 am\u00e9liorer nos produits et services pour vous.<\/p>\n\n\n\n<p><strong>Quand partageons-nous vos informations avec d\u2019autres ?<\/strong><\/p>\n\n\n\n<ul class=\"wp-block-list\">\n<li>Quand la loi l&#039;exige. Nous respectons la loi chaque fois que nous recevons des demandes vous concernant de la part d&#039;un gouvernement ou li\u00e9es \u00e0 un proc\u00e8s. Nous vous informerons lorsqu&#039;il nous sera demand\u00e9 de transmettre vos informations personnelles de cette mani\u00e8re, \u00e0 moins que la loi ne nous interdise de le faire. Lorsque nous recevons des demandes de ce type, nous ne divulguerons vos informations personnelles que si nous pensons de bonne foi que la loi nous y oblige. Rien dans cette politique n&#039;est destin\u00e9 \u00e0 limiter les d\u00e9fenses juridiques ou les objections que vous pourriez avoir \u00e0 un<\/li>\n\n\n\n<li>Lorsque nous pensons qu\u2019il est n\u00e9cessaire d\u2019\u00e9viter tout pr\u00e9judice \u00e0 vous ou \u00e0 quelqu\u2019un d\u2019autre. Nous ne partagerons vos informations de cette mani\u00e8re que si nous pensons de bonne foi que cela est raisonnablement n\u00e9cessaire pour prot\u00e9ger vos droits, votre propri\u00e9t\u00e9 ou votre s\u00e9curit\u00e9, celle de nos autres utilisateurs ou du public.<\/li>\n<\/ul>\n\n\n\n<p><strong>Comment stockons-nous et prot\u00e9geons-nous vos informations personnelles ?<\/strong><\/p>\n\n\n\n<p>Nous nous engageons \u00e0 prot\u00e9ger vos informations personnelles une fois que nous les avons. Nous mettons en \u0153uvre des mesures de s\u00e9curit\u00e9 physiques, commerciales et techniques. Malgr\u00e9 nos efforts, si nous avons connaissance d&#039;une faille de s\u00e9curit\u00e9, nous vous en informerons afin que vous puissiez prendre les mesures de protection appropri\u00e9es.<\/p>\n\n\n\n<p>Nous ne voulons pas non plus que vos informations personnelles soient conserv\u00e9es plus longtemps que n\u00e9cessaire, c&#039;est pourquoi nous ne les conservons que le temps n\u00e9cessaire pour faire ce pour quoi nous les avons collect\u00e9es. Une fois que nous n\u2019en avons plus besoin, nous prenons des mesures pour le d\u00e9truire, \u00e0 moins que la loi ne nous oblige \u00e0 le conserver plus longtemps.<\/p>\n\n\n\n<p><strong>Que se passe-t-il si nous modifions cette politique de confidentialit\u00e9 ou l&#039;un de nos avis de confidentialit\u00e9\u00a0?<\/strong><\/p>\n\n\n\n<p>Nous devrons peut-\u00eatre modifier cette politique et nos avis. Les mises \u00e0 jour seront publi\u00e9es en ligne. Si les changements sont substantiels, nous annoncerons la mise \u00e0 jour via les canaux habituels de \u00ab ProxyCompass \u00bb pour de telles annonces, tels que les articles de blog et les forums. Votre utilisation continue du produit ou du service apr\u00e8s la date d&#039;entr\u00e9e en vigueur de ces modifications constitue votre acceptation de ces modifications. Pour rendre votre examen plus pratique, nous publierons une date d&#039;entr\u00e9e en vigueur en haut de la page.<\/p>","protected":false},"excerpt":{"rendered":"<p>Privacy Policy For us, \u201cpersonal information\u201d means information which either directly identifies you (like your name, email address, or billing information) or can be reasonably linked or combined to identify you (like an account identification number or IP address). We\u2019ll always tell you what personal information we\u2019re collecting from you. See each product\u2019s Privacy Notice [&hellip;]<\/p>\n","protected":false},"author":1,"featured_media":0,"parent":0,"menu_order":0,"comment_status":"closed","ping_status":"closed","template":"","meta":{"_acf_changed":false,"inline_featured_image":false,"footnotes":""},"class_list":["post-460491","page","type-page","status-publish","hentry"],"acf":[],"_links":{"self":[{"href":"https:\/\/proxycompass.com\/fr\/wp-json\/wp\/v2\/pages\/460491","targetHints":{"allow":["GET"]}}],"collection":[{"href":"https:\/\/proxycompass.com\/fr\/wp-json\/wp\/v2\/pages"}],"about":[{"href":"https:\/\/proxycompass.com\/fr\/wp-json\/wp\/v2\/types\/page"}],"author":[{"embeddable":true,"href":"https:\/\/proxycompass.com\/fr\/wp-json\/wp\/v2\/users\/1"}],"replies":[{"embeddable":true,"href":"https:\/\/proxycompass.com\/fr\/wp-json\/wp\/v2\/comments?post=460491"}],"version-history":[{"count":1,"href":"https:\/\/proxycompass.com\/fr\/wp-json\/wp\/v2\/pages\/460491\/revisions"}],"predecessor-version":[{"id":471214,"href":"https:\/\/proxycompass.com\/fr\/wp-json\/wp\/v2\/pages\/460491\/revisions\/471214"}],"wp:attachment":[{"href":"https:\/\/proxycompass.com\/fr\/wp-json\/wp\/v2\/media?parent=460491"}],"curies":[{"name":"wp","href":"https:\/\/api.w.org\/{rel}","templated":true}]}}