{"id":460509,"date":"2023-05-27T06:40:23","date_gmt":"2023-05-27T06:40:23","guid":{"rendered":"https:\/\/proxycompass.com\/?page_id=460509"},"modified":"2025-01-27T11:15:20","modified_gmt":"2025-01-27T11:15:20","slug":"terms-of-service","status":"publish","type":"page","link":"https:\/\/proxycompass.com\/fr\/terms-of-service\/","title":{"rendered":"Conditions d&#039;utilisation"},"content":{"rendered":"<div class=\"wp-block-rank-math-toc-block\" id=\"rank-math-toc\"><nav><ul><li class=\"\"><a href=\"#1-eligibility\">1. \u00c9ligibilit\u00e9<\/a><\/li><li class=\"\"><a href=\"#2-service-rules\">2. R\u00e8gles de service<\/a><ul><li class=\"\"><a href=\"#2-1-fee-for-processing-complaints\">2.1 Frais de traitement des plaintes<\/a><\/li><\/ul><\/li><li class=\"\"><a href=\"#3-refund-policy\">3. Politique de remboursement<\/a><\/li><li class=\"\"><a href=\"#4-user-accounts\">4. Comptes d&#039;utilisateurs<\/a><\/li><li class=\"\"><a href=\"#5-acceptable-use\">5. Utilisation acceptable<\/a><\/li><li class=\"\"><a href=\"#6-privacy\">6. Confidentialit\u00e9<\/a><\/li><li class=\"\"><a href=\"#7-intellectual-property-rights\">7. Droits de propri\u00e9t\u00e9 intellectuelle<\/a><\/li><li class=\"\"><a href=\"#8-changes-to-terms\">8. Modifications des conditions<\/a><\/li><li class=\"\"><a href=\"#9-termination\">9. R\u00e9siliation<\/a><\/li><li class=\"\"><a href=\"#10-governing-law\">10. Loi applicable<\/a><\/li><li class=\"\"><a href=\"#11-contact\">11. Contacter<\/a><\/li><li class=\"\"><a href=\"#financial-information\">12. Informations financi\u00e8res<\/a><\/li><\/ul><\/nav><\/div>\n\n\n\n<p>Bienvenue sur ProxyCompass\u00a0! Les pr\u00e9sentes conditions d&#039;utilisation (\u00ab Conditions \u00bb) r\u00e9gissent votre acc\u00e8s et votre utilisation de ProxyCompass et de tout logiciel, service et documentation connexe que nous fournissons (collectivement, les \u00ab Services \u00bb). En utilisant nos Services, vous confirmez que vous avez lu, compris et accept\u00e9 ces Conditions. Si vous n&#039;\u00eates pas d&#039;accord avec une partie de ces Conditions, veuillez vous abstenir d&#039;utiliser nos Services.<\/p>\n\n\n\n<h2 class=\"wp-block-heading\" id=\"1-eligibility\"><strong>1. \u00c9ligibilit\u00e9<\/strong><\/h2>\n\n\n\n<p>Pour utiliser nos services, vous devez avoir au moins 18 ans et \u00eatre capable de conclure un contrat juridiquement contraignant avec ProxyCompass. En utilisant nos Services, vous affirmez r\u00e9pondre \u00e0 ces crit\u00e8res.<\/p>\n\n\n\n<h2 class=\"wp-block-heading\" id=\"2-service-rules\"><strong>2. R\u00e8gles de service<\/strong><\/h2>\n\n\n\n<p>Lorsque vous utilisez le Service, vous acceptez de ne pas\u00a0:<\/p>\n\n\n\n<p><br>\u2013 Copiez ou partagez publiquement toute partie du Service.<br>\u2013 Envoyez du spam ou des e-mails non sollicit\u00e9s.<br>\u2013 Interf\u00e9rer avec la s\u00e9curit\u00e9 ou l\u2019int\u00e9grit\u00e9 du syst\u00e8me du Service.<br>\u2013 Surcharger notre infrastructure de mani\u00e8re d\u00e9raisonnable.<br>\u2013 T\u00e9l\u00e9chargez des logiciels nuisibles via le Service.<br>\u2013 R\u00e9colter des informations personnelles du Service.<br>\u2013 Usurper l\u2019identit\u00e9 d\u2019autrui ou commettre une fraude.<br>\u2013 Perturber le fonctionnement du Service.<br>\u2013 Utiliser des moyens non autoris\u00e9s pour acc\u00e9der au contenu du Service.<br>\u2013 Contourner toute restriction d\u2019acc\u00e8s au Service.<br>\u2013 Revendre ou redistribuer le Service sans accord.<br>\u2013 Participer \u00e0 des failles de s\u00e9curit\u00e9 ou \u00e0 des perturbations des communications Internet.<br>\u2013 Utiliser le Service pour des activit\u00e9s ill\u00e9gales ou en violation des droits de tiers.<br>\u2013 Utilisez le Service pour des attaques par force brute.<\/p>\n\n\n\n<h3 class=\"wp-block-heading\" id=\"2-1-fee-for-processing-complaints\">2.1 Frais de traitement des plaintes<\/h3>\n\n\n\n<p>\u00c0 compter du 2 avril 2024, nous mettrons en \u0153uvre des frais $30 pour chaque enqu\u00eate de plainte en raison de l&#039;augmentation des demandes administratives et d&#039;enqu\u00eate. Ces frais couvrent les frais d&#039;enqu\u00eate et n&#039;annulent pas les violations des r\u00e8gles.<\/p>\n\n\n\n<p>D\u00e8s r\u00e9ception d&#039;une plainte, nous enqu\u00eaterons de mani\u00e8re approfondie, informons le client et lui permettons de r\u00e9pondre.<\/p>\n\n\n\n<p>Apr\u00e8s enqu\u00eate, nous \u00e9mettrons une facture. Le service reprend apr\u00e8s paiement dans un d\u00e9lai de 3 jours, en supposant qu&#039;il n&#039;y ait aucun conflit de r\u00e8gles.<\/p>\n\n\n\n<p>En cas de violations graves ou r\u00e9p\u00e9t\u00e9es, nous pouvons interrompre les services sans remboursement, en insistant sur le strict respect de nos conditions d&#039;utilisation par souci d&#039;\u00e9quit\u00e9.<\/p>\n\n\n\n<p>Des dispenses de frais peuvent s&#039;appliquer si les clients pr\u00e9viennent de mani\u00e8re proactive de futurs probl\u00e8mes, \u00e0 notre discr\u00e9tion.<\/p>\n\n\n\n<h2 class=\"wp-block-heading\" id=\"3-refund-policy\"><strong>3. Politique de remboursement<\/strong><\/h2>\n\n\n\n<p>ProxyCompass offre une garantie de remboursement de 24 heures \u00e0 compter de l&#039;achat. Ce remboursement sera trait\u00e9 de la m\u00eame mani\u00e8re que le mode de paiement initial. Afin d&#039;initier un remboursement, veuillez contacter notre \u00e9quipe du service client.<\/p>\n\n\n\n<p>Attention, nous surveillons avec diligence le nombre de demandes de remboursement. En cas de demandes de remboursement excessives, notamment plus de trois au cours d&#039;un m\u00eame mois, ProxyCompass se r\u00e9serve le droit de refuser la demande de remboursement.<\/p>\n\n\n\n<p>Au-del\u00e0 du d\u00e9lai de 24 heures, les clients peuvent annuler leur commande. Les remboursements dans ces circonstances seront fournis sous forme de cr\u00e9dit pour les fonds inutilis\u00e9s sur votre solde interne. Les annulations de commande sont autoris\u00e9es une fois tous les trois jours. Cette option est accessible dans votre panneau personnel.<\/p>\n\n\n\n<p>Si, pour une raison quelconque, vous n&#039;\u00eates pas satisfait des proxys que vous avez achet\u00e9s, nous vous encourageons \u00e0 contacter notre \u00e9quipe d&#039;assistance technique pour traiter votre remboursement.<\/p>\n\n\n\n<p>En achetant un produit ou un service aupr\u00e8s de ProxyCompass, vous acceptez les conditions \u00e9nonc\u00e9es dans la pr\u00e9sente politique de remboursement.<\/p>\n\n\n\n<h2 class=\"wp-block-heading\" id=\"4-user-accounts\"><strong>4. Comptes d&#039;utilisateurs<\/strong><\/h2>\n\n\n\n<p>Vous devrez peut-\u00eatre cr\u00e9er un compte pour acc\u00e9der \u00e0 certaines fonctionnalit\u00e9s ou fonctions de nos Services. Vous \u00eates responsable du maintien de la confidentialit\u00e9 du mot de passe de votre compte et de toutes les activit\u00e9s associ\u00e9es \u00e0 votre compte. ProxyCompass n&#039;est pas responsable de toute perte ou dommage r\u00e9sultant de votre incapacit\u00e9 \u00e0 prot\u00e9ger votre compte.<\/p>\n\n\n\n<h2 class=\"wp-block-heading\" id=\"5-acceptable-use\"><strong>5. Utilisation acceptable<\/strong><\/h2>\n\n\n\n<p>Vous acceptez d&#039;utiliser nos Services l\u00e9galement et de ne violer aucune loi, r\u00e9glementation ou droit d&#039;autrui lors de l&#039;utilisation de nos Services. Il vous est express\u00e9ment interdit d&#039;utiliser nos services \u00e0 des fins illicites ou non autoris\u00e9es, y compris, mais sans s&#039;y limiter, la fraude, le harc\u00e8lement ou la distribution de logiciels malveillants ou d&#039;autres codes nuisibles.<\/p>\n\n\n\n<h2 class=\"wp-block-heading\" id=\"6-privacy\"><strong>6. Confidentialit\u00e9<\/strong><\/h2>\n\n\n\n<p>Votre vie priv\u00e9e est importante pour nous. Veuillez vous r\u00e9f\u00e9rer \u00e0 notre <a href=\"https:\/\/proxycompass.com\/fr\/privacy-policy\/\" data-type=\"URL\" data-id=\"https:\/\/proxycompass.com\/privacy-policy\/\">Politique de confidentialit\u00e9<\/a>y pour obtenir des informations sur la mani\u00e8re dont nous collectons, utilisons et divulguons vos informations personnelles.<\/p>\n\n\n\n<h2 class=\"wp-block-heading\" id=\"7-intellectual-property-rights\"><strong>7. Droits de propri\u00e9t\u00e9 intellectuelle<\/strong><\/h2>\n\n\n\n<p>Tous les droits, titres et int\u00e9r\u00eats relatifs \u00e0 nos Services, y compris tous droits de propri\u00e9t\u00e9 intellectuelle, sont et resteront la propri\u00e9t\u00e9 exclusive de ProxyCompass et de ses conc\u00e9dants de licence.<\/p>\n\n\n\n<h2 class=\"wp-block-heading\" id=\"8-changes-to-terms\"><strong>8. Modifications des conditions<\/strong><\/h2>\n\n\n\n<p>Nous pouvons mettre \u00e0 jour ces conditions de temps \u00e0 autre. Lorsque nous apporterons des modifications, nous rendrons les conditions mises \u00e0 jour disponibles sur notre site Web et mettrons \u00e0 jour la date de \u00ab Derni\u00e8re mise \u00e0 jour \u00bb. En continuant \u00e0 utiliser nos services apr\u00e8s l&#039;entr\u00e9e en vigueur de ces modifications, vous acceptez d&#039;\u00eatre li\u00e9 par les conditions mises \u00e0 jour.<\/p>\n\n\n\n<h2 class=\"wp-block-heading\" id=\"9-termination\"><strong>9. R\u00e9siliation<\/strong><\/h2>\n\n\n\n<p>Nous nous r\u00e9servons le droit, sans pr\u00e9avis et \u00e0 notre seule discr\u00e9tion, de mettre fin \u00e0 votre droit d&#039;acc\u00e8s ou d&#039;utilisation de nos Services, et de bloquer ou d&#039;emp\u00eacher votre acc\u00e8s et votre utilisation futurs de nos Services.<\/p>\n\n\n\n<h2 class=\"wp-block-heading\" id=\"10-governing-law\"><strong>10. Loi applicable<\/strong><\/h2>\n\n\n\n<p>Les pr\u00e9sentes Conditions et toute action li\u00e9e \u00e0 ces Conditions seront r\u00e9gies par les lois de la juridiction dans laquelle ProxyCompass est bas\u00e9, sans \u00e9gard \u00e0 ses principes de conflit de lois.<\/p>\n\n\n\n<h2 class=\"wp-block-heading\" id=\"11-contact\"><strong>11. Contacter<\/strong><\/h2>\n\n\n\n<p>Si vous avez des questions sur ces conditions, veuillez <a href=\"https:\/\/proxycompass.com\/fr\/account\/contact.php\/\">Contactez-nous<\/a>.<\/p>\n\n\n\n<h2 class=\"wp-block-heading\" id=\"financial-information\">12. <strong>Informations financi\u00e8res<\/strong><\/h2>\n\n\n\n<p>ProxyCompass op\u00e8re avec des partenaires financiers dans plusieurs r\u00e9gions :<\/p>\n\n\n\n<ul class=\"wp-block-list\">\n<li><strong>Europe:<\/strong><br><strong>OU QualityNetwork<\/strong><br>Karu 14-8, Kesklinn, Tallinn,<br>District de Harju, 10120, Estonie<br><\/li>\n\n\n\n<li><strong>R\u00e9gion du Moyen-Orient :<\/strong><br><strong>R\u00e9seau Qualit\u00e9 Moyen-Orient FZE<\/strong><br>Centre d&#039;affaires Al Shmookh, un UAQ,<br>Zone franche d&#039;UAQ, Umm Al Quwain, \u00c9mirats arabes unis<br><\/li>\n\n\n\n<li><strong>\u00c9tats-Unis:<\/strong><br><strong>R\u00e9seau de qualit\u00e9 US LLC<\/strong><br>30, rue Gould Nord, Ste R,<br>Sheridan, WY 82801, \u00c9tats-Unis<br><\/li>\n\n\n\n<li><strong>R\u00e9gion Afrique :<\/strong><br><strong>Agence de r\u00e9seautage Jumwak Limited<\/strong><br>Makadara, Nairobi,<br>District de Makadara, Kenya<br><\/li>\n<\/ul>\n\n\n\n<p>Pour toute demande financi\u00e8re, veuillez contacter notre \u00e9quipe d&#039;assistance.<\/p>","protected":false},"excerpt":{"rendered":"<p>Welcome to ProxyCompass! These Terms of Service (&#8220;Terms&#8221;) govern your access and use of ProxyCompass and any related software, services, and documentation we provide (collectively, the &#8220;Services&#8221;). By using our Services, you confirm that you&#8217;ve read, understood, and agreed to these Terms. If you disagree with any part of these Terms, please refrain from using [&hellip;]<\/p>\n","protected":false},"author":1,"featured_media":0,"parent":0,"menu_order":0,"comment_status":"closed","ping_status":"closed","template":"","meta":{"_acf_changed":false,"inline_featured_image":false,"footnotes":""},"class_list":["post-460509","page","type-page","status-publish","hentry"],"acf":[],"_links":{"self":[{"href":"https:\/\/proxycompass.com\/fr\/wp-json\/wp\/v2\/pages\/460509","targetHints":{"allow":["GET"]}}],"collection":[{"href":"https:\/\/proxycompass.com\/fr\/wp-json\/wp\/v2\/pages"}],"about":[{"href":"https:\/\/proxycompass.com\/fr\/wp-json\/wp\/v2\/types\/page"}],"author":[{"embeddable":true,"href":"https:\/\/proxycompass.com\/fr\/wp-json\/wp\/v2\/users\/1"}],"replies":[{"embeddable":true,"href":"https:\/\/proxycompass.com\/fr\/wp-json\/wp\/v2\/comments?post=460509"}],"version-history":[{"count":12,"href":"https:\/\/proxycompass.com\/fr\/wp-json\/wp\/v2\/pages\/460509\/revisions"}],"predecessor-version":[{"id":471376,"href":"https:\/\/proxycompass.com\/fr\/wp-json\/wp\/v2\/pages\/460509\/revisions\/471376"}],"wp:attachment":[{"href":"https:\/\/proxycompass.com\/fr\/wp-json\/wp\/v2\/media?parent=460509"}],"curies":[{"name":"wp","href":"https:\/\/api.w.org\/{rel}","templated":true}]}}