{"id":466329,"date":"2024-02-29T17:48:03","date_gmt":"2024-02-29T17:48:03","guid":{"rendered":"https:\/\/proxycompass.com\/?page_id=466329"},"modified":"2024-10-26T14:03:33","modified_gmt":"2024-10-26T14:03:33","slug":"free-proxy-locations","status":"publish","type":"page","link":"https:\/\/proxycompass.com\/fr\/free-proxy-locations\/","title":{"rendered":"Proxies gratuites par emplacement"},"content":{"rendered":"<h2 class=\"wp-block-heading\">De nouveaux proxys toutes les 3 heures sur notre cha\u00eene Telegram\u00a0!<\/h2>\n\n\n\n<p>Nous avons une cha\u00eene Telegram o\u00f9 nous partageons une nouvelle liste des 100 meilleurs proxys toutes les 3 heures. Rejoignez-nous pour rester inform\u00e9 des nouveaux proxys gratuits 24 heures sur 24\u00a0!<\/p>\n\n\n\n<p>Rejoignez-nous ! <a href=\"https:\/\/t.me\/freeproxieshub\">@FreeProxiesHub<\/a><\/p>\n\n\n\n<p><\/p>","protected":false},"excerpt":{"rendered":"<p>Nouveaux proxys toutes les 3 heures sur notre cha\u00eene Telegram ! Nous avons une cha\u00eene Telegram o\u00f9 nous partageons une nouvelle liste des 100 meilleurs proxys toutes les 3 heures. Rejoignez-nous pour rester inform\u00e9 des nouveaux proxys gratuits 24 heures sur 24 ! Rejoignez-nous ! @FreeProxiesHub<\/p>","protected":false},"author":1,"featured_media":0,"parent":0,"menu_order":0,"comment_status":"closed","ping_status":"closed","template":"page-free-locations.php","meta":{"_acf_changed":false,"inline_featured_image":false,"footnotes":""},"class_list":["post-466329","page","type-page","status-publish","hentry"],"acf":[],"_links":{"self":[{"href":"https:\/\/proxycompass.com\/fr\/wp-json\/wp\/v2\/pages\/466329","targetHints":{"allow":["GET"]}}],"collection":[{"href":"https:\/\/proxycompass.com\/fr\/wp-json\/wp\/v2\/pages"}],"about":[{"href":"https:\/\/proxycompass.com\/fr\/wp-json\/wp\/v2\/types\/page"}],"author":[{"embeddable":true,"href":"https:\/\/proxycompass.com\/fr\/wp-json\/wp\/v2\/users\/1"}],"replies":[{"embeddable":true,"href":"https:\/\/proxycompass.com\/fr\/wp-json\/wp\/v2\/comments?post=466329"}],"version-history":[{"count":17,"href":"https:\/\/proxycompass.com\/fr\/wp-json\/wp\/v2\/pages\/466329\/revisions"}],"predecessor-version":[{"id":471289,"href":"https:\/\/proxycompass.com\/fr\/wp-json\/wp\/v2\/pages\/466329\/revisions\/471289"}],"wp:attachment":[{"href":"https:\/\/proxycompass.com\/fr\/wp-json\/wp\/v2\/media?parent=466329"}],"curies":[{"name":"wp","href":"https:\/\/api.w.org\/{rel}","templated":true}]}}