{"id":468355,"date":"2024-03-01T08:34:48","date_gmt":"2024-03-01T08:34:48","guid":{"rendered":"https:\/\/proxycompass.com\/?page_id=468355"},"modified":"2025-07-30T03:26:58","modified_gmt":"2025-07-30T03:26:58","slug":"proxy-checker","status":"publish","type":"page","link":"https:\/\/proxycompass.com\/fr\/proxy-checker\/","title":{"rendered":"V\u00e9rificateur de proxy en masse"},"content":{"rendered":"<p>Proxy Checker de ProxyCompass est un outil en ligne permettant de v\u00e9rifier et d&#039;analyser en masse les serveurs proxy. Il prend en charge divers types de proxy, notamment HTTP, HTTPS, SOCKS4 et SOCKS5.<\/p>\n\n\n\n<h3 class=\"wp-block-heading\">Principales caract\u00e9ristiques:<\/h3>\n\n\n\n<ul class=\"wp-block-list\">\n<li><strong>Prend en charge plusieurs protocoles<\/strong>: Capable de g\u00e9rer diff\u00e9rents protocoles proxy.<\/li>\n\n\n\n<li><strong>V\u00e9rification multithread<\/strong>: Permet la v\u00e9rification simultan\u00e9e de plusieurs proxys.<\/li>\n\n\n\n<li><strong>Anonymat et analyse des performances<\/strong>: \u00e9value le niveau d\u2019anonymat, la vitesse de connexion et la fiabilit\u00e9.<\/li>\n\n\n\n<li><strong>G\u00e9olocalisation et informations sur le FAI<\/strong>: Fournit des donn\u00e9es de localisation g\u00e9ographique et de FAI, provenant du\u00a0<a href=\"https:\/\/www.ripe.net\/\" target=\"_blank\" rel=\"noreferrer noopener\">Base de donn\u00e9es MUR<\/a>.<\/li>\n\n\n\n<li><strong>Rapports t\u00e9l\u00e9chargeables<\/strong>: Propose des r\u00e9sultats dans des formats accessibles.<\/li>\n\n\n\n<li><strong>R\u00e9sultats instantan\u00e9s et filtrage avanc\u00e9<\/strong>: affiche les r\u00e9sultats en temps r\u00e9el avec des options de filtrage.<\/li>\n\n\n\n<li><strong>Int\u00e9gration d&#039;API<\/strong>&nbsp;(En d\u00e9veloppement) : Cette fonctionnalit\u00e9 est actuellement en cours de d\u00e9veloppement et sera bient\u00f4t disponible. Cet outil est con\u00e7u pour ceux qui recherchent un moyen simple et efficace de v\u00e9rifier les serveurs proxy.<\/li>\n<\/ul>","protected":false},"excerpt":{"rendered":"<p>Proxy Checker de ProxyCompass est un outil en ligne permettant de v\u00e9rifier et d&#039;analyser en masse les serveurs proxy. Il prend en charge divers types de proxy, notamment HTTP, HTTPS, SOCKS4 et SOCKS5. Principales caract\u00e9ristiques :<\/p>","protected":false},"author":1,"featured_media":0,"parent":0,"menu_order":0,"comment_status":"closed","ping_status":"closed","template":"page-checker.php","meta":{"_acf_changed":false,"inline_featured_image":false,"footnotes":""},"class_list":["post-468355","page","type-page","status-publish","hentry"],"acf":[],"_links":{"self":[{"href":"https:\/\/proxycompass.com\/fr\/wp-json\/wp\/v2\/pages\/468355","targetHints":{"allow":["GET"]}}],"collection":[{"href":"https:\/\/proxycompass.com\/fr\/wp-json\/wp\/v2\/pages"}],"about":[{"href":"https:\/\/proxycompass.com\/fr\/wp-json\/wp\/v2\/types\/page"}],"author":[{"embeddable":true,"href":"https:\/\/proxycompass.com\/fr\/wp-json\/wp\/v2\/users\/1"}],"replies":[{"embeddable":true,"href":"https:\/\/proxycompass.com\/fr\/wp-json\/wp\/v2\/comments?post=468355"}],"version-history":[{"count":7,"href":"https:\/\/proxycompass.com\/fr\/wp-json\/wp\/v2\/pages\/468355\/revisions"}],"predecessor-version":[{"id":471441,"href":"https:\/\/proxycompass.com\/fr\/wp-json\/wp\/v2\/pages\/468355\/revisions\/471441"}],"wp:attachment":[{"href":"https:\/\/proxycompass.com\/fr\/wp-json\/wp\/v2\/media?parent=468355"}],"curies":[{"name":"wp","href":"https:\/\/api.w.org\/{rel}","templated":true}]}}