{"id":469452,"date":"2024-03-18T14:05:23","date_gmt":"2024-03-18T14:05:23","guid":{"rendered":"https:\/\/proxycompass.com\/?page_id=469452"},"modified":"2025-01-27T11:27:05","modified_gmt":"2025-01-27T11:27:05","slug":"about-us","status":"publish","type":"page","link":"https:\/\/proxycompass.com\/fr\/about-us\/","title":{"rendered":"\u00c0 propos de nous"},"content":{"rendered":"<hr class=\"wp-block-separator has-alpha-channel-opacity\"\/>\n\n\n\n<h2 class=\"wp-block-heading\"><strong>Bienvenue sur ProxyCompass<\/strong><\/h2>\n\n\n\n<p>Votre passerelle vers une qualit\u00e9 de service proxy et une innovation in\u00e9gal\u00e9es, \u00e9tablie dans le secteur des proxys depuis 2013. Nous sommes un leader dans le secteur des proxys, offrant une vaste s\u00e9lection d&#039;adresses IP pour r\u00e9pondre \u00e0 divers besoins en ligne. D\u00e9couvrez ce qui nous rend unique :<\/p>\n\n\n\n<hr class=\"wp-block-separator has-alpha-channel-opacity\"\/>\n\n\n\n<h2 class=\"wp-block-heading\"><strong>Solutions proxy innovantes<\/strong><\/h2>\n\n\n\n<p>ProxyCompass est plus qu&#039;un service\u00a0; c&#039;est une approche avant-gardiste de l&#039;anonymat et de la s\u00e9curit\u00e9 en ligne. Gr\u00e2ce \u00e0 notre vaste pool d\u2019adresses IP, les clients b\u00e9n\u00e9ficient d\u2019une confidentialit\u00e9 et d\u2019une flexibilit\u00e9 en ligne in\u00e9gal\u00e9es.<\/p>\n\n\n\n<hr class=\"wp-block-separator has-alpha-channel-opacity\"\/>\n\n\n\n<h2 class=\"wp-block-heading\"><strong>\u00c9quipe d&#039;experts<\/strong><\/h2>\n\n\n\n<p>Nos experts, issus d&#039;une riche exp\u00e9rience sur le march\u00e9 des proxys, se sont unis sous ProxyCompass pour fournir un service exceptionnel con\u00e7u pour les d\u00e9fis et les opportunit\u00e9s de l&#039;\u00e8re num\u00e9rique.<\/p>\n\n\n\n<hr class=\"wp-block-separator has-alpha-channel-opacity\"\/>\n\n\n\n<h2 class=\"wp-block-heading\"><strong>R\u00e9seau proxy mondial<\/strong><\/h2>\n\n\n\n<p>Nous disposons de plus de 100\u00a0000 serveurs proxy dans plus de 20 pays, tous situ\u00e9s dans des centres de donn\u00e9es de premier ordre pour offrir un service efficace \u00e0 une large client\u00e8le.<\/p>\n\n\n\n<ul class=\"wp-block-list\">\n<li><strong>Des pays:<\/strong> 20+<\/li>\n\n\n\n<li><strong>Serveurs proxy\u00a0:<\/strong> 100,000+<\/li>\n\n\n\n<li><strong>Centres de donn\u00e9es\u00a0:<\/strong> Classe mondiale<\/li>\n<\/ul>\n\n\n\n<hr class=\"wp-block-separator has-alpha-channel-opacity\"\/>\n\n\n\n<h2 class=\"wp-block-heading\"><strong>Diverses options de proxy<\/strong><\/h2>\n\n\n\n<p>Des proxys d\u00e9di\u00e9s aux proxys partag\u00e9s (limit\u00e9s \u00e0 2-3 utilisateurs par proxy), notre gamme s&#039;adapte \u00e0 diverses pr\u00e9f\u00e9rences et budgets, garantissant une exp\u00e9rience proxy sur mesure.<\/p>\n\n\n\n<hr class=\"wp-block-separator has-alpha-channel-opacity\"\/>\n\n\n\n<h2 class=\"wp-block-heading\"><strong>Avantages cl\u00e9s<\/strong><\/h2>\n\n\n\n<ul class=\"wp-block-list\">\n<li><strong>Fiabilit\u00e9:<\/strong> Des serveurs fiables pour des performances en ligne constantes.<\/li>\n\n\n\n<li><strong>R\u00e9sistance \u00e0 l&#039;interdiction\u00a0:<\/strong> Des algorithmes intelligents r\u00e9duisent le risque d\u2019interdiction d\u2019IP.<\/li>\n\n\n\n<li><strong>Vitesse:<\/strong> Profitez d\u2019une connexion Internet haut d\u00e9bit pour une navigation et une gestion des donn\u00e9es efficaces.<\/li>\n\n\n\n<li><strong>Temps de disponibilit\u00e9\u00a0:<\/strong> Nous garantissons une disponibilit\u00e9 de 99,9% pour un service ininterrompu.<\/li>\n\n\n\n<li><strong>Abordabilit\u00e9\u00a0:<\/strong> Prix comp\u00e9titifs \u00e0 partir de seulement 6 cents par IP.<\/li>\n<\/ul>\n\n\n\n<hr class=\"wp-block-separator has-alpha-channel-opacity\"\/>\n\n\n\n<h2 class=\"wp-block-heading\"><strong>Assistance client 24h\/24 et 7j\/7<\/strong><\/h2>\n\n\n\n<p>Notre \u00e9quipe d\u00e9di\u00e9e est toujours pr\u00eate \u00e0 r\u00e9pondre \u00e0 toutes vos questions ou besoins, garantissant ainsi une exp\u00e9rience ProxyCompass transparente.<\/p>\n\n\n\n<hr class=\"wp-block-separator has-alpha-channel-opacity\"\/>\n\n\n\n<h2 class=\"wp-block-heading\"><strong>Satisfaction garantie<\/strong><\/h2>\n\n\n\n<p>Pas satisfait? Nous offrons un remboursement complet dans les 24 heures suivant l&#039;achat car votre satisfaction est notre priorit\u00e9 absolue.<\/p>\n\n\n\n<hr class=\"wp-block-separator has-alpha-channel-opacity\"\/>\n\n\n\n<h2 class=\"wp-block-heading\"><strong>Rejoignez ProxyCompass d\u00e8s aujourd&#039;hui\u00a0!<\/strong><\/h2>\n\n\n\n<p>Adoptez une nouvelle norme en mati\u00e8re de solutions proxy s\u00e9curis\u00e9es et efficaces avec ProxyCompass. Am\u00e9liorez votre confidentialit\u00e9 et vos performances en ligne comme jamais auparavant.<\/p>\n\n\n\n<hr class=\"wp-block-separator has-alpha-channel-opacity\"\/>\n\n\n\n<h2 class=\"wp-block-heading\"><strong>Contactez-nous<\/strong><\/h2>\n\n\n\n<p>Nous accordons une grande importance \u00e0 la transparence et \u00e0 l&#039;accessibilit\u00e9. Pour toute demande concernant nos services, nos paiements ou notre assistance, n&#039;h\u00e9sitez pas \u00e0 contacter notre \u00e9quipe. Notre pr\u00e9sence mondiale garantit un service et une assistance client fluides dans plusieurs r\u00e9gions.<\/p>\n\n\n\n<h4 class=\"wp-block-heading\"><strong>Informations commerciales et financi\u00e8res<\/strong><\/h4>\n\n\n\n<p>ProxyCompass op\u00e8re via des partenaires financiers r\u00e9gionaux pour fournir des transactions s\u00e9curis\u00e9es et fiables dans le monde entier.<\/p>\n\n\n\n<ul class=\"wp-block-list\">\n<li><strong>Europe:<\/strong><br><strong>OU QualityNetwork<\/strong><br>Karu 14-8, Kesklinn, Tallinn,<br>District de Harju, 10120, Estonie<br><\/li>\n\n\n\n<li><strong>\u00c9tats-Unis:<\/strong><br><strong>R\u00e9seau de qualit\u00e9 US LLC<\/strong><br>30, rue Gould Nord, Ste R,<br>Sheridan, WY 82801, \u00c9tats-Unis<br><\/li>\n\n\n\n<li><strong>R\u00e9gion Afrique :<\/strong><br><strong>Agence de r\u00e9seautage Jumwak Limited<\/strong><br>Makadara, Nairobi,<br>District de Makadara, Kenya<br><\/li>\n\n\n\n<li><strong>R\u00e9gion du Moyen-Orient :<\/strong><br><strong>R\u00e9seau Qualit\u00e9 Moyen-Orient FZE<\/strong><br>Centre d&#039;affaires Al Shmookh, un UAQ,<br>Zone franche d&#039;UAQ, Umm Al Quwain, \u00c9mirats arabes unis<\/li>\n<\/ul>","protected":false},"excerpt":{"rendered":"<p>Welcome to ProxyCompass Your gateway to unmatched proxy service quality and innovation, established in the proxy industry since 2013. We stand as a leader in the proxy industry, offering a vast selection of IP addresses to meet diverse online needs. Discover what makes us unique: Innovative Proxy Solutions ProxyCompass is more than a service; it&#8217;s [&hellip;]<\/p>\n","protected":false},"author":1,"featured_media":0,"parent":0,"menu_order":0,"comment_status":"closed","ping_status":"closed","template":"","meta":{"_acf_changed":false,"inline_featured_image":false,"footnotes":""},"class_list":["post-469452","page","type-page","status-publish","hentry"],"acf":[],"_links":{"self":[{"href":"https:\/\/proxycompass.com\/fr\/wp-json\/wp\/v2\/pages\/469452","targetHints":{"allow":["GET"]}}],"collection":[{"href":"https:\/\/proxycompass.com\/fr\/wp-json\/wp\/v2\/pages"}],"about":[{"href":"https:\/\/proxycompass.com\/fr\/wp-json\/wp\/v2\/types\/page"}],"author":[{"embeddable":true,"href":"https:\/\/proxycompass.com\/fr\/wp-json\/wp\/v2\/users\/1"}],"replies":[{"embeddable":true,"href":"https:\/\/proxycompass.com\/fr\/wp-json\/wp\/v2\/comments?post=469452"}],"version-history":[{"count":11,"href":"https:\/\/proxycompass.com\/fr\/wp-json\/wp\/v2\/pages\/469452\/revisions"}],"predecessor-version":[{"id":471381,"href":"https:\/\/proxycompass.com\/fr\/wp-json\/wp\/v2\/pages\/469452\/revisions\/471381"}],"wp:attachment":[{"href":"https:\/\/proxycompass.com\/fr\/wp-json\/wp\/v2\/media?parent=469452"}],"curies":[{"name":"wp","href":"https:\/\/api.w.org\/{rel}","templated":true}]}}