{"id":469491,"date":"2024-04-20T10:57:09","date_gmt":"2024-04-20T10:57:09","guid":{"rendered":"https:\/\/proxycompass.com\/?page_id=469491"},"modified":"2026-02-21T06:14:07","modified_gmt":"2026-02-21T06:14:07","slug":"free-trial","status":"publish","type":"page","link":"https:\/\/proxycompass.com\/fr\/free-trial\/","title":{"rendered":"Obtenez un essai proxy gratuit pendant 1 heure"},"content":{"rendered":"<div class=\"wp-block-columns is-layout-flex wp-container-core-columns-is-layout-9d6595d7 wp-block-columns-is-layout-flex\">\n<div class=\"wp-block-column is-layout-flow wp-block-column-is-layout-flow\">\n<h2 class=\"wp-block-heading\">D\u00e9tails de l&#039;essai gratuit<\/h2>\n\n\n\n<ul class=\"wp-block-list\">\n<li>50 adresses IP proxy<\/li>\n\n\n\n<li>Centre de donn\u00e9es statique h\u00e9berg\u00e9<\/li>\n\n\n\n<li>Protocoles HTTP(S) et SOCKS4\/5<\/li>\n\n\n\n<li>Localisations en France<\/li>\n\n\n\n<li>Bande passante illimit\u00e9e<\/li>\n\n\n\n<li>Mandataires d&#039;\u00e9lite enti\u00e8rement anonymes<\/li>\n\n\n\n<li>Acc\u00e8s aux proxys en 5 minutes<\/li>\n\n\n\n<li>60 minutes de test<\/li>\n\n\n\n<li>Aucune obligation<\/li>\n\n\n\n<li>Aucune carte de cr\u00e9dit requise<\/li>\n\n\n\n<li>Passez \u00e0 un compte payant \u00e0 tout moment<\/li>\n<\/ul>\n\n\n\n<h2 class=\"wp-block-heading\">Que dois-tu faire ?<\/h2>\n\n\n\n<p>Pour essayer ces proxys, cliquez simplement sur le lien ci-dessous et terminez le processus d&#039;inscription rapide.<\/p>\n\n\n\n<p><a href=\"https:\/\/proxycompass.com\/account\/index.php?rp=\/store\/test-packages\/50-proxies-france-1-hour\" target=\"_blank\" rel=\"noreferrer noopener\">ESSAI GRATUIT DE PROXYS FRAN\u00c7AIS<\/a><\/p>\n\n\n\n<p>Besoin d&#039;aide pour activer votre forfait ? Lisez simplement notre <a href=\"https:\/\/proxycompass.com\/fr\/knowledge-base\/how-to-activate-a-proxy-package\/\" target=\"_blank\" rel=\"noreferrer noopener\">guide \u00e9tape par \u00e9tape<\/a>.<\/p>\n<\/div>\n\n\n\n<div class=\"wp-block-column is-layout-flow wp-block-column-is-layout-flow\">\n<figure class=\"wp-block-gallery has-nested-images columns-default is-cropped wp-block-gallery-1 is-layout-flex wp-block-gallery-is-layout-flex\">\n<figure class=\"wp-block-image size-full is-style-default\"><a href=\"https:\/\/proxycompass.com\/account\/index.php?rp=\/store\/test-packages\/50-proxies-france-1-hour\" target=\"_blank\" rel=\"noreferrer noopener\"><img decoding=\"async\" width=\"600\" height=\"600\" data-id=\"471247\" src=\"https:\/\/proxycompass.com\/wp-content\/uploads\/2026\/02\/trial-50-france.png\" alt=\"banni\u00e8re d&#039;essai de proxy gratuit\" class=\"wp-image-471247\" srcset=\"https:\/\/proxycompass.com\/wp-content\/uploads\/2026\/02\/trial-50-france.png 600w, https:\/\/proxycompass.com\/wp-content\/uploads\/2026\/02\/trial-50-france-150x150.png 150w, https:\/\/proxycompass.com\/wp-content\/uploads\/2026\/02\/trial-50-france-12x12.png 12w, https:\/\/proxycompass.com\/wp-content\/uploads\/2026\/02\/trial-50-france-24x24.png 24w, https:\/\/proxycompass.com\/wp-content\/uploads\/2026\/02\/trial-50-france-48x48.png 48w, https:\/\/proxycompass.com\/wp-content\/uploads\/2026\/02\/trial-50-france-96x96.png 96w, https:\/\/proxycompass.com\/wp-content\/uploads\/2026\/02\/trial-50-france-300x300.png 300w\" sizes=\"(max-width: 600px) 100vw, 600px\" \/><\/a><\/figure>\n<\/figure>\n<\/div>\n<\/div>\n\n\n\n<p>Besoin de plus de temps pour tester ? Allez ensuite au <a href=\"https:\/\/proxycompass.com\/fr\/prices\/\" data-type=\"link\" data-id=\"https:\/\/proxycompass.com\/prices\/\">page de tarification<\/a>, s\u00e9lectionnez le package proxy qui vous int\u00e9resse et testez-le sans risque pendant 24 heures. Si vous n&#039;\u00eates pas satisfait des r\u00e9sultats, faites-le-nous savoir via notre syst\u00e8me de billetterie. Nous vous rembourserons int\u00e9gralement.<\/p>\n\n\n\n<p><\/p>\n\n\n\n<h2 class=\"wp-block-heading\">Forfait serveur proxy gratuit<\/h2>\n\n\n\n<h3 class=\"wp-block-heading\">50 adresses IP proxy<\/h3>\n\n\n\n<p>Apr\u00e8s une inscription rapide et sans engagement, vous recevrez une liste de 50 adresses IP disponibles. Selon le logiciel dans lequel vous allez les utiliser, vous pouvez soit les utiliser tous en m\u00eame temps, soit les utiliser un par un via une API sp\u00e9ciale, qui tourne et donne de mani\u00e8re al\u00e9atoire les adresses IP des serveurs proxy.<\/p>\n\n\n\n<h3 class=\"wp-block-heading\">Proxy h\u00e9berg\u00e9s dans un centre de donn\u00e9es statique<\/h3>\n\n\n\n<p>Les serveurs proxy que vous obtenez pour le test sont statiques. Cela signifie que leurs adresses IP ne changent jamais, c&#039;est-\u00e0-dire qu&#039;elles restent toujours les m\u00eames. Physiquement, ces serveurs proxy sont situ\u00e9s dans diff\u00e9rents centres de donn\u00e9es aux \u00c9tats-Unis. Cela signifie qu&#039;ils sont toujours op\u00e9rationnels et que vous pouvez les utiliser \u00e0 toute heure du jour ou de la nuit.<\/p>\n\n\n\n<h3 class=\"wp-block-heading\">Protocoles HTTP(S) et SOCKS4\/5<\/h3>\n\n\n\n<p>Les serveurs proxy dont vous disposez prennent en charge tous les protocoles courants, c&#039;est-\u00e0-dire HTTP\/S, SOCKS4\/5 en m\u00eame temps.<\/p>\n\n\n\n<p>Dans le panneau utilisateur, vous pouvez t\u00e9l\u00e9charger votre liste de serveurs proxy dans n&#039;importe quel format dont vous avez besoin.<\/p>\n\n\n\n<h3 class=\"wp-block-heading\">Localisations en France<\/h3>\n\n\n\n<p>Ce pack de proxys gratuit comprend 50 adresses IP proxy de France. Le nombre exact de proxys provenant de villes sp\u00e9cifiques en France est d\u00e9termin\u00e9 al\u00e9atoirement.<\/p>\n\n\n\n<h3 class=\"wp-block-heading\">Bande passante illimit\u00e9e<\/h3>\n\n\n\n<p>Nous ne limitons pas la quantit\u00e9 de trafic utilis\u00e9e par nos clients pour le t\u00e9l\u00e9chargement et le chargement. Cela s\u2019applique aussi bien aux forfaits payants qu\u2019\u00e0 ce forfait gratuit.<\/p>\n\n\n\n<h3 class=\"wp-block-heading\">Proxies d&#039;\u00e9lite enti\u00e8rement anonymes<\/h3>\n\n\n\n<p>Ces serveurs proxy de test sont exactement les m\u00eames que nos serveurs proxy payants. Ils sont aussi anonymes que possible.<\/p>\n\n\n\n<h3 class=\"wp-block-heading\">Passez \u00e0 un compte payant \u00e0 tout moment<\/h3>\n\n\n\n<p>Une fois que vous avez test\u00e9 la compatibilit\u00e9 des serveurs proxy avec vos t\u00e2ches, vous pouvez choisir n&#039;importe quel package proxy qui r\u00e9pond \u00e0 vos besoins directement depuis le panneau utilisateur.<\/p>","protected":false},"excerpt":{"rendered":"<p>Free Trial Details What Do You Have to Do? To try these proxies, simply click on the link below and complete the quick registration process. GET FREE TRIAL Need help activating your package? Just read our step-by-step guide. Need more time to test? Then go to the pricing page, select the proxy package that interests [&hellip;]<\/p>\n","protected":false},"author":1,"featured_media":0,"parent":0,"menu_order":0,"comment_status":"closed","ping_status":"closed","template":"page-free-trial.php","meta":{"_acf_changed":false,"inline_featured_image":false,"footnotes":""},"class_list":["post-469491","page","type-page","status-publish","hentry"],"acf":[],"_links":{"self":[{"href":"https:\/\/proxycompass.com\/fr\/wp-json\/wp\/v2\/pages\/469491","targetHints":{"allow":["GET"]}}],"collection":[{"href":"https:\/\/proxycompass.com\/fr\/wp-json\/wp\/v2\/pages"}],"about":[{"href":"https:\/\/proxycompass.com\/fr\/wp-json\/wp\/v2\/types\/page"}],"author":[{"embeddable":true,"href":"https:\/\/proxycompass.com\/fr\/wp-json\/wp\/v2\/users\/1"}],"replies":[{"embeddable":true,"href":"https:\/\/proxycompass.com\/fr\/wp-json\/wp\/v2\/comments?post=469491"}],"version-history":[{"count":23,"href":"https:\/\/proxycompass.com\/fr\/wp-json\/wp\/v2\/pages\/469491\/revisions"}],"predecessor-version":[{"id":471527,"href":"https:\/\/proxycompass.com\/fr\/wp-json\/wp\/v2\/pages\/469491\/revisions\/471527"}],"wp:attachment":[{"href":"https:\/\/proxycompass.com\/fr\/wp-json\/wp\/v2\/media?parent=469491"}],"curies":[{"name":"wp","href":"https:\/\/api.w.org\/{rel}","templated":true}]}}