{"id":471215,"date":"2024-09-17T12:47:58","date_gmt":"2024-09-17T12:47:58","guid":{"rendered":"https:\/\/proxycompass.com\/?page_id=471215"},"modified":"2024-09-17T12:47:59","modified_gmt":"2024-09-17T12:47:59","slug":"disclaimer","status":"publish","type":"page","link":"https:\/\/proxycompass.com\/fr\/disclaimer\/","title":{"rendered":"Clause de non-responsabilit\u00e9"},"content":{"rendered":"<h2 class=\"wp-block-heading\">Clause de non-responsabilit\u00e9<\/h2>\n\n\n\n<p>LES SERVICES FOURNIS PAR <strong>BOUSSOLE PROXY<\/strong> SONT OFFERTS \u00ab TELS QUELS \u00bb AVEC TOUS LES D\u00c9FAUTS. DANS TOUTE LA MESURE PERMISE PAR LA LOI, <strong>BOUSSOLE PROXY<\/strong> ET LES PARTIES INDEMNIS\u00c9ES D\u00c9CLINENT TOUTE GARANTIE, EXPRESSE OU IMPLICITE, Y COMPRIS, MAIS SANS S&#039;Y LIMITER, LES GARANTIES QUE LES SERVICES SONT EXEMPTS DE D\u00c9FAUTS, COMMERCIAUX, ADAPT\u00c9 \u00c0 UN USAGE PARTICULIER ET NON CONTREFA\u00c7ANTS. VOUS ASSUMEZ L&#039;ENTI\u00c8RE RESPONSABILIT\u00c9 DE L&#039;UTILISATION DES SERVICES \u00c0 VOS PROPRES RISQUES, Y COMPRIS TOUS LES RISQUES LI\u00c9S \u00c0 LA QUALIT\u00c9, AUX PERFORMANCES ET \u00c0 LA S\u00c9CURIT\u00c9 DES SERVICES, TELS QUE LA POSSIBILIT\u00c9 DE PERTE DE DONN\u00c9ES, D&#039;ACC\u00c8S NON AUTORIS\u00c9 \u00c0 VOS INFORMATIONS OU DE MAUVAISE UTILISATION PAR D&#039;AUTRES UTILISATEURS. CETTE LIMITATION S&#039;APPLIQUE M\u00caME SI UN RECOURS \u00c9CHOUE \u00c0 SON OBJECTIF ESSENTIEL. CERTAINES JURIDICTIONS N&#039;AUTORISENT PAS L&#039;EXCLUSION OU LA LIMITATION DES GARANTIES IMPLICITES, CES EXCLUSIONS PEUVENT DONC NE PAS S&#039;APPLIQUER \u00c0 VOUS.<\/p>\n\n\n\n<p>SAUF SI LA LOI L&#039;EXIGE, <strong>BOUSSOLE PROXY<\/strong> ET LES PARTIES INDEMNIS\u00c9ES NE SERONT PAS RESPONSABLES DE TOUT DOMMAGE INDIRECT, SP\u00c9CIAL, ACCESSOIRE, CONS\u00c9CUTIF OU EXEMPLAIRE D\u00c9COULANT DE OU EN RELATION AVEC CES CONDITIONS OU VOTRE UTILISATION (OU INCAPACIT\u00c9 \u00c0 UTILISER) LES SERVICES, Y COMPRIS, MAIS SANS S&#039;Y LIMITER, LES DOMMAGES POUR PERTE DE CLIENT\u00c8LE, ARR\u00caT DE TRAVAIL, PERTE DE PROFITS, PERTE DE DONN\u00c9ES OU PANNE INFORMATIQUE, M\u00caME SI ELLES SONT INFORM\u00c9ES DE LA POSSIBILIT\u00c9 DE TELS DOMMAGES, ET IND\u00c9PENDAMMENT DE LA TH\u00c9ORIE JURIDIQUE (CONTRAT, D\u00c9LIT OU AUTRE) SUR LAQUELLE UNE TELLE R\u00c9CLAMATION EST BAS\u00c9E. LA RESPONSABILIT\u00c9 TOTALE DE <strong>BOUSSOLE PROXY<\/strong> ET LES PARTIES INDEMNIS\u00c9ES EN VERTU DU PR\u00c9SENT CONTRAT NE D\u00c9PASSERONT PAS $500 (CINQ CENTS DOLLARS). CERTAINES JURIDICTIONS N&#039;AUTORISENT PAS L&#039;EXCLUSION OU LA LIMITATION DE CERTAINS DOMMAGES, IL EST POSSIBLE QUE CETTE EXCLUSION ET LIMITATION NE S&#039;APPLIQUENT PAS \u00c0 VOUS.<\/p>\n\n\n\n<h3 class=\"wp-block-heading\">Indemnit\u00e9<\/h3>\n\n\n\n<p>Vous acceptez de d\u00e9fendre, d&#039;indemniser et de d\u00e9gager de toute responsabilit\u00e9 <strong>BOUSSOLE PROXY<\/strong>, ses sous-traitants, contributeurs, conc\u00e9dants de licence et partenaires, ainsi que leurs administrateurs, dirigeants, employ\u00e9s et agents respectifs (\u00ab Parties indemnis\u00e9es \u00bb), de et contre toutes les r\u00e9clamations et d\u00e9penses de tiers, y compris les honoraires d&#039;avocat, d\u00e9coulant de ou li\u00e9es \u00e0 votre utilisation de nos services, y compris, mais sans s&#039;y limiter, vos soumissions ou violations des pr\u00e9sentes Conditions.<\/p>","protected":false},"excerpt":{"rendered":"<p>Disclaimer THE SERVICES PROVIDED BY PROXY COMPASS ARE OFFERED &#8220;AS IS&#8221; WITH ALL FAULTS. TO THE FULLEST EXTENT PERMITTED BY LAW, PROXY COMPASS AND THE INDEMNIFIED PARTIES DISCLAIM ALL WARRANTIES, WHETHER EXPRESS OR IMPLIED, INCLUDING BUT NOT LIMITED TO WARRANTIES THAT THE SERVICES ARE FREE OF DEFECTS, MERCHANTABLE, FIT FOR A PARTICULAR PURPOSE, AND NON-INFRINGING. [&hellip;]<\/p>\n","protected":false},"author":1,"featured_media":0,"parent":0,"menu_order":0,"comment_status":"closed","ping_status":"closed","template":"","meta":{"_acf_changed":false,"inline_featured_image":false,"footnotes":""},"class_list":["post-471215","page","type-page","status-publish","hentry"],"acf":[],"_links":{"self":[{"href":"https:\/\/proxycompass.com\/fr\/wp-json\/wp\/v2\/pages\/471215","targetHints":{"allow":["GET"]}}],"collection":[{"href":"https:\/\/proxycompass.com\/fr\/wp-json\/wp\/v2\/pages"}],"about":[{"href":"https:\/\/proxycompass.com\/fr\/wp-json\/wp\/v2\/types\/page"}],"author":[{"embeddable":true,"href":"https:\/\/proxycompass.com\/fr\/wp-json\/wp\/v2\/users\/1"}],"replies":[{"embeddable":true,"href":"https:\/\/proxycompass.com\/fr\/wp-json\/wp\/v2\/comments?post=471215"}],"version-history":[{"count":1,"href":"https:\/\/proxycompass.com\/fr\/wp-json\/wp\/v2\/pages\/471215\/revisions"}],"predecessor-version":[{"id":471216,"href":"https:\/\/proxycompass.com\/fr\/wp-json\/wp\/v2\/pages\/471215\/revisions\/471216"}],"wp:attachment":[{"href":"https:\/\/proxycompass.com\/fr\/wp-json\/wp\/v2\/media?parent=471215"}],"curies":[{"name":"wp","href":"https:\/\/api.w.org\/{rel}","templated":true}]}}