{"id":471256,"date":"2024-09-30T05:48:55","date_gmt":"2024-09-30T05:48:55","guid":{"rendered":"https:\/\/proxycompass.com\/?page_id=471256"},"modified":"2024-09-30T05:48:56","modified_gmt":"2024-09-30T05:48:56","slug":"affiliate-program","status":"publish","type":"page","link":"https:\/\/proxycompass.com\/fr\/affiliate-program\/","title":{"rendered":"Programme d&#039;affiliation \u2013 Gagnez de l&#039;argent en faisant la promotion de proxys\u00a0!"},"content":{"rendered":"<h4 class=\"wp-block-heading\"><strong>Aper\u00e7u du programme :<\/strong><\/h4>\n\n\n\n<p>Rejoignez le programme d&#039;affiliation ProxyCompass et gagnez un <strong>commission \u00e0 vie de 15%<\/strong> sur chaque paiement effectu\u00e9 par les clients que vous parrainez. Notre programme offre un moyen simple de gagner de l&#039;argent tout en faisant la promotion d&#039;un service proxy de premier ordre.<\/p>\n\n\n\n<ul class=\"wp-block-list\">\n<li><strong>Commission \u00e0 vie<\/strong>: Gagner <strong>15%<\/strong> de tous les paiements effectu\u00e9s par les clients que vous parrainez, tant qu&#039;ils restent actifs.<\/li>\n\n\n\n<li><strong>Calendrier des paiements<\/strong>:Les commissions sont cr\u00e9dit\u00e9es 30 jours apr\u00e8s le paiement du client r\u00e9f\u00e9r\u00e9.<\/li>\n\n\n\n<li><strong>Options de paiement<\/strong>:Utilisez vos gains pour payer les services ProxyCompass ou retirez-les <strong>USDT TRC20<\/strong>.<\/li>\n\n\n\n<li><strong>Retrait minimum<\/strong>:Paiement minimum $100.<\/li>\n<\/ul>\n\n\n\n<h4 class=\"wp-block-heading\"><strong>Avantages du programme d&#039;affiliation ProxyCompass\u00a0:<\/strong><\/h4>\n\n\n\n<ul class=\"wp-block-list\">\n<li><strong>Haut Commissariat<\/strong>:Gagnez r\u00e9guli\u00e8rement 15% \u00e0 chaque paiement.<\/li>\n\n\n\n<li><strong>Paiement flexible<\/strong>:Utilisez vos gains pour payer les services ProxyCompass ou retirez-les.<\/li>\n\n\n\n<li><strong>Seuil de retrait bas<\/strong>:Acc\u00e9dez facilement \u00e0 vos gains avec un paiement minimum de $100.<\/li>\n\n\n\n<li><strong>Suivi \u00e0 vie<\/strong>:Une fois qu&#039;un utilisateur s&#039;inscrit via votre lien de parrainage, il reste li\u00e9 \u00e0 votre compte pour toutes les commissions futures.<\/li>\n<\/ul>\n\n\n\n<h4 class=\"wp-block-heading\"><strong>Comment rejoindre le programme :<\/strong><\/h4>\n\n\n\n<ol class=\"wp-block-list\">\n<li><strong><a href=\"https:\/\/proxycompass.com\/fr\/account\/register.php\/\">Registre<\/a><\/strong> dans l&#039;espace client ProxyCompass pour recevoir votre lien d&#039;affiliation personnel.<\/li>\n\n\n\n<li>Partagez votre lien unique sur diff\u00e9rentes plateformes en suivant les directives ci-dessous.<\/li>\n<\/ol>\n\n\n\n<h4 class=\"wp-block-heading\"><strong>Id\u00e9es de promotion :<\/strong><\/h4>\n\n\n\n<ol class=\"wp-block-list\">\n<li><strong>Cr\u00e9ation de contenu (blogs et articles)<\/strong>:\n<ul class=\"wp-block-list\">\n<li>R\u00e9digez des critiques et des guides sur ProxyCompass et ses fonctionnalit\u00e9s. Publiez-les sur votre blog personnel, Blogspot, Medium, Quora ou d&#039;autres plateformes pertinentes. Mettez en \u00e9vidence la mani\u00e8re dont les proxys premium de ProxyCompass peuvent am\u00e9liorer les activit\u00e9s en ligne telles que le scraping Web, le r\u00e9f\u00e9rencement ou la gestion de plusieurs comptes.<\/li>\n<\/ul>\n<\/li>\n\n\n\n<li><strong>Tutoriels vid\u00e9o et critiques<\/strong>:\n<ul class=\"wp-block-list\">\n<li>Cr\u00e9ez des didacticiels vid\u00e9o attrayants sur des plateformes telles que YouTube, TikTok ou Twitch, expliquant comment configurer et utiliser les proxys de ProxyCompass. Partagez votre exp\u00e9rience personnelle et vos conseils pour optimiser le service.<\/li>\n<\/ul>\n<\/li>\n\n\n\n<li><strong>Engagement sur les r\u00e9seaux sociaux<\/strong>:\n<ul class=\"wp-block-list\">\n<li>Partagez des publications sur Facebook, X, Instagram et LinkedIn avec des informations sur les avantages de l&#039;utilisation de ProxyCompass. Cr\u00e9ez des histoires ou participez \u00e0 des discussions pertinentes pour atteindre un public plus large.<\/li>\n<\/ul>\n<\/li>\n\n\n\n<li><strong>Forums et communaut\u00e9s en ligne<\/strong>:\n<ul class=\"wp-block-list\">\n<li>Participez \u00e0 des conversations sur des forums, Reddit, des groupes Telegram et des communaut\u00e9s Discord. Offrez des commentaires utiles et partagez votre lien d&#039;affiliation avec les utilisateurs int\u00e9ress\u00e9s.<\/li>\n<\/ul>\n<\/li>\n\n\n\n<li><strong>Banni\u00e8re publicitaire<\/strong>:\n<ul class=\"wp-block-list\">\n<li>Concevez des banni\u00e8res attrayantes pr\u00e9sentant les avantages de ProxyCompass et placez-les sur votre site Web, votre blog ou dans des newsletters par e-mail pour capturer plus de trafic.<\/li>\n<\/ul>\n<\/li>\n\n\n\n<li><strong>Marketing par courriel<\/strong>:\n<ul class=\"wp-block-list\">\n<li>Incluez votre lien d&#039;affiliation dans les newsletters adress\u00e9es \u00e0 vos abonn\u00e9s, en fournissant des informations d\u00e9taill\u00e9es sur les fonctionnalit\u00e9s et les avantages de ProxyCompass.<\/li>\n<\/ul>\n<\/li>\n\n\n\n<li><strong>Collaborations avec les webmasters<\/strong>:\n<ul class=\"wp-block-list\">\n<li>Associez-vous \u00e0 d&#039;autres propri\u00e9taires de sites Web ou de blogs pour afficher des banni\u00e8res ou des liens en \u00e9change d&#039;une part des b\u00e9n\u00e9fices, \u00e9largissant ainsi votre port\u00e9e.<\/li>\n<\/ul>\n<\/li>\n<\/ol>\n\n\n\n<h4 class=\"wp-block-heading\"><strong>Principales caract\u00e9ristiques de ProxyCompass\u00a0:<\/strong><\/h4>\n\n\n\n<ul class=\"wp-block-list\">\n<li><strong>Proxies IPv4 \u00e0 haut d\u00e9bit<\/strong>: Prend en charge les protocoles SOCKS5 et HTTP\/S.<\/li>\n\n\n\n<li><strong>Vitesses de connexion rapides<\/strong>:Jusqu&#039;\u00e0 500 Mbps par proxy pour des performances optimales.<\/li>\n\n\n\n<li><strong>Bande passante illimit\u00e9e<\/strong>:Aucune restriction sur l&#039;utilisation des donn\u00e9es.<\/li>\n\n\n\n<li><strong>Divers sous-r\u00e9seaux IP<\/strong>:Anonymat am\u00e9lior\u00e9 avec des proxys de diff\u00e9rents sous-r\u00e9seaux.<\/li>\n\n\n\n<li><strong>Des prix comp\u00e9titifs<\/strong>:Des prix abordables et transparents.<\/li>\n\n\n\n<li><strong>Activation instantan\u00e9e<\/strong>: Activation automatique du service apr\u00e8s paiement.<\/li>\n\n\n\n<li><strong>Options de paiement \u00e9tendues<\/strong>:Plus de 100 crypto-monnaies, cartes bancaires (y compris russes), Alipay et portefeuilles \u00e9lectroniques.<\/li>\n<\/ul>\n\n\n\n<h4 class=\"wp-block-heading\"><strong>R\u00e8gles et directives du programme d&#039;affiliation\u00a0:<\/strong><\/h4>\n\n\n\n<ul class=\"wp-block-list\">\n<li><strong>Repr\u00e9sentation exacte<\/strong>: Promouvez ProxyCompass de mani\u00e8re honn\u00eate, sans informations trompeuses.<\/li>\n\n\n\n<li><strong>Pas de spam<\/strong>:Respectez les lois anti-spam et \u00e9vitez toute pratique de spam.<\/li>\n\n\n\n<li><strong>\u00c9vitez l&#039;auto-r\u00e9f\u00e9rence<\/strong>:La cr\u00e9ation de plusieurs comptes pour gagner des commissions gr\u00e2ce \u00e0 l&#039;auto-parrainage est strictement interdite.<\/li>\n\n\n\n<li><strong>Aucune activit\u00e9 ill\u00e9gale<\/strong>:Ne faites pas de promotion sur des sites au contenu ill\u00e9gal, offensant ou inappropri\u00e9.<\/li>\n\n\n\n<li><strong>Respecter la propri\u00e9t\u00e9 intellectuelle<\/strong>:N&#039;utilisez pas la marque ProxyCompass de mani\u00e8re trompeuse ou non autoris\u00e9e.<\/li>\n\n\n\n<li><strong>Pas de phishing ni de faux comptes<\/strong>:Toutes les activit\u00e9s promotionnelles doivent \u00eatre l\u00e9gitimes et \u00e9thiques.<\/li>\n<\/ul>\n\n\n\n<h4 class=\"wp-block-heading\"><strong>Comment ne pas promouvoir ProxyCompass\u00a0:<\/strong><\/h4>\n\n\n\n<ul class=\"wp-block-list\">\n<li>Ne cr\u00e9ez pas de faux comptes pour g\u00e9n\u00e9rer des paiements d\u2019affiliation.<\/li>\n\n\n\n<li>\u00c9vitez le spam dans les e-mails, les forums ou les blogs.<\/li>\n\n\n\n<li>Ne cr\u00e9ez jamais de sites Web de phishing en utilisant notre marque.<\/li>\n\n\n\n<li>N&#039;utilisez pas d&#039;informations obsol\u00e8tes ou trompeuses sur ProxyCompass.<\/li>\n\n\n\n<li>\u00c9vitez de faire de la promotion sur des sites au contenu ill\u00e9gal ou de mauvaise qualit\u00e9.<\/li>\n\n\n\n<li>N&#039;utilisez pas de publicit\u00e9 payante avec nos mots-cl\u00e9s de marque sans autorisation pr\u00e9alable.<\/li>\n<\/ul>\n\n\n\n<h4 class=\"wp-block-heading\"><strong>\u00catre pay\u00e9 :<\/strong><\/h4>\n\n\n\n<ul class=\"wp-block-list\">\n<li>Les paiements sont effectu\u00e9s en <strong>USDT TRC20<\/strong> avec un retrait minimum de <strong>$100<\/strong>Contactez le support client via le syst\u00e8me de ticket pour les retraits.<\/li>\n<\/ul>\n\n\n\n<h4 class=\"wp-block-heading\"><strong>Besoin d&#039;aide?<\/strong><\/h4>\n\n\n\n<p>Si vous avez des questions ou besoin d&#039;aide concernant les promotions, contactez l&#039;\u00e9quipe d&#039;assistance de ProxyCompass. Nous sommes l\u00e0 pour vous aider \u00e0 r\u00e9ussir en tant que partenaire affili\u00e9\u00a0!<\/p>","protected":false},"excerpt":{"rendered":"<p>Program Overview: Join the ProxyCompass affiliate program and earn a lifetime commission of 15% on every payment made by clients you refer. Our program offers a simple way to make money while promoting a top-notch proxy service. Benefits of the ProxyCompass Affiliate Program: How to Join the Program: Promotion Ideas: Key Features of ProxyCompass: Affiliate [&hellip;]<\/p>\n","protected":false},"author":1,"featured_media":0,"parent":0,"menu_order":0,"comment_status":"closed","ping_status":"closed","template":"","meta":{"_acf_changed":false,"inline_featured_image":false,"footnotes":""},"class_list":["post-471256","page","type-page","status-publish","hentry"],"acf":[],"_links":{"self":[{"href":"https:\/\/proxycompass.com\/fr\/wp-json\/wp\/v2\/pages\/471256","targetHints":{"allow":["GET"]}}],"collection":[{"href":"https:\/\/proxycompass.com\/fr\/wp-json\/wp\/v2\/pages"}],"about":[{"href":"https:\/\/proxycompass.com\/fr\/wp-json\/wp\/v2\/types\/page"}],"author":[{"embeddable":true,"href":"https:\/\/proxycompass.com\/fr\/wp-json\/wp\/v2\/users\/1"}],"replies":[{"embeddable":true,"href":"https:\/\/proxycompass.com\/fr\/wp-json\/wp\/v2\/comments?post=471256"}],"version-history":[{"count":5,"href":"https:\/\/proxycompass.com\/fr\/wp-json\/wp\/v2\/pages\/471256\/revisions"}],"predecessor-version":[{"id":471513,"href":"https:\/\/proxycompass.com\/fr\/wp-json\/wp\/v2\/pages\/471256\/revisions\/471513"}],"wp:attachment":[{"href":"https:\/\/proxycompass.com\/fr\/wp-json\/wp\/v2\/media?parent=471256"}],"curies":[{"name":"wp","href":"https:\/\/api.w.org\/{rel}","templated":true}]}}