{"id":1137,"date":"2023-05-15T08:20:37","date_gmt":"2023-05-15T08:20:37","guid":{"rendered":"https:\/\/proxycompass.com\/?page_id=1137"},"modified":"2024-10-18T08:45:15","modified_gmt":"2024-10-18T08:45:15","slug":"proxycompass","status":"publish","type":"page","link":"https:\/\/proxycompass.com\/it\/","title":{"rendered":"Fornitore di servizi proxy veloce e affidabile"},"content":{"rendered":"<p>Frustrato da fornitori di servizi proxy lenti e inaffidabili che non sono in grado di gestire le tue attivit\u00e0 ad alta richiesta? Beh, forse potremmo essere una bella coppia! Abbiamo aiutato migliaia di clienti che si trovavano in quella esatta posizione e dopo essere passati a Proxy Compass hanno ridotto significativamente la bolletta migliorando al tempo stesso l&#039;affidabilit\u00e0 delle loro automazioni online.<\/p>\n\n\n\n<h3 class=\"wp-block-heading\">Proxy multifunzionali e versatili<\/h3>\n\n\n\n<p>Non importa se sei coinvolto in web scraping, verifica di annunci, ricerche di mercato o qualsiasi altro processo intermedio, i nostri proxy anonimi funzionano bene con tutti i browser, applicazioni e bot, consentendoti di accedere ai siti Web con facilit\u00e0 e creare flussi di lavoro efficaci senza interruzioni .<\/p>\n\n\n\n<h3 class=\"wp-block-heading\">Prestazioni stabili e veloci<\/h3>\n\n\n\n<p>La nostra rete proxy ad alta velocit\u00e0 \u00e8 progettata per garantire velocit\u00e0 e stabilit\u00e0 ottimali. Siamo orgogliosi di essere un servizio proxy veloce leader che sia effettivamente conveniente e affidabile. Grazie al monitoraggio 24 ore su 24 dei nostri tecnici esperti, sarai attrezzato per gestire le tue attivit\u00e0 pi\u00f9 velocemente che mai.<\/p>\n\n\n\n<h3 class=\"wp-block-heading\">Consumo di traffico illimitato<\/h3>\n\n\n\n<p>Vogliamo consentirti di lavorare il pi\u00f9 possibile senza restrizioni. Ecco perch\u00e9 non limitiamo il consumo di traffico e non introduciamo costi e costi aggiuntivi per l&#039;utilizzo dei dati. NESSUN COSTO AGGIUNTIVO per l&#039;utilizzo dei nostri proxy oltre il prezzo iniziale. <strong>Questa \u00e8 una promessa!<\/strong><\/p>\n\n\n\n<h3 class=\"wp-block-heading\">Ampio pool di IP<\/h3>\n\n\n\n<p>Con un pool di oltre 50.000 indirizzi IP, non sarai mai a corto di proxy anche per le tue attivit\u00e0 online pi\u00f9 impegnative che richiedono una rotazione costante. La nostra enorme quantit\u00e0 di proxy ti aiuter\u00e0 a rimanere anonimo e a cambiare il tuo indirizzo IP quasi istantaneamente per rimanere sotto il radar.<\/p>\n\n\n\n<h3 class=\"wp-block-heading\">Nessun requisito KYC<\/h3>\n\n\n\n<p>A differenza di altri, CI PRENDIAMO CURA DELLA TUA PRIVACY! Il nostro obiettivo \u00e8 fornire un&#039;esperienza senza problemi. Ecco perch\u00e9 otterrai una configurazione proxy semplice e veloce senza la necessit\u00e0 di fornire dettagli di identit\u00e0 oltre ai consueti dettagli di pagamento. Utilizza i tuoi nuovi proxy subito dopo la registrazione senza dover condividere informazioni sensibili.<\/p>\n\n\n\n<h2 class=\"wp-block-heading\"><strong>Il nostro servizio proxy \u00e8 adatto a te?<\/strong><\/h2>\n\n\n\n<p>Siamo un ottimo fornitore di servizi proxy con un imbattibile rapporto qualit\u00e0-prezzo che utilizza solo le ultime tecnologie disponibili per soddisfare le esigenze anche dei clienti pi\u00f9 esigenti. Offriamo supporto proxy HTTP, HTTPS, SOCKS4 e SOCKS5, consentendoti di gestire tutti i tipi di attivit\u00e0. L&#039;autenticazione dell&#039;utente varia per i proxy statici e rotanti: per i proxy statici l&#039;autenticazione avviene tramite indirizzo IP, mentre per i proxy rotanti l&#039;autenticazione avviene tramite Nome utente e Password.<\/p>\n\n\n\n<h3 class=\"wp-block-heading\">Data center di alta qualit\u00e0 in tutto il mondo<\/h3>\n\n\n\n<ul class=\"wp-block-list\">\n<li>Nord America<\/li>\n\n\n\n<li>Europa occidentale<\/li>\n\n\n\n<li>Europa orientale<\/li>\n\n\n\n<li>Medio Oriente<\/li>\n\n\n\n<li>Sud-est asiatico<\/li>\n<\/ul>\n\n\n\n<p>Massimizza la tua connettivit\u00e0 globale con la nostra vasta copertura geografica, disponibile da diversi paesi.<br><br>Mentre continuiamo a crescere per soddisfare la crescente domanda da parte degli utenti di tutto il mondo, avrai a disposizione un pool pi\u00f9 ampio di IP da utilizzare, senza costi aggiuntivi. Manterrai il tuo piano attuale per tutto il tempo in cui rimarrai iscritto.<\/p>\n\n\n\n<h3 class=\"wp-block-heading\"><strong>Prezzi competitivi difficili da battere<\/strong><\/h3>\n\n\n\n<p>Siamo orgogliosi di essere uno dei fornitori di servizi proxy pi\u00f9 convenienti che esistano.<\/p>\n\n\n\n<p>Offriamo uno dei prezzi pi\u00f9 competitivi sul mercato: a partire da $0,12\/mese per IP (pacchetto da 500) fino a $0,06\/mese per IP (pacchetto da 50.000).<\/p>\n\n\n\n<p>La nostra semplice politica dei prezzi significa che sarai sempre consapevole del costo finale del servizio.<\/p>\n\n\n\n<p>Non ti nasconderemo nulla, non siamo subdoli!<\/p>\n\n\n\n<h3 class=\"wp-block-heading\">Metodi di pagamento flessibili<\/h3>\n\n\n\n<p>Tutte le persone hanno le proprie tendenze e preferenze quando si tratta di pagare. Ecco perch\u00e9 diamo il benvenuto a tutte le principali carte di credito e debito, comprese quelle di origine russa e cinese. Accettiamo anche portafogli elettronici popolari come Webmoney e Alipay per mantenere le cose il pi\u00f9 semplici possibile.<\/p>\n\n\n\n<p>A chi \u00e8 attento alla privacy, offriamo la possibilit\u00e0 di pagare in criptovalute.<\/p>\n\n\n\n<p>Per i nostri clienti aziendali, siamo consapevoli che i bonifici bancari sono spesso il metodo di pagamento preferito. Siamo lieti di soddisfare questa richiesta e possiamo fornire fatture nel formato richiesto dalle vostre autorit\u00e0 fiscali per facilitare l&#039;elaborazione e la tenuta dei registri.<\/p>\n\n\n\n<p>Indipendentemente dalle tue preferenze, miriamo a rendere il processo fluido e conveniente. Il nostro obiettivo \u00e8 fornirti i proxy di cui hai bisogno per potenziare la tua attivit\u00e0 senza ostacoli di pagamento.<\/p>\n\n\n\n<h2 class=\"wp-block-heading\">Mettiamo la tua sicurezza al primo posto<\/h2>\n\n\n\n<h3 class=\"wp-block-heading\">Prova senza rischi<\/h3>\n\n\n\n<p>Il nostro affidabile servizio proxy ha un rapporto qualit\u00e0-prezzo cos\u00ec buono che siamo disposti a lasciartelo provare gratuitamente, senza vincoli! Basta chiedere la prova gratuita di qualsiasi pacchetto proxy e verifica tu stesso! La prova non ti vincola a nulla, quindi vai avanti e inviaci un&#039;e-mail per iniziare.<\/p>\n\n\n\n<h3 class=\"wp-block-heading\">Garanzia di rimborso 24 ore su 24<\/h3>\n\n\n\n<p>Se per qualsiasi motivo non sei completamente soddisfatto, entro 24 ore dall&#039;acquisto, ti rimborseremo, provare 100% \u00e8 sicuro. Apprezziamo i nostri clienti ed \u00e8 per questo che rimborseremo l&#039;intero importo, anche se scegli di pagare con criptovalute! Prova il nostro servizio senza preoccupazioni.<\/p>\n\n\n\n<h2 class=\"wp-block-heading\">Inizia oggi!<\/h2>\n\n\n\n<p>Evita fornitori di servizi proxy lenti e inaffidabili che limitano la tua produttivit\u00e0!<\/p>\n\n\n\n<p>Scegli i nostri proxy veloci, sicuri ed economici e diventa un altro cliente incredibilmente felice.<\/p>\n\n\n\n<p>Dateci una possibilit\u00e0, provare \u00e8 gratis! Non c&#039;\u00e8 assolutamente nulla da perdere ma tutto da guadagnare.<br><br>Sei protetto 100% dalla nostra garanzia di rimborso 24 ore su 24. Mettilo alla prova, amalo, abbraccialo.<\/p>\n\n\n\n<p>Entra a far parte delle migliaia di persone che hanno gi\u00e0 trasformato i propri flussi di lavoro con i nostri proxy privati.<\/p>","protected":false},"excerpt":{"rendered":"<p>Frustrated with slow and unreliable proxy service providers that cannot handle your high-demand tasks? Well, maybe we could be a nice fit! We\u2019ve helped thousands of customers that were in that exact position and after changing to Proxy Compass they reduced their bill significantly while improving the reliability of their online automations. Multi-functional, Versatile Proxies [&hellip;]<\/p>\n","protected":false},"author":1,"featured_media":460920,"parent":0,"menu_order":0,"comment_status":"closed","ping_status":"closed","template":"page-front.php","meta":{"_acf_changed":false,"inline_featured_image":false,"footnotes":""},"class_list":["post-1137","page","type-page","status-publish","has-post-thumbnail","hentry"],"acf":[],"_links":{"self":[{"href":"https:\/\/proxycompass.com\/it\/wp-json\/wp\/v2\/pages\/1137","targetHints":{"allow":["GET"]}}],"collection":[{"href":"https:\/\/proxycompass.com\/it\/wp-json\/wp\/v2\/pages"}],"about":[{"href":"https:\/\/proxycompass.com\/it\/wp-json\/wp\/v2\/types\/page"}],"author":[{"embeddable":true,"href":"https:\/\/proxycompass.com\/it\/wp-json\/wp\/v2\/users\/1"}],"replies":[{"embeddable":true,"href":"https:\/\/proxycompass.com\/it\/wp-json\/wp\/v2\/comments?post=1137"}],"version-history":[{"count":19,"href":"https:\/\/proxycompass.com\/it\/wp-json\/wp\/v2\/pages\/1137\/revisions"}],"predecessor-version":[{"id":471023,"href":"https:\/\/proxycompass.com\/it\/wp-json\/wp\/v2\/pages\/1137\/revisions\/471023"}],"wp:featuredmedia":[{"embeddable":true,"href":"https:\/\/proxycompass.com\/it\/wp-json\/wp\/v2\/media\/460920"}],"wp:attachment":[{"href":"https:\/\/proxycompass.com\/it\/wp-json\/wp\/v2\/media?parent=1137"}],"curies":[{"name":"scrivere","href":"https:\/\/api.w.org\/{rel}","templated":true}]}}