{"id":468355,"date":"2024-03-01T08:34:48","date_gmt":"2024-03-01T08:34:48","guid":{"rendered":"https:\/\/proxycompass.com\/?page_id=468355"},"modified":"2025-07-30T03:26:58","modified_gmt":"2025-07-30T03:26:58","slug":"proxy-checker","status":"publish","type":"page","link":"https:\/\/proxycompass.com\/it\/proxy-checker\/","title":{"rendered":"Controllo proxy in blocco"},"content":{"rendered":"<p>Proxy Checker di ProxyCompass \u00e8 uno strumento online per il controllo e l&#039;analisi in blocco dei server proxy. Supporta una variet\u00e0 di tipi di proxy, tra cui HTTP, HTTPS, SOCKS4 e SOCKS5.<\/p>\n\n\n\n<h3 class=\"wp-block-heading\">Caratteristiche principali:<\/h3>\n\n\n\n<ul class=\"wp-block-list\">\n<li><strong>Supporta pi\u00f9 protocolli<\/strong>: In grado di gestire diversi protocolli proxy.<\/li>\n\n\n\n<li><strong>Verifica multi-thread<\/strong>: consente il controllo simultaneo di pi\u00f9 proxy.<\/li>\n\n\n\n<li><strong>Anonimato e analisi delle prestazioni<\/strong>: valuta il livello di anonimato, la velocit\u00e0 di connessione e l&#039;affidabilit\u00e0.<\/li>\n\n\n\n<li><strong>Geolocalizzazione e informazioni sull&#039;ISP<\/strong>: Fornisce la posizione geografica e i dati dell&#039;ISP, provenienti da\u00a0<a href=\"https:\/\/www.ripe.net\/\" target=\"_blank\" rel=\"noreferrer noopener\">Banca dati RIPE<\/a>.<\/li>\n\n\n\n<li><strong>Rapporti scaricabili<\/strong>: offre risultati in formati accessibili.<\/li>\n\n\n\n<li><strong>Risultati immediati e filtraggio avanzato<\/strong>: Visualizza i risultati in tempo reale con opzioni di filtro.<\/li>\n\n\n\n<li><strong>Integrazione API<\/strong>&nbsp;(In sviluppo): questa funzionalit\u00e0 \u00e8 attualmente in fase di sviluppo e sar\u00e0 disponibile a breve. Questo strumento \u00e8 progettato per coloro che cercano un modo semplice ed efficace per controllare i server proxy.<\/li>\n<\/ul>","protected":false},"excerpt":{"rendered":"<p>Proxy Checker di ProxyCompass \u00e8 uno strumento online per il controllo e l&#039;analisi in blocco dei server proxy. Supporta una variet\u00e0 di tipi di proxy, tra cui HTTP, HTTPS, SOCKS4 e SOCKS5. Caratteristiche principali:<\/p>","protected":false},"author":1,"featured_media":0,"parent":0,"menu_order":0,"comment_status":"closed","ping_status":"closed","template":"page-checker.php","meta":{"_acf_changed":false,"inline_featured_image":false,"footnotes":""},"class_list":["post-468355","page","type-page","status-publish","hentry"],"acf":[],"_links":{"self":[{"href":"https:\/\/proxycompass.com\/it\/wp-json\/wp\/v2\/pages\/468355","targetHints":{"allow":["GET"]}}],"collection":[{"href":"https:\/\/proxycompass.com\/it\/wp-json\/wp\/v2\/pages"}],"about":[{"href":"https:\/\/proxycompass.com\/it\/wp-json\/wp\/v2\/types\/page"}],"author":[{"embeddable":true,"href":"https:\/\/proxycompass.com\/it\/wp-json\/wp\/v2\/users\/1"}],"replies":[{"embeddable":true,"href":"https:\/\/proxycompass.com\/it\/wp-json\/wp\/v2\/comments?post=468355"}],"version-history":[{"count":7,"href":"https:\/\/proxycompass.com\/it\/wp-json\/wp\/v2\/pages\/468355\/revisions"}],"predecessor-version":[{"id":471441,"href":"https:\/\/proxycompass.com\/it\/wp-json\/wp\/v2\/pages\/468355\/revisions\/471441"}],"wp:attachment":[{"href":"https:\/\/proxycompass.com\/it\/wp-json\/wp\/v2\/media?parent=468355"}],"curies":[{"name":"scrivere","href":"https:\/\/api.w.org\/{rel}","templated":true}]}}