{"id":469452,"date":"2024-03-18T14:05:23","date_gmt":"2024-03-18T14:05:23","guid":{"rendered":"https:\/\/proxycompass.com\/?page_id=469452"},"modified":"2025-01-27T11:27:05","modified_gmt":"2025-01-27T11:27:05","slug":"about-us","status":"publish","type":"page","link":"https:\/\/proxycompass.com\/it\/about-us\/","title":{"rendered":"Chi siamo"},"content":{"rendered":"<hr class=\"wp-block-separator has-alpha-channel-opacity\"\/>\n\n\n\n<h2 class=\"wp-block-heading\"><strong>Benvenuti in ProxyCompass<\/strong><\/h2>\n\n\n\n<p>Il tuo gateway per qualit\u00e0 e innovazione senza pari del servizio proxy, affermato nel settore dei proxy dal 2013. Siamo leader nel settore dei proxy e offriamo una vasta selezione di indirizzi IP per soddisfare le diverse esigenze online. Scopri cosa ci rende unici:<\/p>\n\n\n\n<hr class=\"wp-block-separator has-alpha-channel-opacity\"\/>\n\n\n\n<h2 class=\"wp-block-heading\"><strong>Soluzioni proxy innovative<\/strong><\/h2>\n\n\n\n<p>ProxyCompass \u00e8 pi\u00f9 di un servizio; \u00e8 un approccio lungimirante all&#039;anonimato e alla sicurezza online. Con il nostro ampio pool di indirizzi IP, i clienti godono di privacy e flessibilit\u00e0 online senza precedenti.<\/p>\n\n\n\n<hr class=\"wp-block-separator has-alpha-channel-opacity\"\/>\n\n\n\n<h2 class=\"wp-block-heading\"><strong>Squadra di esperti<\/strong><\/h2>\n\n\n\n<p>I nostri esperti, con una ricca esperienza nel mercato dei proxy, si sono uniti sotto ProxyCompass per fornire un servizio eccezionale progettato per le sfide e le opportunit\u00e0 dell&#039;era digitale.<\/p>\n\n\n\n<hr class=\"wp-block-separator has-alpha-channel-opacity\"\/>\n\n\n\n<h2 class=\"wp-block-heading\"><strong>Rete proxy globale<\/strong><\/h2>\n\n\n\n<p>Vantiamo oltre 100.000 server proxy in oltre 20 paesi, tutti situati in data center di prima qualit\u00e0 per offrire un servizio efficiente a un&#039;ampia base di clienti.<\/p>\n\n\n\n<ul class=\"wp-block-list\">\n<li><strong>Paesi:<\/strong> 20+<\/li>\n\n\n\n<li><strong>Server proxy:<\/strong> 100,000+<\/li>\n\n\n\n<li><strong>Centri dati:<\/strong> Di classe mondiale<\/li>\n<\/ul>\n\n\n\n<hr class=\"wp-block-separator has-alpha-channel-opacity\"\/>\n\n\n\n<h2 class=\"wp-block-heading\"><strong>Diverse opzioni proxy<\/strong><\/h2>\n\n\n\n<p>Dai proxy dedicati a quelli condivisi (limitati a 2-3 utenti per proxy), la nostra gamma soddisfa diverse preferenze e budget, garantendo un&#039;esperienza proxy su misura.<\/p>\n\n\n\n<hr class=\"wp-block-separator has-alpha-channel-opacity\"\/>\n\n\n\n<h2 class=\"wp-block-heading\"><strong>Vantaggi principali<\/strong><\/h2>\n\n\n\n<ul class=\"wp-block-list\">\n<li><strong>Affidabilit\u00e0:<\/strong> Server affidabili per prestazioni online costanti.<\/li>\n\n\n\n<li><strong>Resistenza al divieto:<\/strong> Gli algoritmi intelligenti riducono il rischio di divieti IP.<\/li>\n\n\n\n<li><strong>Velocit\u00e0:<\/strong> Goditi Internet ad alta velocit\u00e0 per una navigazione e una gestione dei dati efficienti.<\/li>\n\n\n\n<li><strong>Tempo di attivit\u00e0:<\/strong> Garantiamo un tempo di attivit\u00e0 99.9% per un servizio ininterrotto.<\/li>\n\n\n\n<li><strong>Conveniente:<\/strong> Prezzi competitivi a partire da soli 6 centesimi per IP.<\/li>\n<\/ul>\n\n\n\n<hr class=\"wp-block-separator has-alpha-channel-opacity\"\/>\n\n\n\n<h2 class=\"wp-block-heading\"><strong>Assistenza clienti 24 ore su 24, 7 giorni su 7<\/strong><\/h2>\n\n\n\n<p>Il nostro team dedicato \u00e8 sempre pronto ad aiutare con qualsiasi domanda o necessit\u00e0, garantendo un&#039;esperienza ProxyCompass senza soluzione di continuit\u00e0.<\/p>\n\n\n\n<hr class=\"wp-block-separator has-alpha-channel-opacity\"\/>\n\n\n\n<h2 class=\"wp-block-heading\"><strong>Soddisfazione garantita<\/strong><\/h2>\n\n\n\n<p>Non soddisfatto? Offriamo un rimborso completo entro le prime 24 ore dall&#039;acquisto perch\u00e9 la tua soddisfazione \u00e8 la nostra massima priorit\u00e0.<\/p>\n\n\n\n<hr class=\"wp-block-separator has-alpha-channel-opacity\"\/>\n\n\n\n<h2 class=\"wp-block-heading\"><strong>Unisciti a ProxyCompass oggi!<\/strong><\/h2>\n\n\n\n<p>Abbraccia un nuovo standard nelle soluzioni proxy sicure ed efficienti con ProxyCompass. Migliora la tua privacy e le tue prestazioni online come mai prima d&#039;ora.<\/p>\n\n\n\n<hr class=\"wp-block-separator has-alpha-channel-opacity\"\/>\n\n\n\n<h2 class=\"wp-block-heading\"><strong>Contattaci<\/strong><\/h2>\n\n\n\n<p>Diamo valore alla trasparenza e all&#039;accessibilit\u00e0. Per qualsiasi domanda riguardante i nostri servizi, pagamenti o supporto, contatta il nostro team. La nostra presenza globale garantisce un servizio impeccabile e assistenza clienti in pi\u00f9 regioni.<\/p>\n\n\n\n<h4 class=\"wp-block-heading\"><strong>Informazioni commerciali e finanziarie<\/strong><\/h4>\n\n\n\n<p>ProxyCompass opera attraverso partner finanziari regionali per garantire transazioni sicure e affidabili in tutto il mondo.<\/p>\n\n\n\n<ul class=\"wp-block-list\">\n<li><strong>Europa:<\/strong><br><strong>Unit\u00e0 organizzativa QualityNetwork<\/strong><br>Karu 14-8, Kesklinn, Tallinn,<br>Distretto di Harju, 10120, Estonia<br><\/li>\n\n\n\n<li><strong>Stati Uniti:<\/strong><br><strong>Rete di qualit\u00e0 USA LLC<\/strong><br>Via Gould 30, 20121 Milano, Italia<br>Sheridan, WY 82801, Stati Uniti<br><\/li>\n\n\n\n<li><strong>Regione Africa:<\/strong><br><strong>Agenzia di networking Jumwak Limited<\/strong><br>Makadara, Nairobi,<br>Distretto di Makadara, Kenya<br><\/li>\n\n\n\n<li><strong>Regione del Medio Oriente:<\/strong><br><strong>Rete di qualit\u00e0 Medio Oriente FZE<\/strong><br>Centro commerciale Al Shmookh, One UAQ,<br>Zona di libero scambio UAQ, Umm Al Quwain, Emirati Arabi Uniti<\/li>\n<\/ul>","protected":false},"excerpt":{"rendered":"<p>Welcome to ProxyCompass Your gateway to unmatched proxy service quality and innovation, established in the proxy industry since 2013. We stand as a leader in the proxy industry, offering a vast selection of IP addresses to meet diverse online needs. Discover what makes us unique: Innovative Proxy Solutions ProxyCompass is more than a service; it&#8217;s [&hellip;]<\/p>\n","protected":false},"author":1,"featured_media":0,"parent":0,"menu_order":0,"comment_status":"closed","ping_status":"closed","template":"","meta":{"_acf_changed":false,"inline_featured_image":false,"footnotes":""},"class_list":["post-469452","page","type-page","status-publish","hentry"],"acf":[],"_links":{"self":[{"href":"https:\/\/proxycompass.com\/it\/wp-json\/wp\/v2\/pages\/469452","targetHints":{"allow":["GET"]}}],"collection":[{"href":"https:\/\/proxycompass.com\/it\/wp-json\/wp\/v2\/pages"}],"about":[{"href":"https:\/\/proxycompass.com\/it\/wp-json\/wp\/v2\/types\/page"}],"author":[{"embeddable":true,"href":"https:\/\/proxycompass.com\/it\/wp-json\/wp\/v2\/users\/1"}],"replies":[{"embeddable":true,"href":"https:\/\/proxycompass.com\/it\/wp-json\/wp\/v2\/comments?post=469452"}],"version-history":[{"count":11,"href":"https:\/\/proxycompass.com\/it\/wp-json\/wp\/v2\/pages\/469452\/revisions"}],"predecessor-version":[{"id":471381,"href":"https:\/\/proxycompass.com\/it\/wp-json\/wp\/v2\/pages\/469452\/revisions\/471381"}],"wp:attachment":[{"href":"https:\/\/proxycompass.com\/it\/wp-json\/wp\/v2\/media?parent=469452"}],"curies":[{"name":"scrivere","href":"https:\/\/api.w.org\/{rel}","templated":true}]}}