{"id":469491,"date":"2024-04-20T10:57:09","date_gmt":"2024-04-20T10:57:09","guid":{"rendered":"https:\/\/proxycompass.com\/?page_id=469491"},"modified":"2026-02-21T06:14:07","modified_gmt":"2026-02-21T06:14:07","slug":"free-trial","status":"publish","type":"page","link":"https:\/\/proxycompass.com\/it\/free-trial\/","title":{"rendered":"Ottieni una prova proxy gratuita per 1 ora"},"content":{"rendered":"<div class=\"wp-block-columns is-layout-flex wp-container-core-columns-is-layout-9d6595d7 wp-block-columns-is-layout-flex\">\n<div class=\"wp-block-column is-layout-flow wp-block-column-is-layout-flow\">\n<h2 class=\"wp-block-heading\">Dettagli della prova gratuita<\/h2>\n\n\n\n<ul class=\"wp-block-list\">\n<li>50 indirizzi IP proxy<\/li>\n\n\n\n<li>Data center statico ospitato<\/li>\n\n\n\n<li>Protocolli HTTP(S) e SOCKS4\/5<\/li>\n\n\n\n<li>Localit\u00e0 degli Stati Uniti<\/li>\n\n\n\n<li>Larghezza di banda illimitata<\/li>\n\n\n\n<li>Proxy d&#039;\u00e9lite anonimi completi<\/li>\n\n\n\n<li>Accesso ai proxy entro 5 minuti<\/li>\n\n\n\n<li>Test di 60 minuti<\/li>\n\n\n\n<li>Nessun obbligo<\/li>\n\n\n\n<li>Non \u00e8 richiesta la carta di credito<\/li>\n\n\n\n<li>Passa a un account a pagamento in qualsiasi momento<\/li>\n<\/ul>\n\n\n\n<h2 class=\"wp-block-heading\">Cosa devi fare?<\/h2>\n\n\n\n<p>Per provare questi proxy, basta cliccare sul link sottostante e completare la rapida procedura di registrazione.<\/p>\n\n\n\n<p><a href=\"https:\/\/proxycompass.com\/account\/index.php?rp=\/store\/test-packages\/50-usa-proxies-60-minutes\" target=\"_blank\" rel=\"noreferrer noopener\">OTTIENI LA PROVA GRATUITA<\/a><\/p>\n\n\n\n<p>Hai bisogno di aiuto per attivare il tuo pacchetto? Leggi semplicemente il nostro <a href=\"https:\/\/proxycompass.com\/it\/knowledge-base\/how-to-activate-a-proxy-package\/\" target=\"_blank\" rel=\"noreferrer noopener\">guida passo passo<\/a>.<\/p>\n<\/div>\n\n\n\n<div class=\"wp-block-column is-layout-flow wp-block-column-is-layout-flow\">\n<figure class=\"wp-block-gallery has-nested-images columns-default is-cropped wp-block-gallery-1 is-layout-flex wp-block-gallery-is-layout-flex\">\n<figure class=\"wp-block-image size-full is-style-default\"><a href=\"https:\/\/proxycompass.com\/account\/index.php?rp=\/store\/test-packages\/50-usa-proxies-60-minutes\" target=\"_blank\" rel=\"noreferrer noopener\"><img decoding=\"async\" width=\"600\" height=\"600\" data-id=\"471247\" src=\"https:\/\/proxycompass.com\/wp-content\/uploads\/2024\/09\/free-proxy-trial.png\" alt=\"banner di prova proxy gratuito\" class=\"wp-image-471247\" srcset=\"https:\/\/proxycompass.com\/wp-content\/uploads\/2024\/09\/free-proxy-trial.png 600w, https:\/\/proxycompass.com\/wp-content\/uploads\/2024\/09\/free-proxy-trial-150x150.png 150w, https:\/\/proxycompass.com\/wp-content\/uploads\/2024\/09\/free-proxy-trial-12x12.png 12w, https:\/\/proxycompass.com\/wp-content\/uploads\/2024\/09\/free-proxy-trial-75x75.png 75w, https:\/\/proxycompass.com\/wp-content\/uploads\/2024\/09\/free-proxy-trial-24x24.png 24w, https:\/\/proxycompass.com\/wp-content\/uploads\/2024\/09\/free-proxy-trial-48x48.png 48w, https:\/\/proxycompass.com\/wp-content\/uploads\/2024\/09\/free-proxy-trial-96x96.png 96w, https:\/\/proxycompass.com\/wp-content\/uploads\/2024\/09\/free-proxy-trial-300x300.png 300w\" sizes=\"(max-width: 600px) 100vw, 600px\" \/><\/a><\/figure>\n<\/figure>\n<\/div>\n<\/div>\n\n\n\n<p>Hai bisogno di pi\u00f9 tempo per testare? Quindi vai a <a href=\"https:\/\/proxycompass.com\/it\/prices\/\" data-type=\"link\" data-id=\"https:\/\/proxycompass.com\/prices\/\">pagina dei prezzi<\/a>, seleziona il pacchetto proxy che ti interessa e testalo senza rischi per 24 ore. Se non sei soddisfatto dei risultati, faccelo sapere tramite il nostro sistema di ticketing. Ti daremo un rimborso completo.<\/p>\n\n\n\n<p><\/p>\n\n\n\n<h2 class=\"wp-block-heading\">Pacchetto server proxy gratuito<\/h2>\n\n\n\n<h3 class=\"wp-block-heading\">50 indirizzi IP proxy<\/h3>\n\n\n\n<p>Dopo una registrazione rapida e non vincolante riceverete un elenco di 50 indirizzi IP disponibili per l&#039;uso. A seconda del software in cui li utilizzerai, puoi usarli tutti in una volta o usarli uno per uno tramite un&#039;API speciale, che ruota e fornisce in modo casuale gli indirizzi IP dei server proxy.<\/p>\n\n\n\n<h3 class=\"wp-block-heading\">Proxy ospitati in data center statici<\/h3>\n\n\n\n<p>I server proxy ottenuti per il test sono statici. Ci\u00f2 significa che i loro indirizzi IP non cambiano mai, cio\u00e8 rimangono sempre gli stessi. Fisicamente, questi server proxy si trovano in diversi data center negli Stati Uniti. Ci\u00f2 significa che sono sempre attivi e funzionanti e puoi utilizzarli a qualsiasi ora del giorno o della notte.<\/p>\n\n\n\n<h3 class=\"wp-block-heading\">Protocolli HTTP(S) e SOCKS4\/5<\/h3>\n\n\n\n<p>I server proxy che ottieni supportano tutti i protocolli pi\u00f9 diffusi, ad esempio HTTP\/S, SOCKS4\/5 contemporaneamente.<\/p>\n\n\n\n<p>All&#039;interno del pannello utente puoi scaricare la tua lista di server proxy in qualsiasi formato tu abbia bisogno.<\/p>\n\n\n\n<h3 class=\"wp-block-heading\">Localit\u00e0 negli Stati Uniti<\/h3>\n\n\n\n<p>Questo pacchetto proxy gratuito include 50 indirizzi IP proxy dagli Stati Uniti. Il numero esatto di proxy da specifiche citt\u00e0 degli Stati Uniti viene determinato in modo casuale.<\/p>\n\n\n\n<h3 class=\"wp-block-heading\">Larghezza di banda illimitata<\/h3>\n\n\n\n<p>Non limitiamo la quantit\u00e0 di traffico utilizzato dai nostri clienti per il download e il caricamento. Questo vale sia per i pacchetti a pagamento che per questo pacchetto gratuito.<\/p>\n\n\n\n<h3 class=\"wp-block-heading\">Proxy Elite anonimi completi<\/h3>\n\n\n\n<p>Questi server proxy di prova sono esattamente gli stessi dei nostri server proxy a pagamento. Sono quanto pi\u00f9 anonimi possibile.<\/p>\n\n\n\n<h3 class=\"wp-block-heading\">Passa a un account a pagamento in qualsiasi momento<\/h3>\n\n\n\n<p>Dopo aver testato la compatibilit\u00e0 dei server proxy con le tue attivit\u00e0, puoi scegliere qualsiasi pacchetto proxy adatto alle tue esigenze direttamente dal pannello utente.<\/p>","protected":false},"excerpt":{"rendered":"<p>Free Trial Details What Do You Have to Do? To try these proxies, simply click on the link below and complete the quick registration process. GET FREE TRIAL Need help activating your package? Just read our step-by-step guide. Need more time to test? Then go to the pricing page, select the proxy package that interests [&hellip;]<\/p>\n","protected":false},"author":1,"featured_media":0,"parent":0,"menu_order":0,"comment_status":"closed","ping_status":"closed","template":"page-free-trial.php","meta":{"_acf_changed":false,"inline_featured_image":false,"footnotes":""},"class_list":["post-469491","page","type-page","status-publish","hentry"],"acf":[],"_links":{"self":[{"href":"https:\/\/proxycompass.com\/it\/wp-json\/wp\/v2\/pages\/469491","targetHints":{"allow":["GET"]}}],"collection":[{"href":"https:\/\/proxycompass.com\/it\/wp-json\/wp\/v2\/pages"}],"about":[{"href":"https:\/\/proxycompass.com\/it\/wp-json\/wp\/v2\/types\/page"}],"author":[{"embeddable":true,"href":"https:\/\/proxycompass.com\/it\/wp-json\/wp\/v2\/users\/1"}],"replies":[{"embeddable":true,"href":"https:\/\/proxycompass.com\/it\/wp-json\/wp\/v2\/comments?post=469491"}],"version-history":[{"count":23,"href":"https:\/\/proxycompass.com\/it\/wp-json\/wp\/v2\/pages\/469491\/revisions"}],"predecessor-version":[{"id":471527,"href":"https:\/\/proxycompass.com\/it\/wp-json\/wp\/v2\/pages\/469491\/revisions\/471527"}],"wp:attachment":[{"href":"https:\/\/proxycompass.com\/it\/wp-json\/wp\/v2\/media?parent=469491"}],"curies":[{"name":"scrivere","href":"https:\/\/api.w.org\/{rel}","templated":true}]}}