{"id":471215,"date":"2024-09-17T12:47:58","date_gmt":"2024-09-17T12:47:58","guid":{"rendered":"https:\/\/proxycompass.com\/?page_id=471215"},"modified":"2024-09-17T12:47:59","modified_gmt":"2024-09-17T12:47:59","slug":"disclaimer","status":"publish","type":"page","link":"https:\/\/proxycompass.com\/it\/disclaimer\/","title":{"rendered":"Disclaimer"},"content":{"rendered":"<h2 class=\"wp-block-heading\">Disclaimer<\/h2>\n\n\n\n<p>I SERVIZI FORNITI DA <strong>BUSSOLA PROXY<\/strong> SONO OFFERTI &quot;COS\u00cc COME SONO&quot; CON TUTTI I DIFETTI. NELLA MISURA MASSIMA CONSENTITA DALLA LEGGE, <strong>BUSSOLA PROXY<\/strong> E LE PARTI INDENNIZZATE DECLINANO OGNI GARANZIA, SIA ESSE ESPRESSE O IMPLICITE, INCLUSE, SENZA LIMITAZIONI, LE GARANZIE CHE I SERVIZI SIANO ESENTI DA DIFETTI, COMMERCIABILI, IDONEI A UNO SCOPO PARTICOLARE E NON VIOLANTI. L&#039;UTENTE SI ASSUME LA PIENA RESPONSABILIT\u00c0 PER L&#039;UTILIZZO DEI SERVIZI A PROPRIO RISCHIO, INCLUSI QUALSIASI RISCHIO RELATIVO ALLA QUALIT\u00c0, PRESTAZIONI E SICUREZZA DEI SERVIZI, COME LA POSSIBILIT\u00c0 DI PERDITA DI DATI, ACCESSO NON AUTORIZZATO ALLE PROPRIE INFORMAZIONI O USO IMPROPRIO DA PARTE DI ALTRI UTENTI. QUESTA LIMITAZIONE SI APPLICA ANCHE SE QUALSIASI RIMEDIO NON RAGGIUNGE IL SUO SCOPO ESSENZIALE. ALCUNE GIURISDIZIONI NON CONSENTONO L&#039;ESCLUSIONE O LA LIMITAZIONE DELLE GARANZIE IMPLICITE, PERTANTO QUESTE ESCLUSIONI POTREBBERO NON ESSERE APPLICABILI A LEI.<\/p>\n\n\n\n<p>SALVO QUANTO RICHIESTO DALLA LEGGE, <strong>BUSSOLA PROXY<\/strong> E LE PARTI INDENNIZZATE NON SARANNO RESPONSABILI PER ALCUN DANNO INDIRETTO, SPECIALE, ACCIDENTALE, CONSEGUENTE O ESEMPLARE DERIVANTE DA O IN RELAZIONE A QUESTI TERMINI O AL TUO UTILIZZO (O INCAPACIT\u00c0 DI UTILIZZARE) I SERVIZI, INCLUSI, A TITOLO ESEMPLIFICATIVO MA NON ESAUSTIVO, DANNI PER PERDITA DI AVVIAMENTO, INTERRUZIONE DEL LAVORO, PERDITA DI PROFITTI, PERDITA DI DATI O GUASTO DEL COMPUTER, ANCHE SE INFORMATI DELLA POSSIBILIT\u00c0 DI TALI DANNI E INDIPENDENTEMENTE DALLA TEORIA GIURIDICA (CONTRATTO, ILLECITO CIVILE O ALTRO) SU CUI SI BASA TALE RICHIESTA. LA RESPONSABILIT\u00c0 TOTALE DI <strong>BUSSOLA PROXY<\/strong> E LE PARTI INDENNIZZATE AI SENSI DEL PRESENTE CONTRATTO NON SUPERERANNO $500 (CINQUECENTO DOLLARI). ALCUNE GIURISDIZIONI NON CONSENTONO L&#039;ESCLUSIONE O LA LIMITAZIONE DI DETERMINATI DANNI, PERTANTO QUESTA ESCLUSIONE E LIMITAZIONE POTREBBERO NON ESSERE APPLICABILI A TE.<\/p>\n\n\n\n<h3 class=\"wp-block-heading\">Indennizzo<\/h3>\n\n\n\n<p>Accetti di difendere, indennizzare e tenere indenne <strong>BUSSOLA PROXY<\/strong>, i suoi appaltatori, collaboratori, licenziatari e partner, nonch\u00e9 i rispettivi direttori, funzionari, dipendenti e agenti (&quot;Parti indennizzate&quot;), da e contro qualsiasi reclamo e spesa di terze parti, comprese le parcelle degli avvocati, derivanti da o relative al tuo utilizzo dei nostri servizi, inclusi, a titolo esemplificativo ma non esaustivo, i tuoi invii o violazioni di questi Termini.<\/p>","protected":false},"excerpt":{"rendered":"<p>Disclaimer THE SERVICES PROVIDED BY PROXY COMPASS ARE OFFERED &#8220;AS IS&#8221; WITH ALL FAULTS. TO THE FULLEST EXTENT PERMITTED BY LAW, PROXY COMPASS AND THE INDEMNIFIED PARTIES DISCLAIM ALL WARRANTIES, WHETHER EXPRESS OR IMPLIED, INCLUDING BUT NOT LIMITED TO WARRANTIES THAT THE SERVICES ARE FREE OF DEFECTS, MERCHANTABLE, FIT FOR A PARTICULAR PURPOSE, AND NON-INFRINGING. [&hellip;]<\/p>\n","protected":false},"author":1,"featured_media":0,"parent":0,"menu_order":0,"comment_status":"closed","ping_status":"closed","template":"","meta":{"_acf_changed":false,"inline_featured_image":false,"footnotes":""},"class_list":["post-471215","page","type-page","status-publish","hentry"],"acf":[],"_links":{"self":[{"href":"https:\/\/proxycompass.com\/it\/wp-json\/wp\/v2\/pages\/471215","targetHints":{"allow":["GET"]}}],"collection":[{"href":"https:\/\/proxycompass.com\/it\/wp-json\/wp\/v2\/pages"}],"about":[{"href":"https:\/\/proxycompass.com\/it\/wp-json\/wp\/v2\/types\/page"}],"author":[{"embeddable":true,"href":"https:\/\/proxycompass.com\/it\/wp-json\/wp\/v2\/users\/1"}],"replies":[{"embeddable":true,"href":"https:\/\/proxycompass.com\/it\/wp-json\/wp\/v2\/comments?post=471215"}],"version-history":[{"count":1,"href":"https:\/\/proxycompass.com\/it\/wp-json\/wp\/v2\/pages\/471215\/revisions"}],"predecessor-version":[{"id":471216,"href":"https:\/\/proxycompass.com\/it\/wp-json\/wp\/v2\/pages\/471215\/revisions\/471216"}],"wp:attachment":[{"href":"https:\/\/proxycompass.com\/it\/wp-json\/wp\/v2\/media?parent=471215"}],"curies":[{"name":"scrivere","href":"https:\/\/api.w.org\/{rel}","templated":true}]}}