{"id":1137,"date":"2023-05-15T08:20:37","date_gmt":"2023-05-15T08:20:37","guid":{"rendered":"https:\/\/proxycompass.com\/?page_id=1137"},"modified":"2024-10-18T08:45:15","modified_gmt":"2024-10-18T08:45:15","slug":"proxycompass","status":"publish","type":"page","link":"https:\/\/proxycompass.com\/pt\/","title":{"rendered":"Provedor de servi\u00e7os de proxy r\u00e1pido e confi\u00e1vel"},"content":{"rendered":"<p>Cansado de lidar com provedores de proxy lentos e pouco confi\u00e1veis que n\u00e3o atendem \u00e0s suas necessidades mais exigentes? N\u00f3s temos a solu\u00e7\u00e3o ideal para voc\u00ea! J\u00e1 ajudamos milhares de clientes que estavam na mesma situa\u00e7\u00e3o e, depois de mudarem para a Proxy Compass, eles reduziram significativamente seus custos enquanto melhoraram a qualidade de suas automa\u00e7\u00f5es online.<\/p>\n\n\n\n<h3 class=\"wp-block-heading\">Proxies vers\u00e1teis e multifuncionais<\/h3>\n\n\n\n<p>Nossos proxies an\u00f4nimos funcionam perfeitamente com todos os navegadores, aplicativos e bots, permitindo que voc\u00ea acesse sites com facilidade e crie fluxos de trabalho eficientes sem interrup\u00e7\u00f5es, independentemente se voc\u00ea trabalha com web scraping, verifica\u00e7\u00e3o de an\u00fancios, pesquisa de mercado ou qualquer outro processo.<\/p>\n\n\n\n<h3 class=\"wp-block-heading\">Desempenho est\u00e1vel e r\u00e1pido<\/h3>\n\n\n\n<p>Nossa rede de proxies de alta velocidade, monitorada 24 horas por dia, 7 dias por semana pelos nossos t\u00e9cnicos experientes, garante velocidade e estabilidade ideais para que voc\u00ea possa lidar com suas tarefas mais rapidamente do que nunca.<\/p>\n\n\n\n<h3 class=\"wp-block-heading\">Consumo ilimitado de tr\u00e1fego<\/h3>\n\n\n\n<p>N\u00e3o limitamos o consumo de tr\u00e1fego nem cobramos taxas adicionais pelo uso de dados, pois queremos que voc\u00ea possa trabalhar sem restri\u00e7\u00f5es sempre que poss\u00edvel. N\u00e3o h\u00e1 cobran\u00e7as extras por usar nossos proxies al\u00e9m do pre\u00e7o inicial. Isso \u00e9 uma promessa! <strong>.<\/strong><\/p>\n\n\n\n<h3 class=\"wp-block-heading\">Ampla sele\u00e7\u00e3o de IPs<\/h3>\n\n\n\n<p>Com mais de 50.000 endere\u00e7os IP, voc\u00ea nunca ficar\u00e1 sem proxies, mesmo para suas tarefas online mais exigentes que requerem rota\u00e7\u00e3o constante. Nosso vasto n\u00famero de proxies ajudar\u00e1 voc\u00ea a permanecer an\u00f4nimo e mudar seu endere\u00e7o IP quase instantaneamente para n\u00e3o ser detectado.<\/p>\n\n\n\n<h3 class=\"wp-block-heading\">Privacidade levada a s\u00e9rio<\/h3>\n\n\n\n<p>Ao contr\u00e1rio de outros, N\u00d3S NOS PREOCUPAMOS COM SUA PRIVACIDADE! \u00c9 por isso que voc\u00ea ter\u00e1 uma configura\u00e7\u00e3o de proxy r\u00e1pida e f\u00e1cil, sem a necessidade de fornecer detalhes de identidade al\u00e9m das informa\u00e7\u00f5es de pagamento usuais. Voc\u00ea pode usar seus novos proxies imediatamente ap\u00f3s o registro, sem compartilhar informa\u00e7\u00f5es confidenciais.<\/p>\n\n\n\n<h2 class=\"wp-block-heading\"><strong>Nosso servi\u00e7o de proxy \u00e9 ideal para voc\u00ea?<\/strong><\/h2>\n\n\n\n<p>Como um provedor de servi\u00e7os de proxy de alto n\u00edvel e com excelente custo-benef\u00edcio, utilizamos as tecnologias mais recentes para atender \u00e0s necessidades dos clientes mais exigentes. Suportamos proxies HTTP, HTTPS, SOCKS4 e SOCKS5, permitindo que voc\u00ea lide com todos os tipos de tarefas. A autentica\u00e7\u00e3o do usu\u00e1rio varia para proxies est\u00e1ticos (por endere\u00e7o IP) e rotativos (por nome de usu\u00e1rio e senha).<\/p>\n\n\n\n<h3 class=\"wp-block-heading\">Data centers de alta qualidade no mundo todo<\/h3>\n\n\n\n<ul class=\"wp-block-list\">\n<li>Am\u00e9rica do Norte<\/li>\n\n\n\n<li>Europa Ocidental<\/li>\n\n\n\n<li>Leste Europeu<\/li>\n\n\n\n<li>Oriente M\u00e9dio<\/li>\n\n\n\n<li>Sudeste Asi\u00e1tico<\/li>\n<\/ul>\n\n\n\n<p>Maximize sua conectividade global com nossa ampla cobertura geogr\u00e1fica, dispon\u00edvel em v\u00e1rios pa\u00edses.<br><br>Conforme crescemos para atender \u00e0 demanda global, voc\u00ea ter\u00e1 acesso a um n\u00famero de IPs cada vez maior, sem custos adicionais, mantendo seu plano atual enquanto estiver inscrito.<\/p>\n\n\n\n<h3 class=\"wp-block-heading\"><strong>Pre\u00e7os competitivos dif\u00edceis de bater<\/strong><\/h3>\n\n\n\n<p>Somos um dos provedores de servi\u00e7os de proxy acess\u00edveis mais destacados do mercado.<\/p>\n\n\n\n<p>Contamos com pre\u00e7os altamente competitivos: desde $0.12\/m\u00eas por IP (pacote de 500) at\u00e9 $0.06\/m\u00eas por IP (pacote de 50.000).<\/p>\n\n\n\n<p>Nossa pol\u00edtica de pre\u00e7os transparente garante que voc\u00ea sempre saiba o custo final do servi\u00e7o, sem surpresas.<\/p>\n\n\n\n<p>N\u00e3o escondemos nada de voc\u00ea, n\u00e3o somos sorrateiros!<\/p>\n\n\n\n<h3 class=\"wp-block-heading\">M\u00e9todos de pagamento flex\u00edveis<\/h3>\n\n\n\n<p>Cada um tem suas prefer\u00eancias na hora de pagar, por isso aceitamos todos os principais cart\u00f5es de cr\u00e9dito e d\u00e9bito (incluindo os russos e chineses), carteiras eletr\u00f4nicas populares (como Webmoney e Alipay) e at\u00e9 mesmo criptomoedas, para sua conveni\u00eancia e privacidade.<\/p>\n\n\n\n<p>Para os que se preocupam com a privacidade, oferecemos a op\u00e7\u00e3o de pagamento em criptomoedas.<\/p>\n\n\n\n<p>Para clientes empresariais, podemos acomodar transfer\u00eancias banc\u00e1rias e fornecer faturas no formato exigido pelas autoridades fiscais, facilitando o processamento e a manuten\u00e7\u00e3o de registros.<\/p>\n\n\n\n<p>Nosso objetivo \u00e9 tornar o processo de pagamento tranquilo e conveniente, para que voc\u00ea possa obter os proxies necess\u00e1rios para impulsionar seus neg\u00f3cios sem obst\u00e1culos.<\/p>\n\n\n\n<h2 class=\"wp-block-heading\">Sua seguran\u00e7a \u00e9 nossa prioridade<\/h2>\n\n\n\n<h3 class=\"wp-block-heading\">Teste sem riscos<\/h3>\n\n\n\n<p>Oferecemos um teste gratuito e sem compromisso de qualquer pacote de proxy. Basta entrar em contato conosco por e-mail para come\u00e7ar!\n\nConfiamos tanto no nosso servi\u00e7o que estamos dispostos a deixar voc\u00ea experiment\u00e1-lo gratuitamente, sem compromisso! Basta solicitar o teste gratuito de qualquer pacote de proxy e conferir voc\u00ea mesmo! O teste n\u00e3o o obriga a nada, ent\u00e3o v\u00e1 em frente e nos envie um e-mail para come\u00e7ar.<\/p>\n\n\n\n<h3 class=\"wp-block-heading\">Garantia de reembolso em 24 horas<\/h3>\n\n\n\n<p>Se voc\u00ea n\u00e3o estiver 100% satisfeito dentro de 24 horas ap\u00f3s a compra, devolveremos seu dinheiro. \u00c9 totalmente seguro experimentar, e reembolsamos o valor total, mesmo se voc\u00ea pagar com criptomoedas.<\/p>\n\n\n\n<h2 class=\"wp-block-heading\">Comece hoje mesmo!<\/h2>\n\n\n\n<p>N\u00e3o perca mais tempo com provedores de proxy lentos e n\u00e3o confi\u00e1veis que limitam sua produtividade.<\/p>\n\n\n\n<p>Escolha nossos proxies r\u00e1pidos, seguros e acess\u00edveis e junte-se aos milhares de clientes satisfeitos que j\u00e1 transformaram seus fluxos de trabalho.<\/p>\n\n\n\n<p>D\u00ea-nos uma chance, \u00e9 gr\u00e1tis experimentar! N\u00e3o h\u00e1 absolutamente nada a perder, mas tudo a ganhar.<br><br>Voc\u00ea est\u00e1 100% protegido por nossa garantia de reembolso de 24 horas. Teste, se apaixone, incorpore.<\/p>\n\n\n\n<p>Junte-se aos milhares que j\u00e1 transformaram seus fluxos de trabalho com nossos proxies privados.<\/p>","protected":false},"excerpt":{"rendered":"<p>Frustrated with slow and unreliable proxy service providers that cannot handle your high-demand tasks? Well, maybe we could be a nice fit! We\u2019ve helped thousands of customers that were in that exact position and after changing to Proxy Compass they reduced their bill significantly while improving the reliability of their online automations. Multi-functional, Versatile Proxies [&hellip;]<\/p>\n","protected":false},"author":1,"featured_media":460920,"parent":0,"menu_order":0,"comment_status":"closed","ping_status":"closed","template":"page-front.php","meta":{"_acf_changed":false,"inline_featured_image":false,"footnotes":""},"class_list":["post-1137","page","type-page","status-publish","has-post-thumbnail","hentry"],"acf":[],"_links":{"self":[{"href":"https:\/\/proxycompass.com\/pt\/wp-json\/wp\/v2\/pages\/1137","targetHints":{"allow":["GET"]}}],"collection":[{"href":"https:\/\/proxycompass.com\/pt\/wp-json\/wp\/v2\/pages"}],"about":[{"href":"https:\/\/proxycompass.com\/pt\/wp-json\/wp\/v2\/types\/page"}],"author":[{"embeddable":true,"href":"https:\/\/proxycompass.com\/pt\/wp-json\/wp\/v2\/users\/1"}],"replies":[{"embeddable":true,"href":"https:\/\/proxycompass.com\/pt\/wp-json\/wp\/v2\/comments?post=1137"}],"version-history":[{"count":19,"href":"https:\/\/proxycompass.com\/pt\/wp-json\/wp\/v2\/pages\/1137\/revisions"}],"predecessor-version":[{"id":471023,"href":"https:\/\/proxycompass.com\/pt\/wp-json\/wp\/v2\/pages\/1137\/revisions\/471023"}],"wp:featuredmedia":[{"embeddable":true,"href":"https:\/\/proxycompass.com\/pt\/wp-json\/wp\/v2\/media\/460920"}],"wp:attachment":[{"href":"https:\/\/proxycompass.com\/pt\/wp-json\/wp\/v2\/media?parent=1137"}],"curies":[{"name":"wp","href":"https:\/\/api.w.org\/{rel}","templated":true}]}}