{"id":455912,"date":"2023-05-20T06:21:02","date_gmt":"2023-05-20T06:21:02","guid":{"rendered":"https:\/\/proxycompass.com\/?page_id=455912"},"modified":"2024-10-22T06:40:15","modified_gmt":"2024-10-22T06:40:15","slug":"free-proxy","status":"publish","type":"page","link":"https:\/\/proxycompass.com\/pt\/free-proxy\/","title":{"rendered":"Lista de proxy gr\u00e1tis"},"content":{"rendered":"<h2 class=\"wp-block-heading\">Lista de proxy gr\u00e1tis: o que cada termo significa<\/h2>\n\n\n\n<p>Aqui est\u00e1 um guia r\u00e1pido dos termos mais importantes que voc\u00ea encontrar\u00e1 em nossa lista de proxy gratuita. A compreens\u00e3o desses termos ajudar\u00e1 voc\u00ea a escolher os proxies certos com base em sua localiza\u00e7\u00e3o, desempenho e recursos de privacidade.<\/p>\n\n\n\n<p><strong><mark style=\"background-color:rgba(0, 0, 0, 0)\" class=\"has-inline-color has-luminous-vivid-orange-color\">Endere\u00e7o IP<\/mark><\/strong>: o n\u00famero espec\u00edfico usado para identificar cada servidor proxy online.<\/p>\n\n\n\n<p><strong><mark style=\"background-color:rgba(0, 0, 0, 0)\" class=\"has-inline-color has-luminous-vivid-orange-color\">Porta<\/mark><\/strong>: o n\u00famero do ponto de acesso para conex\u00e3o ao servidor proxy.<\/p>\n\n\n\n<p><strong><mark style=\"background-color:rgba(0, 0, 0, 0)\" class=\"has-inline-color has-luminous-vivid-orange-color\">Protocolos<\/mark><\/strong>: os tipos de conex\u00f5es suportadas.<\/p>\n\n\n\n<div class=\"wp-block-group is-vertical is-content-justification-left is-layout-flex wp-container-core-group-is-layout-c0ca7d81 wp-block-group-is-layout-flex\">\n<ul class=\"wp-block-list\">\n<li><strong><mark style=\"background-color:rgba(0, 0, 0, 0)\" class=\"has-inline-color has-vivid-cyan-blue-color\">HTTP<\/mark><\/strong>: O protocolo padr\u00e3o para transfer\u00eancia de p\u00e1ginas da web e dados pela Internet. N\u00e3o \u00e9 criptografado, o que o torna menos seguro para informa\u00e7\u00f5es confidenciais.<\/li>\n\n\n\n<li><strong><mark style=\"background-color:rgba(0, 0, 0, 0)\" class=\"has-inline-color has-vivid-cyan-blue-color\">HTTPS<\/mark><\/strong>: uma extens\u00e3o de HTTP que usa criptografia (SSL\/TLS) para proteger a transmiss\u00e3o de dados. \u00c9 amplamente utilizado para comunica\u00e7\u00f5es seguras na web.<\/li>\n\n\n\n<li><strong><mark style=\"background-color:rgba(0, 0, 0, 0)\" class=\"has-inline-color has-vivid-cyan-blue-color\">SOCKS4<\/mark><\/strong>: Um protocolo proxy que retransmite pacotes de dados entre cliente e servidor usando TCP. N\u00e3o suporta autentica\u00e7\u00e3o ou UDP.<\/li>\n\n\n\n<li><strong><mark style=\"background-color:rgba(0, 0, 0, 0)\" class=\"has-inline-color has-vivid-cyan-blue-color\">SOCKS5<\/mark><\/strong>: uma vers\u00e3o atualizada do SOCKS4, com suporte para consultas de autentica\u00e7\u00e3o, UDP e DNS por meio do proxy, proporcionando mais flexibilidade e seguran\u00e7a.<\/li>\n<\/ul>\n<\/div>\n\n\n\n<p><strong><mark style=\"background-color:rgba(0, 0, 0, 0)\" class=\"has-inline-color has-luminous-vivid-orange-color\">Anonimato<\/mark><\/strong>: Qu\u00e3o bem o proxy oculta seu IP, de baixo a alto.<\/p>\n\n\n\n<ul class=\"wp-block-list\">\n<li><mark style=\"background-color:rgba(0, 0, 0, 0)\" class=\"has-inline-color has-vivid-cyan-blue-color\"><strong>Desconhecido<\/strong><\/mark>: o n\u00edvel de anonimato n\u00e3o \u00e9 especificado, portanto os recursos de privacidade n\u00e3o s\u00e3o claros.<\/li>\n\n\n\n<li><mark style=\"background-color:rgba(0, 0, 0, 0)\" class=\"has-inline-color has-vivid-cyan-blue-color\"><strong>Transparente<\/strong><\/mark>: revela seu endere\u00e7o IP e se identifica como proxy.<\/li>\n\n\n\n<li><strong><mark style=\"background-color:rgba(0, 0, 0, 0)\" class=\"has-inline-color has-vivid-cyan-blue-color\">An\u00f4nimo<\/mark><\/strong>: oculta seu endere\u00e7o IP, mas se identifica como proxy.<\/li>\n\n\n\n<li><strong><mark style=\"background-color:rgba(0, 0, 0, 0)\" class=\"has-inline-color has-vivid-cyan-blue-color\">Elite<\/mark><\/strong>: oculta seu endere\u00e7o IP e n\u00e3o se identifica como proxy, oferecendo o mais alto n\u00edvel de privacidade.<\/li>\n<\/ul>\n\n\n\n<div class=\"wp-block-group\"><div class=\"wp-block-group__inner-container is-layout-constrained wp-block-group-is-layout-constrained\">\n<p><strong><mark style=\"background-color:rgba(0, 0, 0, 0)\" class=\"has-inline-color has-luminous-vivid-orange-color\">Pa\u00eds \/ Cidade<\/mark><\/strong>: o local onde o servidor proxy est\u00e1 baseado.<\/p>\n\n\n\n<p><strong><mark style=\"background-color:rgba(0, 0, 0, 0)\" class=\"has-inline-color has-luminous-vivid-orange-color\">ISP<\/mark><\/strong>: A empresa que fornece a conex\u00e3o de internet do proxy.<\/p>\n\n\n\n<p><strong><mark style=\"background-color:rgba(0, 0, 0, 0)\" class=\"has-inline-color has-luminous-vivid-orange-color\">Lat\u00eancia<\/mark><\/strong>: mede a rapidez com que o proxy envia e recebe dados, expressa em milissegundos (ms). Quanto menor esse valor, mais prefer\u00edvel ser\u00e1 o proxy, pois indica tempos de resposta mais r\u00e1pidos.<\/p>\n\n\n\n<p><strong><mark style=\"background-color:rgba(0, 0, 0, 0)\" class=\"has-inline-color has-luminous-vivid-orange-color\">Tempo de atividade<\/mark><\/strong>: indica a confiabilidade do proxy, mostrada como uma porcentagem do tempo em que est\u00e1 ativo. Durante as verifica\u00e7\u00f5es de proxy, enviamos v\u00e1rias solicita\u00e7\u00f5es ao proxy. Um tempo de atividade 100% significa que o proxy estava dispon\u00edvel para todas as solicita\u00e7\u00f5es, enquanto 50% significa que estava dispon\u00edvel apenas metade do tempo. Quanto maior o valor, mais confi\u00e1vel \u00e9 o proxy.<\/p>\n\n\n\n<p><strong><mark style=\"background-color:rgba(0, 0, 0, 0)\" class=\"has-inline-color has-luminous-vivid-orange-color\">\u00daltima verifica\u00e7\u00e3o<\/mark><\/strong>: a data e hora mais recentes em que o proxy foi testado para garantir que est\u00e1 funcionando corretamente.<\/p>\n<\/div><\/div>\n\n\n\n<h2 class=\"wp-block-heading\">Proxies gr\u00e1tis via Telegram<\/h2>\n\n\n\n<p>Obtenha os 100 proxies mais r\u00e1pidos, atualizados a cada 3 horas. Junte-se ao nosso canal no Telegram e receba proxies novos e confi\u00e1veis diretamente no seu dispositivo, sem complica\u00e7\u00f5es.<\/p>\n\n\n\n<p>Canal do Telegram: <a href=\"https:\/\/t.me\/freeproxieshub\">@FreeProxiesHub<\/a><\/p>\n\n\n\n<p><\/p>","protected":false},"excerpt":{"rendered":"<p>Free Proxy List: What Each Term Means Here&#8217;s a quick guide to the most important terms you&#8217;ll find in our free proxy list. Understanding these terms will help you choose the right proxies based on their location, performance, and privacy features. IP Address: The specific number used to identify each proxy server online. Port: The [&hellip;]<\/p>\n","protected":false},"author":1,"featured_media":0,"parent":0,"menu_order":0,"comment_status":"closed","ping_status":"closed","template":"page-free-proxy-list.php","meta":{"_acf_changed":false,"inline_featured_image":false,"footnotes":""},"class_list":["post-455912","page","type-page","status-publish","hentry"],"acf":[],"_links":{"self":[{"href":"https:\/\/proxycompass.com\/pt\/wp-json\/wp\/v2\/pages\/455912","targetHints":{"allow":["GET"]}}],"collection":[{"href":"https:\/\/proxycompass.com\/pt\/wp-json\/wp\/v2\/pages"}],"about":[{"href":"https:\/\/proxycompass.com\/pt\/wp-json\/wp\/v2\/types\/page"}],"author":[{"embeddable":true,"href":"https:\/\/proxycompass.com\/pt\/wp-json\/wp\/v2\/users\/1"}],"replies":[{"embeddable":true,"href":"https:\/\/proxycompass.com\/pt\/wp-json\/wp\/v2\/comments?post=455912"}],"version-history":[{"count":20,"href":"https:\/\/proxycompass.com\/pt\/wp-json\/wp\/v2\/pages\/455912\/revisions"}],"predecessor-version":[{"id":471276,"href":"https:\/\/proxycompass.com\/pt\/wp-json\/wp\/v2\/pages\/455912\/revisions\/471276"}],"wp:attachment":[{"href":"https:\/\/proxycompass.com\/pt\/wp-json\/wp\/v2\/media?parent=455912"}],"curies":[{"name":"wp","href":"https:\/\/api.w.org\/{rel}","templated":true}]}}