{"id":460491,"date":"2023-05-27T06:06:14","date_gmt":"2023-05-27T06:06:14","guid":{"rendered":"https:\/\/proxycompass.com\/?page_id=460491"},"modified":"2024-09-17T12:40:24","modified_gmt":"2024-09-17T12:40:24","slug":"privacy-policy","status":"publish","type":"page","link":"https:\/\/proxycompass.com\/pt\/privacy-policy\/","title":{"rendered":"pol\u00edtica de Privacidade"},"content":{"rendered":"<h2 class=\"wp-block-heading\">pol\u00edtica de Privacidade<\/h2>\n\n\n\n<p><br><br>Para n\u00f3s, \u201cinforma\u00e7\u00f5es pessoais\u201d significa informa\u00e7\u00f5es que o identificam diretamente (como seu nome, endere\u00e7o de e-mail ou informa\u00e7\u00f5es de cobran\u00e7a) ou que podem ser razoavelmente vinculadas ou combinadas para identific\u00e1-lo (como um n\u00famero de identifica\u00e7\u00e3o de conta ou endere\u00e7o IP). Sempre lhe informaremos quais informa\u00e7\u00f5es pessoais estamos coletando de voc\u00ea. Consulte o Aviso de Privacidade de cada produto para obter detalhes espec\u00edficos.<\/p>\n\n\n\n<p>Qualquer informa\u00e7\u00e3o que esteja fora disso \u00e9 \u201cinforma\u00e7\u00e3o n\u00e3o pessoal\u201d.<\/p>\n\n\n\n<p>Se armazenarmos suas informa\u00e7\u00f5es pessoais com informa\u00e7\u00f5es n\u00e3o pessoais, consideraremos a combina\u00e7\u00e3o como informa\u00e7\u00f5es pessoais. Se removermos todas as informa\u00e7\u00f5es pessoais de um conjunto de dados, o restante ser\u00e1 informa\u00e7\u00e3o n\u00e3o pessoal.<\/p>\n\n\n\n<p><strong>Como obtemos informa\u00e7\u00f5es sobre voc\u00ea?<\/strong><\/p>\n\n\n\n<p>Obtemos informa\u00e7\u00f5es sobre voc\u00ea quando:<\/p>\n\n\n\n<ul class=\"wp-block-list\">\n<li>voc\u00ea nos fornece esses dados diretamente (por exemplo, quando opta por nos enviar relat\u00f3rios de falhas);<\/li>\n\n\n\n<li>n\u00f3s os coletamos automaticamente atrav\u00e9s de nossos produtos e servi\u00e7os;<\/li>\n\n\n\n<li>quando tentamos entender mais sobre voc\u00ea com base nas informa\u00e7\u00f5es que voc\u00ea nos forneceu (por exemplo, quando usamos seu endere\u00e7o IP para personalizar o idioma de alguns de nossos servi\u00e7os).<\/li>\n<\/ul>\n\n\n\n<p><strong>O que fazemos com suas informa\u00e7\u00f5es quando as tivermos?<\/strong><\/p>\n\n\n\n<p>Quando voc\u00ea nos fornecer informa\u00e7\u00f5es, n\u00f3s as usaremos da maneira que voc\u00ea nos deu permiss\u00e3o. Geralmente, usamos suas informa\u00e7\u00f5es para nos ajudar a fornecer e melhorar nossos produtos e servi\u00e7os para voc\u00ea.<\/p>\n\n\n\n<p><strong>Quando compartilhamos suas informa\u00e7\u00f5es com outras pessoas?<\/strong><\/p>\n\n\n\n<ul class=\"wp-block-list\">\n<li>Quando a lei assim o exigir. Seguimos a lei sempre que recebemos solicita\u00e7\u00f5es sobre voc\u00ea de um governo ou relacionadas a uma a\u00e7\u00e3o judicial. Iremos notific\u00e1-lo quando formos solicitados a fornecer suas informa\u00e7\u00f5es pessoais dessa forma, a menos que sejamos legalmente proibidos de faz\u00ea-lo. Quando recebermos solicita\u00e7\u00f5es como essa, s\u00f3 divulgaremos suas informa\u00e7\u00f5es pessoais se acreditarmos, de boa-f\u00e9, que a lei exige que o fa\u00e7amos. Nada nesta pol\u00edtica se destina a limitar quaisquer defesas legais ou obje\u00e7\u00f5es que voc\u00ea possa ter a um<\/li>\n\n\n\n<li>Quando acreditamos que \u00e9 necess\u00e1rio evitar danos a voc\u00ea ou a outra pessoa. Somente compartilharemos suas informa\u00e7\u00f5es dessa forma se acreditarmos de boa f\u00e9 que isso \u00e9 razoavelmente necess\u00e1rio para proteger seus direitos, propriedade ou seguran\u00e7a, de nossos outros usu\u00e1rios ou do p\u00fablico.<\/li>\n<\/ul>\n\n\n\n<p><strong>Como armazenamos e protegemos suas informa\u00e7\u00f5es pessoais?<\/strong><\/p>\n\n\n\n<p>Temos o compromisso de proteger suas informa\u00e7\u00f5es pessoais assim que as tivermos. Implementamos medidas de seguran\u00e7a f\u00edsica, empresarial e t\u00e9cnica. Apesar dos nossos esfor\u00e7os, se soubermos de uma viola\u00e7\u00e3o de seguran\u00e7a, iremos notific\u00e1-lo para que possa tomar as medidas de prote\u00e7\u00e3o adequadas.<\/p>\n\n\n\n<p>Tamb\u00e9m n\u00e3o queremos suas informa\u00e7\u00f5es pessoais por mais tempo do que o necess\u00e1rio, portanto, apenas as mantemos o tempo suficiente para fazer o que as coletamos. Uma vez que n\u00e3o precisamos dele, tomamos medidas para destru\u00ed-lo, a menos que sejamos obrigados por lei a mant\u00ea-lo por mais tempo.<\/p>\n\n\n\n<p><strong>E se alterarmos esta pol\u00edtica de privacidade ou qualquer um dos nossos avisos de privacidade?<\/strong><\/p>\n\n\n\n<p>Poderemos precisar alterar esta pol\u00edtica e nossos avisos. As atualiza\u00e7\u00f5es ser\u00e3o publicadas online. Se as altera\u00e7\u00f5es forem substanciais, anunciaremos a atualiza\u00e7\u00e3o atrav\u00e9s dos canais habituais do \u00abProxyCompass\u00bb para tais an\u00fancios, como postagens em blogs e f\u00f3runs. O uso continuado do produto ou servi\u00e7o ap\u00f3s a data efetiva de tais altera\u00e7\u00f5es constitui sua aceita\u00e7\u00e3o de tais altera\u00e7\u00f5es. Para tornar sua an\u00e1lise mais conveniente, publicaremos uma data efetiva no topo da p\u00e1gina.<\/p>","protected":false},"excerpt":{"rendered":"<p>Privacy Policy For us, \u201cpersonal information\u201d means information which either directly identifies you (like your name, email address, or billing information) or can be reasonably linked or combined to identify you (like an account identification number or IP address). We\u2019ll always tell you what personal information we\u2019re collecting from you. See each product\u2019s Privacy Notice [&hellip;]<\/p>\n","protected":false},"author":1,"featured_media":0,"parent":0,"menu_order":0,"comment_status":"closed","ping_status":"closed","template":"","meta":{"_acf_changed":false,"inline_featured_image":false,"footnotes":""},"class_list":["post-460491","page","type-page","status-publish","hentry"],"acf":[],"_links":{"self":[{"href":"https:\/\/proxycompass.com\/pt\/wp-json\/wp\/v2\/pages\/460491","targetHints":{"allow":["GET"]}}],"collection":[{"href":"https:\/\/proxycompass.com\/pt\/wp-json\/wp\/v2\/pages"}],"about":[{"href":"https:\/\/proxycompass.com\/pt\/wp-json\/wp\/v2\/types\/page"}],"author":[{"embeddable":true,"href":"https:\/\/proxycompass.com\/pt\/wp-json\/wp\/v2\/users\/1"}],"replies":[{"embeddable":true,"href":"https:\/\/proxycompass.com\/pt\/wp-json\/wp\/v2\/comments?post=460491"}],"version-history":[{"count":1,"href":"https:\/\/proxycompass.com\/pt\/wp-json\/wp\/v2\/pages\/460491\/revisions"}],"predecessor-version":[{"id":471214,"href":"https:\/\/proxycompass.com\/pt\/wp-json\/wp\/v2\/pages\/460491\/revisions\/471214"}],"wp:attachment":[{"href":"https:\/\/proxycompass.com\/pt\/wp-json\/wp\/v2\/media?parent=460491"}],"curies":[{"name":"wp","href":"https:\/\/api.w.org\/{rel}","templated":true}]}}