{"id":460509,"date":"2023-05-27T06:40:23","date_gmt":"2023-05-27T06:40:23","guid":{"rendered":"https:\/\/proxycompass.com\/?page_id=460509"},"modified":"2025-01-27T11:15:20","modified_gmt":"2025-01-27T11:15:20","slug":"terms-of-service","status":"publish","type":"page","link":"https:\/\/proxycompass.com\/pt\/terms-of-service\/","title":{"rendered":"Termos de servi\u00e7o"},"content":{"rendered":"<div class=\"wp-block-rank-math-toc-block\" id=\"rank-math-toc\"><nav><ul><li class=\"\"><a href=\"#1-eligibility\">1. Elegibilidade<\/a><\/li><li class=\"\"><a href=\"#2-service-rules\">2. Regras de servi\u00e7o<\/a><ul><li class=\"\"><a href=\"#2-1-fee-for-processing-complaints\">2.1 Taxa para Processamento de Reclama\u00e7\u00f5es<\/a><\/li><\/ul><\/li><li class=\"\"><a href=\"#3-refund-policy\">3. Pol\u00edtica de Reembolso<\/a><\/li><li class=\"\"><a href=\"#4-user-accounts\">4. Contas de usu\u00e1rio<\/a><\/li><li class=\"\"><a href=\"#5-acceptable-use\">5. Uso aceit\u00e1vel<\/a><\/li><li class=\"\"><a href=\"#6-privacy\">6. Privacidade<\/a><\/li><li class=\"\"><a href=\"#7-intellectual-property-rights\">7. Direitos de Propriedade Intelectual<\/a><\/li><li class=\"\"><a href=\"#8-changes-to-terms\">8. Altera\u00e7\u00f5es nos Termos<\/a><\/li><li class=\"\"><a href=\"#9-termination\">9. Rescis\u00e3o<\/a><\/li><li class=\"\"><a href=\"#10-governing-law\">10. Lei Aplic\u00e1vel<\/a><\/li><li class=\"\"><a href=\"#11-contact\">11. Contato<\/a><\/li><li class=\"\"><a href=\"#financial-information\">12. Informa\u00e7\u00f5es financeiras<\/a><\/li><\/ul><\/nav><\/div>\n\n\n\n<p>Bem-vindo ao ProxyCompass! Estes Termos de Servi\u00e7o (\u201cTermos\u201d) regem o seu acesso e uso do ProxyCompass e de qualquer software, servi\u00e7os e documenta\u00e7\u00e3o relacionados que fornecemos (coletivamente, os \u201cServi\u00e7os\u201d). Ao utilizar nossos Servi\u00e7os, voc\u00ea confirma que leu, compreendeu e concordou com estes Termos. Se voc\u00ea discordar de qualquer parte destes Termos, evite usar nossos Servi\u00e7os.<\/p>\n\n\n\n<h2 class=\"wp-block-heading\" id=\"1-eligibility\"><strong>1. Elegibilidade<\/strong><\/h2>\n\n\n\n<p>Para utilizar nossos Servi\u00e7os, voc\u00ea deve ter pelo menos 18 anos e ser capaz de firmar um contrato juridicamente vinculativo com a ProxyCompass. Ao utilizar nossos Servi\u00e7os, voc\u00ea afirma que atende a esses crit\u00e9rios.<\/p>\n\n\n\n<h2 class=\"wp-block-heading\" id=\"2-service-rules\"><strong>2. Regras de servi\u00e7o<\/strong><\/h2>\n\n\n\n<p>Ao usar o Servi\u00e7o, voc\u00ea concorda em n\u00e3o:<\/p>\n\n\n\n<p><br>\u2013 Copiar ou compartilhar qualquer parte do Servi\u00e7o publicamente.<br>\u2013 Envie spam ou e-mails n\u00e3o solicitados.<br>\u2013 Interferir na seguran\u00e7a do Servi\u00e7o ou na integridade do sistema.<br>\u2013 Sobrecarregar nossa infraestrutura de forma injustificada.<br>\u2013 Carregar software prejudicial atrav\u00e9s do Servi\u00e7o.<br>\u2013 Coletar informa\u00e7\u00f5es pessoais do Servi\u00e7o.<br>\u2013 Personificar-se de terceiros ou cometer fraude.<br>\u2013 Perturbar o funcionamento do Servi\u00e7o.<br>\u2013 Utilizar meios n\u00e3o autorizados para acessar o conte\u00fado do Servi\u00e7o.<br>\u2013 Contornar quaisquer restri\u00e7\u00f5es de acesso ao Servi\u00e7o.<br>\u2013 Revender ou redistribuir o Servi\u00e7o sem acordo.<br>\u2013 Envolver-se em viola\u00e7\u00f5es de seguran\u00e7a ou interrup\u00e7\u00f5es nas comunica\u00e7\u00f5es pela Internet.<br>\u2013 Utilizar o Servi\u00e7o para atividades ilegais ou em viola\u00e7\u00e3o de direitos de terceiros.<br>\u2013 Use o Servi\u00e7o para ataques de for\u00e7a bruta.<\/p>\n\n\n\n<h3 class=\"wp-block-heading\" id=\"2-1-fee-for-processing-complaints\">2.1 Taxa para Processamento de Reclama\u00e7\u00f5es<\/h3>\n\n\n\n<p>A partir de 2 de abril de 2024, implementaremos uma taxa de $30 para cada investiga\u00e7\u00e3o de reclama\u00e7\u00e3o devido ao aumento das demandas administrativas e investigativas. Esta taxa cobre os custos de investiga\u00e7\u00e3o e n\u00e3o nega viola\u00e7\u00f5es de regras.<\/p>\n\n\n\n<p>Ao receber uma reclama\u00e7\u00e3o, investigaremos minuciosamente, informando o cliente e permitindo-lhe responder.<\/p>\n\n\n\n<p>Ap\u00f3s a investiga\u00e7\u00e3o, emitiremos uma fatura. O servi\u00e7o \u00e9 retomado ap\u00f3s o pagamento no prazo de 3 dias, desde que n\u00e3o haja conflitos de regras.<\/p>\n\n\n\n<p>Para viola\u00e7\u00f5es graves ou repetidas, poderemos interromper os servi\u00e7os sem reembolso, enfatizando a ades\u00e3o estrita aos nossos termos de uso para fins de justi\u00e7a.<\/p>\n\n\n\n<p>Isen\u00e7\u00f5es de taxas poder\u00e3o ser aplicadas se os clientes evitarem proativamente problemas futuros, a nosso crit\u00e9rio.<\/p>\n\n\n\n<h2 class=\"wp-block-heading\" id=\"3-refund-policy\"><strong>3. Pol\u00edtica de Reembolso<\/strong><\/h2>\n\n\n\n<p>ProxyCompass oferece garantia de devolu\u00e7\u00e3o do dinheiro em 24 horas a partir do momento da compra. Este reembolso ser\u00e1 processado da mesma maneira que a forma de pagamento original. Para iniciar um reembolso, entre em contato com nossa equipe de atendimento ao cliente.<\/p>\n\n\n\n<p>Observe que monitoramos diligentemente o n\u00famero de solicita\u00e7\u00f5es de reembolso. Em casos de pedidos de reembolso excessivos, especificamente mais de tr\u00eas num \u00fanico m\u00eas, a ProxyCompass reserva-se o direito de recusar o pedido de reembolso.<\/p>\n\n\n\n<p>Al\u00e9m da janela de 24 horas, os clientes podem cancelar seu pedido. Os reembolsos nestas circunst\u00e2ncias ser\u00e3o fornecidos como um cr\u00e9dito para fundos n\u00e3o utilizados no seu saldo interno. Cancelamentos de pedidos s\u00e3o permitidos uma vez a cada tr\u00eas dias. Esta op\u00e7\u00e3o pode ser acessada em seu painel pessoal.<\/p>\n\n\n\n<p>Se por algum motivo voc\u00ea n\u00e3o estiver satisfeito com os proxies adquiridos, recomendamos que voc\u00ea entre em contato com nossa equipe de suporte t\u00e9cnico para processar seu reembolso.<\/p>\n\n\n\n<p>Ao adquirir qualquer produto ou servi\u00e7o da ProxyCompass, voc\u00ea concorda com os termos estabelecidos nesta Pol\u00edtica de Reembolso.<\/p>\n\n\n\n<h2 class=\"wp-block-heading\" id=\"4-user-accounts\"><strong>4. Contas de usu\u00e1rio<\/strong><\/h2>\n\n\n\n<p>Pode ser necess\u00e1rio registrar-se em uma conta para acessar determinados recursos ou fun\u00e7\u00f5es de nossos Servi\u00e7os. Voc\u00ea \u00e9 respons\u00e1vel por manter a confidencialidade da senha da sua conta e por todas as atividades associadas \u00e0 sua conta. A ProxyCompass n\u00e3o se responsabiliza por quaisquer perdas ou danos decorrentes da falha em proteger sua conta.<\/p>\n\n\n\n<h2 class=\"wp-block-heading\" id=\"5-acceptable-use\"><strong>5. Uso aceit\u00e1vel<\/strong><\/h2>\n\n\n\n<p>Voc\u00ea concorda em usar nossos Servi\u00e7os legalmente e em n\u00e3o violar quaisquer leis, regulamentos ou direitos de terceiros ao usar nossos Servi\u00e7os. Voc\u00ea est\u00e1 expressamente proibido de usar nossos Servi\u00e7os para qualquer finalidade il\u00edcita ou n\u00e3o autorizada, incluindo, entre outros, fraude, ass\u00e9dio ou distribui\u00e7\u00e3o de malware ou outro c\u00f3digo prejudicial.<\/p>\n\n\n\n<h2 class=\"wp-block-heading\" id=\"6-privacy\"><strong>6. Privacidade<\/strong><\/h2>\n\n\n\n<p>Sua privacidade \u00e9 importante para n\u00f3s. Por favor consulte o nosso <a href=\"https:\/\/proxycompass.com\/pt\/privacy-policy\/\" data-type=\"URL\" data-id=\"https:\/\/proxycompass.com\/privacy-policy\/\">Pol\u00edtica de Privacidade<\/a>y para obter informa\u00e7\u00f5es sobre como coletamos, usamos e divulgamos suas informa\u00e7\u00f5es pessoais.<\/p>\n\n\n\n<h2 class=\"wp-block-heading\" id=\"7-intellectual-property-rights\"><strong>7. Direitos de Propriedade Intelectual<\/strong><\/h2>\n\n\n\n<p>Todos os direitos, t\u00edtulos e interesses relativos aos nossos Servi\u00e7os, incluindo quaisquer direitos de propriedade intelectual, s\u00e3o e continuar\u00e3o sendo propriedade exclusiva da ProxyCompass e de seus licenciadores.<\/p>\n\n\n\n<h2 class=\"wp-block-heading\" id=\"8-changes-to-terms\"><strong>8. Altera\u00e7\u00f5es nos Termos<\/strong><\/h2>\n\n\n\n<p>Poderemos atualizar estes Termos de tempos em tempos. Quando fizermos altera\u00e7\u00f5es, disponibilizaremos os Termos atualizados em nosso site e atualizaremos a data da \u201c\u00daltima Atualiza\u00e7\u00e3o\u201d. Ao continuar a usar nossos Servi\u00e7os ap\u00f3s essas altera\u00e7\u00f5es entrarem em vigor, voc\u00ea concorda em ficar vinculado aos Termos atualizados.<\/p>\n\n\n\n<h2 class=\"wp-block-heading\" id=\"9-termination\"><strong>9. Rescis\u00e3o<\/strong><\/h2>\n\n\n\n<p>Reservamo-nos o direito, sem aviso pr\u00e9vio e a nosso exclusivo crit\u00e9rio, de rescindir o seu direito de acessar ou usar nossos Servi\u00e7os e de bloquear ou impedir seu futuro acesso e uso de nossos Servi\u00e7os.<\/p>\n\n\n\n<h2 class=\"wp-block-heading\" id=\"10-governing-law\"><strong>10. Lei Aplic\u00e1vel<\/strong><\/h2>\n\n\n\n<p>Estes Termos e qualquer a\u00e7\u00e3o relacionada a estes Termos ser\u00e3o regidos pelas leis da jurisdi\u00e7\u00e3o na qual a ProxyCompass est\u00e1 sediada, independentemente de seus princ\u00edpios de conflito de leis.<\/p>\n\n\n\n<h2 class=\"wp-block-heading\" id=\"11-contact\"><strong>11. Contato<\/strong><\/h2>\n\n\n\n<p>Se voc\u00ea tiver alguma d\u00favida sobre estes Termos, por favor <a href=\"https:\/\/proxycompass.com\/pt\/account\/contact.php\/\">Contate-nos<\/a>.<\/p>\n\n\n\n<h2 class=\"wp-block-heading\" id=\"financial-information\">12. <strong>Informa\u00e7\u00f5es financeiras<\/strong><\/h2>\n\n\n\n<p>A ProxyCompass opera com parceiros financeiros em diversas regi\u00f5es:<\/p>\n\n\n\n<ul class=\"wp-block-list\">\n<li><strong>Europa:<\/strong><br><strong>QualityNetwork OU<\/strong><br>Karu 14-8, Kesklinn, Tallinn,<br>Distrito de Harju, 10120, Est\u00f4nia<br><\/li>\n\n\n\n<li><strong>Regi\u00e3o do Oriente M\u00e9dio:<\/strong><br><strong>Rede de Qualidade Oriente M\u00e9dio FZE<\/strong><br>Centro de neg\u00f3cios Al Shmookh, One UAQ,<br>Zona de Livre Com\u00e9rcio da UAQ, Umm Al Quwain, Emirados \u00c1rabes Unidos<br><\/li>\n\n\n\n<li><strong>Estados Unidos:<\/strong><br><strong>Rede de Qualidade EUA LLC<\/strong><br>30 N Gould St, ST R,<br>Sheridan, WY 82801, Estados Unidos<br><\/li>\n\n\n\n<li><strong>Regi\u00e3o da \u00c1frica:<\/strong><br><strong>Ag\u00eancia de Redes Jumwak Limitada<\/strong><br>Makadara, Nair\u00f3bi,<br>Distrito de Makadara, Qu\u00eania<br><\/li>\n<\/ul>\n\n\n\n<p>Para qualquer d\u00favida financeira, entre em contato com nossa equipe de suporte.<\/p>","protected":false},"excerpt":{"rendered":"<p>Welcome to ProxyCompass! These Terms of Service (&#8220;Terms&#8221;) govern your access and use of ProxyCompass and any related software, services, and documentation we provide (collectively, the &#8220;Services&#8221;). By using our Services, you confirm that you&#8217;ve read, understood, and agreed to these Terms. If you disagree with any part of these Terms, please refrain from using [&hellip;]<\/p>\n","protected":false},"author":1,"featured_media":0,"parent":0,"menu_order":0,"comment_status":"closed","ping_status":"closed","template":"","meta":{"_acf_changed":false,"inline_featured_image":false,"footnotes":""},"class_list":["post-460509","page","type-page","status-publish","hentry"],"acf":[],"_links":{"self":[{"href":"https:\/\/proxycompass.com\/pt\/wp-json\/wp\/v2\/pages\/460509","targetHints":{"allow":["GET"]}}],"collection":[{"href":"https:\/\/proxycompass.com\/pt\/wp-json\/wp\/v2\/pages"}],"about":[{"href":"https:\/\/proxycompass.com\/pt\/wp-json\/wp\/v2\/types\/page"}],"author":[{"embeddable":true,"href":"https:\/\/proxycompass.com\/pt\/wp-json\/wp\/v2\/users\/1"}],"replies":[{"embeddable":true,"href":"https:\/\/proxycompass.com\/pt\/wp-json\/wp\/v2\/comments?post=460509"}],"version-history":[{"count":12,"href":"https:\/\/proxycompass.com\/pt\/wp-json\/wp\/v2\/pages\/460509\/revisions"}],"predecessor-version":[{"id":471376,"href":"https:\/\/proxycompass.com\/pt\/wp-json\/wp\/v2\/pages\/460509\/revisions\/471376"}],"wp:attachment":[{"href":"https:\/\/proxycompass.com\/pt\/wp-json\/wp\/v2\/media?parent=460509"}],"curies":[{"name":"wp","href":"https:\/\/api.w.org\/{rel}","templated":true}]}}