{"id":468355,"date":"2024-03-01T08:34:48","date_gmt":"2024-03-01T08:34:48","guid":{"rendered":"https:\/\/proxycompass.com\/?page_id=468355"},"modified":"2025-07-30T03:26:58","modified_gmt":"2025-07-30T03:26:58","slug":"proxy-checker","status":"publish","type":"page","link":"https:\/\/proxycompass.com\/pt\/proxy-checker\/","title":{"rendered":"Verificador de proxy em massa"},"content":{"rendered":"<p>O Proxy Checker da ProxyCompass \u00e9 uma ferramenta online para verifica\u00e7\u00e3o em massa e an\u00e1lise de servidores proxy. Ele suporta uma variedade de tipos de proxy, incluindo HTTP, HTTPS, SOCKS4 e SOCKS5.<\/p>\n\n\n\n<h3 class=\"wp-block-heading\">Caracter\u00edsticas principais:<\/h3>\n\n\n\n<ul class=\"wp-block-list\">\n<li><strong>Suporta v\u00e1rios protocolos<\/strong>: Capaz de lidar com diferentes protocolos de proxy.<\/li>\n\n\n\n<li><strong>Verifica\u00e7\u00e3o multithread<\/strong>: Permite a verifica\u00e7\u00e3o simult\u00e2nea de v\u00e1rios proxies.<\/li>\n\n\n\n<li><strong>Anonimato e an\u00e1lise de desempenho<\/strong>: avalia o n\u00edvel de anonimato, velocidade de conex\u00e3o e confiabilidade.<\/li>\n\n\n\n<li><strong>Geolocaliza\u00e7\u00e3o e informa\u00e7\u00f5es do ISP<\/strong>: Fornece localiza\u00e7\u00e3o geogr\u00e1fica e dados do ISP, provenientes do\u00a0<a href=\"https:\/\/www.ripe.net\/\" target=\"_blank\" rel=\"noreferrer noopener\">Banco de dados RIPE<\/a>.<\/li>\n\n\n\n<li><strong>Relat\u00f3rios para download<\/strong>: Oferece resultados em formatos acess\u00edveis.<\/li>\n\n\n\n<li><strong>Resultados instant\u00e2neos e filtragem avan\u00e7ada<\/strong>: exibe resultados em tempo real com op\u00e7\u00f5es de filtragem.<\/li>\n\n\n\n<li><strong>Integra\u00e7\u00e3o de API<\/strong>&nbsp;(Em desenvolvimento): Este recurso est\u00e1 atualmente em desenvolvimento e estar\u00e1 dispon\u00edvel em breve. Esta ferramenta foi projetada para quem procura uma maneira simples e eficaz de verificar servidores proxy.<\/li>\n<\/ul>","protected":false},"excerpt":{"rendered":"<p>O Proxy Checker da ProxyCompass \u00e9 uma ferramenta online para verifica\u00e7\u00e3o em massa e an\u00e1lise de servidores proxy. Ele suporta uma variedade de tipos de proxy, incluindo HTTP, HTTPS, SOCKS4 e SOCKS5. Principais recursos:<\/p>","protected":false},"author":1,"featured_media":0,"parent":0,"menu_order":0,"comment_status":"closed","ping_status":"closed","template":"page-checker.php","meta":{"_acf_changed":false,"inline_featured_image":false,"footnotes":""},"class_list":["post-468355","page","type-page","status-publish","hentry"],"acf":[],"_links":{"self":[{"href":"https:\/\/proxycompass.com\/pt\/wp-json\/wp\/v2\/pages\/468355","targetHints":{"allow":["GET"]}}],"collection":[{"href":"https:\/\/proxycompass.com\/pt\/wp-json\/wp\/v2\/pages"}],"about":[{"href":"https:\/\/proxycompass.com\/pt\/wp-json\/wp\/v2\/types\/page"}],"author":[{"embeddable":true,"href":"https:\/\/proxycompass.com\/pt\/wp-json\/wp\/v2\/users\/1"}],"replies":[{"embeddable":true,"href":"https:\/\/proxycompass.com\/pt\/wp-json\/wp\/v2\/comments?post=468355"}],"version-history":[{"count":7,"href":"https:\/\/proxycompass.com\/pt\/wp-json\/wp\/v2\/pages\/468355\/revisions"}],"predecessor-version":[{"id":471441,"href":"https:\/\/proxycompass.com\/pt\/wp-json\/wp\/v2\/pages\/468355\/revisions\/471441"}],"wp:attachment":[{"href":"https:\/\/proxycompass.com\/pt\/wp-json\/wp\/v2\/media?parent=468355"}],"curies":[{"name":"wp","href":"https:\/\/api.w.org\/{rel}","templated":true}]}}