{"id":469452,"date":"2024-03-18T14:05:23","date_gmt":"2024-03-18T14:05:23","guid":{"rendered":"https:\/\/proxycompass.com\/?page_id=469452"},"modified":"2025-01-27T11:27:05","modified_gmt":"2025-01-27T11:27:05","slug":"about-us","status":"publish","type":"page","link":"https:\/\/proxycompass.com\/pt\/about-us\/","title":{"rendered":"Sobre n\u00f3s"},"content":{"rendered":"<hr class=\"wp-block-separator has-alpha-channel-opacity\"\/>\n\n\n\n<h2 class=\"wp-block-heading\"><strong>Bem-vindo ao ProxyCompass<\/strong><\/h2>\n\n\n\n<p>Sua porta de entrada para qualidade e inova\u00e7\u00e3o de servi\u00e7os de proxy incompar\u00e1veis, estabelecida no setor de proxy desde 2013. Somos l\u00edderes no setor de proxy, oferecendo uma vasta sele\u00e7\u00e3o de endere\u00e7os IP para atender \u00e0s diversas necessidades on-line. Descubra o que nos torna \u00fanicos:<\/p>\n\n\n\n<hr class=\"wp-block-separator has-alpha-channel-opacity\"\/>\n\n\n\n<h2 class=\"wp-block-heading\"><strong>Solu\u00e7\u00f5es inovadoras de proxy<\/strong><\/h2>\n\n\n\n<p>ProxyCompass \u00e9 mais que um servi\u00e7o; \u00e9 uma abordagem inovadora para o anonimato e a seguran\u00e7a online. Com nosso extenso conjunto de endere\u00e7os IP, os clientes desfrutam de privacidade e flexibilidade on-line incompar\u00e1veis.<\/p>\n\n\n\n<hr class=\"wp-block-separator has-alpha-channel-opacity\"\/>\n\n\n\n<h2 class=\"wp-block-heading\"><strong>Equipe de especialistas<\/strong><\/h2>\n\n\n\n<p>Nossos especialistas, com vasta experi\u00eancia no mercado de proxy, se uniram no ProxyCompass para fornecer um servi\u00e7o excepcional projetado para os desafios e oportunidades da era digital.<\/p>\n\n\n\n<hr class=\"wp-block-separator has-alpha-channel-opacity\"\/>\n\n\n\n<h2 class=\"wp-block-heading\"><strong>Rede Global de Proxy<\/strong><\/h2>\n\n\n\n<p>Possu\u00edmos mais de 100.000 servidores proxy em mais de 20 pa\u00edses, todos situados em data centers de primeira linha para oferecer servi\u00e7os eficientes a uma ampla base de clientes.<\/p>\n\n\n\n<ul class=\"wp-block-list\">\n<li><strong>Pa\u00edses:<\/strong> 20+<\/li>\n\n\n\n<li><strong>Servidores proxy:<\/strong> 100,000+<\/li>\n\n\n\n<li><strong>Centros de dados:<\/strong> Classe mundial<\/li>\n<\/ul>\n\n\n\n<hr class=\"wp-block-separator has-alpha-channel-opacity\"\/>\n\n\n\n<h2 class=\"wp-block-heading\"><strong>Diversas op\u00e7\u00f5es de proxy<\/strong><\/h2>\n\n\n\n<p>De proxies dedicados a compartilhados (limitados a 2 a 3 usu\u00e1rios por proxy), nossa linha atende a diversas prefer\u00eancias e or\u00e7amentos, garantindo uma experi\u00eancia de proxy personalizada.<\/p>\n\n\n\n<hr class=\"wp-block-separator has-alpha-channel-opacity\"\/>\n\n\n\n<h2 class=\"wp-block-heading\"><strong>Principais vantagens<\/strong><\/h2>\n\n\n\n<ul class=\"wp-block-list\">\n<li><strong>Confiabilidade:<\/strong> Servidores confi\u00e1veis para desempenho online consistente.<\/li>\n\n\n\n<li><strong>Resist\u00eancia \u00e0 proibi\u00e7\u00e3o:<\/strong> Algoritmos inteligentes reduzem o risco de proibi\u00e7\u00f5es de IP.<\/li>\n\n\n\n<li><strong>Velocidade:<\/strong> Desfrute de Internet de alta velocidade para navega\u00e7\u00e3o e gerenciamento de dados eficientes.<\/li>\n\n\n\n<li><strong>Tempo de atividade:<\/strong> Garantimos tempo de atividade 99.9% para servi\u00e7o ininterrupto.<\/li>\n\n\n\n<li><strong>Acessibilidade:<\/strong> Pre\u00e7os competitivos a partir de apenas 6 centavos por IP.<\/li>\n<\/ul>\n\n\n\n<hr class=\"wp-block-separator has-alpha-channel-opacity\"\/>\n\n\n\n<h2 class=\"wp-block-heading\"><strong>Suporte ao cliente 24 horas por dia, 7 dias por semana<\/strong><\/h2>\n\n\n\n<p>Nossa equipe dedicada est\u00e1 sempre pronta para ajudar com qualquer d\u00favida ou necessidade, garantindo uma experi\u00eancia ProxyCompass perfeita.<\/p>\n\n\n\n<hr class=\"wp-block-separator has-alpha-channel-opacity\"\/>\n\n\n\n<h2 class=\"wp-block-heading\"><strong>Satisfa\u00e7\u00e3o garantida<\/strong><\/h2>\n\n\n\n<p>N\u00e3o satisfeito? Oferecemos um reembolso total nas primeiras 24 horas ap\u00f3s a compra porque sua satisfa\u00e7\u00e3o \u00e9 nossa principal prioridade.<\/p>\n\n\n\n<hr class=\"wp-block-separator has-alpha-channel-opacity\"\/>\n\n\n\n<h2 class=\"wp-block-heading\"><strong>Junte-se ao ProxyCompass hoje!<\/strong><\/h2>\n\n\n\n<p>Adote um novo padr\u00e3o em solu\u00e7\u00f5es de proxy seguras e eficientes com ProxyCompass. Melhore sua privacidade e desempenho online como nunca antes.<\/p>\n\n\n\n<hr class=\"wp-block-separator has-alpha-channel-opacity\"\/>\n\n\n\n<h2 class=\"wp-block-heading\"><strong>Contate-nos<\/strong><\/h2>\n\n\n\n<p>Valorizamos a transpar\u00eancia e a acessibilidade. Para quaisquer d\u00favidas sobre nossos servi\u00e7os, pagamentos ou suporte, entre em contato com nossa equipe. Nossa presen\u00e7a global garante um servi\u00e7o e assist\u00eancia ao cliente perfeitos em v\u00e1rias regi\u00f5es.<\/p>\n\n\n\n<h4 class=\"wp-block-heading\"><strong>Informa\u00e7\u00f5es comerciais e financeiras<\/strong><\/h4>\n\n\n\n<p>A ProxyCompass opera por meio de parceiros financeiros regionais para fornecer transa\u00e7\u00f5es seguras e confi\u00e1veis em todo o mundo.<\/p>\n\n\n\n<ul class=\"wp-block-list\">\n<li><strong>Europa:<\/strong><br><strong>QualityNetwork OU<\/strong><br>Karu 14-8, Kesklinn, Tallinn,<br>Distrito de Harju, 10120, Est\u00f4nia<br><\/li>\n\n\n\n<li><strong>Estados Unidos:<\/strong><br><strong>Rede de Qualidade EUA LLC<\/strong><br>30 N Gould St, ST R,<br>Sheridan, WY 82801, Estados Unidos<br><\/li>\n\n\n\n<li><strong>Regi\u00e3o da \u00c1frica:<\/strong><br><strong>Ag\u00eancia de Redes Jumwak Limitada<\/strong><br>Makadara, Nair\u00f3bi,<br>Distrito de Makadara, Qu\u00eania<br><\/li>\n\n\n\n<li><strong>Regi\u00e3o do Oriente M\u00e9dio:<\/strong><br><strong>Rede de Qualidade Oriente M\u00e9dio FZE<\/strong><br>Centro de neg\u00f3cios Al Shmookh, One UAQ,<br>Zona de Livre Com\u00e9rcio da UAQ, Umm Al Quwain, Emirados \u00c1rabes Unidos<\/li>\n<\/ul>","protected":false},"excerpt":{"rendered":"<p>Welcome to ProxyCompass Your gateway to unmatched proxy service quality and innovation, established in the proxy industry since 2013. We stand as a leader in the proxy industry, offering a vast selection of IP addresses to meet diverse online needs. Discover what makes us unique: Innovative Proxy Solutions ProxyCompass is more than a service; it&#8217;s [&hellip;]<\/p>\n","protected":false},"author":1,"featured_media":0,"parent":0,"menu_order":0,"comment_status":"closed","ping_status":"closed","template":"","meta":{"_acf_changed":false,"inline_featured_image":false,"footnotes":""},"class_list":["post-469452","page","type-page","status-publish","hentry"],"acf":[],"_links":{"self":[{"href":"https:\/\/proxycompass.com\/pt\/wp-json\/wp\/v2\/pages\/469452","targetHints":{"allow":["GET"]}}],"collection":[{"href":"https:\/\/proxycompass.com\/pt\/wp-json\/wp\/v2\/pages"}],"about":[{"href":"https:\/\/proxycompass.com\/pt\/wp-json\/wp\/v2\/types\/page"}],"author":[{"embeddable":true,"href":"https:\/\/proxycompass.com\/pt\/wp-json\/wp\/v2\/users\/1"}],"replies":[{"embeddable":true,"href":"https:\/\/proxycompass.com\/pt\/wp-json\/wp\/v2\/comments?post=469452"}],"version-history":[{"count":11,"href":"https:\/\/proxycompass.com\/pt\/wp-json\/wp\/v2\/pages\/469452\/revisions"}],"predecessor-version":[{"id":471381,"href":"https:\/\/proxycompass.com\/pt\/wp-json\/wp\/v2\/pages\/469452\/revisions\/471381"}],"wp:attachment":[{"href":"https:\/\/proxycompass.com\/pt\/wp-json\/wp\/v2\/media?parent=469452"}],"curies":[{"name":"wp","href":"https:\/\/api.w.org\/{rel}","templated":true}]}}