{"id":469491,"date":"2024-04-20T10:57:09","date_gmt":"2024-04-20T10:57:09","guid":{"rendered":"https:\/\/proxycompass.com\/?page_id=469491"},"modified":"2026-02-21T06:14:07","modified_gmt":"2026-02-21T06:14:07","slug":"free-trial","status":"publish","type":"page","link":"https:\/\/proxycompass.com\/pt\/free-trial\/","title":{"rendered":"Obtenha uma avalia\u00e7\u00e3o gratuita do proxy por 1 hora"},"content":{"rendered":"<div class=\"wp-block-columns is-layout-flex wp-container-core-columns-is-layout-9d6595d7 wp-block-columns-is-layout-flex\">\n<div class=\"wp-block-column is-layout-flow wp-block-column-is-layout-flow\">\n<h2 class=\"wp-block-heading\">Detalhes da avalia\u00e7\u00e3o gratuita<\/h2>\n\n\n\n<ul class=\"wp-block-list\">\n<li>50 endere\u00e7os IP proxy<\/li>\n\n\n\n<li>Data center est\u00e1tico hospedado<\/li>\n\n\n\n<li>Protocolos HTTP(S) e SOCKS4\/5<\/li>\n\n\n\n<li>Locais nos EUA<\/li>\n\n\n\n<li>Largura de banda ilimitada<\/li>\n\n\n\n<li>Proxies de elite an\u00f4nimos completos<\/li>\n\n\n\n<li>Acesso aos proxies em 5 minutos<\/li>\n\n\n\n<li>60 minutos de teste<\/li>\n\n\n\n<li>Sem obriga\u00e7\u00f5es<\/li>\n\n\n\n<li>N\u00e3o \u00e9 necess\u00e1rio cart\u00e3o de cr\u00e9dito<\/li>\n\n\n\n<li>Atualize para uma conta paga a qualquer momento<\/li>\n<\/ul>\n\n\n\n<h2 class=\"wp-block-heading\">O que voc\u00ea tem que fazer?<\/h2>\n\n\n\n<p>Para experimentar esses proxies, basta clicar no link abaixo e concluir o r\u00e1pido processo de registro.<\/p>\n\n\n\n<p><a href=\"https:\/\/proxycompass.com\/account\/index.php?rp=\/store\/test-packages\/50-usa-proxies-60-minutes\" target=\"_blank\" rel=\"noreferrer noopener\">OBTENHA UM TESTE GRATUITO<\/a><\/p>\n\n\n\n<p>Precisa de ajuda para ativar seu pacote? Basta ler nosso <a href=\"https:\/\/proxycompass.com\/pt\/knowledge-base\/how-to-activate-a-proxy-package\/\" target=\"_blank\" rel=\"noreferrer noopener\">guia passo a passo<\/a>.<\/p>\n<\/div>\n\n\n\n<div class=\"wp-block-column is-layout-flow wp-block-column-is-layout-flow\">\n<figure class=\"wp-block-gallery has-nested-images columns-default is-cropped wp-block-gallery-1 is-layout-flex wp-block-gallery-is-layout-flex\">\n<figure class=\"wp-block-image size-full is-style-default\"><a href=\"https:\/\/proxycompass.com\/account\/index.php?rp=\/store\/test-packages\/50-usa-proxies-60-minutes\" target=\"_blank\" rel=\"noreferrer noopener\"><img decoding=\"async\" width=\"600\" height=\"600\" data-id=\"471247\" src=\"https:\/\/proxycompass.com\/wp-content\/uploads\/2024\/09\/free-proxy-trial.png\" alt=\"banner de teste de proxy gratuito\" class=\"wp-image-471247\" srcset=\"https:\/\/proxycompass.com\/wp-content\/uploads\/2024\/09\/free-proxy-trial.png 600w, https:\/\/proxycompass.com\/wp-content\/uploads\/2024\/09\/free-proxy-trial-150x150.png 150w, https:\/\/proxycompass.com\/wp-content\/uploads\/2024\/09\/free-proxy-trial-12x12.png 12w, https:\/\/proxycompass.com\/wp-content\/uploads\/2024\/09\/free-proxy-trial-75x75.png 75w, https:\/\/proxycompass.com\/wp-content\/uploads\/2024\/09\/free-proxy-trial-24x24.png 24w, https:\/\/proxycompass.com\/wp-content\/uploads\/2024\/09\/free-proxy-trial-48x48.png 48w, https:\/\/proxycompass.com\/wp-content\/uploads\/2024\/09\/free-proxy-trial-96x96.png 96w, https:\/\/proxycompass.com\/wp-content\/uploads\/2024\/09\/free-proxy-trial-300x300.png 300w\" sizes=\"(max-width: 600px) 100vw, 600px\" \/><\/a><\/figure>\n<\/figure>\n<\/div>\n<\/div>\n\n\n\n<p>Precisa de mais tempo para testar? Ent\u00e3o v\u00e1 para o <a href=\"https:\/\/proxycompass.com\/pt\/prices\/\" data-type=\"link\" data-id=\"https:\/\/proxycompass.com\/prices\/\">p\u00e1gina de pre\u00e7os<\/a>, selecione o pacote de proxy de seu interesse e teste-o sem riscos por 24 horas. Se voc\u00ea n\u00e3o estiver satisfeito com os resultados, avise-nos atrav\u00e9s do nosso sistema de tickets. N\u00f3s lhe daremos um reembolso total.<\/p>\n\n\n\n<p><\/p>\n\n\n\n<h2 class=\"wp-block-heading\">Pacote de servidor proxy gratuito<\/h2>\n\n\n\n<h3 class=\"wp-block-heading\">50 endere\u00e7os IP proxy<\/h3>\n\n\n\n<p>Ap\u00f3s um registo r\u00e1pido e sem compromisso receber\u00e1 uma lista de 50 endere\u00e7os IP dispon\u00edveis para utiliza\u00e7\u00e3o. Dependendo do software em que voc\u00ea vai us\u00e1-los, voc\u00ea pode us\u00e1-los todos de uma vez ou um por um por meio de uma API especial, que gira e fornece aleatoriamente os endere\u00e7os IP dos servidores proxy.<\/p>\n\n\n\n<h3 class=\"wp-block-heading\">Proxies hospedados em data centers est\u00e1ticos<\/h3>\n\n\n\n<p>Os servidores proxy obtidos para o teste s\u00e3o est\u00e1ticos. Isto significa que os seus endere\u00e7os IP nunca mudam, ou seja, permanecem sempre os mesmos. Fisicamente, esses servidores proxy est\u00e3o localizados em diferentes data centers nos EUA. Isso significa que eles est\u00e3o sempre funcionando e voc\u00ea pode us\u00e1-los a qualquer hora do dia ou da noite.<\/p>\n\n\n\n<h3 class=\"wp-block-heading\">Protocolos HTTP(S) e SOCKS4\/5<\/h3>\n\n\n\n<p>Os servidores proxy que voc\u00ea obt\u00e9m suportam todos os protocolos populares, ou seja, HTTP\/S, SOCKS4\/5 ao mesmo tempo.<\/p>\n\n\n\n<p>Dentro do painel do usu\u00e1rio voc\u00ea pode baixar sua lista de servidores proxy em qualquer formato que desejar.<\/p>\n\n\n\n<h3 class=\"wp-block-heading\">Locais nos EUA<\/h3>\n\n\n\n<p>Este pacote de proxy gratuito inclui 50 endere\u00e7os IP de proxy dos Estados Unidos. O n\u00famero exato de proxies de cidades espec\u00edficas nos Estados Unidos \u00e9 determinado aleatoriamente.<\/p>\n\n\n\n<h3 class=\"wp-block-heading\">Largura de banda ilimitada<\/h3>\n\n\n\n<p>N\u00e3o limitamos a quantidade de tr\u00e1fego utilizado pelos nossos clientes para download e upload. Isso se aplica tanto aos pacotes pagos quanto a este pacote gratuito.<\/p>\n\n\n\n<h3 class=\"wp-block-heading\">Proxies Elite an\u00f4nimos completos<\/h3>\n\n\n\n<p>Esses servidores proxy de teste s\u00e3o exatamente iguais aos nossos servidores proxy pagos. Eles s\u00e3o t\u00e3o an\u00f4nimos quanto poss\u00edvel.<\/p>\n\n\n\n<h3 class=\"wp-block-heading\">Atualize para uma conta paga a qualquer momento<\/h3>\n\n\n\n<p>Depois de testar a compatibilidade dos servidores proxy com suas tarefas, voc\u00ea pode escolher qualquer pacote de proxy que atenda \u00e0s suas necessidades diretamente no painel do usu\u00e1rio.<\/p>","protected":false},"excerpt":{"rendered":"<p>Free Trial Details What Do You Have to Do? To try these proxies, simply click on the link below and complete the quick registration process. GET FREE TRIAL Need help activating your package? Just read our step-by-step guide. Need more time to test? Then go to the pricing page, select the proxy package that interests [&hellip;]<\/p>\n","protected":false},"author":1,"featured_media":0,"parent":0,"menu_order":0,"comment_status":"closed","ping_status":"closed","template":"page-free-trial.php","meta":{"_acf_changed":false,"inline_featured_image":false,"footnotes":""},"class_list":["post-469491","page","type-page","status-publish","hentry"],"acf":[],"_links":{"self":[{"href":"https:\/\/proxycompass.com\/pt\/wp-json\/wp\/v2\/pages\/469491","targetHints":{"allow":["GET"]}}],"collection":[{"href":"https:\/\/proxycompass.com\/pt\/wp-json\/wp\/v2\/pages"}],"about":[{"href":"https:\/\/proxycompass.com\/pt\/wp-json\/wp\/v2\/types\/page"}],"author":[{"embeddable":true,"href":"https:\/\/proxycompass.com\/pt\/wp-json\/wp\/v2\/users\/1"}],"replies":[{"embeddable":true,"href":"https:\/\/proxycompass.com\/pt\/wp-json\/wp\/v2\/comments?post=469491"}],"version-history":[{"count":23,"href":"https:\/\/proxycompass.com\/pt\/wp-json\/wp\/v2\/pages\/469491\/revisions"}],"predecessor-version":[{"id":471527,"href":"https:\/\/proxycompass.com\/pt\/wp-json\/wp\/v2\/pages\/469491\/revisions\/471527"}],"wp:attachment":[{"href":"https:\/\/proxycompass.com\/pt\/wp-json\/wp\/v2\/media?parent=469491"}],"curies":[{"name":"wp","href":"https:\/\/api.w.org\/{rel}","templated":true}]}}