{"id":471215,"date":"2024-09-17T12:47:58","date_gmt":"2024-09-17T12:47:58","guid":{"rendered":"https:\/\/proxycompass.com\/?page_id=471215"},"modified":"2024-09-17T12:47:59","modified_gmt":"2024-09-17T12:47:59","slug":"disclaimer","status":"publish","type":"page","link":"https:\/\/proxycompass.com\/pt\/disclaimer\/","title":{"rendered":"Isen\u00e7\u00e3o de responsabilidade"},"content":{"rendered":"<h2 class=\"wp-block-heading\">Isen\u00e7\u00e3o de responsabilidade<\/h2>\n\n\n\n<p>OS SERVI\u00c7OS PRESTADOS POR <strong>B\u00daSSOLA DE PROXY<\/strong> S\u00c3O OFERECIDOS \u201cNO ESTADO EM QUE SE ENCONTRAM\u201d, COM TODOS OS DEFEITOS. AT\u00c9 O LIMITE M\u00c1XIMO PERMITIDO POR LEI, <strong>B\u00daSSOLA DE PROXY<\/strong> E AS PARTES INDENIZADAS ISENTAM-SE DE TODAS AS GARANTIAS, EXPRESSAS OU IMPL\u00cdCITAS, INCLUINDO, MAS N\u00c3O SE LIMITANDO A, GARANTIAS DE QUE OS SERVI\u00c7OS EST\u00c3O LIVRES DE DEFEITOS, COMERCIALIZ\u00c1VEIS, ADEQUADOS A UMA FINALIDADE ESPEC\u00cdFICA E N\u00c3O INFRATORES. VOC\u00ca ASSUME TOTAL RESPONSABILIDADE PELO USO DOS SERVI\u00c7OS POR SUA PR\u00d3PRIA CONTA E RISCO, INCLUINDO QUAISQUER RISCOS RELACIONADOS \u00c0 QUALIDADE, DESEMPENHO E SEGURAN\u00c7A DOS SERVI\u00c7OS, COMO A POSSIBILIDADE DE PERDA DE DADOS, ACESSO N\u00c3O AUTORIZADO \u00c0S SUAS INFORMA\u00c7\u00d5ES OU USO INDEVIDO POR OUTROS USU\u00c1RIOS. ESTA LIMITA\u00c7\u00c3O SE APLICA MESMO SE QUALQUER RECURSO FALHAR EM SEU PROP\u00d3SITO ESSENCIAL. ALGUMAS JURISDI\u00c7\u00d5ES N\u00c3O PERMITEM A EXCLUS\u00c3O OU LIMITA\u00c7\u00c3O DE GARANTIAS IMPL\u00cdCITAS, PORTANTO ESSAS EXCLUS\u00d5ES PODEM N\u00c3O SE APLICAR A VOC\u00ca.<\/p>\n\n\n\n<p>EXCETO CONFORME EXIGIDO POR LEI, <strong>B\u00daSSOLA DE PROXY<\/strong> E AS PARTES INDENIZADAS N\u00c3O SER\u00c3O RESPONS\u00c1VEIS POR QUAISQUER DANOS INDIRETOS, ESPECIAIS, INCIDENTAIS, CONSEQUENCIAIS OU EXEMPLARES DECORRENTES DE OU EM CONEX\u00c3O COM ESTES TERMOS OU SEU USO (OU INCAPACIDADE DE USAR) OS SERVI\u00c7OS, INCLUINDO, MAS N\u00c3O SE LIMITANDO A DANOS POR PERDA DE BOA VONTADE, INTERRUP\u00c7\u00c3O DE TRABALHO, LUCROS CESSANTES, PERDA DE DADOS OU FALHA DE COMPUTADOR, MESMO SE AVISADOS DA POSSIBILIDADE DE TAIS DANOS E INDEPENDENTEMENTE DA TEORIA LEGAL (CONTRATO, ATO IL\u00cdCITO OU OUTRO) NA QUAL TAL REIVINDICA\u00c7\u00c3O SE BASEIA. A RESPONSABILIDADE TOTAL DE <strong>B\u00daSSOLA DE PROXY<\/strong> E AS PARTES INDENIZADAS SOB ESTE CONTRATO N\u00c3O EXCEDER\u00c3O $500 (QUINHENTOS D\u00d3LARES). ALGUMAS JURISDI\u00c7\u00d5ES N\u00c3O PERMITEM A EXCLUS\u00c3O OU LIMITA\u00c7\u00c3O DE CERTOS DANOS, PORTANTO ESTA EXCLUS\u00c3O E LIMITA\u00c7\u00c3O PODEM N\u00c3O SE APLICAR A VOC\u00ca.<\/p>\n\n\n\n<h3 class=\"wp-block-heading\">Indeniza\u00e7\u00e3o<\/h3>\n\n\n\n<p>Voc\u00ea concorda em defender, indenizar e isentar de responsabilidade <strong>B\u00daSSOLA DE PROXY<\/strong>, seus contratados, colaboradores, licenciadores e parceiros, bem como seus respectivos diretores, executivos, funcion\u00e1rios e agentes (\u201cPartes Indenizadas\u201d), de e contra todas e quaisquer reivindica\u00e7\u00f5es e despesas de terceiros, incluindo honor\u00e1rios advocat\u00edcios, decorrentes ou relacionadas ao seu uso de nossos servi\u00e7os, incluindo, mas n\u00e3o se limitando a, seus envios ou viola\u00e7\u00f5es destes Termos.<\/p>","protected":false},"excerpt":{"rendered":"<p>Disclaimer THE SERVICES PROVIDED BY PROXY COMPASS ARE OFFERED &#8220;AS IS&#8221; WITH ALL FAULTS. TO THE FULLEST EXTENT PERMITTED BY LAW, PROXY COMPASS AND THE INDEMNIFIED PARTIES DISCLAIM ALL WARRANTIES, WHETHER EXPRESS OR IMPLIED, INCLUDING BUT NOT LIMITED TO WARRANTIES THAT THE SERVICES ARE FREE OF DEFECTS, MERCHANTABLE, FIT FOR A PARTICULAR PURPOSE, AND NON-INFRINGING. [&hellip;]<\/p>\n","protected":false},"author":1,"featured_media":0,"parent":0,"menu_order":0,"comment_status":"closed","ping_status":"closed","template":"","meta":{"_acf_changed":false,"inline_featured_image":false,"footnotes":""},"class_list":["post-471215","page","type-page","status-publish","hentry"],"acf":[],"_links":{"self":[{"href":"https:\/\/proxycompass.com\/pt\/wp-json\/wp\/v2\/pages\/471215","targetHints":{"allow":["GET"]}}],"collection":[{"href":"https:\/\/proxycompass.com\/pt\/wp-json\/wp\/v2\/pages"}],"about":[{"href":"https:\/\/proxycompass.com\/pt\/wp-json\/wp\/v2\/types\/page"}],"author":[{"embeddable":true,"href":"https:\/\/proxycompass.com\/pt\/wp-json\/wp\/v2\/users\/1"}],"replies":[{"embeddable":true,"href":"https:\/\/proxycompass.com\/pt\/wp-json\/wp\/v2\/comments?post=471215"}],"version-history":[{"count":1,"href":"https:\/\/proxycompass.com\/pt\/wp-json\/wp\/v2\/pages\/471215\/revisions"}],"predecessor-version":[{"id":471216,"href":"https:\/\/proxycompass.com\/pt\/wp-json\/wp\/v2\/pages\/471215\/revisions\/471216"}],"wp:attachment":[{"href":"https:\/\/proxycompass.com\/pt\/wp-json\/wp\/v2\/media?parent=471215"}],"curies":[{"name":"wp","href":"https:\/\/api.w.org\/{rel}","templated":true}]}}