{"id":471256,"date":"2024-09-30T05:48:55","date_gmt":"2024-09-30T05:48:55","guid":{"rendered":"https:\/\/proxycompass.com\/?page_id=471256"},"modified":"2024-09-30T05:48:56","modified_gmt":"2024-09-30T05:48:56","slug":"affiliate-program","status":"publish","type":"page","link":"https:\/\/proxycompass.com\/pt\/affiliate-program\/","title":{"rendered":"Programa de Afiliados \u2013 Ganhe Promovendo Proxies!"},"content":{"rendered":"<h4 class=\"wp-block-heading\"><strong>Vis\u00e3o geral do programa:<\/strong><\/h4>\n\n\n\n<p>Junte-se ao programa de afiliados ProxyCompass e ganhe um <strong>comiss\u00e3o vital\u00edcia de 15%<\/strong> em cada pagamento feito por clientes que voc\u00ea indicar. Nosso programa oferece uma maneira simples de ganhar dinheiro enquanto promove um servi\u00e7o de proxy de primeira linha.<\/p>\n\n\n\n<ul class=\"wp-block-list\">\n<li><strong>Comiss\u00e3o vital\u00edcia<\/strong>: Ganhar <strong>15%<\/strong> de todos os pagamentos feitos pelos clientes que voc\u00ea indicar, desde que eles permane\u00e7am ativos.<\/li>\n\n\n\n<li><strong>Cronograma de pagamento<\/strong>: As comiss\u00f5es s\u00e3o creditadas 30 dias ap\u00f3s o pagamento do cliente indicado.<\/li>\n\n\n\n<li><strong>Op\u00e7\u00f5es de pagamento<\/strong>: Use seus ganhos para pagar pelos servi\u00e7os do ProxyCompass ou sacar em <strong>USDT TRC20<\/strong>.<\/li>\n\n\n\n<li><strong>Retirada m\u00ednima<\/strong>: Pagamento m\u00ednimo de $100.<\/li>\n<\/ul>\n\n\n\n<h4 class=\"wp-block-heading\"><strong>Benef\u00edcios do Programa de Afiliados ProxyCompass:<\/strong><\/h4>\n\n\n\n<ul class=\"wp-block-list\">\n<li><strong>Alta Comiss\u00e3o<\/strong>: Ganhe consistentemente 15% em cada pagamento.<\/li>\n\n\n\n<li><strong>Pagamento Flex\u00edvel<\/strong>: Use seus ganhos para pagar pelos servi\u00e7os do ProxyCompass ou sac\u00e1-los.<\/li>\n\n\n\n<li><strong>Limite de retirada baixo<\/strong>: Acesse seus ganhos facilmente com um pagamento m\u00ednimo de $100.<\/li>\n\n\n\n<li><strong>Rastreamento vital\u00edcio<\/strong>: Depois que um usu\u00e1rio se registra por meio do seu link de indica\u00e7\u00e3o, ele permanece vinculado \u00e0 sua conta para todas as comiss\u00f5es futuras.<\/li>\n<\/ul>\n\n\n\n<h4 class=\"wp-block-heading\"><strong>Como participar do programa:<\/strong><\/h4>\n\n\n\n<ol class=\"wp-block-list\">\n<li><strong><a href=\"https:\/\/proxycompass.com\/pt\/account\/register.php\/\">Registro<\/a><\/strong> na \u00e1rea do cliente ProxyCompass para receber seu link de afiliado pessoal.<\/li>\n\n\n\n<li>Compartilhe seu link exclusivo em diferentes plataformas seguindo as diretrizes abaixo.<\/li>\n<\/ol>\n\n\n\n<h4 class=\"wp-block-heading\"><strong>Ideias de promo\u00e7\u00e3o:<\/strong><\/h4>\n\n\n\n<ol class=\"wp-block-list\">\n<li><strong>Cria\u00e7\u00e3o de conte\u00fado (blogs e artigos)<\/strong>:\n<ul class=\"wp-block-list\">\n<li>Escreva avalia\u00e7\u00f5es e guias sobre o ProxyCompass e seus recursos. Publique-os em seu blog pessoal, Blogspot, Medium, Quora ou outras plataformas relevantes. Destaque como os proxies premium do ProxyCompass podem aprimorar atividades online como web scraping, SEO ou gerenciamento de m\u00faltiplas contas.<\/li>\n<\/ul>\n<\/li>\n\n\n\n<li><strong>Tutoriais em v\u00eddeo e avalia\u00e7\u00f5es<\/strong>:\n<ul class=\"wp-block-list\">\n<li>Crie tutoriais em v\u00eddeo envolventes em plataformas como YouTube, TikTok ou Twitch, mostrando como configurar e usar proxies do ProxyCompass. Compartilhe sua experi\u00eancia pessoal e dicas sobre como maximizar o servi\u00e7o.<\/li>\n<\/ul>\n<\/li>\n\n\n\n<li><strong>Engajamento nas m\u00eddias sociais<\/strong>:\n<ul class=\"wp-block-list\">\n<li>Compartilhe postagens no Facebook, X, Instagram e LinkedIn com insights sobre os benef\u00edcios de usar o ProxyCompass. Crie hist\u00f3rias ou participe de discuss\u00f5es relevantes para atingir um p\u00fablico maior.<\/li>\n<\/ul>\n<\/li>\n\n\n\n<li><strong>F\u00f3runs e comunidades online<\/strong>:\n<ul class=\"wp-block-list\">\n<li>Participe de conversas em f\u00f3runs, Reddit, grupos do Telegram e comunidades do Discord. Ofere\u00e7a informa\u00e7\u00f5es valiosas e compartilhe seu link de afiliado com usu\u00e1rios interessados.<\/li>\n<\/ul>\n<\/li>\n\n\n\n<li><strong>Publicidade em banner<\/strong>:\n<ul class=\"wp-block-list\">\n<li>Crie banners atraentes mostrando as vantagens do ProxyCompass e coloque-os em seu site, blog ou em boletins informativos por e-mail para capturar mais tr\u00e1fego.<\/li>\n<\/ul>\n<\/li>\n\n\n\n<li><strong>Marketing por e-mail<\/strong>:\n<ul class=\"wp-block-list\">\n<li>Inclua seu link de afiliado em boletins informativos para seus assinantes, fornecendo informa\u00e7\u00f5es detalhadas sobre os recursos e benef\u00edcios do ProxyCompass.<\/li>\n<\/ul>\n<\/li>\n\n\n\n<li><strong>Colabora\u00e7\u00f5es com Webmasters<\/strong>:\n<ul class=\"wp-block-list\">\n<li>Fa\u00e7a parcerias com outros propriet\u00e1rios de sites ou blogs para exibir banners ou links em troca de uma parte dos lucros, expandindo seu alcance.<\/li>\n<\/ul>\n<\/li>\n<\/ol>\n\n\n\n<h4 class=\"wp-block-heading\"><strong>Principais recursos do ProxyCompass:<\/strong><\/h4>\n\n\n\n<ul class=\"wp-block-list\">\n<li><strong>Proxies IPv4 de alta velocidade<\/strong>: Suporta os protocolos SOCKS5 e HTTP\/S.<\/li>\n\n\n\n<li><strong>Velocidades de conex\u00e3o r\u00e1pidas<\/strong>: At\u00e9 500 Mbps por proxy para desempenho ideal.<\/li>\n\n\n\n<li><strong>Largura de banda ilimitada<\/strong>: Sem restri\u00e7\u00f5es no uso de dados.<\/li>\n\n\n\n<li><strong>Diversas sub-redes IP<\/strong>: Anonimato aprimorado com proxies de diferentes sub-redes.<\/li>\n\n\n\n<li><strong>Pre\u00e7os competitivos<\/strong>: Pre\u00e7os acess\u00edveis e transparentes.<\/li>\n\n\n\n<li><strong>Ativa\u00e7\u00e3o instant\u00e2nea<\/strong>: Ativa\u00e7\u00e3o autom\u00e1tica do servi\u00e7o ap\u00f3s o pagamento.<\/li>\n\n\n\n<li><strong>Amplas op\u00e7\u00f5es de pagamento<\/strong>: Mais de 100 criptomoedas, cart\u00f5es banc\u00e1rios (incluindo os russos), Alipay e carteiras eletr\u00f4nicas.<\/li>\n<\/ul>\n\n\n\n<h4 class=\"wp-block-heading\"><strong>Regras e diretrizes do programa de afiliados:<\/strong><\/h4>\n\n\n\n<ul class=\"wp-block-list\">\n<li><strong>Representa\u00e7\u00e3o precisa<\/strong>: Promova o ProxyCompass com sinceridade e sem informa\u00e7\u00f5es enganosas.<\/li>\n\n\n\n<li><strong>Sem Spam<\/strong>: Cumpra as leis antispam e evite quaisquer pr\u00e1ticas de spam.<\/li>\n\n\n\n<li><strong>Evite a auto-refer\u00eancia<\/strong>: \u00c9 estritamente proibido criar v\u00e1rias contas para ganhar comiss\u00f5es por meio de autoindica\u00e7\u00e3o.<\/li>\n\n\n\n<li><strong>Nenhuma atividade ilegal<\/strong>: N\u00e3o fa\u00e7a promo\u00e7\u00e3o em sites com conte\u00fado ilegal, ofensivo ou inapropriado.<\/li>\n\n\n\n<li><strong>Respeite a Propriedade Intelectual<\/strong>: N\u00e3o use a marca ProxyCompass de forma enganosa ou n\u00e3o autorizada.<\/li>\n\n\n\n<li><strong>Sem Phishing ou Contas Falsas<\/strong>:Todas as atividades promocionais devem ser leg\u00edtimas e \u00e9ticas.<\/li>\n<\/ul>\n\n\n\n<h4 class=\"wp-block-heading\"><strong>Como n\u00e3o promover o ProxyCompass:<\/strong><\/h4>\n\n\n\n<ul class=\"wp-block-list\">\n<li>N\u00e3o crie contas falsas para gerar pagamentos de afiliados.<\/li>\n\n\n\n<li>Evite enviar spam em e-mails, f\u00f3runs ou blogs.<\/li>\n\n\n\n<li>Nunca crie sites de phishing usando nossa marca.<\/li>\n\n\n\n<li>N\u00e3o use informa\u00e7\u00f5es desatualizadas ou enganosas sobre o ProxyCompass.<\/li>\n\n\n\n<li>Evite promover em sites com conte\u00fado ilegal ou de baixa qualidade.<\/li>\n\n\n\n<li>N\u00e3o use publicidade paga com nossas palavras-chave de marca sem aprova\u00e7\u00e3o pr\u00e9via.<\/li>\n<\/ul>\n\n\n\n<h4 class=\"wp-block-heading\"><strong>Recebendo pagamento:<\/strong><\/h4>\n\n\n\n<ul class=\"wp-block-list\">\n<li>Os pagamentos s\u00e3o feitos em <strong>USDT TRC20<\/strong> com um saque m\u00ednimo de <strong>$100<\/strong>. Entre em contato com o suporte ao cliente por meio do sistema de tickets para retiradas.<\/li>\n<\/ul>\n\n\n\n<h4 class=\"wp-block-heading\"><strong>Precisa de ajuda?<\/strong><\/h4>\n\n\n\n<p>Se voc\u00ea tiver alguma d\u00favida ou precisar de ajuda com promo\u00e7\u00f5es, entre em contato com a equipe de suporte da ProxyCompass. Estamos aqui para ajudar voc\u00ea a ter sucesso como um parceiro afiliado!<\/p>","protected":false},"excerpt":{"rendered":"<p>Program Overview: Join the ProxyCompass affiliate program and earn a lifetime commission of 15% on every payment made by clients you refer. Our program offers a simple way to make money while promoting a top-notch proxy service. Benefits of the ProxyCompass Affiliate Program: How to Join the Program: Promotion Ideas: Key Features of ProxyCompass: Affiliate [&hellip;]<\/p>\n","protected":false},"author":1,"featured_media":0,"parent":0,"menu_order":0,"comment_status":"closed","ping_status":"closed","template":"","meta":{"_acf_changed":false,"inline_featured_image":false,"footnotes":""},"class_list":["post-471256","page","type-page","status-publish","hentry"],"acf":[],"_links":{"self":[{"href":"https:\/\/proxycompass.com\/pt\/wp-json\/wp\/v2\/pages\/471256","targetHints":{"allow":["GET"]}}],"collection":[{"href":"https:\/\/proxycompass.com\/pt\/wp-json\/wp\/v2\/pages"}],"about":[{"href":"https:\/\/proxycompass.com\/pt\/wp-json\/wp\/v2\/types\/page"}],"author":[{"embeddable":true,"href":"https:\/\/proxycompass.com\/pt\/wp-json\/wp\/v2\/users\/1"}],"replies":[{"embeddable":true,"href":"https:\/\/proxycompass.com\/pt\/wp-json\/wp\/v2\/comments?post=471256"}],"version-history":[{"count":5,"href":"https:\/\/proxycompass.com\/pt\/wp-json\/wp\/v2\/pages\/471256\/revisions"}],"predecessor-version":[{"id":471513,"href":"https:\/\/proxycompass.com\/pt\/wp-json\/wp\/v2\/pages\/471256\/revisions\/471513"}],"wp:attachment":[{"href":"https:\/\/proxycompass.com\/pt\/wp-json\/wp\/v2\/media?parent=471256"}],"curies":[{"name":"wp","href":"https:\/\/api.w.org\/{rel}","templated":true}]}}