{"id":1137,"date":"2023-05-15T08:20:37","date_gmt":"2023-05-15T08:20:37","guid":{"rendered":"https:\/\/proxycompass.com\/?page_id=1137"},"modified":"2024-10-18T08:45:15","modified_gmt":"2024-10-18T08:45:15","slug":"proxycompass","status":"publish","type":"page","link":"https:\/\/proxycompass.com\/tr\/","title":{"rendered":"H\u0131zl\u0131 ve G\u00fcvenilir Proxy Hizmeti"},"content":{"rendered":"<p>Y\u00fcksek talep g\u00f6ren g\u00f6revlerinizi yerine getiremeyen yava\u015f ve g\u00fcvenilmez proxy hizmet sa\u011flay\u0131c\u0131lar\u0131ndan b\u0131kt\u0131n\u0131z m\u0131? Belki de biz size uygun olabiliriz! Tam olarak bu durumda olan binlerce m\u00fc\u015fterimize yard\u0131mc\u0131 olduk ve Proxy Compass'a ge\u00e7tikten sonra faturalar\u0131n\u0131 \u00f6nemli \u00f6l\u00e7\u00fcde d\u00fc\u015f\u00fcr\u00fcrken \u00e7evrimi\u00e7i otomasyonlar\u0131n\u0131n g\u00fcvenilirli\u011fini art\u0131rd\u0131lar.<\/p>\n\n\n\n<h3 class=\"wp-block-heading\">\u00c7ok Fonksiyonlu, \u00c7ok Y\u00f6nl\u00fc Proxy'ler<\/h3>\n\n\n\n<p>Web kaz\u0131ma, reklam do\u011frulama, pazar ara\u015ft\u0131rmas\u0131 veya bunlar\u0131n aras\u0131ndaki herhangi bir i\u015flemle ilgileniyor olman\u0131z fark etmez, anonim proxy'lerimiz t\u00fcm taray\u0131c\u0131lar, uygulamalar ve botlarla iyi \u00e7al\u0131\u015farak web sitelerine kolayl\u0131kla eri\u015fmenize ve kesinti olmadan etkili i\u015f ak\u0131\u015flar\u0131 olu\u015fturman\u0131za olanak tan\u0131r.<\/p>\n\n\n\n<h3 class=\"wp-block-heading\">\u0130stikrarl\u0131 ve H\u0131zl\u0131 Performans<\/h3>\n\n\n\n<p>Y\u00fcksek h\u0131zl\u0131 proxy a\u011f\u0131m\u0131z optimum h\u0131z ve kararl\u0131l\u0131k i\u00e7in tasarlanm\u0131\u015ft\u0131r. Ger\u00e7ekten uygun fiyatl\u0131 ve g\u00fcvenilir olan lider bir h\u0131zl\u0131 proxy hizmeti olmaktan gurur duyuyoruz. Deneyimli teknisyenlerimiz taraf\u0131ndan g\u00fcn\u00fcn her saati izlendi\u011finizden, g\u00f6revlerinizi her zamankinden daha h\u0131zl\u0131 bir \u015fekilde yerine getirmek i\u00e7in donan\u0131ml\u0131 olacaks\u0131n\u0131z.<\/p>\n\n\n\n<h3 class=\"wp-block-heading\">S\u0131n\u0131rs\u0131z Trafik T\u00fcketimi<\/h3>\n\n\n\n<p>M\u00fcmk\u00fcn oldu\u011funca k\u0131s\u0131tlama olmadan \u00e7al\u0131\u015fman\u0131z\u0131 sa\u011flamak istiyoruz. Bu nedenle trafik t\u00fcketimini s\u0131n\u0131rlam\u0131yoruz ve veri kullan\u0131m\u0131 i\u00e7in ek \u00fccret ve masraflar getirmiyoruz. Proxy'lerimizi kullanmak i\u00e7in ilk fiyat\u0131n \u00f6tesinde EK \u00dcCRET YOKTUR. <strong>S\u00f6z veriyoruz!<\/strong><\/p>\n\n\n\n<h3 class=\"wp-block-heading\">Kapsaml\u0131 IP Havuzu<\/h3>\n\n\n\n<p>50.000'den fazla IP adresinden olu\u015fan bir havuzla, s\u00fcrekli rotasyon gerektiren en zorlu \u00e7evrimi\u00e7i g\u00f6revleriniz i\u00e7in bile asla proxy s\u0131k\u0131nt\u0131s\u0131 \u00e7ekmeyeceksiniz. Devasa miktardaki proxy'lerimiz anonim kalman\u0131za ve radar\u0131n alt\u0131nda kalmak i\u00e7in IP adresinizi neredeyse an\u0131nda de\u011fi\u015ftirmenize yard\u0131mc\u0131 olacakt\u0131r.<\/p>\n\n\n\n<h3 class=\"wp-block-heading\">KYC Gereksinimi Yok<\/h3>\n\n\n\n<p>Di\u011ferlerinden farkl\u0131 olarak, G\u0130ZL\u0130L\u0130\u011e\u0130N\u0130ZE \u00d6NEM VER\u0130YORUZ! Amac\u0131m\u0131z sorunsuz bir deneyim sunmakt\u0131r. Bu nedenle, normal \u00f6deme bilgilerinin \u00f6tesinde kimlik bilgilerini sa\u011flaman\u0131za gerek kalmadan h\u0131zl\u0131 ve kolay proxy yap\u0131land\u0131rmas\u0131 elde edeceksiniz. Yeni proxy'lerinizi kay\u0131ttan hemen sonra hassas bilgilerinizi payla\u015fmak zorunda kalmadan kullan\u0131n.<\/p>\n\n\n\n<h2 class=\"wp-block-heading\"><strong>Proxy Hizmetimiz Sizin \u0130\u00e7in Uygun mu?<\/strong><\/h2>\n\n\n\n<p>En titiz m\u00fc\u015fterilerin bile ihtiya\u00e7lar\u0131n\u0131 kar\u015f\u0131lamak i\u00e7in yaln\u0131zca mevcut en son teknolojileri kullanan, rakipsiz para de\u011ferine sahip olduk\u00e7a iyi bir proxy hizmet sa\u011flay\u0131c\u0131s\u0131y\u0131z. HTTP, HTTPS, SOCKS4 ve SOCKS5 proxy deste\u011fi sunarak her t\u00fcrl\u00fc g\u00f6revin \u00fcstesinden gelmenizi sa\u011fl\u0131yoruz. Kullan\u0131c\u0131 kimlik do\u011frulamas\u0131 statik ve de\u011fi\u015fken proxy'ler i\u00e7in farkl\u0131l\u0131k g\u00f6sterir: statik proxy'ler i\u00e7in kimlik do\u011frulama IP adresine g\u00f6re yap\u0131l\u0131rken, de\u011fi\u015fken proxy'ler i\u00e7in kimlik do\u011frulama Kullan\u0131c\u0131 Ad\u0131 ve Parola ile yap\u0131l\u0131r.<\/p>\n\n\n\n<h3 class=\"wp-block-heading\">D\u00fcnyan\u0131n Her Yerinde Y\u00fcksek Kaliteli Veri Merkezleri<\/h3>\n\n\n\n<ul class=\"wp-block-list\">\n<li>Kuzey Amerika<\/li>\n\n\n\n<li>Bat\u0131 Avrupa<\/li>\n\n\n\n<li>Do\u011fu Avrupa<\/li>\n\n\n\n<li>Orta Do\u011fu<\/li>\n\n\n\n<li>G\u00fcneydo\u011fu Asya<\/li>\n<\/ul>\n\n\n\n<p>Bir\u00e7ok \u00fclkeden eri\u015filebilen geni\u015f co\u011frafi kapsama alan\u0131m\u0131zla k\u00fcresel ba\u011flant\u0131n\u0131z\u0131 en \u00fcst d\u00fczeye \u00e7\u0131kar\u0131n.<br><br>D\u00fcnyan\u0131n d\u00f6rt bir yan\u0131ndaki kullan\u0131c\u0131lardan gelen artan talebi kar\u015f\u0131lamak i\u00e7in b\u00fcy\u00fcmeye devam ettik\u00e7e, hi\u00e7bir ek \u00fccret \u00f6demeden kullanabilece\u011finiz daha geni\u015f bir IP havuzuna sahip olacaks\u0131n\u0131z. Abone oldu\u011funuz s\u00fcrece mevcut plan\u0131n\u0131z\u0131 koruyacaks\u0131n\u0131z.<\/p>\n\n\n\n<h3 class=\"wp-block-heading\"><strong>Ge\u00e7ilmesi Zor Rekabet\u00e7i Fiyatland\u0131rma<\/strong><\/h3>\n\n\n\n<p>En uygun fiyatl\u0131 proxy hizmet sa\u011flay\u0131c\u0131lar\u0131ndan biri olmaktan gurur duyuyoruz.<\/p>\n\n\n\n<p>IP ba\u015f\u0131na ayl\u0131k 4,02 TL'den ba\u015flayan (500 proxy'lik bir paket i\u00e7in) ve IP ba\u015f\u0131na ayl\u0131k 2,01 TL'ye kadar d\u00fc\u015fen (50.000 proxy'lik bir paket i\u00e7in) piyasadaki en rekabet\u00e7i fiyatlardan birini sunuyoruz.<\/p>\n\n\n\n<p>Basit fiyatland\u0131rma politikam\u0131z, hizmetin nihai maliyetinden her zaman haberdar olaca\u011f\u0131n\u0131z anlam\u0131na gelir.<\/p>\n\n\n\n<p>Sizden hi\u00e7bir \u015fey saklamayaca\u011f\u0131z, sinsi de\u011filiz!<\/p>\n\n\n\n<h3 class=\"wp-block-heading\">Esnek \u00d6deme Y\u00f6ntemleri<\/h3>\n\n\n\n<p>\u00d6deme s\u00f6z konusu oldu\u011funda herkesin kendi e\u011filimleri ve tercihleri vard\u0131r. Bu nedenle, T\u00fcrk men\u015feli olanlar da dahil olmak \u00fczere t\u00fcm b\u00fcy\u00fck kredi ve banka kartlar\u0131n\u0131 memnuniyetle kar\u015f\u0131l\u0131yoruz. \u0130\u015fleri olabildi\u011fince basit tutmak i\u00e7in Webmoney ve Alipay gibi pop\u00fcler e-c\u00fczdanlar\u0131 da kabul ediyoruz.<\/p>\n\n\n\n<p>Gizlilik bilincine sahip olanlar i\u00e7in Kripto para birimlerinde \u00f6deme se\u00e7ene\u011fi sunuyoruz.<\/p>\n\n\n\n<p>Ticari m\u00fc\u015fterilerimiz i\u00e7in, banka havalelerinin genellikle tercih edilen \u00f6deme y\u00f6ntemi oldu\u011funu biliyoruz. Bunu kar\u015f\u0131lamaktan mutluluk duyuyoruz ve kolay i\u015fleme ve kay\u0131t tutma i\u00e7in vergi makamlar\u0131n\u0131z\u0131n gerektirdi\u011fi formatta faturalar sa\u011flayabiliriz.<\/p>\n\n\n\n<p>Tercihleriniz ne olursa olsun, s\u00fcreci sorunsuz ve rahat hale getirmeyi ama\u00e7l\u0131yoruz. Amac\u0131m\u0131z, herhangi bir \u00f6deme engeli olmadan i\u015finize g\u00fc\u00e7 katmak i\u00e7in ihtiya\u00e7 duydu\u011funuz vekilleri ayarlaman\u0131z\u0131 sa\u011flamakt\u0131r.<\/p>\n\n\n\n<h2 class=\"wp-block-heading\">G\u00fcvenli\u011finizi \u00d6n Planda Tutuyoruz<\/h2>\n\n\n\n<h3 class=\"wp-block-heading\">Risksiz Deneme S\u00fcr\u00fcm\u00fc<\/h3>\n\n\n\n<p>G\u00fcvenilir proxy hizmetimiz paran\u0131z\u0131n kar\u015f\u0131l\u0131\u011f\u0131n\u0131 o kadar iyi veriyor ki, hi\u00e7bir ko\u015ful olmadan \u00fccretsiz denemenize izin vermeye haz\u0131r\u0131z! Sadece herhangi bir proxy paketinin \u00fccretsiz deneme s\u00fcr\u00fcm\u00fcn\u00fc isteyin ve kendiniz g\u00f6r\u00fcn! Deneme sizi hi\u00e7bir \u015feye ba\u011flamaz, bu y\u00fczden devam edin ve ba\u015flamak i\u00e7in bize bir e-posta g\u00f6nderin.<\/p>\n\n\n\n<h3 class=\"wp-block-heading\">24 Saat Para \u0130ade Garantisi<\/h3>\n\n\n\n<p>Herhangi bir nedenle tam olarak memnun kalmazsan\u0131z - sat\u0131n alma i\u015fleminizden sonraki 24 saat i\u00e7inde - size paran\u0131z\u0131 geri verece\u011fiz, denemek i\u00e7in% 100 g\u00fcvenlidir. M\u00fc\u015fterilerimize de\u011fer veriyoruz ve bu y\u00fczden kripto ile \u00f6deme yapmay\u0131 se\u00e7seniz bile tutar\u0131n tamam\u0131n\u0131 iade edece\u011fiz! Hizmetimizi hi\u00e7bir endi\u015fe duymadan test edin.<\/p>\n\n\n\n<h2 class=\"wp-block-heading\">Bug\u00fcn Ba\u015flay\u0131n!<\/h2>\n\n\n\n<p>Verimlili\u011finizi s\u0131n\u0131rlayan yava\u015f ve g\u00fcvenilmez proxy hizmet sa\u011flay\u0131c\u0131lar\u0131ndan ka\u00e7\u0131n\u0131n!<\/p>\n\n\n\n<p>H\u0131zl\u0131, g\u00fcvenli ve ucuz proxy'lerimizi se\u00e7in ve inan\u0131lmaz mutlu bir m\u00fc\u015fteri daha olun.<\/p>\n\n\n\n<p>Bize bir \u015fans verin, denemesi bedava! Kaybedecek hi\u00e7bir \u015feyiniz yok ama kazanacak \u00e7ok \u015feyiniz var.<br><br>24 saat para iade garantimiz ile 0 korunursunuz. Test edin, sevin, benimseyin.<\/p>\n\n\n\n<p>\u00d6zel proxy'lerimizle i\u015f ak\u0131\u015flar\u0131n\u0131 \u00e7oktan d\u00f6n\u00fc\u015ft\u00fcren binlerce ki\u015finin bir par\u00e7as\u0131 olun.<\/p>","protected":false},"excerpt":{"rendered":"<p>Frustrated with slow and unreliable proxy service providers that cannot handle your high-demand tasks? Well, maybe we could be a nice fit! We\u2019ve helped thousands of customers that were in that exact position and after changing to Proxy Compass they reduced their bill significantly while improving the reliability of their online automations. Multi-functional, Versatile Proxies [&hellip;]<\/p>\n","protected":false},"author":1,"featured_media":460920,"parent":0,"menu_order":0,"comment_status":"closed","ping_status":"closed","template":"page-front.php","meta":{"_acf_changed":false,"inline_featured_image":false,"footnotes":""},"class_list":["post-1137","page","type-page","status-publish","has-post-thumbnail","hentry"],"acf":[],"_links":{"self":[{"href":"https:\/\/proxycompass.com\/tr\/wp-json\/wp\/v2\/pages\/1137","targetHints":{"allow":["GET"]}}],"collection":[{"href":"https:\/\/proxycompass.com\/tr\/wp-json\/wp\/v2\/pages"}],"about":[{"href":"https:\/\/proxycompass.com\/tr\/wp-json\/wp\/v2\/types\/page"}],"author":[{"embeddable":true,"href":"https:\/\/proxycompass.com\/tr\/wp-json\/wp\/v2\/users\/1"}],"replies":[{"embeddable":true,"href":"https:\/\/proxycompass.com\/tr\/wp-json\/wp\/v2\/comments?post=1137"}],"version-history":[{"count":19,"href":"https:\/\/proxycompass.com\/tr\/wp-json\/wp\/v2\/pages\/1137\/revisions"}],"predecessor-version":[{"id":471023,"href":"https:\/\/proxycompass.com\/tr\/wp-json\/wp\/v2\/pages\/1137\/revisions\/471023"}],"wp:featuredmedia":[{"embeddable":true,"href":"https:\/\/proxycompass.com\/tr\/wp-json\/wp\/v2\/media\/460920"}],"wp:attachment":[{"href":"https:\/\/proxycompass.com\/tr\/wp-json\/wp\/v2\/media?parent=1137"}],"curies":[{"name":"wp","href":"https:\/\/api.w.org\/{rel}","templated":true}]}}