{"id":459033,"date":"2023-05-22T05:00:27","date_gmt":"2023-05-22T05:00:27","guid":{"rendered":"https:\/\/proxycompass.com\/?page_id=459033"},"modified":"2024-02-22T18:22:30","modified_gmt":"2024-02-22T18:22:30","slug":"locations","status":"publish","type":"page","link":"https:\/\/proxycompass.com\/tr\/locations\/","title":{"rendered":"Konuma G\u00f6re Proxy Se\u00e7in"},"content":{"rendered":"<p>Burada, d\u00fcnya genelindeki \u00e7ok \u00e7e\u015fitli konumlardan bir proxy sunucusu se\u00e7me g\u00fcc\u00fcne sahipsiniz. \u0130ster co\u011frafi k\u0131s\u0131tlamalar\u0131 a\u015fman\u0131z, kimli\u011finizi koruman\u0131z veya belirli b\u00f6lgelerde pazar ara\u015ft\u0131rmas\u0131 yapman\u0131z gerekiyorsa, kapsaml\u0131 proxy sunucu veritaban\u0131m\u0131z, \u00e7evrimi\u00e7i varl\u0131\u011f\u0131n\u0131z\u0131 uyarlamak i\u00e7in esnekli\u011fe ve kontrole sahip olman\u0131z\u0131 sa\u011flar.<\/p>\n\n\n\n<p>Ana \u00d6zellikler:<\/p>\n\n\n\n<ol class=\"wp-block-list\">\n<li>Kapsaml\u0131 Lokasyon Se\u00e7imi: Platformumuz, b\u00fcy\u00fck \u015fehirlerden uzak b\u00f6lgelere kadar geni\u015f bir k\u00fcresel lokasyon listesi sunmaktad\u0131r. Bu geni\u015f \u00e7e\u015fitlilik, sanki fiziksel olarak se\u00e7ti\u011finiz konumdaym\u0131\u015fs\u0131n\u0131z gibi internette gezinmenize olanak tan\u0131r ve b\u00f6lgeye \u00f6zg\u00fc i\u00e7erik ve hizmetlerin kilidini a\u00e7ar.<\/li>\n\n\n\n<li>Y\u00fcksek H\u0131zl\u0131 Ba\u011flant\u0131lar: Sorunsuz bir tarama deneyiminin \u00f6nemini anl\u0131yoruz. Proxy sunucular\u0131m\u0131z, gizlili\u011finizi ve g\u00fcvenli\u011finizi korurken minimum gecikme ve h\u0131zl\u0131 yan\u0131t s\u00fcreleri sa\u011flayarak size y\u00fcksek h\u0131zl\u0131 ba\u011flant\u0131lar sa\u011flayacak \u015fekilde optimize edilmi\u015ftir.<\/li>\n\n\n\n<li>Anonimlik ve Gizlilik: Gizlilik temel bir hakt\u0131r ve bunu ciddiye al\u0131yoruz. \u0130nternet trafi\u011finizi proxy sunucular\u0131m\u0131z \u00fczerinden y\u00f6nlendirerek ger\u00e7ek IP adresinizi koruyabilir, web sitelerinin ve \u00e7evrimi\u00e7i hizmetlerin \u00e7evrimi\u00e7i etkinliklerinizi izlemesini zorla\u015ft\u0131rabilirsiniz. Ki\u015fisel bilgilerinizin korundu\u011funu bilerek kendinizi g\u00fcvende hissedin.<\/li>\n\n\n\n<li>G\u00fcvenli \u015eifreleme: Proxy sunucular\u0131m\u0131z, verilerinizi ve ileti\u015fimlerinizi g\u00fcvence alt\u0131na almak i\u00e7in g\u00fc\u00e7l\u00fc \u015fifreleme protokolleri kullan\u0131r. Bu, oturum a\u00e7ma kimlik bilgileriniz veya finansal bilgileriniz gibi hassas bilgilerinizin merakl\u0131 g\u00f6zlerden korundu\u011fu ve g\u00fcvenli bir \u00e7evrimi\u00e7i deneyim sa\u011fland\u0131\u011f\u0131 anlam\u0131na gelir.<\/li>\n\n\n\n<li>: Sadeli\u011fin anahtar oldu\u011funa inan\u0131yoruz. Kullan\u0131c\u0131 dostu aray\u00fcz\u00fcm\u00fcz, \u00e7e\u015fitli konumlar aras\u0131nda gezinmeyi, tercih etti\u011finiz proxy sunucusunu se\u00e7meyi ve birka\u00e7 t\u0131klamayla ba\u011flant\u0131 ba\u015flatmay\u0131 kolayla\u015ft\u0131r\u0131r. Teknik uzmanl\u0131\u011fa gerek yok!<\/li>\n<\/ol>\n\n\n\n<p>Nas\u0131l kullan\u0131l\u0131r:<\/p>\n\n\n\n<ol class=\"wp-block-list\">\n<li>Konum Se\u00e7in: Mevcut konumlar listesine g\u00f6z at\u0131n ve ihtiya\u00e7lar\u0131n\u0131za uygun olan\u0131 se\u00e7in. Se\u00e7eneklerinizi daraltmak i\u00e7in \u00fclkeye, \u015fehre veya b\u00f6lgeye g\u00f6re filtreleme yapabilirsiniz.<\/li>\n\n\n\n<li>Proxy Sunucusunu Se\u00e7in: \u0130stedi\u011finiz konumu se\u00e7tikten sonra, o konumdaki mevcut proxy sunucular\u0131n\u0131 ke\u015ffedin. Her sunucu, bilin\u00e7li bir karar vermenize yard\u0131mc\u0131 olmak i\u00e7in h\u0131z, \u00e7al\u0131\u015fma s\u00fcresi ve kullan\u0131c\u0131 derecelendirmeleri gibi ayr\u0131nt\u0131larla birlikte gelir.<\/li>\n\n\n\n<li>Ba\u011flan\u0131n ve Keyfini \u00c7\u0131kar\u0131n: Bir proxy sunucusu se\u00e7tikten sonra ba\u011flan d\u00fc\u011fmesine t\u0131klaman\u0131z yeterlidir; birka\u00e7 dakika i\u00e7inde se\u00e7ti\u011finiz konum \u00fczerinden internete ba\u011flanacaks\u0131n\u0131z. B\u00f6lgeye \u00f6zg\u00fc i\u00e7eri\u011fe s\u0131n\u0131rs\u0131z eri\u015fimin keyfini \u00e7\u0131karmaya ba\u015flay\u0131n veya \u00e7evrimi\u00e7i etkinliklerinizi geli\u015fmi\u015f gizlilikle ger\u00e7ekle\u015ftirin.<\/li>\n<\/ol>\n\n\n\n<p>Not: Proxy&#039;lerin daha fazla gizlilik ve anonimlik sunmas\u0131na ra\u011fmen kusursuz olmad\u0131klar\u0131n\u0131 unutmamak \u00f6nemlidir. B\u00fct\u00fcnsel bir \u00e7evrimi\u00e7i koruma stratejisi sa\u011flamak i\u00e7in g\u00fcvenilir bir antivir\u00fcs program\u0131 ve g\u00fcvenli gezinme al\u0131\u015fkanl\u0131klar\u0131 uygulama gibi ek g\u00fcvenlik \u00f6nlemleri kullanman\u0131z\u0131 \u00f6neririz.<\/p>\n\n\n\n<p>\u00c7evrimi\u00e7i deneyiminizin kontrol\u00fcn\u00fc elinize al\u0131n ve &quot;Konuma G\u00f6re Proxy Se\u00e7in&quot; sayfam\u0131zla d\u00fcnyay\u0131 ke\u015ffedin. Gizlili\u011finizi geli\u015ftirin, k\u0131s\u0131tl\u0131 i\u00e7eri\u011fe eri\u015fin ve daha \u00f6nce hi\u00e7 olmad\u0131\u011f\u0131 kadar ger\u00e7ek anlamda k\u00fcresel bir internet deneyiminin keyfini \u00e7\u0131kar\u0131n.<\/p>","protected":false},"excerpt":{"rendered":"<p>Here, you have the power to select a proxy server from a vast range of locations across the globe. Whether you need to bypass geo-restrictions, protect your identity, or conduct market research in specific regions, our comprehensive database of proxy servers ensures you have the flexibility and control to tailor your online presence. Key Features: [&hellip;]<\/p>\n","protected":false},"author":1,"featured_media":0,"parent":0,"menu_order":0,"comment_status":"closed","ping_status":"closed","template":"page-locations.php","meta":{"_acf_changed":false,"inline_featured_image":false,"footnotes":""},"class_list":["post-459033","page","type-page","status-publish","hentry"],"acf":[],"_links":{"self":[{"href":"https:\/\/proxycompass.com\/tr\/wp-json\/wp\/v2\/pages\/459033","targetHints":{"allow":["GET"]}}],"collection":[{"href":"https:\/\/proxycompass.com\/tr\/wp-json\/wp\/v2\/pages"}],"about":[{"href":"https:\/\/proxycompass.com\/tr\/wp-json\/wp\/v2\/types\/page"}],"author":[{"embeddable":true,"href":"https:\/\/proxycompass.com\/tr\/wp-json\/wp\/v2\/users\/1"}],"replies":[{"embeddable":true,"href":"https:\/\/proxycompass.com\/tr\/wp-json\/wp\/v2\/comments?post=459033"}],"version-history":[{"count":0,"href":"https:\/\/proxycompass.com\/tr\/wp-json\/wp\/v2\/pages\/459033\/revisions"}],"wp:attachment":[{"href":"https:\/\/proxycompass.com\/tr\/wp-json\/wp\/v2\/media?parent=459033"}],"curies":[{"name":"wp","href":"https:\/\/api.w.org\/{rel}","templated":true}]}}