{"id":460491,"date":"2023-05-27T06:06:14","date_gmt":"2023-05-27T06:06:14","guid":{"rendered":"https:\/\/proxycompass.com\/?page_id=460491"},"modified":"2024-09-17T12:40:24","modified_gmt":"2024-09-17T12:40:24","slug":"privacy-policy","status":"publish","type":"page","link":"https:\/\/proxycompass.com\/tr\/privacy-policy\/","title":{"rendered":"Gizlilik Politikas\u0131"},"content":{"rendered":"<h2 class=\"wp-block-heading\">Gizlilik Politikas\u0131<\/h2>\n\n\n\n<p><br><br>Bizim i\u00e7in &quot;ki\u015fisel bilgiler&quot; sizi do\u011frudan tan\u0131mlayan (ad\u0131n\u0131z, e-posta adresiniz veya fatura bilgileriniz gibi) veya sizi tan\u0131mlamak i\u00e7in makul bir \u015fekilde ili\u015fkilendirilebilen veya birle\u015ftirilebilen (hesap kimlik numaras\u0131 veya IP adresi gibi) bilgiler anlam\u0131na gelir. Sizden hangi ki\u015fisel bilgileri toplad\u0131\u011f\u0131m\u0131z\u0131 size her zaman s\u00f6yleyece\u011fiz. Belirli ayr\u0131nt\u0131lar i\u00e7in her \u00fcr\u00fcn\u00fcn Gizlilik Bildirimine bak\u0131n.<\/p>\n\n\n\n<p>Bunun d\u0131\u015f\u0131nda kalan her t\u00fcrl\u00fc bilgi \u201cki\u015fisel olmayan bilgidir\u201d.<\/p>\n\n\n\n<p>Ki\u015fisel bilgilerinizi ki\u015fisel olmayan bilgilerle birlikte saklarsak, bu birle\u015fimi ki\u015fisel bilgi olarak de\u011ferlendirece\u011fiz. Bir veri k\u00fcmesinden t\u00fcm ki\u015fisel bilgileri \u00e7\u0131kar\u0131rsak, geriye kalan ki\u015fisel olmayan bilgiler olur.<\/p>\n\n\n\n<p><strong>Hakk\u0131n\u0131zdaki bilgileri nas\u0131l \u00f6\u011freniriz?<\/strong><\/p>\n\n\n\n<p>Hakk\u0131n\u0131zdaki bilgileri \u015fu durumlarda \u00f6\u011freniriz:<\/p>\n\n\n\n<ul class=\"wp-block-list\">\n<li>bunu do\u011frudan bize vermeniz (\u00f6rne\u011fin, bize kilitlenme raporlar\u0131 g\u00f6ndermeyi se\u00e7ti\u011finizde);<\/li>\n\n\n\n<li>\u00fcr\u00fcnlerimiz ve hizmetlerimiz arac\u0131l\u0131\u011f\u0131yla otomatik olarak topluyoruz;<\/li>\n\n\n\n<li>bize verdi\u011finiz bilgilere dayanarak hakk\u0131n\u0131zda daha fazla bilgi edinmeye \u00e7al\u0131\u015ft\u0131\u011f\u0131m\u0131zda (\u00f6rne\u011fin, baz\u0131 hizmetlerimizin dilini \u00f6zelle\u015ftirmek i\u00e7in IP adresinizi kulland\u0131\u011f\u0131m\u0131zda).<\/li>\n<\/ul>\n\n\n\n<p><strong>Bilgilerinizi ald\u0131ktan sonra onunla ne yapaca\u011f\u0131z?<\/strong><\/p>\n\n\n\n<p>Bize bilgi verdi\u011finizde, bunu bize izin verdi\u011finiz \u015fekillerde kullanaca\u011f\u0131z. Genel olarak bilgilerinizi size \u00fcr\u00fcn ve hizmetlerimizi sunmam\u0131za ve geli\u015ftirmemize yard\u0131mc\u0131 olmak i\u00e7in kullan\u0131r\u0131z.<\/p>\n\n\n\n<p><strong>Bilgilerinizi ne zaman ba\u015fkalar\u0131yla payla\u015f\u0131r\u0131z?<\/strong><\/p>\n\n\n\n<ul class=\"wp-block-list\">\n<li>Yasa gerektirdi\u011finde. Bir h\u00fck\u00fcmetten sizin hakk\u0131n\u0131zda veya bir davayla ilgili talep ald\u0131\u011f\u0131m\u0131zda yasalara uyar\u0131z. Yasal olarak yasaklanmad\u0131\u011f\u0131m\u0131z s\u00fcrece, ki\u015fisel bilgilerinizi bu \u015fekilde vermeniz istendi\u011finde sizi bilgilendirece\u011fiz. Bunun gibi talepler ald\u0131\u011f\u0131m\u0131zda, ki\u015fisel bilgilerinizi yaln\u0131zca yasalar\u0131n bunu yapmam\u0131z\u0131 gerektirdi\u011fine iyi niyetle inanmam\u0131z halinde a\u00e7\u0131klayaca\u011f\u0131z. Bu politikadaki hi\u00e7bir \u015fey, sahip olabilece\u011finiz herhangi bir yasal savunmay\u0131 veya itiraz\u0131 belirli bir s\u00fcre ile s\u0131n\u0131rlamay\u0131 ama\u00e7lamamaktad\u0131r.<\/li>\n\n\n\n<li>Size veya bir ba\u015fkas\u0131na zarar gelmesini \u00f6nlemenin gerekli oldu\u011funa inand\u0131\u011f\u0131m\u0131zda. Bilgilerinizi yaln\u0131zca sizin, di\u011fer kullan\u0131c\u0131lar\u0131m\u0131z\u0131n veya kamunun haklar\u0131n\u0131, m\u00fclkiyetini veya g\u00fcvenli\u011fini koruman\u0131n makul d\u00fczeyde gerekli oldu\u011funa iyi niyetle inanmam\u0131z durumunda payla\u015faca\u011f\u0131z.<\/li>\n<\/ul>\n\n\n\n<p><strong>Ki\u015fisel bilgilerinizi nas\u0131l sakl\u0131yor ve koruyoruz?<\/strong><\/p>\n\n\n\n<p>Ki\u015fisel bilgilerinizi elimize ge\u00e7tikten sonra korumay\u0131 taahh\u00fct ediyoruz. Fiziksel, ticari ve teknik g\u00fcvenlik \u00f6nlemlerini uyguluyoruz. \u00c7abalar\u0131m\u0131za ra\u011fmen bir g\u00fcvenlik ihlali \u00f6\u011frenirsek uygun koruyucu ad\u0131mlar\u0131 uygulayabilmeniz i\u00e7in sizi bilgilendirece\u011fiz.<\/p>\n\n\n\n<p>Ayr\u0131ca ki\u015fisel bilgilerinizi ihtiyac\u0131m\u0131z olandan daha uzun s\u00fcre istemiyoruz, bu nedenle onlar\u0131 yaln\u0131zca toplad\u0131\u011f\u0131m\u0131z ama\u00e7 i\u00e7in yeterince uzun s\u00fcre sakl\u0131yoruz. \u0130htiyac\u0131m\u0131z kalmad\u0131\u011f\u0131nda, yasa gere\u011fi onu daha uzun s\u00fcre saklamam\u0131z gerekmedi\u011fi s\u00fcrece, onu yok etmek i\u00e7in gerekli ad\u0131mlar\u0131 atar\u0131z.<\/p>\n\n\n\n<p><strong>Bu gizlilik politikas\u0131n\u0131 veya gizlilik bildirimlerimizden herhangi birini de\u011fi\u015ftirirsek ne olur?<\/strong><\/p>\n\n\n\n<p>Bu politikay\u0131 ve bildirimlerimizi de\u011fi\u015ftirmemiz gerekebilir. G\u00fcncellemeler \u00e7evrimi\u00e7i olarak yay\u0131nlanacakt\u0131r. De\u011fi\u015fiklikler \u00f6nemliyse, g\u00fcncellemeyi blog g\u00f6nderileri ve forumlar gibi bu t\u00fcr duyurular i\u00e7in \u00abProxyCompass\u00bb ola\u011fan kanallar\u0131 arac\u0131l\u0131\u011f\u0131yla duyuraca\u011f\u0131z. Bu t\u00fcr de\u011fi\u015fikliklerin y\u00fcr\u00fcrl\u00fc\u011fe girdi\u011fi tarihten sonra \u00fcr\u00fcn\u00fc veya hizmeti kullanmaya devam etmeniz, bu de\u011fi\u015fiklikleri kabul etti\u011finiz anlam\u0131na gelir. \u0130ncelemenizi daha kolay hale getirmek i\u00e7in sayfan\u0131n \u00fcst k\u0131sm\u0131nda ge\u00e7erlilik tarihini yay\u0131nlayaca\u011f\u0131z.<\/p>","protected":false},"excerpt":{"rendered":"<p>Privacy Policy For us, \u201cpersonal information\u201d means information which either directly identifies you (like your name, email address, or billing information) or can be reasonably linked or combined to identify you (like an account identification number or IP address). We\u2019ll always tell you what personal information we\u2019re collecting from you. See each product\u2019s Privacy Notice [&hellip;]<\/p>\n","protected":false},"author":1,"featured_media":0,"parent":0,"menu_order":0,"comment_status":"closed","ping_status":"closed","template":"","meta":{"_acf_changed":false,"inline_featured_image":false,"footnotes":""},"class_list":["post-460491","page","type-page","status-publish","hentry"],"acf":[],"_links":{"self":[{"href":"https:\/\/proxycompass.com\/tr\/wp-json\/wp\/v2\/pages\/460491","targetHints":{"allow":["GET"]}}],"collection":[{"href":"https:\/\/proxycompass.com\/tr\/wp-json\/wp\/v2\/pages"}],"about":[{"href":"https:\/\/proxycompass.com\/tr\/wp-json\/wp\/v2\/types\/page"}],"author":[{"embeddable":true,"href":"https:\/\/proxycompass.com\/tr\/wp-json\/wp\/v2\/users\/1"}],"replies":[{"embeddable":true,"href":"https:\/\/proxycompass.com\/tr\/wp-json\/wp\/v2\/comments?post=460491"}],"version-history":[{"count":1,"href":"https:\/\/proxycompass.com\/tr\/wp-json\/wp\/v2\/pages\/460491\/revisions"}],"predecessor-version":[{"id":471214,"href":"https:\/\/proxycompass.com\/tr\/wp-json\/wp\/v2\/pages\/460491\/revisions\/471214"}],"wp:attachment":[{"href":"https:\/\/proxycompass.com\/tr\/wp-json\/wp\/v2\/media?parent=460491"}],"curies":[{"name":"wp","href":"https:\/\/api.w.org\/{rel}","templated":true}]}}