{"id":460509,"date":"2023-05-27T06:40:23","date_gmt":"2023-05-27T06:40:23","guid":{"rendered":"https:\/\/proxycompass.com\/?page_id=460509"},"modified":"2026-04-20T10:06:43","modified_gmt":"2026-04-20T10:06:43","slug":"terms-of-service","status":"publish","type":"page","link":"https:\/\/proxycompass.com\/tr\/terms-of-service\/","title":{"rendered":"Kullan\u0131m \u015eartlar\u0131"},"content":{"rendered":"<div class=\"wp-block-rank-math-toc-block\" id=\"rank-math-toc\"><nav><ul><li class=\"\"><a href=\"#1-eligibility\">1. Uygunluk<\/a><\/li><li class=\"\"><a href=\"#2-service-rules\">2. Hizmet Kurallar\u0131<\/a><ul><li class=\"\"><a href=\"#2-1-fee-for-processing-complaints\">2.1 \u015eikayetlerin \u0130\u015fleme Al\u0131nmas\u0131 \u00dccreti<\/a><\/li><\/ul><\/li><li class=\"\"><a href=\"#3-refund-policy\">3. Geri \u00d6deme Politikas\u0131<\/a><\/li><li class=\"\"><a href=\"#4-user-accounts\">4. Kullan\u0131c\u0131 Hesaplar\u0131<\/a><\/li><li class=\"\"><a href=\"#5-acceptable-use\">5. Kabul Edilebilir Kullan\u0131m<\/a><\/li><li class=\"\"><a href=\"#6-privacy\">6. Gizlilik<\/a><\/li><li class=\"\"><a href=\"#7-intellectual-property-rights\">7. Fikri M\u00fclkiyet Haklar\u0131<\/a><\/li><li class=\"\"><a href=\"#8-changes-to-terms\">8. \u015eartlardaki De\u011fi\u015fiklikler<\/a><\/li><li class=\"\"><a href=\"#9-termination\">9. Fesih<\/a><\/li><li class=\"\"><a href=\"#10-governing-law\">10. Ge\u00e7erli Kanun<\/a><\/li><li class=\"\"><a href=\"#11-contact\">11. \u0130leti\u015fim<\/a><\/li><li class=\"\"><a href=\"#financial-information\">12. Finansal Bilgiler<\/a><\/li><\/ul><\/nav><\/div>\n\n\n\n<p>ProxyCompass&#039;a ho\u015f geldiniz! Bu Hizmet \u015eartlar\u0131 (\u201c\u015eartlar\u201d), ProxyCompass&#039;a ve sa\u011flad\u0131\u011f\u0131m\u0131z ilgili yaz\u0131l\u0131mlara, hizmetlere ve belgelere (toplu olarak \u201cHizmetler\u201d) eri\u015fiminizi ve kullan\u0131m\u0131n\u0131z\u0131 y\u00f6netir. Hizmetlerimizi kullanarak bu \u015eartlar\u0131 okudu\u011funuzu, anlad\u0131\u011f\u0131n\u0131z\u0131 ve kabul etti\u011finizi onaylam\u0131\u015f olursunuz. Bu Ko\u015fullar\u0131n herhangi bir b\u00f6l\u00fcm\u00fcn\u00fc kabul etmiyorsan\u0131z l\u00fctfen Hizmetlerimizi kullanmaktan ka\u00e7\u0131n\u0131n.<\/p>\n\n\n\n<h2 class=\"wp-block-heading\" id=\"1-eligibility\"><strong>1. Uygunluk<\/strong><\/h2>\n\n\n\n<p>Hizmetlerimizi kullanmak i\u00e7in en az 18 ya\u015f\u0131nda olman\u0131z ve ProxyCompass ile yasal olarak ba\u011flay\u0131c\u0131 bir s\u00f6zle\u015fme yapabilecek durumda olman\u0131z gerekir. Hizmetlerimizi kullanarak bu kriterleri kar\u015f\u0131lad\u0131\u011f\u0131n\u0131z\u0131 onaylam\u0131\u015f olursunuz.<\/p>\n\n\n\n<h2 class=\"wp-block-heading\" id=\"2-service-rules\"><strong>2. Hizmet Kurallar\u0131<\/strong><\/h2>\n\n\n\n<p>Hizmeti kullan\u0131rken a\u015fa\u011f\u0131dakileri yapmamay\u0131 kabul edersiniz:<\/p>\n\n\n\n<p><br>\u2013 Hizmetin herhangi bir b\u00f6l\u00fcm\u00fcn\u00fc kopyalay\u0131n veya herkese a\u00e7\u0131k olarak payla\u015f\u0131n.<br>\u2013 Spam veya istenmeyen e-postalar g\u00f6nderin.<br>\u2013 Hizmetin g\u00fcvenli\u011fine veya sistem b\u00fct\u00fcnl\u00fc\u011f\u00fcne m\u00fcdahale etmek.<br>\u2013 Altyap\u0131m\u0131z\u0131 makul olmayan \u015fekilde a\u015f\u0131r\u0131 y\u00fcklemek.<br>\u2013 Hizmet arac\u0131l\u0131\u011f\u0131yla zararl\u0131 yaz\u0131l\u0131m y\u00fcklemek.<br>\u2013 Hizmetten ki\u015fisel bilgileri toplay\u0131n.<br>\u2013 Ba\u015fkalar\u0131n\u0131n kimli\u011fine b\u00fcr\u00fcnmek veya doland\u0131r\u0131c\u0131l\u0131k yapmak.<br>\u2013 Hizmetin i\u015fleyi\u015fini bozmay\u0131n.<br>\u2013 Hizmetin i\u00e7eri\u011fine eri\u015fmek i\u00e7in yetkisiz y\u00f6ntemler kullanmak.<br>\u2013 Hizmete y\u00f6nelik t\u00fcm eri\u015fim k\u0131s\u0131tlamalar\u0131n\u0131 a\u015f\u0131n.<br>\u2013 Hizmeti anla\u015fma olmadan yeniden satmak veya yeniden da\u011f\u0131tmak.<br>\u2013 G\u00fcvenlik ihlallerinde bulunmak veya internet ileti\u015fimini kesintiye u\u011fratmak.<br>\u2013 Hizmeti yasa d\u0131\u015f\u0131 faaliyetler i\u00e7in veya \u00fc\u00e7\u00fcnc\u00fc taraf haklar\u0131n\u0131 ihlal edecek \u015fekilde kullanmak.<br>\u2013 Hizmeti kaba kuvvet sald\u0131r\u0131lar\u0131 i\u00e7in kullan\u0131n.<\/p>\n\n\n\n<h3 class=\"wp-block-heading\" id=\"2-1-fee-for-processing-complaints\">2.1 \u015eikayetlerin \u0130\u015fleme Al\u0131nmas\u0131 \u00dccreti<\/h3>\n\n\n\n<p>Artan idari ve soru\u015fturma talepleri nedeniyle, 2 Nisan 2024 tarihinden itibaren her \u015fikayet soru\u015fturmas\u0131 i\u00e7in $50 tutar\u0131nda bir \u00fccret uygulamaya ba\u015flayaca\u011f\u0131z. Bu \u00fccret soru\u015fturma maliyetlerini kar\u015f\u0131lar ve kural ihlallerini ortadan kald\u0131rmaz.<\/p>\n\n\n\n<p>Bir \u015fikayet ald\u0131\u011f\u0131m\u0131zda, ayr\u0131nt\u0131l\u0131 bir \u015fekilde ara\u015ft\u0131r\u0131p m\u00fc\u015fteriyi bilgilendirece\u011fiz ve yan\u0131t vermesine izin verece\u011fiz.<\/p>\n\n\n\n<p>Soru\u015fturman\u0131n ard\u0131ndan bir fatura d\u00fczenleyece\u011fiz. Hizmet, herhangi bir kural \u00e7ak\u0131\u015fmas\u0131 olmad\u0131\u011f\u0131 varsay\u0131larak, \u00f6deme yap\u0131ld\u0131ktan sonra 3 g\u00fcn i\u00e7inde devam eder.<\/p>\n\n\n\n<p>Ciddi veya tekrarlanan ihlaller durumunda, adalet ad\u0131na kullan\u0131m ko\u015fullar\u0131m\u0131za s\u0131k\u0131 s\u0131k\u0131ya ba\u011fl\u0131 kalaca\u011f\u0131m\u0131z\u0131 vurgulayarak, hizmetleri para iadesi olmadan durdurabiliriz.<\/p>\n\n\n\n<p>M\u00fc\u015fterilerin gelecekteki sorunlar\u0131 proaktif olarak \u00f6nlemesi durumunda, kendi takdirimize ba\u011fl\u0131 olarak, \u00fccretten feragat ge\u00e7erli olabilir.<\/p>\n\n\n\n<h2 class=\"wp-block-heading\" id=\"3-refund-policy\"><strong>3. Geri \u00d6deme Politikas\u0131<\/strong><\/h2>\n\n\n\n<p>ProxyCompass, sat\u0131n alma an\u0131ndan itibaren 24 saat garantili para iade garantisi sunar. Bu geri \u00f6deme orijinal \u00f6deme \u015fekliyle ayn\u0131 \u015fekilde i\u015fleme al\u0131nacakt\u0131r. Geri \u00f6deme i\u015flemini ba\u015flatmak i\u00e7in l\u00fctfen M\u00fc\u015fteri Hizmetleri Ekibimizle ileti\u015fime ge\u00e7in.<\/p>\n\n\n\n<p>Geri \u00f6deme taleplerinin say\u0131s\u0131n\u0131 titizlikle takip etti\u011fimizi l\u00fctfen unutmay\u0131n. A\u015f\u0131r\u0131 geri \u00f6deme talebi olmas\u0131 durumunda, \u00f6zellikle bir ay i\u00e7inde \u00fc\u00e7ten fazla geri \u00f6deme talebi olmas\u0131 durumunda, ProxyCompass geri \u00f6deme talebini reddetme hakk\u0131n\u0131 sakl\u0131 tutar.<\/p>\n\n\n\n<p>24 saatlik s\u00fcrenin \u00f6tesinde m\u00fc\u015fteriler sipari\u015flerini iptal edebilir. Bu ko\u015fullar alt\u0131nda geri \u00f6demeler, dahili bakiyenizdeki kullan\u0131lmam\u0131\u015f fonlar i\u00e7in bir kredi olarak sa\u011flanacakt\u0131r. Sipari\u015f iptallerine \u00fc\u00e7 g\u00fcnde bir izin verilir. Bu se\u00e7ene\u011fe ki\u015fisel panelinizden eri\u015filebilir.<\/p>\n\n\n\n<p>Herhangi bir nedenle sat\u0131n ald\u0131\u011f\u0131n\u0131z proxy&#039;lerden memnun kalmazsan\u0131z, geri \u00f6demenizi i\u015fleme koymak i\u00e7in Teknik Destek Ekibimizle ileti\u015fime ge\u00e7menizi \u00f6neririz.<\/p>\n\n\n\n<p>ProxyCompass&#039;tan herhangi bir \u00fcr\u00fcn veya hizmet sat\u0131n alarak bu Geri \u00d6deme Politikas\u0131nda belirtilen \u015fartlar\u0131 kabul etmi\u015f olursunuz.<\/p>\n\n\n\n<h2 class=\"wp-block-heading\" id=\"4-user-accounts\"><strong>4. Kullan\u0131c\u0131 Hesaplar\u0131<\/strong><\/h2>\n\n\n\n<p>Hizmetlerimizin belirli \u00f6zelliklerine veya i\u015flevlerine eri\u015fmek i\u00e7in bir hesaba kaydolman\u0131z gerekebilir. Hesap \u015fifrenizin gizlili\u011fini korumaktan ve hesab\u0131n\u0131zla ili\u015fkili t\u00fcm faaliyetlerden siz sorumlusunuz. ProxyCompass, hesab\u0131n\u0131z\u0131 korumaman\u0131zdan kaynaklanan hi\u00e7bir kay\u0131p veya zarardan sorumlu de\u011fildir.<\/p>\n\n\n\n<h2 class=\"wp-block-heading\" id=\"5-acceptable-use\"><strong>5. Kabul Edilebilir Kullan\u0131m<\/strong><\/h2>\n\n\n\n<p>Hizmetlerimizi yasal olarak kullanmay\u0131 ve Hizmetlerimizi kullan\u0131rken herhangi bir yasay\u0131, d\u00fczenlemeyi veya ba\u015fkalar\u0131n\u0131n haklar\u0131n\u0131 ihlal etmemeyi kabul edersiniz. Hizmetlerimizi doland\u0131r\u0131c\u0131l\u0131k, taciz veya k\u00f6t\u00fc ama\u00e7l\u0131 yaz\u0131l\u0131m veya di\u011fer zararl\u0131 kodlar\u0131n da\u011f\u0131t\u0131m\u0131 dahil ancak bunlarla s\u0131n\u0131rl\u0131 olmamak \u00fczere herhangi bir yasa d\u0131\u015f\u0131 veya yetkisiz ama\u00e7 i\u00e7in kullanman\u0131z a\u00e7\u0131k\u00e7a yasakt\u0131r.<\/p>\n\n\n\n<h2 class=\"wp-block-heading\" id=\"6-privacy\"><strong>6. Gizlilik<\/strong><\/h2>\n\n\n\n<p>Gizlili\u011finiz bizim i\u00e7in \u00f6nemlidir. L\u00fctfen bizim <a href=\"https:\/\/proxycompass.com\/tr\/privacy-policy\/\" data-type=\"URL\" data-id=\"https:\/\/proxycompass.com\/privacy-policy\/\">Gizlilik Politikas\u0131<\/a>Ki\u015fisel bilgilerinizi nas\u0131l toplad\u0131\u011f\u0131m\u0131z, kulland\u0131\u011f\u0131m\u0131z ve a\u00e7\u0131klad\u0131\u011f\u0131m\u0131z hakk\u0131nda bilgi i\u00e7in.<\/p>\n\n\n\n<h2 class=\"wp-block-heading\" id=\"7-intellectual-property-rights\"><strong>7. Fikri M\u00fclkiyet Haklar\u0131<\/strong><\/h2>\n\n\n\n<p>Fikri m\u00fclkiyet haklar\u0131 da dahil olmak \u00fczere Hizmetlerimize ili\u015fkin t\u00fcm haklar, unvanlar ve menfaatler, ProxyCompass ve lisans verenlerinin m\u00fcnhas\u0131r m\u00fclkiyetindedir ve \u00f6yle kalacakt\u0131r.<\/p>\n\n\n\n<h2 class=\"wp-block-heading\" id=\"8-changes-to-terms\"><strong>8. \u015eartlardaki De\u011fi\u015fiklikler<\/strong><\/h2>\n\n\n\n<p>Bu Ko\u015fullar\u0131 zaman zaman g\u00fcncelleyebiliriz. De\u011fi\u015fiklik yapt\u0131\u011f\u0131m\u0131zda, g\u00fcncellenmi\u015f Ko\u015fullar\u0131 web sitemizde yay\u0131nlayaca\u011f\u0131z ve &quot;Son G\u00fcncelleme&quot; tarihini g\u00fcncelleyece\u011fiz. Bu de\u011fi\u015fiklikler y\u00fcr\u00fcrl\u00fc\u011fe girdikten sonra Hizmetlerimizi kullanmaya devam ederek g\u00fcncellenen \u015eartlara ba\u011fl\u0131 kalmay\u0131 kabul etmi\u015f olursunuz.<\/p>\n\n\n\n<h2 class=\"wp-block-heading\" id=\"9-termination\"><strong>9. Fesih<\/strong><\/h2>\n\n\n\n<p>Bildirimde bulunmaks\u0131z\u0131n ve tamamen kendi takdirimize ba\u011fl\u0131 olarak Hizmetlerimize eri\u015fim veya Hizmetlerimizi kullanma hakk\u0131n\u0131z\u0131 sonland\u0131rma ve gelecekte Hizmetlerimize eri\u015fiminizi ve bunlar\u0131 kullanman\u0131z\u0131 engelleme veya engelleme hakk\u0131n\u0131 sakl\u0131 tutuyoruz.<\/p>\n\n\n\n<h2 class=\"wp-block-heading\" id=\"10-governing-law\"><strong>10. Ge\u00e7erli Kanun<\/strong><\/h2>\n\n\n\n<p>Bu \u015eartlar ve bu \u015eartlarla ilgili herhangi bir eylem, kanunlar ihtilaf\u0131 ilkelerine bak\u0131lmaks\u0131z\u0131n, ProxyCompass&#039;\u0131n bulundu\u011fu yarg\u0131 b\u00f6lgesinin kanunlar\u0131na tabi olacakt\u0131r.<\/p>\n\n\n\n<h2 class=\"wp-block-heading\" id=\"11-contact\"><strong>11. \u0130leti\u015fim<\/strong><\/h2>\n\n\n\n<p>Bu \u015eartlar hakk\u0131nda herhangi bir sorunuz varsa l\u00fctfen <a href=\"https:\/\/proxycompass.com\/tr\/account\/contact.php\/\">bize Ula\u015f\u0131n<\/a>.<\/p>\n\n\n\n<h2 class=\"wp-block-heading\" id=\"financial-information\">12. <strong>Finansal Bilgiler<\/strong><\/h2>\n\n\n\n<p>ProxyCompass, birden fazla b\u00f6lgede finansal ortaklarla faaliyet g\u00f6stermektedir:<\/p>\n\n\n\n<ul class=\"wp-block-list\">\n<li><strong>Avrupa:<\/strong><br><strong>Kalite A\u011f\u0131 OU<\/strong><br>Karu 14-8, Kesklinn, Tallinn,<br>Harju B\u00f6lgesi, 10120, Estonya<br><\/li>\n\n\n\n<li><strong>Orta Do\u011fu B\u00f6lgesi:<\/strong><br><strong>Kalite A\u011f\u0131 Orta Do\u011fu FZE<\/strong><br>Al Shmookh \u0130\u015f Merkezi, One UAQ,<br>UAQ Serbest Ticaret B\u00f6lgesi, Umm Al Quwain, BAE<br><\/li>\n\n\n\n<li><strong>Amerika Birle\u015fik Devletleri:<\/strong><br><strong>Kalite A\u011f\u0131 ABD LLC<\/strong><br>30 N Gould Caddesi, STE R,<br>Sheridan, WY 82801, Amerika Birle\u015fik Devletleri<br><\/li>\n\n\n\n<li><strong>Afrika B\u00f6lgesi:<\/strong><br><strong>Jumwak A\u011f Olu\u015fturma Ajans\u0131 Limited<\/strong><br>Makadara, Nairobi,<br>Makadara B\u00f6lgesi, Kenya<br><\/li>\n<\/ul>\n\n\n\n<p>Herhangi bir finansal sorunuz i\u00e7in l\u00fctfen destek ekibimize ula\u015f\u0131n.<\/p>","protected":false},"excerpt":{"rendered":"<p>Welcome to ProxyCompass! These Terms of Service (&#8220;Terms&#8221;) govern your access and use of ProxyCompass and any related software, services, and documentation we provide (collectively, the &#8220;Services&#8221;). By using our Services, you confirm that you&#8217;ve read, understood, and agreed to these Terms. If you disagree with any part of these Terms, please refrain from using [&hellip;]<\/p>\n","protected":false},"author":1,"featured_media":0,"parent":0,"menu_order":0,"comment_status":"closed","ping_status":"closed","template":"","meta":{"_acf_changed":false,"inline_featured_image":false,"footnotes":""},"class_list":["post-460509","page","type-page","status-publish","hentry"],"acf":[],"_links":{"self":[{"href":"https:\/\/proxycompass.com\/tr\/wp-json\/wp\/v2\/pages\/460509","targetHints":{"allow":["GET"]}}],"collection":[{"href":"https:\/\/proxycompass.com\/tr\/wp-json\/wp\/v2\/pages"}],"about":[{"href":"https:\/\/proxycompass.com\/tr\/wp-json\/wp\/v2\/types\/page"}],"author":[{"embeddable":true,"href":"https:\/\/proxycompass.com\/tr\/wp-json\/wp\/v2\/users\/1"}],"replies":[{"embeddable":true,"href":"https:\/\/proxycompass.com\/tr\/wp-json\/wp\/v2\/comments?post=460509"}],"version-history":[{"count":13,"href":"https:\/\/proxycompass.com\/tr\/wp-json\/wp\/v2\/pages\/460509\/revisions"}],"predecessor-version":[{"id":471565,"href":"https:\/\/proxycompass.com\/tr\/wp-json\/wp\/v2\/pages\/460509\/revisions\/471565"}],"wp:attachment":[{"href":"https:\/\/proxycompass.com\/tr\/wp-json\/wp\/v2\/media?parent=460509"}],"curies":[{"name":"wp","href":"https:\/\/api.w.org\/{rel}","templated":true}]}}