{"id":466329,"date":"2024-02-29T17:48:03","date_gmt":"2024-02-29T17:48:03","guid":{"rendered":"https:\/\/proxycompass.com\/?page_id=466329"},"modified":"2024-10-26T14:03:33","modified_gmt":"2024-10-26T14:03:33","slug":"free-proxy-locations","status":"publish","type":"page","link":"https:\/\/proxycompass.com\/tr\/free-proxy-locations\/","title":{"rendered":"Konuma G\u00f6re \u00dccretsiz Proxy&#039;ler"},"content":{"rendered":"<h2 class=\"wp-block-heading\">Telegram Kanal\u0131m\u0131zda Her 3 Saatte Bir Yeni Proxy&#039;ler!<\/h2>\n\n\n\n<p>Her 3 saatte bir en iyi 100 proxy&#039;nin yeni bir listesini payla\u015ft\u0131\u011f\u0131m\u0131z bir Telegram kanal\u0131m\u0131z var. G\u00fcn\u00fcn her saati yeni \u00fccretsiz proxy&#039;lerle g\u00fcncel kalmak i\u00e7in bize kat\u0131l\u0131n!<\/p>\n\n\n\n<p>Bize kat\u0131l\u0131n! <a href=\"https:\/\/t.me\/freeproxieshub\">@\u00dccretsizProxyHub<\/a><\/p>\n\n\n\n<p><\/p>","protected":false},"excerpt":{"rendered":"<p>Telegram Kanal\u0131m\u0131zda Her 3 Saatte Bir Yeni Proxy&#039;ler! Her 3 saatte bir en iyi 100 proxy&#039;nin yeni bir listesini payla\u015ft\u0131\u011f\u0131m\u0131z bir Telegram kanal\u0131m\u0131z var. G\u00fcn\u00fcn her saati yeni \u00fccretsiz proxy&#039;lerle g\u00fcncel kalmak i\u00e7in bize kat\u0131l\u0131n! Bize kat\u0131l\u0131n! @FreeProxiesHub<\/p>","protected":false},"author":1,"featured_media":0,"parent":0,"menu_order":0,"comment_status":"closed","ping_status":"closed","template":"page-free-locations.php","meta":{"_acf_changed":false,"inline_featured_image":false,"footnotes":""},"class_list":["post-466329","page","type-page","status-publish","hentry"],"acf":[],"_links":{"self":[{"href":"https:\/\/proxycompass.com\/tr\/wp-json\/wp\/v2\/pages\/466329","targetHints":{"allow":["GET"]}}],"collection":[{"href":"https:\/\/proxycompass.com\/tr\/wp-json\/wp\/v2\/pages"}],"about":[{"href":"https:\/\/proxycompass.com\/tr\/wp-json\/wp\/v2\/types\/page"}],"author":[{"embeddable":true,"href":"https:\/\/proxycompass.com\/tr\/wp-json\/wp\/v2\/users\/1"}],"replies":[{"embeddable":true,"href":"https:\/\/proxycompass.com\/tr\/wp-json\/wp\/v2\/comments?post=466329"}],"version-history":[{"count":17,"href":"https:\/\/proxycompass.com\/tr\/wp-json\/wp\/v2\/pages\/466329\/revisions"}],"predecessor-version":[{"id":471289,"href":"https:\/\/proxycompass.com\/tr\/wp-json\/wp\/v2\/pages\/466329\/revisions\/471289"}],"wp:attachment":[{"href":"https:\/\/proxycompass.com\/tr\/wp-json\/wp\/v2\/media?parent=466329"}],"curies":[{"name":"wp","href":"https:\/\/api.w.org\/{rel}","templated":true}]}}