{"id":468355,"date":"2024-03-01T08:34:48","date_gmt":"2024-03-01T08:34:48","guid":{"rendered":"https:\/\/proxycompass.com\/?page_id=468355"},"modified":"2025-07-30T03:26:58","modified_gmt":"2025-07-30T03:26:58","slug":"proxy-checker","status":"publish","type":"page","link":"https:\/\/proxycompass.com\/tr\/proxy-checker\/","title":{"rendered":"Toplu Proxy Denetleyicisi"},"content":{"rendered":"<p>ProxyCompass&#039;\u0131n Proxy Checker&#039;\u0131, proxy sunucular\u0131n\u0131 toplu olarak kontrol etmek ve analiz etmek i\u00e7in \u00e7evrimi\u00e7i bir ara\u00e7t\u0131r. HTTP, HTTPS, SOCKS4 ve SOCKS5 dahil olmak \u00fczere \u00e7e\u015fitli proxy t\u00fcrlerini destekler.<\/p>\n\n\n\n<h3 class=\"wp-block-heading\">Ana \u00d6zellikler:<\/h3>\n\n\n\n<ul class=\"wp-block-list\">\n<li><strong>\u00c7oklu Protokolleri Destekler<\/strong>: Farkl\u0131 proxy protokollerini y\u00f6netebilir.<\/li>\n\n\n\n<li><strong>\u00c7ok \u0130\u015f Par\u00e7al\u0131 Do\u011frulama<\/strong>: Birden fazla proxy&#039;nin ayn\u0131 anda kontrol edilmesine olanak sa\u011flar.<\/li>\n\n\n\n<li><strong>Anonimlik ve Performans Analizi<\/strong>: Anonimlik d\u00fczeyini, ba\u011flant\u0131 h\u0131z\u0131n\u0131 ve g\u00fcvenilirli\u011fi de\u011ferlendirir.<\/li>\n\n\n\n<li><strong>Co\u011frafi Konum ve \u0130SS Bilgileri<\/strong>: Kaynakl\u0131 co\u011frafi konum ve ISP verilerini sa\u011flar.\u00a0<a href=\"https:\/\/www.ripe.net\/\" target=\"_blank\" rel=\"noreferrer noopener\">RIPE veritaban\u0131<\/a>.<\/li>\n\n\n\n<li><strong>\u0130ndirilebilir Raporlar<\/strong>: Sonu\u00e7lar\u0131 eri\u015filebilir formatlarda sunar.<\/li>\n\n\n\n<li><strong>An\u0131nda Sonu\u00e7lar ve Geli\u015fmi\u015f Filtreleme<\/strong>: Filtreleme se\u00e7enekleriyle ger\u00e7ek zamanl\u0131 sonu\u00e7lar\u0131 g\u00f6r\u00fcnt\u00fcler.<\/li>\n\n\n\n<li><strong>API Entegrasyonu<\/strong>&nbsp;(Geli\u015ftirme A\u015famas\u0131nda): Bu \u00f6zellik \u015fu anda geli\u015ftirme a\u015famas\u0131ndad\u0131r ve yak\u0131nda kullan\u0131ma sunulacakt\u0131r. Bu ara\u00e7, proxy sunucular\u0131n\u0131 kontrol etmenin basit ve etkili bir yolunu arayanlar i\u00e7in tasarlanm\u0131\u015ft\u0131r.<\/li>\n<\/ul>","protected":false},"excerpt":{"rendered":"<p>ProxyCompass&#039;\u0131n Proxy Checker&#039;\u0131, proxy sunucular\u0131n\u0131 toplu olarak kontrol etmek ve analiz etmek i\u00e7in \u00e7evrimi\u00e7i bir ara\u00e7t\u0131r. HTTP, HTTPS, SOCKS4 ve SOCKS5 dahil olmak \u00fczere \u00e7e\u015fitli proxy t\u00fcrlerini destekler. Temel \u00d6zellikler:<\/p>","protected":false},"author":1,"featured_media":0,"parent":0,"menu_order":0,"comment_status":"closed","ping_status":"closed","template":"page-checker.php","meta":{"_acf_changed":false,"inline_featured_image":false,"footnotes":""},"class_list":["post-468355","page","type-page","status-publish","hentry"],"acf":[],"_links":{"self":[{"href":"https:\/\/proxycompass.com\/tr\/wp-json\/wp\/v2\/pages\/468355","targetHints":{"allow":["GET"]}}],"collection":[{"href":"https:\/\/proxycompass.com\/tr\/wp-json\/wp\/v2\/pages"}],"about":[{"href":"https:\/\/proxycompass.com\/tr\/wp-json\/wp\/v2\/types\/page"}],"author":[{"embeddable":true,"href":"https:\/\/proxycompass.com\/tr\/wp-json\/wp\/v2\/users\/1"}],"replies":[{"embeddable":true,"href":"https:\/\/proxycompass.com\/tr\/wp-json\/wp\/v2\/comments?post=468355"}],"version-history":[{"count":7,"href":"https:\/\/proxycompass.com\/tr\/wp-json\/wp\/v2\/pages\/468355\/revisions"}],"predecessor-version":[{"id":471441,"href":"https:\/\/proxycompass.com\/tr\/wp-json\/wp\/v2\/pages\/468355\/revisions\/471441"}],"wp:attachment":[{"href":"https:\/\/proxycompass.com\/tr\/wp-json\/wp\/v2\/media?parent=468355"}],"curies":[{"name":"wp","href":"https:\/\/api.w.org\/{rel}","templated":true}]}}