{"id":469452,"date":"2024-03-18T14:05:23","date_gmt":"2024-03-18T14:05:23","guid":{"rendered":"https:\/\/proxycompass.com\/?page_id=469452"},"modified":"2025-01-27T11:27:05","modified_gmt":"2025-01-27T11:27:05","slug":"about-us","status":"publish","type":"page","link":"https:\/\/proxycompass.com\/tr\/about-us\/","title":{"rendered":"Hakk\u0131m\u0131zda"},"content":{"rendered":"<hr class=\"wp-block-separator has-alpha-channel-opacity\"\/>\n\n\n\n<h2 class=\"wp-block-heading\"><strong>ProxyCompass&#039;a ho\u015f geldiniz<\/strong><\/h2>\n\n\n\n<p>2013&#039;ten beri proxy sekt\u00f6r\u00fcnde kurulan, e\u015fsiz proxy hizmet kalitesine ve yenili\u011fine a\u00e7\u0131lan kap\u0131n\u0131z. \u00c7e\u015fitli \u00e7evrimi\u00e7i ihtiya\u00e7lar\u0131 kar\u015f\u0131lamak i\u00e7in geni\u015f bir IP adresi se\u00e7ene\u011fi sunarak proxy end\u00fcstrisinde lider konumday\u0131z. Bizi benzersiz k\u0131lan \u015feyleri ke\u015ffedin:<\/p>\n\n\n\n<hr class=\"wp-block-separator has-alpha-channel-opacity\"\/>\n\n\n\n<h2 class=\"wp-block-heading\"><strong>Yenilik\u00e7i Proxy \u00c7\u00f6z\u00fcmleri<\/strong><\/h2>\n\n\n\n<p>ProxyCompass bir hizmetten daha fazlas\u0131d\u0131r; \u00e7evrimi\u00e7i anonimlik ve g\u00fcvenli\u011fe y\u00f6nelik ileriyi d\u00fc\u015f\u00fcnen bir yakla\u015f\u0131md\u0131r. Kapsaml\u0131 IP adresi havuzumuz sayesinde m\u00fc\u015fterilerimiz \u00e7evrimi\u00e7i ortamda benzersiz gizlili\u011fin ve esnekli\u011fin tad\u0131n\u0131 \u00e7\u0131kar\u0131rlar.<\/p>\n\n\n\n<hr class=\"wp-block-separator has-alpha-channel-opacity\"\/>\n\n\n\n<h2 class=\"wp-block-heading\"><strong>Uzman Ekip<\/strong><\/h2>\n\n\n\n<p>Proxy pazar\u0131nda zengin ge\u00e7mi\u015fe sahip uzmanlar\u0131m\u0131z, dijital \u00e7a\u011f\u0131n zorluklar\u0131 ve f\u0131rsatlar\u0131 i\u00e7in tasarlanm\u0131\u015f ola\u011fan\u00fcst\u00fc bir hizmet sunmak \u00fczere ProxyCompass alt\u0131nda birle\u015fti.<\/p>\n\n\n\n<hr class=\"wp-block-separator has-alpha-channel-opacity\"\/>\n\n\n\n<h2 class=\"wp-block-heading\"><strong>K\u00fcresel Proxy A\u011f\u0131<\/strong><\/h2>\n\n\n\n<p>Geni\u015f bir m\u00fc\u015fteri taban\u0131na verimli hizmet sunmak i\u00e7in tamam\u0131 birinci s\u0131n\u0131f veri merkezlerinde bulunan, 20&#039;den fazla \u00fclkede 100.000&#039;den fazla proxy sunucumuzla gurur duyuyoruz.<\/p>\n\n\n\n<ul class=\"wp-block-list\">\n<li><strong>\u00dclkeler:<\/strong> 20+<\/li>\n\n\n\n<li><strong>Proxy Sunucular\u0131:<\/strong> 100,000+<\/li>\n\n\n\n<li><strong>Veri merkezleri:<\/strong> D\u00fcnya standartlar\u0131nda<\/li>\n<\/ul>\n\n\n\n<hr class=\"wp-block-separator has-alpha-channel-opacity\"\/>\n\n\n\n<h2 class=\"wp-block-heading\"><strong>\u00c7e\u015fitli Proxy Se\u00e7enekleri<\/strong><\/h2>\n\n\n\n<p>\u00d6zel proxy&#039;lerden payla\u015f\u0131lan proxy&#039;lere kadar (proxy ba\u015f\u0131na 2-3 kullan\u0131c\u0131yla s\u0131n\u0131rl\u0131d\u0131r), \u00fcr\u00fcn yelpazemiz \u00e7e\u015fitli tercihlere ve b\u00fct\u00e7elere hitap ederek \u00f6zelle\u015ftirilmi\u015f bir proxy deneyimi sa\u011flar.<\/p>\n\n\n\n<hr class=\"wp-block-separator has-alpha-channel-opacity\"\/>\n\n\n\n<h2 class=\"wp-block-heading\"><strong>Temel Avantajlar<\/strong><\/h2>\n\n\n\n<ul class=\"wp-block-list\">\n<li><strong>G\u00fcvenilirlik:<\/strong> Tutarl\u0131 \u00e7evrimi\u00e7i performans i\u00e7in g\u00fcvenilir sunucular.<\/li>\n\n\n\n<li><strong>Yasaklama Direnci:<\/strong> Ak\u0131ll\u0131 algoritmalar IP yasaklama riskini azalt\u0131r.<\/li>\n\n\n\n<li><strong>H\u0131z:<\/strong> Verimli tarama ve veri i\u015fleme i\u00e7in y\u00fcksek h\u0131zl\u0131 internetin keyfini \u00e7\u0131kar\u0131n.<\/li>\n\n\n\n<li><strong>\u00c7al\u0131\u015fma s\u00fcresi:<\/strong> Kesintisiz hizmet i\u00e7in 99.9% \u00e7al\u0131\u015fma s\u00fcresini garanti ediyoruz.<\/li>\n\n\n\n<li><strong>Ekonomiklik:<\/strong> IP ba\u015f\u0131na yaln\u0131zca 6 sentten ba\u015flayan rekabet\u00e7i fiyatland\u0131rma.<\/li>\n<\/ul>\n\n\n\n<hr class=\"wp-block-separator has-alpha-channel-opacity\"\/>\n\n\n\n<h2 class=\"wp-block-heading\"><strong>7\/24 M\u00fc\u015fteri Deste\u011fi<\/strong><\/h2>\n\n\n\n<p>Sorunsuz bir ProxyCompass deneyimi sa\u011flamak i\u00e7in \u00f6zel ekibimiz her t\u00fcrl\u00fc soru veya ihtiya\u00e7 konusunda her zaman yard\u0131ma haz\u0131rd\u0131r.<\/p>\n\n\n\n<hr class=\"wp-block-separator has-alpha-channel-opacity\"\/>\n\n\n\n<h2 class=\"wp-block-heading\"><strong>Memnuniyet garantisi<\/strong><\/h2>\n\n\n\n<p>Tatmin edici de\u011fil? Memnuniyetiniz bizim \u00f6nceli\u011fimiz oldu\u011fundan, sat\u0131n alman\u0131n ilk 24 saati i\u00e7inde tam bir geri \u00f6deme sunuyoruz.<\/p>\n\n\n\n<hr class=\"wp-block-separator has-alpha-channel-opacity\"\/>\n\n\n\n<h2 class=\"wp-block-heading\"><strong>ProxyCompass&#039;a Bug\u00fcn Kat\u0131l\u0131n!<\/strong><\/h2>\n\n\n\n<p>ProxyCompass ile g\u00fcvenli ve verimli proxy \u00e7\u00f6z\u00fcmlerinde yeni bir standard\u0131 benimseyin. \u00c7evrimi\u00e7i gizlili\u011finizi ve performans\u0131n\u0131z\u0131 daha \u00f6nce hi\u00e7 olmad\u0131\u011f\u0131 kadar geli\u015ftirin.<\/p>\n\n\n\n<hr class=\"wp-block-separator has-alpha-channel-opacity\"\/>\n\n\n\n<h2 class=\"wp-block-heading\"><strong>Bize Ula\u015f\u0131n<\/strong><\/h2>\n\n\n\n<p>\u015eeffafl\u0131\u011fa ve eri\u015filebilirli\u011fe de\u011fer veriyoruz. Hizmetlerimiz, \u00f6demelerimiz veya deste\u011fimizle ilgili herhangi bir sorunuz varsa l\u00fctfen ekibimize ula\u015f\u0131n. K\u00fcresel varl\u0131\u011f\u0131m\u0131z, birden fazla b\u00f6lgede kesintisiz hizmet ve m\u00fc\u015fteri deste\u011fi sa\u011flar.<\/p>\n\n\n\n<h4 class=\"wp-block-heading\"><strong>\u0130\u015f ve Finansal Bilgiler<\/strong><\/h4>\n\n\n\n<p>ProxyCompass, d\u00fcnya \u00e7ap\u0131nda g\u00fcvenli ve g\u00fcvenilir i\u015flemler sa\u011flamak i\u00e7in b\u00f6lgesel finansal ortaklar arac\u0131l\u0131\u011f\u0131yla faaliyet g\u00f6stermektedir.<\/p>\n\n\n\n<ul class=\"wp-block-list\">\n<li><strong>Avrupa:<\/strong><br><strong>Kalite A\u011f\u0131 OU<\/strong><br>Karu 14-8, Kesklinn, Tallinn,<br>Harju B\u00f6lgesi, 10120, Estonya<br><\/li>\n\n\n\n<li><strong>Amerika Birle\u015fik Devletleri:<\/strong><br><strong>Kalite A\u011f\u0131 ABD LLC<\/strong><br>30 N Gould Caddesi, STE R,<br>Sheridan, WY 82801, Amerika Birle\u015fik Devletleri<br><\/li>\n\n\n\n<li><strong>Afrika B\u00f6lgesi:<\/strong><br><strong>Jumwak A\u011f Olu\u015fturma Ajans\u0131 Limited<\/strong><br>Makadara, Nairobi,<br>Makadara B\u00f6lgesi, Kenya<br><\/li>\n\n\n\n<li><strong>Orta Do\u011fu B\u00f6lgesi:<\/strong><br><strong>Kalite A\u011f\u0131 Orta Do\u011fu FZE<\/strong><br>Al Shmookh \u0130\u015f Merkezi, One UAQ,<br>UAQ Serbest Ticaret B\u00f6lgesi, Umm Al Quwain, BAE<\/li>\n<\/ul>","protected":false},"excerpt":{"rendered":"<p>Welcome to ProxyCompass Your gateway to unmatched proxy service quality and innovation, established in the proxy industry since 2013. We stand as a leader in the proxy industry, offering a vast selection of IP addresses to meet diverse online needs. Discover what makes us unique: Innovative Proxy Solutions ProxyCompass is more than a service; it&#8217;s [&hellip;]<\/p>\n","protected":false},"author":1,"featured_media":0,"parent":0,"menu_order":0,"comment_status":"closed","ping_status":"closed","template":"","meta":{"_acf_changed":false,"inline_featured_image":false,"footnotes":""},"class_list":["post-469452","page","type-page","status-publish","hentry"],"acf":[],"_links":{"self":[{"href":"https:\/\/proxycompass.com\/tr\/wp-json\/wp\/v2\/pages\/469452","targetHints":{"allow":["GET"]}}],"collection":[{"href":"https:\/\/proxycompass.com\/tr\/wp-json\/wp\/v2\/pages"}],"about":[{"href":"https:\/\/proxycompass.com\/tr\/wp-json\/wp\/v2\/types\/page"}],"author":[{"embeddable":true,"href":"https:\/\/proxycompass.com\/tr\/wp-json\/wp\/v2\/users\/1"}],"replies":[{"embeddable":true,"href":"https:\/\/proxycompass.com\/tr\/wp-json\/wp\/v2\/comments?post=469452"}],"version-history":[{"count":11,"href":"https:\/\/proxycompass.com\/tr\/wp-json\/wp\/v2\/pages\/469452\/revisions"}],"predecessor-version":[{"id":471381,"href":"https:\/\/proxycompass.com\/tr\/wp-json\/wp\/v2\/pages\/469452\/revisions\/471381"}],"wp:attachment":[{"href":"https:\/\/proxycompass.com\/tr\/wp-json\/wp\/v2\/media?parent=469452"}],"curies":[{"name":"wp","href":"https:\/\/api.w.org\/{rel}","templated":true}]}}