{"id":469491,"date":"2024-04-20T10:57:09","date_gmt":"2024-04-20T10:57:09","guid":{"rendered":"https:\/\/proxycompass.com\/?page_id=469491"},"modified":"2026-02-21T06:14:07","modified_gmt":"2026-02-21T06:14:07","slug":"free-trial","status":"publish","type":"page","link":"https:\/\/proxycompass.com\/tr\/free-trial\/","title":{"rendered":"1 Saatlik \u00dccretsiz Proxy Denemesi Al\u0131n"},"content":{"rendered":"<div class=\"wp-block-columns is-layout-flex wp-container-core-columns-is-layout-9d6595d7 wp-block-columns-is-layout-flex\">\n<div class=\"wp-block-column is-layout-flow wp-block-column-is-layout-flow\">\n<h2 class=\"wp-block-heading\">\u00dccretsiz Deneme Ayr\u0131nt\u0131lar\u0131<\/h2>\n\n\n\n<ul class=\"wp-block-list\">\n<li>50 proxy IP adresi<\/li>\n\n\n\n<li>Bar\u0131nd\u0131r\u0131lan statik veri merkezi<\/li>\n\n\n\n<li>HTTP(S) ve SOCKS4\/5 protokolleri<\/li>\n\n\n\n<li>T\u00fcrkiye konumlar\u0131<\/li>\n\n\n\n<li>S\u0131n\u0131rs\u0131z bant geni\u015fli\u011fi<\/li>\n\n\n\n<li>Tam anonim elit vekiller<\/li>\n\n\n\n<li>Proxy&#039;lere 5 dakika i\u00e7inde eri\u015fim<\/li>\n\n\n\n<li>60 dakikal\u0131k test<\/li>\n\n\n\n<li>Hi\u00e7bir y\u00fck\u00fcml\u00fcl\u00fck yok<\/li>\n\n\n\n<li>Kredi kart\u0131 gerekmez<\/li>\n\n\n\n<li>Diledi\u011finiz zaman \u00fccretli hesaba ge\u00e7in<\/li>\n<\/ul>\n\n\n\n<h2 class=\"wp-block-heading\">Ne Yapmal\u0131s\u0131n\u0131z?<\/h2>\n\n\n\n<p>Bu proxy&#039;leri denemek i\u00e7in a\u015fa\u011f\u0131daki ba\u011flant\u0131ya t\u0131klaman\u0131z ve h\u0131zl\u0131 kay\u0131t i\u015flemini tamamlaman\u0131z yeterli.<\/p>\n\n\n\n<p><a href=\"https:\/\/proxycompass.com\/account\/index.php?rp=\/store\/test-packages\/50-proxies-turkiye\" target=\"_blank\" rel=\"noreferrer noopener\">T\u00dcRK PROXY\u2019LER\u0130 \u0130\u00c7\u0130N \u00dcCRETS\u0130Z DENEME<\/a><\/p>\n\n\n\n<p>Paketinizi etkinle\u015ftirmede yard\u0131ma m\u0131 ihtiyac\u0131n\u0131z var? Sadece okuyun <a href=\"https:\/\/proxycompass.com\/tr\/knowledge-base\/how-to-activate-a-proxy-package\/\" target=\"_blank\" rel=\"noreferrer noopener\">ad\u0131m ad\u0131m k\u0131lavuz<\/a>.<\/p>\n<\/div>\n\n\n\n<div class=\"wp-block-column is-layout-flow wp-block-column-is-layout-flow\">\n<figure class=\"wp-block-gallery has-nested-images columns-default is-cropped wp-block-gallery-1 is-layout-flex wp-block-gallery-is-layout-flex\">\n<figure class=\"wp-block-image size-full is-style-default\"><a href=\"https:\/\/proxycompass.com\/account\/index.php?rp=\/store\/test-packages\/50-proxies-turkiye\" target=\"_blank\" rel=\"noreferrer noopener\"><img decoding=\"async\" width=\"600\" height=\"600\" data-id=\"471247\" src=\"https:\/\/proxycompass.com\/wp-content\/uploads\/2026\/02\/trial-50-turkey.png\" alt=\"\u00fccretsiz proxy deneme afi\u015fi\" class=\"wp-image-471247\" srcset=\"https:\/\/proxycompass.com\/wp-content\/uploads\/2026\/02\/trial-50-turkey.png 600w, https:\/\/proxycompass.com\/wp-content\/uploads\/2026\/02\/trial-50-turkey-150x150.png 150w, https:\/\/proxycompass.com\/wp-content\/uploads\/2026\/02\/trial-50-turkey-12x12.png 12w, https:\/\/proxycompass.com\/wp-content\/uploads\/2026\/02\/trial-50-turkey-24x24.png 24w, https:\/\/proxycompass.com\/wp-content\/uploads\/2026\/02\/trial-50-turkey-48x48.png 48w, https:\/\/proxycompass.com\/wp-content\/uploads\/2026\/02\/trial-50-turkey-96x96.png 96w, https:\/\/proxycompass.com\/wp-content\/uploads\/2026\/02\/trial-50-turkey-300x300.png 300w\" sizes=\"(max-width: 600px) 100vw, 600px\" \/><\/a><\/figure>\n<\/figure>\n<\/div>\n<\/div>\n\n\n\n<p>Test etmek i\u00e7in daha fazla zamana m\u0131 ihtiyac\u0131n\u0131z var? Daha sonra \u015furaya gidin: <a href=\"https:\/\/proxycompass.com\/tr\/prices\/\" data-type=\"link\" data-id=\"https:\/\/proxycompass.com\/prices\/\">fiyatland\u0131rma sayfas\u0131<\/a>, ilginizi \u00e7eken proxy paketini se\u00e7in ve 24 saat boyunca risksiz olarak test edin. Sonu\u00e7lardan memnun kalmazsan\u0131z, bilet sistemimiz arac\u0131l\u0131\u011f\u0131yla bize bildirin. Size tam bir geri \u00f6deme yapaca\u011f\u0131z.<\/p>\n\n\n\n<p><\/p>\n\n\n\n<h2 class=\"wp-block-heading\">\u00dccretsiz Proxy Sunucu Paketi<\/h2>\n\n\n\n<h3 class=\"wp-block-heading\">50 proxy IP adresi<\/h3>\n\n\n\n<p>H\u0131zl\u0131 ve ba\u011flay\u0131c\u0131 olmayan bir kay\u0131ttan sonra, kullan\u0131ma haz\u0131r 50 IP adresinden olu\u015fan bir liste alacaks\u0131n\u0131z. Bunlar\u0131 kullanaca\u011f\u0131n\u0131z yaz\u0131l\u0131ma ba\u011fl\u0131 olarak, hepsini ayn\u0131 anda kullanabilir veya proxy sunucular\u0131n IP adreslerini d\u00f6n\u00fc\u015f\u00fcml\u00fc olarak rastgele da\u011f\u0131tan \u00f6zel bir API arac\u0131l\u0131\u011f\u0131yla tek tek kullanabilirsiniz.<\/p>\n\n\n\n<h3 class=\"wp-block-heading\">Statik Veri Merkezinde Bar\u0131nd\u0131r\u0131lan Proxy&#039;ler<\/h3>\n\n\n\n<p>Test i\u00e7in ald\u0131\u011f\u0131n\u0131z proxy sunucular\u0131 statiktir. Bu, IP adreslerinin hi\u00e7bir zaman de\u011fi\u015fmedi\u011fi, yani her zaman ayn\u0131 kald\u0131klar\u0131 anlam\u0131na gelir. Fiziksel olarak bu proxy sunucular ABD&#039;deki farkl\u0131 veri merkezlerinde bulunur. Bu, onlar\u0131n her zaman \u00e7al\u0131\u015f\u0131r durumda oldu\u011fu ve bunlar\u0131 g\u00fcn\u00fcn veya gecenin herhangi bir saatinde kullanabilece\u011finiz anlam\u0131na gelir.<\/p>\n\n\n\n<h3 class=\"wp-block-heading\">HTTP(S) ve SOCKS4\/5 Protokolleri<\/h3>\n\n\n\n<p>Alaca\u011f\u0131n\u0131z proxy sunucular HTTP\/S, SOCKS4\/5 gibi t\u00fcm pop\u00fcler protokolleri ayn\u0131 anda desteklemektedir.<\/p>\n\n\n\n<p>Kullan\u0131c\u0131 panelinin i\u00e7inde proxy sunucu listenizi ihtiyac\u0131n\u0131z olan herhangi bir formatta indirebilirsiniz.<\/p>\n\n\n\n<h3 class=\"wp-block-heading\">T\u00fcrkiye konumlar\u0131<\/h3>\n\n\n\n<p>Bu \u00fccretsiz proxy paketi T\u00fcrkiye\u2019den 50 proxy IP adresi i\u00e7erir. T\u00fcrkiye\u2019deki belirli \u015fehirlerden gelen proxy say\u0131s\u0131 rastgele belirlenir.<\/p>\n\n\n\n<h3 class=\"wp-block-heading\">S\u0131n\u0131rs\u0131z Bant Geni\u015fli\u011fi<\/h3>\n\n\n\n<p>M\u00fc\u015fterilerimizin indirme ve y\u00fckleme i\u00e7in kulland\u0131\u011f\u0131 trafik miktar\u0131n\u0131 s\u0131n\u0131rlam\u0131yoruz. Bu hem \u00fccretli paketler hem de bu \u00fccretsiz paket i\u00e7in ge\u00e7erlidir.<\/p>\n\n\n\n<h3 class=\"wp-block-heading\">Tam Anonim Elit Vekiller<\/h3>\n\n\n\n<p>Bu test proxy sunucular\u0131, \u00fccretli proxy sunucular\u0131m\u0131zla tamamen ayn\u0131d\u0131r. M\u00fcmk\u00fcn oldu\u011fu kadar anonimdirler.<\/p>\n\n\n\n<h3 class=\"wp-block-heading\">Diledi\u011finiz Zaman \u00dccretli Hesaba Y\u00fckseltme<\/h3>\n\n\n\n<p>Proxy sunucular\u0131n\u0131n g\u00f6revlerinizle uyumlulu\u011funu test ettikten sonra, do\u011frudan kullan\u0131c\u0131 panelinden ihtiya\u00e7lar\u0131n\u0131za uygun herhangi bir proxy paketini se\u00e7ebilirsiniz.<\/p>","protected":false},"excerpt":{"rendered":"<p>Free Trial Details What Do You Have to Do? To try these proxies, simply click on the link below and complete the quick registration process. GET FREE TRIAL Need help activating your package? Just read our step-by-step guide. Need more time to test? Then go to the pricing page, select the proxy package that interests [&hellip;]<\/p>\n","protected":false},"author":1,"featured_media":0,"parent":0,"menu_order":0,"comment_status":"closed","ping_status":"closed","template":"page-free-trial.php","meta":{"_acf_changed":false,"inline_featured_image":false,"footnotes":""},"class_list":["post-469491","page","type-page","status-publish","hentry"],"acf":[],"_links":{"self":[{"href":"https:\/\/proxycompass.com\/tr\/wp-json\/wp\/v2\/pages\/469491","targetHints":{"allow":["GET"]}}],"collection":[{"href":"https:\/\/proxycompass.com\/tr\/wp-json\/wp\/v2\/pages"}],"about":[{"href":"https:\/\/proxycompass.com\/tr\/wp-json\/wp\/v2\/types\/page"}],"author":[{"embeddable":true,"href":"https:\/\/proxycompass.com\/tr\/wp-json\/wp\/v2\/users\/1"}],"replies":[{"embeddable":true,"href":"https:\/\/proxycompass.com\/tr\/wp-json\/wp\/v2\/comments?post=469491"}],"version-history":[{"count":23,"href":"https:\/\/proxycompass.com\/tr\/wp-json\/wp\/v2\/pages\/469491\/revisions"}],"predecessor-version":[{"id":471527,"href":"https:\/\/proxycompass.com\/tr\/wp-json\/wp\/v2\/pages\/469491\/revisions\/471527"}],"wp:attachment":[{"href":"https:\/\/proxycompass.com\/tr\/wp-json\/wp\/v2\/media?parent=469491"}],"curies":[{"name":"wp","href":"https:\/\/api.w.org\/{rel}","templated":true}]}}