{"id":471215,"date":"2024-09-17T12:47:58","date_gmt":"2024-09-17T12:47:58","guid":{"rendered":"https:\/\/proxycompass.com\/?page_id=471215"},"modified":"2024-09-17T12:47:59","modified_gmt":"2024-09-17T12:47:59","slug":"disclaimer","status":"publish","type":"page","link":"https:\/\/proxycompass.com\/tr\/disclaimer\/","title":{"rendered":"Sorumluluk reddi"},"content":{"rendered":"<h2 class=\"wp-block-heading\">Sorumluluk reddi<\/h2>\n\n\n\n<p>TARAFINDAN SA\u011eLANAN H\u0130ZMETLER <strong>VEKALET PUSULA<\/strong> &quot;OLDU\u011eU G\u0130B\u0130&quot; T\u00dcM HATALARIYLA SUNULMAKTADIR. YASALARIN \u0130Z\u0130N VERD\u0130\u011e\u0130 EN GEN\u0130\u015e \u00d6L\u00c7\u00dcDE, <strong>VEKALET PUSULA<\/strong> VE TAZM\u0130N ED\u0130LEN TARAFLAR, H\u0130ZMETLER\u0130N KUSURSUZ, SATILAB\u0130L\u0130R, BEL\u0130RL\u0130 B\u0130R AMACA UYGUN VE \u0130HLAL ED\u0130C\u0130 OLMAMASI DAH\u0130L ANCAK BUNLARLA SINIRLI OLMAMAK \u00dcZERE, A\u00c7IK VEYA ZIMN\u0130 T\u00dcM GARANT\u0130LER\u0130 REDDEDER. H\u0130ZMETLER\u0130 KEND\u0130 R\u0130SK\u0130N\u0130ZDE KULLANMANIZIN TAM SORUMLULU\u011eUNU, VER\u0130 KAYBI, B\u0130LG\u0130LER\u0130N\u0130ZE YETK\u0130S\u0130Z ER\u0130\u015e\u0130M VEYA D\u0130\u011eER KULLANICILAR TARAFINDAN K\u00d6T\u00dcYE KULLANIM OLASILI\u011eI G\u0130B\u0130 H\u0130ZMETLER\u0130N KAL\u0130TES\u0130, PERFORMANSI VE G\u00dcVENL\u0130\u011e\u0130 \u0130LE \u0130LG\u0130L\u0130 T\u00dcM R\u0130SKLER\u0130 KABUL EDERS\u0130N\u0130Z. BU SINIRLAMA, HERHANG\u0130 B\u0130R \u00c7\u00d6Z\u00dcM\u00dcN ESAS AMACINA ULA\u015eAMAMASI DURUMUNDA B\u0130LE GE\u00c7ERL\u0130D\u0130R. BAZI YARGI ALANLARI, ZIMN\u0130 GARANT\u0130LER\u0130N HAR\u0130\u00c7 TUTULMASINA VEYA SINIRLANDIRILMASINA \u0130Z\u0130N VERMEZ; BU NEDENLE BU HAR\u0130\u00c7 TUTMALAR S\u0130Z\u0130N \u0130\u00c7\u0130N GE\u00c7ERL\u0130 OLMAYAB\u0130L\u0130R.<\/p>\n\n\n\n<p>YASALARIN GEREKT\u0130RD\u0130\u011e\u0130 DURUMLAR HAR\u0130\u00c7, <strong>VEKALET PUSULA<\/strong> VE TAZM\u0130N ED\u0130LEN TARAFLAR, BU \u015eARTLARDAN VEYA H\u0130ZMETLER\u0130 KULLANIMINIZDAN (VEYA KULLANAMAMANIZDAN) KAYNAKLANAN VEYA BUNLARLA BA\u011eLANTILI OLAN HERHANG\u0130 B\u0130R DOLAYLI, \u00d6ZEL, ARIZ\u0130, SONU\u00c7 OLARAK OLU\u015eAN VEYA \u00d6RNEK TE\u015eK\u0130L EDEN ZARARLARDAN, \u015eEREF KAYBI, \u0130\u015e DURMASI, K\u00c2R KAYBI, VER\u0130 KAYBI VEYA B\u0130LG\u0130SAYAR ARIZASI DAH\u0130L ANCAK BUNLARLA SINIRLI OLMAYAN, BU T\u00dcR ZARARLARIN OLASILI\u011eINDAN HABERDAR ED\u0130LM\u0130\u015e OLSALAR B\u0130LE VE BU T\u00dcR B\u0130R \u0130DD\u0130ANIN DAYANDI\u011eI HUKUK\u0130 TEOR\u0130YE (S\u00d6ZLE\u015eME, HAKSIZ F\u0130\u0130L VEYA BA\u015eKA) BAKILMAKSIZIN SORUMLU OLMAYACAKTIR. <strong>VEKALET PUSULA<\/strong> VE BU S\u00d6ZLE\u015eME KAPSAMINDA TAZM\u0130N ED\u0130LEN TARAFLAR $500&#039;\u00dc (BE\u015e Y\u00dcZ DOLAR) A\u015eMAYACAKTIR. BAZI YARGI ALANLARI BEL\u0130RL\u0130 ZARARLARIN HAR\u0130\u00c7 TUTULMASINA VEYA SINIRLANDIRILMASINA \u0130Z\u0130N VERMEZ, BU NEDENLE BU HAR\u0130\u00c7 TUTMA VE SINIRLAMA S\u0130Z\u0130N \u0130\u00c7\u0130N GE\u00c7ERL\u0130 OLMAYAB\u0130L\u0130R.<\/p>\n\n\n\n<h3 class=\"wp-block-heading\">Tazminat<\/h3>\n\n\n\n<p>Savunmay\u0131, tazmin etmeyi ve zarars\u0131z tutmay\u0131 kabul ediyorsunuz <strong>VEKALET PUSULA<\/strong>, y\u00fcklenicileri, katk\u0131da bulunanlar\u0131, lisans verenleri ve ortaklar\u0131 ile bunlar\u0131n ilgili y\u00f6neticileri, memurlar\u0131, \u00e7al\u0131\u015fanlar\u0131 ve temsilcileri (&quot;Tazmin Edilen Taraflar&quot;), avukatl\u0131k \u00fccretleri de dahil olmak \u00fczere, hizmetlerimizi kullan\u0131m\u0131n\u0131zdan kaynaklanan veya bunlarla ilgili olarak ortaya \u00e7\u0131kan t\u00fcm \u00fc\u00e7\u00fcnc\u00fc taraf talepleri ve masraflar\u0131ndan, g\u00f6nderimleriniz veya bu \u015eartlar\u0131n ihlalleri dahil ancak bunlarla s\u0131n\u0131rl\u0131 olmamak \u00fczere, sorumludur.<\/p>","protected":false},"excerpt":{"rendered":"<p>Disclaimer THE SERVICES PROVIDED BY PROXY COMPASS ARE OFFERED &#8220;AS IS&#8221; WITH ALL FAULTS. TO THE FULLEST EXTENT PERMITTED BY LAW, PROXY COMPASS AND THE INDEMNIFIED PARTIES DISCLAIM ALL WARRANTIES, WHETHER EXPRESS OR IMPLIED, INCLUDING BUT NOT LIMITED TO WARRANTIES THAT THE SERVICES ARE FREE OF DEFECTS, MERCHANTABLE, FIT FOR A PARTICULAR PURPOSE, AND NON-INFRINGING. [&hellip;]<\/p>\n","protected":false},"author":1,"featured_media":0,"parent":0,"menu_order":0,"comment_status":"closed","ping_status":"closed","template":"","meta":{"_acf_changed":false,"inline_featured_image":false,"footnotes":""},"class_list":["post-471215","page","type-page","status-publish","hentry"],"acf":[],"_links":{"self":[{"href":"https:\/\/proxycompass.com\/tr\/wp-json\/wp\/v2\/pages\/471215","targetHints":{"allow":["GET"]}}],"collection":[{"href":"https:\/\/proxycompass.com\/tr\/wp-json\/wp\/v2\/pages"}],"about":[{"href":"https:\/\/proxycompass.com\/tr\/wp-json\/wp\/v2\/types\/page"}],"author":[{"embeddable":true,"href":"https:\/\/proxycompass.com\/tr\/wp-json\/wp\/v2\/users\/1"}],"replies":[{"embeddable":true,"href":"https:\/\/proxycompass.com\/tr\/wp-json\/wp\/v2\/comments?post=471215"}],"version-history":[{"count":1,"href":"https:\/\/proxycompass.com\/tr\/wp-json\/wp\/v2\/pages\/471215\/revisions"}],"predecessor-version":[{"id":471216,"href":"https:\/\/proxycompass.com\/tr\/wp-json\/wp\/v2\/pages\/471215\/revisions\/471216"}],"wp:attachment":[{"href":"https:\/\/proxycompass.com\/tr\/wp-json\/wp\/v2\/media?parent=471215"}],"curies":[{"name":"wp","href":"https:\/\/api.w.org\/{rel}","templated":true}]}}