{"id":471256,"date":"2024-09-30T05:48:55","date_gmt":"2024-09-30T05:48:55","guid":{"rendered":"https:\/\/proxycompass.com\/?page_id=471256"},"modified":"2024-09-30T05:48:56","modified_gmt":"2024-09-30T05:48:56","slug":"affiliate-program","status":"publish","type":"page","link":"https:\/\/proxycompass.com\/tr\/affiliate-program\/","title":{"rendered":"Ortakl\u0131k Program\u0131 \u2013 Proxy&#039;leri Tan\u0131tarak Kazan\u0131n!"},"content":{"rendered":"<h4 class=\"wp-block-heading\"><strong>Program\u0131n \u00d6zeti:<\/strong><\/h4>\n\n\n\n<p>ProxyCompass i\u015ftirak program\u0131na kat\u0131l\u0131n ve kazan\u0131n <strong>15%&#039;nin \u00f6m\u00fcr boyu komisyonu<\/strong> Y\u00f6nlendirdi\u011finiz m\u00fc\u015fterilerin yapt\u0131\u011f\u0131 her \u00f6demede. Program\u0131m\u0131z, birinci s\u0131n\u0131f bir proxy hizmetini tan\u0131t\u0131rken para kazanman\u0131n basit bir yolunu sunar.<\/p>\n\n\n\n<ul class=\"wp-block-list\">\n<li><strong>\u00d6m\u00fcr boyu komisyon<\/strong>: Para kazanmak <strong>15%<\/strong> Y\u00f6nlendirdi\u011finiz m\u00fc\u015fterilerin aktif kald\u0131klar\u0131 s\u00fcrece yapt\u0131klar\u0131 t\u00fcm \u00f6demelerden.<\/li>\n\n\n\n<li><strong>\u00d6deme Plan\u0131<\/strong>: Komisyonlar, y\u00f6nlendirilen m\u00fc\u015fterinin \u00f6demesini yapt\u0131ktan 30 g\u00fcn sonra hesab\u0131n\u0131za aktar\u0131l\u0131r.<\/li>\n\n\n\n<li><strong>\u00d6deme Se\u00e7enekleri<\/strong>: Kazanc\u0131n\u0131z\u0131 ProxyCompass hizmetleri i\u00e7in \u00f6deme yapmak veya \u00e7ekmek i\u00e7in kullan\u0131n <strong>USDT TRC20<\/strong>.<\/li>\n\n\n\n<li><strong>Minimum Para \u00c7ekme<\/strong>: $100 minimum \u00f6deme.<\/li>\n<\/ul>\n\n\n\n<h4 class=\"wp-block-heading\"><strong>ProxyCompass Ortakl\u0131k Program\u0131n\u0131n Avantajlar\u0131:<\/strong><\/h4>\n\n\n\n<ul class=\"wp-block-list\">\n<li><strong>Y\u00fcksek Komisyon<\/strong>:Her \u00f6demeden d\u00fczenli olarak 15% kazan\u0131n.<\/li>\n\n\n\n<li><strong>Esnek \u00d6deme<\/strong>: Kazan\u00e7lar\u0131n\u0131z\u0131 ProxyCompass hizmetleri i\u00e7in kullanabilir veya \u00e7ekebilirsiniz.<\/li>\n\n\n\n<li><strong>D\u00fc\u015f\u00fck \u00c7ekilme E\u015fi\u011fi<\/strong>: $100 minimum \u00f6deme ile kazan\u00e7lar\u0131n\u0131za kolayca ula\u015f\u0131n.<\/li>\n\n\n\n<li><strong>\u00d6m\u00fcr Boyu Takip<\/strong>:Bir kullan\u0131c\u0131 sizin y\u00f6nlendirme ba\u011flant\u0131n\u0131z \u00fczerinden kaydoldu\u011funda, gelecekteki t\u00fcm komisyonlar i\u00e7in hesab\u0131n\u0131za ba\u011fl\u0131 kal\u0131r.<\/li>\n<\/ul>\n\n\n\n<h4 class=\"wp-block-heading\"><strong>Programa Nas\u0131l Kat\u0131labilirsiniz:<\/strong><\/h4>\n\n\n\n<ol class=\"wp-block-list\">\n<li><strong><a href=\"https:\/\/proxycompass.com\/tr\/account\/register.php\/\">Kay\u0131t olmak<\/a><\/strong> Ki\u015fisel ortakl\u0131k ba\u011flant\u0131n\u0131z\u0131 almak i\u00e7in ProxyCompass m\u00fc\u015fteri alan\u0131na gidin.<\/li>\n\n\n\n<li>A\u015fa\u011f\u0131daki y\u00f6nergeleri izleyerek benzersiz ba\u011flant\u0131n\u0131z\u0131 farkl\u0131 platformlarda payla\u015f\u0131n.<\/li>\n<\/ol>\n\n\n\n<h4 class=\"wp-block-heading\"><strong>Promosyon Fikirleri:<\/strong><\/h4>\n\n\n\n<ol class=\"wp-block-list\">\n<li><strong>\u0130\u00e7erik Olu\u015fturma (Bloglar ve Makaleler)<\/strong>:\n<ul class=\"wp-block-list\">\n<li>ProxyCompass ve \u00f6zellikleri hakk\u0131nda incelemeler ve k\u0131lavuzlar yaz\u0131n. Bunlar\u0131 ki\u015fisel blogunuzda, Blogspot&#039;ta, Medium&#039;da, Quora&#039;da veya di\u011fer ilgili platformlarda yay\u0131nlay\u0131n. ProxyCompass&#039;\u0131n premium proxy&#039;lerinin web kaz\u0131ma, SEO veya birden fazla hesab\u0131 y\u00f6netme gibi \u00e7evrimi\u00e7i etkinlikleri nas\u0131l geli\u015ftirebilece\u011fini vurgulay\u0131n.<\/li>\n<\/ul>\n<\/li>\n\n\n\n<li><strong>Video E\u011fitimleri ve \u0130ncelemeler<\/strong>:\n<ul class=\"wp-block-list\">\n<li>YouTube, TikTok veya Twitch gibi platformlarda ProxyCompass&#039;tan proxy&#039;lerin nas\u0131l kurulaca\u011f\u0131n\u0131 ve kullan\u0131laca\u011f\u0131n\u0131 g\u00f6steren ilgi \u00e7ekici video e\u011fitimleri olu\u015fturun. Ki\u015fisel deneyiminizi ve hizmeti en \u00fcst d\u00fczeye \u00e7\u0131karma ipu\u00e7lar\u0131n\u0131z\u0131 payla\u015f\u0131n.<\/li>\n<\/ul>\n<\/li>\n\n\n\n<li><strong>Sosyal Medya Etkile\u015fimi<\/strong>:\n<ul class=\"wp-block-list\">\n<li>ProxyCompass kullanman\u0131n faydalar\u0131na dair i\u00e7g\u00f6r\u00fcler i\u00e7eren g\u00f6nderileri Facebook, X, Instagram ve LinkedIn&#039;de payla\u015f\u0131n. Daha geni\u015f bir kitleye ula\u015fmak i\u00e7in hikayeler olu\u015fturun veya ilgili tart\u0131\u015fmalara kat\u0131l\u0131n.<\/li>\n<\/ul>\n<\/li>\n\n\n\n<li><strong>Forumlar ve \u00c7evrimi\u00e7i Topluluklar<\/strong>:\n<ul class=\"wp-block-list\">\n<li>Forumlarda, Reddit&#039;te, Telegram gruplar\u0131nda ve Discord topluluklar\u0131nda sohbetlere kat\u0131l\u0131n. De\u011ferli girdiler sunun ve ortakl\u0131k ba\u011flant\u0131n\u0131z\u0131 ilgili kullan\u0131c\u0131larla payla\u015f\u0131n.<\/li>\n<\/ul>\n<\/li>\n\n\n\n<li><strong>Banner Reklamc\u0131l\u0131\u011f\u0131<\/strong>:\n<ul class=\"wp-block-list\">\n<li>ProxyCompass&#039;\u0131n avantajlar\u0131n\u0131 sergileyen \u00e7ekici afi\u015fler tasarlay\u0131n ve daha fazla trafik \u00e7ekmek i\u00e7in bunlar\u0131 web sitenize, blogunuza veya e-posta b\u00fcltenlerinize yerle\u015ftirin.<\/li>\n<\/ul>\n<\/li>\n\n\n\n<li><strong>E-posta Pazarlamas\u0131<\/strong>:\n<ul class=\"wp-block-list\">\n<li>Abonelerinize g\u00f6nderdi\u011finiz b\u00fcltenlere, ProxyCompass&#039;\u0131n \u00f6zellikleri ve avantajlar\u0131 hakk\u0131nda detayl\u0131 bilgi sa\u011flayan ortakl\u0131k ba\u011flant\u0131n\u0131z\u0131 ekleyin.<\/li>\n<\/ul>\n<\/li>\n\n\n\n<li><strong>Web Y\u00f6neticileriyle \u0130\u015fbirlikleri<\/strong>:\n<ul class=\"wp-block-list\">\n<li>Kazanc\u0131n\u0131z\u0131n bir k\u0131sm\u0131n\u0131 payla\u015fmak kar\u015f\u0131l\u0131\u011f\u0131nda di\u011fer web sitesi veya blog sahipleriyle i\u015fbirli\u011fi yaparak, eri\u015fiminizi geni\u015fletin.<\/li>\n<\/ul>\n<\/li>\n<\/ol>\n\n\n\n<h4 class=\"wp-block-heading\"><strong>ProxyCompass&#039;\u0131n Temel \u00d6zellikleri:<\/strong><\/h4>\n\n\n\n<ul class=\"wp-block-list\">\n<li><strong>Y\u00fcksek H\u0131zl\u0131 IPv4 Proxy&#039;leri<\/strong>: Hem SOCKS5 hem de HTTP\/S protokollerini destekler.<\/li>\n\n\n\n<li><strong>Y\u00fcksek Ba\u011flant\u0131 H\u0131zlar\u0131<\/strong>:En iyi performans i\u00e7in proxy ba\u015f\u0131na 500 Mbps&#039;ye kadar.<\/li>\n\n\n\n<li><strong>S\u0131n\u0131rs\u0131z Bant Geni\u015fli\u011fi<\/strong>: Veri kullan\u0131m\u0131nda herhangi bir k\u0131s\u0131tlama yok.<\/li>\n\n\n\n<li><strong>\u00c7e\u015fitli IP Alt A\u011flar\u0131<\/strong>: Farkl\u0131 alt a\u011flardan gelen proxy&#039;lerle iyile\u015ftirilmi\u015f anonimlik.<\/li>\n\n\n\n<li><strong>Rekabet\u00e7i Fiyatland\u0131rma<\/strong>:Uygun ve \u015feffaf fiyatland\u0131rma.<\/li>\n\n\n\n<li><strong>An\u0131nda Etkinle\u015ftirme<\/strong>: \u00d6deme sonras\u0131nda otomatik hizmet aktivasyonu.<\/li>\n\n\n\n<li><strong>Geni\u015f \u00d6deme Se\u00e7enekleri<\/strong>: 100&#039;den fazla kripto para, banka kartlar\u0131 (Rus kartlar\u0131 dahil), Alipay ve e-c\u00fczdanlar.<\/li>\n<\/ul>\n\n\n\n<h4 class=\"wp-block-heading\"><strong>Ortakl\u0131k Program\u0131 Kurallar\u0131 ve Y\u00f6nergeleri:<\/strong><\/h4>\n\n\n\n<ul class=\"wp-block-list\">\n<li><strong>Do\u011fru Temsil<\/strong>: ProxyCompass&#039;\u0131 yan\u0131lt\u0131c\u0131 bilgi vermeden do\u011fru bir \u015fekilde tan\u0131t\u0131n.<\/li>\n\n\n\n<li><strong>Spam yok<\/strong>: Spam kar\u015f\u0131t\u0131 yasalara uyun ve spam i\u00e7erikli uygulamalardan ka\u00e7\u0131n\u0131n.<\/li>\n\n\n\n<li><strong>Kendi Kendine Y\u00f6nlendirmeden Ka\u00e7\u0131n\u0131n<\/strong>:Kendi kendinize y\u00f6nlendirerek komisyon kazanmak i\u00e7in birden fazla hesap olu\u015fturmak kesinlikle yasakt\u0131r.<\/li>\n\n\n\n<li><strong>Yasad\u0131\u015f\u0131 Faaliyet Yok<\/strong>: Yasad\u0131\u015f\u0131, sald\u0131rgan veya uygunsuz i\u00e7erik bar\u0131nd\u0131ran sitelerde tan\u0131t\u0131m yapmay\u0131n.<\/li>\n\n\n\n<li><strong>Fikri M\u00fclkiyete Sayg\u0131 G\u00f6sterin<\/strong>: ProxyCompass markas\u0131n\u0131 yan\u0131lt\u0131c\u0131 veya yetkisiz bir \u015fekilde kullanmay\u0131n.<\/li>\n\n\n\n<li><strong>Sahte Hesap veya Phishing Yok<\/strong>: T\u00fcm tan\u0131t\u0131m faaliyetleri me\u015fru ve etik olmal\u0131d\u0131r.<\/li>\n<\/ul>\n\n\n\n<h4 class=\"wp-block-heading\"><strong>ProxyCompass Nas\u0131l Tan\u0131t\u0131lmaz:<\/strong><\/h4>\n\n\n\n<ul class=\"wp-block-list\">\n<li>Ortakl\u0131k \u00f6demeleri almak i\u00e7in sahte hesaplar olu\u015fturmay\u0131n.<\/li>\n\n\n\n<li>E-postalarda, forumlarda veya bloglarda spam g\u00f6ndermekten ka\u00e7\u0131n\u0131n.<\/li>\n\n\n\n<li>Markam\u0131z\u0131 kullanarak asla kimlik av\u0131 siteleri olu\u015fturmay\u0131n.<\/li>\n\n\n\n<li>ProxyCompass hakk\u0131nda g\u00fcncel olmayan veya yan\u0131lt\u0131c\u0131 bilgiler kullanmay\u0131n.<\/li>\n\n\n\n<li>Yasad\u0131\u015f\u0131 veya d\u00fc\u015f\u00fck kaliteli i\u00e7erik bar\u0131nd\u0131ran sitelerde tan\u0131t\u0131m yapmaktan ka\u00e7\u0131n\u0131n.<\/li>\n\n\n\n<li>Marka anahtar kelimelerimizle ilgili olarak \u00f6nceden onay almadan \u00fccretli reklam kullanmay\u0131n.<\/li>\n<\/ul>\n\n\n\n<h4 class=\"wp-block-heading\"><strong>\u00d6deme Almak:<\/strong><\/h4>\n\n\n\n<ul class=\"wp-block-list\">\n<li>\u00d6demeler \u015fu \u015fekilde yap\u0131l\u0131r: <strong>USDT TRC20<\/strong> minimum \u00e7ekilme miktar\u0131 ile <strong>$100<\/strong>Para \u00e7ekme i\u015flemleri i\u00e7in l\u00fctfen bilet sistemi \u00fczerinden m\u00fc\u015fteri deste\u011fiyle ileti\u015fime ge\u00e7iniz.<\/li>\n<\/ul>\n\n\n\n<h4 class=\"wp-block-heading\"><strong>Yard\u0131ma m\u0131 ihtiyac\u0131n\u0131z var?<\/strong><\/h4>\n\n\n\n<p>Herhangi bir sorunuz varsa veya promosyonlarla ilgili yard\u0131ma ihtiyac\u0131n\u0131z varsa, ProxyCompass destek ekibine ula\u015f\u0131n. Bir i\u015ftirak orta\u011f\u0131 olarak ba\u015far\u0131l\u0131 olman\u0131za yard\u0131mc\u0131 olmak i\u00e7in buraday\u0131z!<\/p>","protected":false},"excerpt":{"rendered":"<p>Program Overview: Join the ProxyCompass affiliate program and earn a lifetime commission of 15% on every payment made by clients you refer. Our program offers a simple way to make money while promoting a top-notch proxy service. Benefits of the ProxyCompass Affiliate Program: How to Join the Program: Promotion Ideas: Key Features of ProxyCompass: Affiliate [&hellip;]<\/p>\n","protected":false},"author":1,"featured_media":0,"parent":0,"menu_order":0,"comment_status":"closed","ping_status":"closed","template":"","meta":{"_acf_changed":false,"inline_featured_image":false,"footnotes":""},"class_list":["post-471256","page","type-page","status-publish","hentry"],"acf":[],"_links":{"self":[{"href":"https:\/\/proxycompass.com\/tr\/wp-json\/wp\/v2\/pages\/471256","targetHints":{"allow":["GET"]}}],"collection":[{"href":"https:\/\/proxycompass.com\/tr\/wp-json\/wp\/v2\/pages"}],"about":[{"href":"https:\/\/proxycompass.com\/tr\/wp-json\/wp\/v2\/types\/page"}],"author":[{"embeddable":true,"href":"https:\/\/proxycompass.com\/tr\/wp-json\/wp\/v2\/users\/1"}],"replies":[{"embeddable":true,"href":"https:\/\/proxycompass.com\/tr\/wp-json\/wp\/v2\/comments?post=471256"}],"version-history":[{"count":5,"href":"https:\/\/proxycompass.com\/tr\/wp-json\/wp\/v2\/pages\/471256\/revisions"}],"predecessor-version":[{"id":471513,"href":"https:\/\/proxycompass.com\/tr\/wp-json\/wp\/v2\/pages\/471256\/revisions\/471513"}],"wp:attachment":[{"href":"https:\/\/proxycompass.com\/tr\/wp-json\/wp\/v2\/media?parent=471256"}],"curies":[{"name":"wp","href":"https:\/\/api.w.org\/{rel}","templated":true}]}}