{"id":1137,"date":"2023-05-15T08:20:37","date_gmt":"2023-05-15T08:20:37","guid":{"rendered":"https:\/\/proxycompass.com\/?page_id=1137"},"modified":"2024-10-18T08:45:15","modified_gmt":"2024-10-18T08:45:15","slug":"proxycompass","status":"publish","type":"page","link":"https:\/\/proxycompass.com\/vi\/","title":{"rendered":"D\u1ecbch v\u1ee5 proxy t\u1ed1c \u0111\u1ed9 cao v\u00e0 \u0111\u00e1ng tin c\u1eady"},"content":{"rendered":"<p>B\u1ea1n c\u00f3 \u0111ang c\u1ea3m th\u1ea5y th\u1ea5t v\u1ecdng v\u00ec c\u00e1c nh\u00e0 cung c\u1ea5p d\u1ecbch v\u1ee5 proxy c\u00f3 t\u1ed1c \u0111\u1ed9 ch\u1eadm, kh\u00f4ng \u0111\u00e1ng tin c\u1eady v\u00e0 kh\u00f4ng \u0111\u00e1p \u1ee9ng \u0111\u01b0\u1ee3c c\u00e1c y\u00eau c\u1ea7u cao c\u1ee7a b\u1ea1n kh\u00f4ng? N\u1ebfu v\u1eady, c\u00f3 l\u1ebd ch\u00fang t\u00f4i l\u00e0 l\u1ef1a ch\u1ecdn t\u1ed1t h\u01a1n cho b\u1ea1n! H\u00e0ng ngh\u00ecn kh\u00e1ch h\u00e0ng \u0111\u00e3 t\u1eebng r\u01a1i v\u00e0o t\u00ecnh hu\u1ed1ng t\u01b0\u01a1ng t\u1ef1, v\u00e0 sau khi chuy\u1ec3n sang Proxy Compass, h\u1ecd kh\u00f4ng ch\u1ec9 gi\u1ea3m \u0111\u01b0\u1ee3c chi ph\u00ed m\u00e0 c\u00f2n t\u0103ng \u0111\u00e1ng k\u1ec3 \u0111\u1ed9 tin c\u1eady cho c\u00e1c ho\u1ea1t \u0111\u1ed9ng tr\u1ef1c tuy\u1ebfn c\u1ee7a m\u00ecnh.<\/p>\n\n\n\n<h3 class=\"wp-block-heading\">Proxy \u0111a n\u0103ng, linh ho\u1ea1t<\/h3>\n\n\n\n<p>D\u00f9 b\u1ea1n \u0111ang thu th\u1eadp d\u1eef li\u1ec7u web, x\u00e1c minh qu\u1ea3ng c\u00e1o, nghi\u00ean c\u1ee9u th\u1ecb tr\u01b0\u1eddng hay th\u1ef1c hi\u1ec7n b\u1ea5t k\u1ef3 quy tr\u00ecnh n\u00e0o kh\u00e1c, proxy \u1ea9n danh c\u1ee7a ch\u00fang t\u00f4i ho\u1ea1t \u0111\u1ed9ng m\u01b0\u1ee3t m\u00e0 tr\u00ean m\u1ecdi tr\u00ecnh duy\u1ec7t, \u1ee9ng d\u1ee5ng v\u00e0 bot. Ch\u00fang gi\u00fap b\u1ea1n d\u1ec5 d\u00e0ng truy c\u1eadp trang web v\u00e0 duy tr\u00ec quy tr\u00ecnh l\u00e0m vi\u1ec7c hi\u1ec7u qu\u1ea3 m\u00e0 kh\u00f4ng lo b\u1ecb gi\u00e1n \u0111o\u1ea1n.<\/p>\n\n\n\n<h3 class=\"wp-block-heading\">Hi\u1ec7u su\u1ea5t nhanh v\u00e0 \u1ed5n \u0111\u1ecbnh<\/h3>\n\n\n\n<p>M\u1ea1ng proxy t\u1ed1c \u0111\u1ed9 cao c\u1ee7a ch\u00fang t\u00f4i \u0111\u01b0\u1ee3c t\u1ed1i \u01b0u t\u1ed1c \u0111\u1ed9 v\u00e0 \u0111\u1ea3m b\u1ea3o \u0111\u1ed9 \u1ed5n \u0111\u1ecbnh v\u01b0\u1ee3t tr\u1ed9i. Ch\u00fang t\u00f4i t\u1ef1 h\u00e0o cung c\u1ea5p d\u1ecbch v\u1ee5 proxy nhanh h\u00e0ng \u0111\u1ea7u v\u1edbi gi\u00e1 c\u1ea3 ph\u1ea3i ch\u0103ng v\u00e0 \u0111\u00e1ng tin c\u1eady. \u0110\u01b0\u1ee3c \u0111\u1ed9i ng\u0169 k\u1ef9 thu\u1eadt vi\u00ean gi\u00e0u kinh nghi\u1ec7m c\u1ee7a ch\u00fang t\u00f4i lu\u00f4n gi\u00e1m s\u00e1t 24\/7, b\u1ea1n s\u1ebd \u0111\u01b0\u1ee3c trang b\u1ecb m\u1ecdi th\u1ee9 \u0111\u1ec3 x\u1eed l\u00fd c\u00e1c t\u00e1c v\u1ee5 c\u1ee7a m\u00ecnh nhanh h\u01a1n bao gi\u1edd h\u1ebft.<\/p>\n\n\n\n<h3 class=\"wp-block-heading\">Kh\u00f4ng gi\u1edbi h\u1ea1n l\u01b0u l\u01b0\u1ee3ng truy c\u1eadp<\/h3>\n\n\n\n<p>Ch\u00fang t\u00f4i mong mu\u1ed1n b\u1ea1n c\u00f3 th\u1ec3 l\u00e0m vi\u1ec7c m\u00e0 kh\u00f4ng b\u1ecb r\u00e0ng bu\u1ed9c b\u1edfi b\u1ea5t k\u1ef3 gi\u1edbi h\u1ea1n n\u00e0o. V\u00ec v\u1eady, ch\u00fang t\u00f4i kh\u00f4ng gi\u1edbi h\u1ea1n l\u01b0u l\u01b0\u1ee3ng s\u1eed d\u1ee5ng v\u00e0 kh\u00f4ng t\u00ednh th\u00eam ph\u00ed cho vi\u1ec7c s\u1eed d\u1ee5ng d\u1eef li\u1ec7u. V\u1edbi d\u1ecbch v\u1ee5 proxy c\u1ee7a ch\u00fang t\u00f4i, b\u1ea1n ch\u1ec9 c\u1ea7n tr\u1ea3 m\u1ee9c gi\u00e1 ban \u0111\u1ea7u, KH\u00d4NG C\u00d3 PH\u00cd B\u1ed4 SUNG. <strong>\u0110\u00f3 l\u00e0 cam k\u1ebft c\u1ee7a ch\u00fang t\u00f4i!<\/strong><\/p>\n\n\n\n<h3 class=\"wp-block-heading\">S\u1ed1 l\u01b0\u1ee3ng \u0111\u1ecba ch\u1ec9 IP l\u1edbn<\/h3>\n\n\n\n<p>V\u1edbi h\u01a1n 50,000 \u0111\u1ecba ch\u1ec9 IP, b\u1ea1n s\u1ebd lu\u00f4n c\u00f3 \u0111\u1ee7 proxy cho nh\u1eefng t\u00e1c v\u1ee5 tr\u1ef1c tuy\u1ebfn c\u00f3 \u0111\u00f2i h\u1ecfi cao nh\u1ea5t v\u00e0 y\u00eau c\u1ea7u lu\u00e2n chuy\u1ec3n li\u00ean t\u1ee5c. S\u1ed1 l\u01b0\u1ee3ng proxy kh\u1ed5ng l\u1ed3 c\u1ee7a ch\u00fang t\u00f4i gi\u00fap b\u1ea1n \u1ea9n danh v\u00e0 thay \u0111\u1ed5i \u0111\u1ecba ch\u1ec9 IP g\u1ea7n nh\u01b0 ngay l\u1eadp t\u1ee9c \u0111\u1ec3 tr\u00e1nh b\u1ecb ph\u00e1t hi\u1ec7n.<\/p>\n\n\n\n<h3 class=\"wp-block-heading\">Kh\u00f4ng y\u00eau c\u1ea7u KYC<\/h3>\n\n\n\n<p>Kh\u00f4ng gi\u1ed1ng nh\u01b0 nh\u1eefng b\u00ean kh\u00e1c, CH\u00daNG T\u00d4I R\u1ea4T QUAN T M \u0110\u00caN S\u1ef0 RI\u00caNG T\u01af C\u1ee6A B\u1ea0N! M\u1ee5c ti\u00eau c\u1ee7a ch\u00fang t\u00f4i l\u00e0 mang \u0111\u1ebfn tr\u1ea3i nghi\u1ec7m kh\u00f4ng \u0111\u01a1n gi\u1ea3n. V\u00ec v\u1eady, b\u1ea1n s\u1ebd c\u00f3 th\u1ec3 c\u1ea5u h\u00ecnh proxy m\u1ed9t c\u00e1ch nhanh ch\u00f3ng v\u00e0 d\u1ec5 d\u00e0ng m\u00e0 kh\u00f4ng c\u1ea7n cung c\u1ea5p th\u00f4ng tin nh\u1eadn d\u1ea1ng ngo\u00e0i th\u00f4ng tin thanh to\u00e1n th\u00f4ng th\u01b0\u1eddng. B\u1ea1n c\u00f3 th\u1ec3 s\u1eed d\u1ee5ng proxy m\u1edbi ngay sau khi \u0111\u0103ng k\u00fd m\u00e0 kh\u00f4ng c\u1ea7n chia s\u1ebb th\u00f4ng tin nh\u1ea1y c\u1ea3m.<\/p>\n\n\n\n<h2 class=\"wp-block-heading\"><strong>D\u1ecbch v\u1ee5 proxy c\u1ee7a ch\u00fang t\u00f4i c\u00f3 ph\u00f9 h\u1ee3p v\u1edbi b\u1ea1n kh\u00f4ng?<\/strong><\/h2>\n\n\n\n<p>Ch\u00fang t\u00f4i l\u00e0 nh\u00e0 cung c\u1ea5p d\u1ecbch v\u1ee5 proxy uy t\u00edn v\u00e0 v\u01b0\u1ee3t tr\u1ed9i khi s\u1eed d\u1ee5ng c\u00e1c c\u00f4ng ngh\u1ec7 ti\u00ean ti\u1ebfn nh\u1ea5t \u0111\u1ec3 \u0111\u00e1p \u1ee9ng nhu c\u1ea7u c\u1ee7a c\u1ea3 nh\u1eefng kh\u00e1ch h\u00e0ng kh\u00f3 t\u00ednh nh\u1ea5t. Ch\u00fang t\u00f4i h\u1ed7 tr\u1ee3 proxy HTTP, HTTPS, SOCKS4 v\u00e0 SOCKS5, gi\u00fap b\u1ea1n x\u1eed l\u00fd m\u1ecdi lo\u1ea1i t\u00e1c v\u1ee5 m\u1ed9t c\u00e1ch hi\u1ec7u qu\u1ea3. Ch\u00fang t\u00f4i c\u0169ng cung c\u1ea5p hai ph\u01b0\u01a1ng th\u1ee9c x\u00e1c th\u1ef1c kh\u00e1c nhau: \u0111\u1ed1i v\u1edbi proxy t\u0129nh th\u00ec x\u00e1c th\u1ef1c qua \u0111\u1ecba ch\u1ec9 IP, v\u00e0 \u0111\u1ed1i v\u1edbi proxy xoay th\u00ec x\u00e1c th\u1ef1c qua t\u00ean ng\u01b0\u1eddi d\u00f9ng v\u00e0 m\u1eadt kh\u1ea9u.<\/p>\n\n\n\n<h3 class=\"wp-block-heading\">Trung t\u00e2m d\u1eef li\u1ec7u ch\u1ea5t l\u01b0\u1ee3ng cao tr\u00ean to\u00e0n c\u1ea7u<\/h3>\n\n\n\n<ul class=\"wp-block-list\">\n<li>B\u1eafc M\u1ef9<\/li>\n\n\n\n<li>T\u00e2y \u00c2u<\/li>\n\n\n\n<li>\u0110\u00f4ng \u00c2u<\/li>\n\n\n\n<li>Trung \u0110\u00f4ng<\/li>\n\n\n\n<li>\u0110\u00f4ng Nam \u00c1<\/li>\n<\/ul>\n\n\n\n<p>T\u1ed1i \u0111a kh\u1ea3 n\u0103ng k\u1ebft n\u1ed1i to\u00e0n c\u1ea7u c\u1ee7a b\u1ea1n v\u1edbi m\u1ea1ng l\u01b0\u1edbi ph\u1ee7 s\u00f3ng r\u1ed9ng kh\u1eafp c\u1ee7a ch\u00fang t\u00f4i, c\u00f3 s\u1eb5n t\u1ea1i nhi\u1ec1u qu\u1ed1c gia.<br><br>Khi ch\u00fang t\u00f4i ti\u1ebfp t\u1ee5c ph\u00e1t tri\u1ec3n \u0111\u1ec3 \u0111\u00e1p \u1ee9ng nhu c\u1ea7u ng\u00e0y c\u00e0ng t\u0103ng c\u1ee7a ng\u01b0\u1eddi d\u00f9ng to\u00e0n c\u1ea7u, b\u1ea1n s\u1ebd c\u00f3 th\u00eam nhi\u1ec1u IP \u0111\u1ec3 s\u1eed d\u1ee5ng m\u00e0 kh\u00f4ng ph\u1ea3i tr\u1ea3 th\u00eam chi ph\u00ed. B\u1ea1n s\u1ebd \u0111\u01b0\u1ee3c gi\u1eef nguy\u00ean g\u00f3i hi\u1ec7n t\u1ea1i mi\u1ec5n l\u00e0 v\u1eabn duy tr\u00ec \u0111\u0103ng k\u00fd.<\/p>\n\n\n\n<h3 class=\"wp-block-heading\"><strong>Gi\u00e1 c\u1ea3 c\u1ea1nh tranh kh\u00f3 c\u00f3 \u0111\u1ed1i th\u1ee7<\/strong><\/h3>\n\n\n\n<p>Ch\u00fang t\u00f4i t\u1ef1 h\u00e0o l\u00e0 m\u1ed9t trong nh\u1eefng nh\u00e0 cung c\u1ea5p d\u1ecbch v\u1ee5 proxy gi\u00e1 c\u1ea3 ph\u1ea3i ch\u0103ng t\u1ed1t nh\u1ea5t hi\u1ec7n nay.<\/p>\n\n\n\n<p>Ch\u00fang t\u00f4i cung c\u1ea5p m\u1ed9t trong nh\u1eefng m\u1ee9c gi\u00e1 c\u1ea1nh tranh nh\u1ea5t tr\u00ean th\u1ecb tr\u01b0\u1eddng \u2013 b\u1eaft \u0111\u1ea7u v\u1edbi 3,016 VN\u0110\/th\u00e1ng m\u1ed7i IP (cho g\u00f3i 500 proxy) v\u00e0 gi\u1ea3m xu\u1ed1ng th\u1ea5p nh\u1ea5t c\u00f2n 1,508 VN\u0110\/th\u00e1ng cho m\u1ed7i IP (cho g\u00f3i 50,000 proxy).<\/p>\n\n\n\n<p>Ch\u00ednh s\u00e1ch gi\u00e1 minh b\u1ea1ch c\u1ee7a ch\u00fang t\u00f4i \u0111\u1ea3m b\u1ea3o b\u1ea1n lu\u00f4n bi\u1ebft r\u00f5 chi ph\u00ed cu\u1ed1i c\u00f9ng c\u1ee7a d\u1ecbch v\u1ee5.<\/p>\n\n\n\n<p>Ch\u00fang t\u00f4i cam k\u1ebft kh\u00f4ng gi\u1ea5u di\u1ebfm b\u1ea5t c\u1ee9 \u0111i\u1ec1u g\u00ec v\u00e0 kh\u00f4ng gian l\u1eadn!<\/p>\n\n\n\n<h3 class=\"wp-block-heading\">Ph\u01b0\u01a1ng th\u1ee9c thanh to\u00e1n linh ho\u1ea1t<\/h3>\n\n\n\n<p>M\u1ed7i ng\u01b0\u1eddi \u0111\u1ec1u c\u00f3 s\u1edf th\u00edch ri\u00eang khi thanh to\u00e1n. V\u00ec v\u1eady, ch\u00fang t\u00f4i ch\u1ea5p nh\u1eadn t\u1ea5t c\u1ea3 c\u00e1c lo\u1ea1i th\u1ebb t\u00edn d\u1ee5ng v\u00e0 th\u1ebb ghi n\u1ee3 ch\u00ednh, bao g\u1ed3m c\u1ea3 th\u1ebb t\u1eeb Vi\u1ec7t Nam. Ch\u00fang t\u00f4i c\u0169ng h\u1ed7 tr\u1ee3 c\u00e1c v\u00ed \u0111i\u1ec7n t\u1eed ph\u1ed5 bi\u1ebfn nh\u01b0 Webmoney v\u00e0 Alipay \u0111\u1ec3 vi\u1ec7c thanh to\u00e1n tr\u1edf n\u00ean d\u1ec5 d\u00e0ng nh\u1ea5t c\u00f3 th\u1ec3.<\/p>\n\n\n\n<p>N\u1ebfu b\u1ea1n quan t\u00e2m \u0111\u1ebfn quy\u1ec1n ri\u00eang t\u01b0, ch\u00fang t\u00f4i cung c\u1ea5p t\u00f9y ch\u1ecdn thanh to\u00e1n b\u1eb1ng ti\u1ec1n \u0111i\u1ec7n t\u1eed.<\/p>\n\n\n\n<p>\u0110\u1ed1i v\u1edbi c\u00e1c kh\u00e1ch h\u00e0ng doanh nghi\u1ec7p, ch\u00fang t\u00f4i hi\u1ec3u r\u1eb1ng chuy\u1ec3n kho\u1ea3n ng\u00e2n h\u00e0ng th\u01b0\u1eddng l\u00e0 ph\u01b0\u01a1ng th\u1ee9c thanh to\u00e1n \u01b0a th\u00edch. Ch\u00fang t\u00f4i r\u1ea5t vui l\u00f2ng \u0111\u00e1p \u1ee9ng \u0111i\u1ec1u n\u00e0y v\u00e0 c\u00f3 th\u1ec3 cung c\u1ea5p h\u00f3a \u0111\u01a1n theo \u0111\u1ecbnh d\u1ea1ng m\u00e0 c\u01a1 quan thu\u1ebf c\u1ee7a b\u1ea1n y\u00eau c\u1ea7u \u0111\u1ec3 d\u1ec5 d\u00e0ng x\u1eed l\u00fd v\u00e0 l\u01b0u tr\u1eef h\u1ed3 s\u01a1.<\/p>\n\n\n\n<p>D\u00f9 b\u1ea1n th\u00edch ph\u01b0\u01a1ng th\u1ee9c thanh to\u00e1n n\u00e0o, ch\u00fang t\u00f4i lu\u00f4n h\u01b0\u1edbng \u0111\u1ebfn m\u1ee5c ti\u00eau l\u00e0m cho quy tr\u00ecnh tr\u1edf n\u00ean \u0111\u01a1n gi\u1ea3n v\u00e0 thu\u1eadn ti\u1ec7n. M\u1ee5c ti\u00eau c\u1ee7a ch\u00fang t\u00f4i l\u00e0 gi\u00fap b\u1ea1n thi\u1ebft l\u1eadp c\u00e1c proxy m\u00e0 b\u1ea1n c\u1ea7n \u0111\u1ec3 h\u1ed7 tr\u1ee3 c\u00e1c ho\u1ea1t \u0111\u1ed9ng kinh doanh m\u00e0 kh\u00f4ng g\u1eb7p b\u1ea5t k\u1ef3 tr\u1edf ng\u1ea1i thanh to\u00e1n n\u00e0o.<\/p>\n\n\n\n<h2 class=\"wp-block-heading\">Ch\u00fang t\u00f4i \u01b0u ti\u00ean cho s\u1ef1 an to\u00e0n c\u1ee7a b\u1ea1n<\/h2>\n\n\n\n<h3 class=\"wp-block-heading\">D\u00f9ng th\u1eed kh\u00f4ng r\u1ee7i ro<\/h3>\n\n\n\n<p>Tr\u1ea3i nghi\u1ec7m d\u1ecbch v\u1ee5 proxy ch\u1ea5t l\u01b0\u1ee3ng cao c\u1ee7a ch\u00fang t\u00f4i ho\u00e0n to\u00e0n MI\u1ec4N PH\u00cd! y\u00eau c\u1ea7u d\u00f9ng th\u1eed mi\u1ec5n ph\u00ed b\u1ea5t k\u1ef3 g\u00f3i proxy n\u00e0o v\u00e0 t\u1ef1 m\u00ecnh tr\u1ea3i nghi\u1ec7m! B\u1ea3n d\u00f9ng th\u1eed kh\u00f4ng r\u00e0ng bu\u1ed9c b\u1ea1n v\u1edbi b\u1ea5t k\u1ef3 \u0111i\u1ec1u g\u00ec, v\u00ec v\u1eady h\u00e3y ti\u1ebfp t\u1ee5c v\u00e0 g\u1eedi email cho ch\u00fang t\u00f4i \u0111\u1ec3 b\u1eaft \u0111\u1ea7u.<\/p>\n\n\n\n<h3 class=\"wp-block-heading\">\u0110\u1ea3m b\u1ea3o ho\u00e0n ti\u1ec1n trong v\u00f2ng 24 gi\u1edd<\/h3>\n\n\n\n<p>N\u1ebfu b\u1ea1n kh\u00f4ng ho\u00e0n to\u00e0n h\u00e0i l\u00f2ng v\u1edbi s\u1ea3n ph\u1ea9m c\u1ee7a ch\u00fang t\u00f4i, ch\u1ec9 c\u1ea7n cho ch\u00fang t\u00f4i bi\u1ebft trong v\u00f2ng 24 gi\u1edd sau khi mua g\u00f3i, ch\u00fang t\u00f4i s\u1ebd ho\u00e0n l\u1ea1i to\u00e0n b\u1ed9 s\u1ed1 ti\u1ec1n cho b\u1ea1n. B\u1ea1n c\u00f3 th\u1ec3 y\u00ean t\u00e2m th\u1eed nghi\u1ec7m d\u1ecbch v\u1ee5 c\u1ee7a ch\u00fang t\u00f4i m\u00e0 kh\u00f4ng ph\u1ea3i lo l\u1eafng, ngay c\u1ea3 khi b\u1ea1n thanh to\u00e1n b\u1eb1ng ti\u1ec1n \u0111i\u1ec7n t\u1eed. Ch\u00fang t\u00f4i lu\u00f4n coi tr\u1ecdng kh\u00e1ch h\u00e0ng v\u00e0 cam k\u1ebft mang l\u1ea1i s\u1ef1 h\u00e0i l\u00f2ng tuy\u1ec7t \u0111\u1ed1i.<\/p>\n\n\n\n<h2 class=\"wp-block-heading\">H\u00e3y b\u1eaft \u0111\u1ea7u ngay h\u00f4m nay!<\/h2>\n\n\n\n<p>Tr\u00e1nh c\u00e1c nh\u00e0 cung c\u1ea5p d\u1ecbch v\u1ee5 proxy ch\u1eadm v\u00e0 kh\u00f4ng \u0111\u00e1ng tin c\u1eady l\u00e0m h\u1ea1n ch\u1ebf n\u0103ng su\u1ea5t c\u1ee7a b\u1ea1n!<\/p>\n\n\n\n<p>Ch\u1ecdn d\u1ecbch v\u1ee5 proxy nhanh ch\u00f3ng, an to\u00e0n v\u00e0 gi\u00e1 r\u1ebb c\u1ee7a ch\u00fang t\u00f4i, b\u1ea1n s\u1ebd hi\u1ec3u v\u00ec sao r\u1ea5t nhi\u1ec1u kh\u00e1ch h\u00e0ng \u0111\u00e3 ch\u1ecdn v\u00e0 h\u00e0i l\u00f2ng v\u1edbi ch\u00fang t\u00f4i.<\/p>\n\n\n\n<p>Tr\u1ea3i nghi\u1ec7m mi\u1ec5n  ph\u00ed d\u1ecbch v\u1ee5 c\u1ee7a ch\u00fang t\u00f4i. Kh\u00f4ng ph\u1ea3i ch\u1ecbu r\u1ee7i ro v\u00e0 kh\u00f4ng c\u00f3 r\u00e0ng bu\u1ed9c!<br><br>Y\u00ean t\u00e2m tr\u1ea3i nghi\u1ec7m d\u1ecbch v\u1ee5 c\u1ee7a ch\u00fang t\u00f4i. N\u1ebfu kh\u00f4ng h\u00e0i l\u00f2ng, ch\u00fang t\u00f4i cam k\u1ebft ho\u00e0n ti\u1ec1n 100% trong v\u00f2ng 24 gi\u1edd.<\/p>\n\n\n\n<p>Tr\u1edf th\u00e0nh m\u1ed9t trong h\u00e0ng ng\u00e0n ng\u01b0\u1eddi \u0111\u00e3 chuy\u1ec3n \u0111\u1ed5i quy tr\u00ecnh l\u00e0m vi\u1ec7c c\u1ee7a h\u1ecd b\u1eb1ng c\u00e1ch s\u1eed d\u1ee5ng proxy ri\u00eang c\u1ee7a ch\u00fang t\u00f4i.<\/p>","protected":false},"excerpt":{"rendered":"<p>Frustrated with slow and unreliable proxy service providers that cannot handle your high-demand tasks? Well, maybe we could be a nice fit! We\u2019ve helped thousands of customers that were in that exact position and after changing to Proxy Compass they reduced their bill significantly while improving the reliability of their online automations. Multi-functional, Versatile Proxies [&hellip;]<\/p>\n","protected":false},"author":1,"featured_media":460920,"parent":0,"menu_order":0,"comment_status":"closed","ping_status":"closed","template":"page-front.php","meta":{"_acf_changed":false,"inline_featured_image":false,"footnotes":""},"class_list":["post-1137","page","type-page","status-publish","has-post-thumbnail","hentry"],"acf":[],"_links":{"self":[{"href":"https:\/\/proxycompass.com\/vi\/wp-json\/wp\/v2\/pages\/1137","targetHints":{"allow":["GET"]}}],"collection":[{"href":"https:\/\/proxycompass.com\/vi\/wp-json\/wp\/v2\/pages"}],"about":[{"href":"https:\/\/proxycompass.com\/vi\/wp-json\/wp\/v2\/types\/page"}],"author":[{"embeddable":true,"href":"https:\/\/proxycompass.com\/vi\/wp-json\/wp\/v2\/users\/1"}],"replies":[{"embeddable":true,"href":"https:\/\/proxycompass.com\/vi\/wp-json\/wp\/v2\/comments?post=1137"}],"version-history":[{"count":19,"href":"https:\/\/proxycompass.com\/vi\/wp-json\/wp\/v2\/pages\/1137\/revisions"}],"predecessor-version":[{"id":471023,"href":"https:\/\/proxycompass.com\/vi\/wp-json\/wp\/v2\/pages\/1137\/revisions\/471023"}],"wp:featuredmedia":[{"embeddable":true,"href":"https:\/\/proxycompass.com\/vi\/wp-json\/wp\/v2\/media\/460920"}],"wp:attachment":[{"href":"https:\/\/proxycompass.com\/vi\/wp-json\/wp\/v2\/media?parent=1137"}],"curies":[{"name":"wp","href":"https:\/\/api.w.org\/{rel}","templated":true}]}}